{"id":1029,"date":"2025-09-08T18:10:19","date_gmt":"2025-09-08T18:10:19","guid":{"rendered":"https:\/\/ivfflorida.com\/?page_id=1029"},"modified":"2025-09-24T17:17:36","modified_gmt":"2025-09-24T17:17:36","slug":"histerosalpingografia","status":"publish","type":"page","link":"https:\/\/ivfflorida.com.onspire.dev\/es\/comienza-tu-viaje\/causas-de-infertilidad\/histerosalpingografia\/","title":{"rendered":"Histerosalpingograf\u00eda (HSG)"},"content":{"rendered":"<div data-elementor-type=\"wp-page\" data-elementor-id=\"1029\" class=\"elementor elementor-1029\" data-elementor-post-type=\"page\">\n\t\t\t\t<div class=\"elementor-element elementor-element-147c1067 e-flex e-con-boxed e-con e-parent\" data-id=\"147c1067\" data-element_type=\"container\" data-settings=\"{&quot;background_background&quot;:&quot;classic&quot;}\">\n\t\t\t\t\t<div class=\"e-con-inner\">\n\t\t<div class=\"elementor-element elementor-element-5d6da79c e-flex e-con-boxed e-con e-child\" data-id=\"5d6da79c\" data-element_type=\"container\">\n\t\t\t\t\t<div class=\"e-con-inner\">\n\t\t<div class=\"elementor-element elementor-element-2e00db0 e-con-full e-flex e-con e-child\" data-id=\"2e00db0\" data-element_type=\"container\" data-settings=\"{&quot;background_background&quot;:&quot;classic&quot;}\">\n\t\t<div class=\"elementor-element elementor-element-58fcc1fa e-con-full e-flex e-con e-child\" data-id=\"58fcc1fa\" data-element_type=\"container\">\n\t\t\t\t<div class=\"elementor-element elementor-element-63ab0dd0 elementor-widget elementor-widget-heading\" data-id=\"63ab0dd0\" data-element_type=\"widget\" data-widget_type=\"heading.default\">\n\t\t\t\t\t<h1 class=\"elementor-heading-title elementor-size-default\">Histerosalpingograf\u00eda (HSG)<\/h1>\t\t\t\t<\/div>\n\t\t\t\t<div class=\"elementor-element elementor-element-733be9a8 elementor-widget elementor-widget-text-editor\" data-id=\"733be9a8\" data-element_type=\"widget\" data-widget_type=\"text-editor.default\">\n\t\t\t\t\t\t\t\t\t<p>Una histerosalpingograf\u00eda (HSG) es una prueba de diagn\u00f3stico por imagen que ayuda a evaluar la forma del \u00fatero y si las trompas de Falopio est\u00e1n abiertas. Esta prueba suele realizarse como parte de una evaluaci\u00f3n de la fertilidad para ayudar a identificar posibles causas de infertilidad, como obstrucciones o anomal\u00edas en el \u00fatero o las trompas de Falopio.<\/p><p>La prueba HSG es un componente crucial de la evaluaci\u00f3n de la fertilidad y puede proporcionar una explicaci\u00f3n de las dificultades para concebir y puede ser \u00fatil para elaborar el mejor plan de tratamiento cuando se persigue el embarazo.<\/p>\t\t\t\t\t\t\t\t<\/div>\n\t\t\t\t<\/div>\n\t\t\t\t<\/div>\n\t\t\t\t\t<\/div>\n\t\t\t\t<\/div>\n\t\t\t\t\t<\/div>\n\t\t\t\t<\/div>\n\t\t<div class=\"elementor-element elementor-element-8dbddbf e-con-full e-flex e-con e-parent\" data-id=\"8dbddbf\" data-element_type=\"container\">\n\t\t<div class=\"elementor-element elementor-element-7ee255c3 e-flex e-con-boxed e-con e-child\" data-id=\"7ee255c3\" data-element_type=\"container\">\n\t\t\t\t\t<div class=\"e-con-inner\">\n\t\t<div class=\"elementor-element elementor-element-20007145 e-con-full e-flex e-con e-child\" data-id=\"20007145\" data-element_type=\"container\">\n\t\t<div class=\"elementor-element elementor-element-ca4ef54 e-con-full e-flex e-con e-child\" data-id=\"ca4ef54\" data-element_type=\"container\">\n\t\t<div class=\"elementor-element elementor-element-4b610a12 e-con-full e-flex e-con e-child\" data-id=\"4b610a12\" data-element_type=\"container\">\n\t\t\t\t<div class=\"elementor-element elementor-element-77d8deba elementor-widget elementor-widget-image\" data-id=\"77d8deba\" data-element_type=\"widget\" data-widget_type=\"image.default\">\n\t\t\t\t\t\t\t\t\t\t\t\t\t\t\t<img fetchpriority=\"high\" decoding=\"async\" width=\"939\" height=\"233\" src=\"https:\/\/ivfflorida.com.onspire.dev\/wp-content\/uploads\/2025\/09\/daugher-parents-hands.jpg\" class=\"attachment-full size-full wp-image-1204\" alt=\"\" srcset=\"https:\/\/ivfflorida.com.onspire.dev\/wp-content\/uploads\/2025\/09\/daugher-parents-hands.jpg 939w, https:\/\/ivfflorida.com.onspire.dev\/wp-content\/uploads\/2025\/09\/daugher-parents-hands-300x74.jpg 300w, https:\/\/ivfflorida.com.onspire.dev\/wp-content\/uploads\/2025\/09\/daugher-parents-hands-768x191.jpg 768w\" sizes=\"(max-width: 939px) 100vw, 939px\" \/>\t\t\t\t\t\t\t\t\t\t\t\t\t\t\t<\/div>\n\t\t\t\t<\/div>\n\t\t<div class=\"elementor-element elementor-element-3998a3f e-con-full e-flex e-con e-child\" data-id=\"3998a3f\" data-element_type=\"container\" data-settings=\"{&quot;background_background&quot;:&quot;classic&quot;}\">\n\t\t<div class=\"elementor-element elementor-element-56bc76f7 e-con-full e-flex e-con e-child\" data-id=\"56bc76f7\" data-element_type=\"container\">\n\t\t\t\t<div class=\"elementor-element elementor-element-d6d99e1 elementor-widget elementor-widget-heading\" data-id=\"d6d99e1\" data-element_type=\"widget\" data-widget_type=\"heading.default\">\n\t\t\t\t\t<h2 class=\"elementor-heading-title elementor-size-default\">\u00bfQu\u00e9 es una HSG?<\/h2>\t\t\t\t<\/div>\n\t\t\t\t<\/div>\n\t\t<div class=\"elementor-element elementor-element-20f9b120 e-con-full e-flex e-con e-child\" data-id=\"20f9b120\" data-element_type=\"container\">\n\t\t\t\t<div class=\"elementor-element elementor-element-2fbdbf22 elementor-widget elementor-widget-text-editor\" data-id=\"2fbdbf22\" data-element_type=\"widget\" data-widget_type=\"text-editor.default\">\n\t\t\t\t\t\t\t\t\t<p>La HSG es un tipo de radiograf\u00eda que utiliza un medio de contraste para crear una imagen clara del \u00fatero y las trompas de Falopio. Al introducir suavemente el tinte a trav\u00e9s del cuello uterino hasta el \u00fatero, el equipo m\u00e9dico puede evaluar c\u00f3mo fluye el tinte por el aparato reproductor. Si el colorante fluye libremente, suele indicar que las trompas est\u00e1n abiertas. Si el colorante se bloquea o se retrasa, puede indicar un problema estructural que podr\u00eda afectar a su capacidad para concebir.<\/p>\t\t\t\t\t\t\t\t<\/div>\n\t\t\t\t<\/div>\n\t\t\t\t<\/div>\n\t\t<div class=\"elementor-element elementor-element-4ee0ea72 e-con-full e-flex e-con e-child\" data-id=\"4ee0ea72\" data-element_type=\"container\" data-settings=\"{&quot;background_background&quot;:&quot;classic&quot;}\">\n\t\t<div class=\"elementor-element elementor-element-21f9bcb9 e-con-full e-flex e-con e-child\" data-id=\"21f9bcb9\" data-element_type=\"container\">\n\t\t\t\t<div class=\"elementor-element elementor-element-5da97164 elementor-widget elementor-widget-heading\" data-id=\"5da97164\" data-element_type=\"widget\" data-widget_type=\"heading.default\">\n\t\t\t\t\t<h2 class=\"elementor-heading-title elementor-size-default\">\u00bfCu\u00e1ndo se recomienda la HSG?<\/h2>\t\t\t\t<\/div>\n\t\t\t\t<\/div>\n\t\t<div class=\"elementor-element elementor-element-239bc79b e-con-full e-flex e-con e-child\" data-id=\"239bc79b\" data-element_type=\"container\">\n\t\t\t\t<div class=\"elementor-element elementor-element-a4939f9 elementor-widget elementor-widget-text-editor\" data-id=\"a4939f9\" data-element_type=\"widget\" data-widget_type=\"text-editor.default\">\n\t\t\t\t\t\t\t\t\t<h3>Es posible que su m\u00e9dico le recomiende una HSG como parte del estudio inicial de fertilidad, sobre todo si:<\/h3><ul><li aria-level=\"1\">Has estado intentando concebir sin \u00e9xito<\/li><li aria-level=\"1\">Tiene antecedentes de infecciones p\u00e9lvicas, endometriosis o fibromas.<\/li><li aria-level=\"1\">Ha tenido una intervenci\u00f3n quir\u00fargica previa en el \u00fatero o las trompas de Falopio<\/li><li aria-level=\"1\">Te est\u00e1s preparando para un tratamiento de fertilidad como la IIU o la FIV<\/li><\/ul><p>La prueba proporciona informaci\u00f3n valiosa que puede ayudar a configurar su plan de tratamiento.<\/p>\t\t\t\t\t\t\t\t<\/div>\n\t\t\t\t<\/div>\n\t\t\t\t<\/div>\n\t\t<div class=\"elementor-element elementor-element-28f373b9 e-con-full e-flex e-con e-child\" data-id=\"28f373b9\" data-element_type=\"container\" data-settings=\"{&quot;background_background&quot;:&quot;classic&quot;}\">\n\t\t<div class=\"elementor-element elementor-element-7d7feaf6 e-con-full e-flex e-con e-child\" data-id=\"7d7feaf6\" data-element_type=\"container\">\n\t\t\t\t<div class=\"elementor-element elementor-element-1613d080 elementor-widget elementor-widget-heading\" data-id=\"1613d080\" data-element_type=\"widget\" data-widget_type=\"heading.default\">\n\t\t\t\t\t<h2 class=\"elementor-heading-title elementor-size-default\">Qu\u00e9 esperar durante el procedimiento<\/h2>\t\t\t\t<\/div>\n\t\t\t\t<\/div>\n\t\t<div class=\"elementor-element elementor-element-409edc63 e-con-full e-flex e-con e-child\" data-id=\"409edc63\" data-element_type=\"container\">\n\t\t\t\t<div class=\"elementor-element elementor-element-c40ad53 elementor-widget elementor-widget-text-editor\" data-id=\"c40ad53\" data-element_type=\"widget\" data-widget_type=\"text-editor.default\">\n\t\t\t\t\t\t\t\t\t<p>La HSG suele programarse durante la primera mitad del ciclo menstrual, una vez finalizado el periodo pero antes de la ovulaci\u00f3n, normalmente entre los d\u00edas 5-12 del ciclo menstrual.<\/p><h3>El proceso suele ser el siguiente:<\/h3><ul><li aria-level=\"1\">Se tumbar\u00e1 en una camilla y se le introducir\u00e1 un esp\u00e9culo para visualizar el cuello uterino, exactamente igual que en una citolog\u00eda vaginal en la consulta del ginec\u00f3logo.\u00a0<\/li><li aria-level=\"1\">Se coloca un cat\u00e9ter fino en la base del cuello uterino y se introduce suavemente un medio de contraste a trav\u00e9s del cat\u00e9ter mientras se toman im\u00e1genes radiogr\u00e1ficas. Esto permite visualizar la cavidad uterina y las trompas de Falopio.<\/li><li aria-level=\"1\">El procedimiento completo suele durar menos de 10 minutos.<\/li><\/ul><p>Aunque la prueba suele tolerarse bien, algunas pacientes experimentan calambres o molestias similares a los dolores menstruales. Si las trompas de Falopio est\u00e1n obstruidas, las molestias pueden ser m\u00e1s intensas. Es posible que le recomienden analg\u00e9sicos de venta libre para aliviar los calambres.<\/p>\t\t\t\t\t\t\t\t<\/div>\n\t\t\t\t<\/div>\n\t\t\t\t<\/div>\n\t\t<div class=\"elementor-element elementor-element-2bfe35e7 e-con-full e-flex e-con e-child\" data-id=\"2bfe35e7\" data-element_type=\"container\" data-settings=\"{&quot;background_background&quot;:&quot;classic&quot;}\">\n\t\t<div class=\"elementor-element elementor-element-4b030e12 e-con-full e-flex e-con e-child\" data-id=\"4b030e12\" data-element_type=\"container\">\n\t\t\t\t<div class=\"elementor-element elementor-element-1b55bb60 elementor-widget elementor-widget-heading\" data-id=\"1b55bb60\" data-element_type=\"widget\" data-widget_type=\"heading.default\">\n\t\t\t\t\t<h2 class=\"elementor-heading-title elementor-size-default\">Comprender los resultados\n<\/h2>\t\t\t\t<\/div>\n\t\t\t\t<\/div>\n\t\t<div class=\"elementor-element elementor-element-2bb5e1ee e-con-full e-flex e-con e-child\" data-id=\"2bb5e1ee\" data-element_type=\"container\">\n\t\t\t\t<div class=\"elementor-element elementor-element-59ca5e16 elementor-widget elementor-widget-text-editor\" data-id=\"59ca5e16\" data-element_type=\"widget\" data-widget_type=\"text-editor.default\">\n\t\t\t\t\t\t\t\t\t<h3>Despu\u00e9s del procedimiento, el m\u00e9dico que realiza el examen revisar\u00e1 los resultados con usted. En funci\u00f3n de los resultados, su m\u00e9dico podr\u00e1:<\/h3><ul><li aria-level=\"1\">Confirmar que el \u00fatero y las trompas de Falopio parecen normales.<\/li><li aria-level=\"1\">Identificar una anomal\u00eda uterina, como un p\u00f3lipo o un fibroma.<\/li><li aria-level=\"1\">Detectar una o ambas trompas de Falopio obstruidas<\/li><\/ul><p>Si se detecta alg\u00fan problema, el m\u00e9dico le explicar\u00e1 los pasos siguientes y c\u00f3mo puede afectar a su plan de tratamiento de la fertilidad. En algunos casos, puede recomendarse una evaluaci\u00f3n quir\u00fargica o de imagen adicional.<\/p>\t\t\t\t\t\t\t\t<\/div>\n\t\t\t\t<\/div>\n\t\t\t\t<\/div>\n\t\t\t\t<\/div>\n\t\t<div class=\"elementor-element elementor-element-187cb990 e-con-full e-flex e-con e-child\" data-id=\"187cb990\" data-element_type=\"container\">\n\t\t<div class=\"elementor-element elementor-element-40643688 e-con-full e-flex e-con e-child\" data-id=\"40643688\" data-element_type=\"container\" data-settings=\"{&quot;background_background&quot;:&quot;classic&quot;}\">\n\t\t<div class=\"elementor-element elementor-element-4787cc48 e-con-full e-flex e-con e-child\" data-id=\"4787cc48\" data-element_type=\"container\">\n\t\t\t\t<div class=\"elementor-element elementor-element-2795bcc8 elementor-widget elementor-widget-text-editor\" data-id=\"2795bcc8\" data-element_type=\"widget\" data-widget_type=\"text-editor.default\">\n\t\t\t\t\t\t\t\t\t<p><span style=\"font-weight: 400;\">Estamos muy agradecidos a IVF Florida por hacer realidad nuestros sue\u00f1os de ser padres.<\/span><\/p>\t\t\t\t\t\t\t\t<\/div>\n\t\t\t\t<\/div>\n\t\t\t\t<\/div>\n\t\t<div class=\"elementor-element elementor-element-2790deab e-con-full interior-helpful-resources-column e-flex e-con e-child\" data-id=\"2790deab\" data-element_type=\"container\" data-settings=\"{&quot;background_background&quot;:&quot;classic&quot;}\">\n\t\t\t\t<div class=\"elementor-element elementor-element-2c393b72 elementor-widget elementor-widget-heading\" data-id=\"2c393b72\" data-element_type=\"widget\" data-widget_type=\"heading.default\">\n\t\t\t\t\t<h5 class=\"elementor-heading-title elementor-size-default\">Recursos \u00fatiles<\/h5>\t\t\t\t<\/div>\n\t\t\t\t<div class=\"elementor-element elementor-element-3d50e6b elementor-widget elementor-widget-text-editor\" data-id=\"3d50e6b\" data-element_type=\"widget\" data-widget_type=\"text-editor.default\">\n\t\t\t\t\t\t\t\t\t<ul><li><a href=\"\/es\/concertar-cita\/\">Citas<\/a><\/li><li><a href=\"\/es\/lugares\/\">Ubicaciones<\/a><\/li><li><a href=\"\/es\/proveedores\/\">Proveedores<\/a><\/li><\/ul>\t\t\t\t\t\t\t\t<\/div>\n\t\t\t\t<\/div>\n\t\t\t\t<\/div>\n\t\t\t\t<\/div>\n\t\t\t\t\t<\/div>\n\t\t\t\t<\/div>\n\t\t\t\t<\/div>\n\t\t<div class=\"elementor-element elementor-element-35d3a561 e-flex e-con-boxed e-con e-parent\" data-id=\"35d3a561\" data-element_type=\"container\" data-settings=\"{&quot;background_background&quot;:&quot;classic&quot;}\">\n\t\t\t\t\t<div class=\"e-con-inner\">\n\t\t<div class=\"elementor-element elementor-element-4118e611 e-flex e-con-boxed e-con e-child\" data-id=\"4118e611\" data-element_type=\"container\">\n\t\t\t\t\t<div class=\"e-con-inner\">\n\t\t<div class=\"elementor-element elementor-element-20308072 e-con-full e-flex e-con e-child\" data-id=\"20308072\" data-element_type=\"container\">\n\t\t<div class=\"elementor-element elementor-element-341bbf1e e-con-full e-flex e-con e-child\" data-id=\"341bbf1e\" data-element_type=\"container\">\n\t\t\t\t<div class=\"elementor-element elementor-element-4e88e49e elementor-widget elementor-widget-heading\" data-id=\"4e88e49e\" data-element_type=\"widget\" data-widget_type=\"heading.default\">\n\t\t\t\t\t<h2 class=\"elementor-heading-title elementor-size-default\">Su equipo asistencial est\u00e1 aqu\u00ed para guiarle<\/h2>\t\t\t\t<\/div>\n\t\t\t\t<div class=\"elementor-element elementor-element-6cad3cd7 elementor-widget elementor-widget-text-editor\" data-id=\"6cad3cd7\" data-element_type=\"widget\" data-widget_type=\"text-editor.default\">\n\t\t\t\t\t\t\t\t\t<p>En IVF Florida, creemos que las pruebas de diagn\u00f3stico son un paso importante en la construcci\u00f3n de la claridad y la confianza para su viaje de fertilidad. Su equipo de atenci\u00f3n coordinar\u00e1 la programaci\u00f3n de su HSG, revisar\u00e1 sus resultados en detalle y le guiar\u00e1 a trav\u00e9s de cada parte del proceso.<\/p>\t\t\t\t\t\t\t\t<\/div>\n\t\t\t\t<\/div>\n\t\t<div class=\"elementor-element elementor-element-3dc10dc2 e-con-full e-flex e-con e-child\" data-id=\"3dc10dc2\" data-element_type=\"container\">\n\t\t\t\t<div class=\"elementor-element elementor-element-4e3bb0fa elementor-widget__width-auto elementor-widget elementor-widget-button\" data-id=\"4e3bb0fa\" data-element_type=\"widget\" data-widget_type=\"button.default\">\n\t\t\t\t\t\t\t\t\t\t<a class=\"elementor-button elementor-button-link elementor-size-sm\" href=\"\/es\/concertar-cita\/\">\n\t\t\t\t\t\t<span class=\"elementor-button-content-wrapper\">\n\t\t\t\t\t\t\t\t\t<span class=\"elementor-button-text\">Solicitar cita<\/span>\n\t\t\t\t\t<\/span>\n\t\t\t\t\t<\/a>\n\t\t\t\t\t\t\t\t<\/div>\n\t\t\t\t<\/div>\n\t\t\t\t<\/div>\n\t\t\t\t\t<\/div>\n\t\t\t\t<\/div>\n\t\t\t\t\t<\/div>\n\t\t\t\t<\/div>\n\t\t\t\t<\/div>","protected":false},"excerpt":{"rendered":"<p>Histerosalpingograf\u00eda (HSG) Una histerosalpingograf\u00eda (HSG) es una prueba de diagn\u00f3stico por imagen que ayuda a evaluar la forma del \u00fatero y si las trompas de Falopio est\u00e1n abiertas. Esta prueba suele realizarse como parte de una evaluaci\u00f3n de la fertilidad para ayudar a identificar posibles causas de infertilidad, como obstrucciones o anomal\u00edas en el \u00fatero o las trompas de Falopio....<\/p>","protected":false},"author":2,"featured_media":0,"parent":463,"menu_order":0,"template":"","meta":{"_acf_changed":false,"footnotes":""},"class_list":["post-1029","page","type-page","status-publish","hentry"],"acf":[],"aioseo_notices":[],"_links":{"self":[{"href":"https:\/\/ivfflorida.com.onspire.dev\/es\/wp-json\/wp\/v2\/pages\/1029","targetHints":{"allow":["GET"]}}],"collection":[{"href":"https:\/\/ivfflorida.com.onspire.dev\/es\/wp-json\/wp\/v2\/pages"}],"about":[{"href":"https:\/\/ivfflorida.com.onspire.dev\/es\/wp-json\/wp\/v2\/types\/page"}],"author":[{"embeddable":true,"href":"https:\/\/ivfflorida.com.onspire.dev\/es\/wp-json\/wp\/v2\/users\/2"}],"replies":[{"embeddable":true,"href":"https:\/\/ivfflorida.com.onspire.dev\/es\/wp-json\/wp\/v2\/comments?post=1029"}],"version-history":[{"count":21,"href":"https:\/\/ivfflorida.com.onspire.dev\/es\/wp-json\/wp\/v2\/pages\/1029\/revisions"}],"predecessor-version":[{"id":2719,"href":"https:\/\/ivfflorida.com.onspire.dev\/es\/wp-json\/wp\/v2\/pages\/1029\/revisions\/2719"}],"up":[{"embeddable":true,"href":"https:\/\/ivfflorida.com.onspire.dev\/es\/wp-json\/wp\/v2\/pages\/463"}],"wp:attachment":[{"href":"https:\/\/ivfflorida.com.onspire.dev\/es\/wp-json\/wp\/v2\/media?parent=1029"}],"curies":[{"name":"wp","href":"https:\/\/api.w.org\/{rel}","templated":true}]}}