{"id":1149,"date":"2025-09-12T16:54:28","date_gmt":"2025-09-12T16:54:28","guid":{"rendered":"https:\/\/ivfflorida.com\/?page_id=1149"},"modified":"2025-12-09T17:02:18","modified_gmt":"2025-12-09T17:02:18","slug":"financiacion","status":"publish","type":"page","link":"https:\/\/ivfflorida.com.onspire.dev\/es\/recursos\/financiacion\/","title":{"rendered":"Financiaci\u00f3n"},"content":{"rendered":"<div data-elementor-type=\"wp-page\" data-elementor-id=\"1149\" class=\"elementor elementor-1149\" data-elementor-post-type=\"page\">\n\t\t\t\t<div class=\"elementor-element elementor-element-3092fb93 e-flex e-con-boxed e-con e-parent\" data-id=\"3092fb93\" data-element_type=\"container\" data-settings=\"{&quot;background_background&quot;:&quot;classic&quot;}\">\n\t\t\t\t\t<div class=\"e-con-inner\">\n\t\t<div class=\"elementor-element elementor-element-fc3f3 e-flex e-con-boxed e-con e-child\" data-id=\"fc3f3\" data-element_type=\"container\">\n\t\t\t\t\t<div class=\"e-con-inner\">\n\t\t<div class=\"elementor-element elementor-element-258545d0 e-con-full e-flex e-con e-child\" data-id=\"258545d0\" data-element_type=\"container\" data-settings=\"{&quot;background_background&quot;:&quot;classic&quot;}\">\n\t\t<div class=\"elementor-element elementor-element-1f44da12 e-con-full e-flex e-con e-child\" data-id=\"1f44da12\" data-element_type=\"container\">\n\t\t\t\t<div class=\"elementor-element elementor-element-23852623 elementor-widget elementor-widget-heading\" data-id=\"23852623\" data-element_type=\"widget\" data-widget_type=\"heading.default\">\n\t\t\t\t\t<h1 class=\"elementor-heading-title elementor-size-default\">Financiaci\u00f3n de la fertilidad<\/h1>\t\t\t\t<\/div>\n\t\t\t\t<div class=\"elementor-element elementor-element-739dc678 elementor-widget elementor-widget-text-editor\" data-id=\"739dc678\" data-element_type=\"widget\" data-widget_type=\"text-editor.default\">\n\t\t\t\t\t\t\t\t\t<p>IVF Florida se complace en ofrecer financiaci\u00f3n flexible para todos los tipos de tratamiento de fertilidad a trav\u00e9s de nuestros socios financieros.<\/p>\t\t\t\t\t\t\t\t<\/div>\n\t\t\t\t<\/div>\n\t\t\t\t<\/div>\n\t\t\t\t\t<\/div>\n\t\t\t\t<\/div>\n\t\t\t\t\t<\/div>\n\t\t\t\t<\/div>\n\t\t<div class=\"elementor-element elementor-element-1801f8fd e-con-full e-flex e-con e-parent\" data-id=\"1801f8fd\" data-element_type=\"container\">\n\t\t<div class=\"elementor-element elementor-element-7c36587b e-flex e-con-boxed e-con e-child\" data-id=\"7c36587b\" data-element_type=\"container\">\n\t\t\t\t\t<div class=\"e-con-inner\">\n\t\t<div class=\"elementor-element elementor-element-22d2f6e3 e-con-full e-flex e-con e-child\" data-id=\"22d2f6e3\" data-element_type=\"container\">\n\t\t<div class=\"elementor-element elementor-element-5a98053c e-con-full e-flex e-con e-child\" data-id=\"5a98053c\" data-element_type=\"container\">\n\t\t<div class=\"elementor-element elementor-element-713bbd8 e-con-full e-flex e-con e-child\" data-id=\"713bbd8\" data-element_type=\"container\">\n\t\t\t\t<div class=\"elementor-element elementor-element-1ed8f782 elementor-widget elementor-widget-image\" data-id=\"1ed8f782\" data-element_type=\"widget\" data-widget_type=\"image.default\">\n\t\t\t\t\t\t\t\t\t\t\t\t\t\t\t<img fetchpriority=\"high\" decoding=\"async\" width=\"939\" height=\"233\" src=\"https:\/\/ivfflorida.com.onspire.dev\/wp-content\/uploads\/2025\/09\/family-sunset-marquee.jpg\" class=\"attachment-full size-full wp-image-1205\" alt=\"\" srcset=\"https:\/\/ivfflorida.com.onspire.dev\/wp-content\/uploads\/2025\/09\/family-sunset-marquee.jpg 939w, https:\/\/ivfflorida.com.onspire.dev\/wp-content\/uploads\/2025\/09\/family-sunset-marquee-300x74.jpg 300w, https:\/\/ivfflorida.com.onspire.dev\/wp-content\/uploads\/2025\/09\/family-sunset-marquee-768x191.jpg 768w\" sizes=\"(max-width: 939px) 100vw, 939px\" \/>\t\t\t\t\t\t\t\t\t\t\t\t\t\t\t<\/div>\n\t\t\t\t<\/div>\n\t\t<div class=\"elementor-element elementor-element-23048596 e-con-full e-flex e-con e-child\" data-id=\"23048596\" data-element_type=\"container\" data-settings=\"{&quot;background_background&quot;:&quot;classic&quot;}\">\n\t\t<div class=\"elementor-element elementor-element-1db2a369 e-con-full e-flex e-con e-child\" data-id=\"1db2a369\" data-element_type=\"container\">\n\t\t\t\t<div class=\"elementor-element elementor-element-259975ad elementor-widget elementor-widget-heading\" data-id=\"259975ad\" data-element_type=\"widget\" data-widget_type=\"heading.default\">\n\t\t\t\t\t<h2 class=\"elementor-heading-title elementor-size-default\">CapexMD<\/h2>\t\t\t\t<\/div>\n\t\t\t\t<\/div>\n\t\t<div class=\"elementor-element elementor-element-3d7fa066 e-con-full e-flex e-con e-child\" data-id=\"3d7fa066\" data-element_type=\"container\">\n\t\t\t\t<div class=\"elementor-element elementor-element-4dea92de elementor-widget elementor-widget-text-editor\" data-id=\"4dea92de\" data-element_type=\"widget\" data-widget_type=\"text-editor.default\">\n\t\t\t\t\t\t\t\t\t<p>Para que su plan de tratamiento de FIV sea m\u00e1s asequible, nos hemos asociado con CapexMD, un prestamista especializado en la financiaci\u00f3n de pacientes para TODAS las opciones de tratamiento de fertilidad.\u00a0\u00a0\u00a0\u00a0<\/p><p>A trav\u00e9s de nuestra asociaci\u00f3n con CapexMD, pueden ofrecer a nuestros pacientes programas de pr\u00e9stamos personalizados con tipos altamente competitivos que incluyen una variedad de tipos de pr\u00e9stamos. Los pr\u00e9stamos pueden consistir en medicamentos y\/o pruebas gen\u00e9ticas, y su sencillo proceso de pr\u00e9stamo hace que la experiencia de financiaci\u00f3n de la fertilidad sea relativamente libre de estr\u00e9s.\u00a0<\/p><h3>Beneficios y ventajas de financiarse con CapexMD:<\/h3><ul><li aria-level=\"1\">Solicitud en l\u00ednea f\u00e1cil y segura\u00a0\u00a0<\/li><li aria-level=\"1\">Atenci\u00f3n personalizada y servicio de conserjer\u00eda\u00a0<\/li><li aria-level=\"1\">Tipos de inter\u00e9s muy competitivos<\/li><li aria-level=\"1\">0% financiaci\u00f3n para los seis primeros meses\u00a0\u00a0<\/li><li aria-level=\"1\">Aprobaciones r\u00e1pidas y sencillas\u00a0<\/li><li aria-level=\"1\">Los familiares tambi\u00e9n pueden solicitarlo\u00a0\u00a0<\/li><li aria-level=\"1\">Pr\u00e9stamos desde $3.000 hasta $50.000\u00a0<\/li><li aria-level=\"1\">Pr\u00e9stamos hasta 84 meses<\/li><li aria-level=\"1\">M\u00e1xima confidencialidad\u00a0<\/li><li aria-level=\"1\">Sin cuotas anuales ni penalizaciones por pago anticipado\u00a0<\/li><\/ul><p>Una vez aprobados, nuestros asesores financieros colaborar\u00e1n estrechamente con sus especialistas en pr\u00e9stamos para fertilidad para garantizar que sus fondos se obtengan a tiempo y que su tratamiento no se retrase. Junto con CapexMD, podemos garantizar que los problemas financieros no se interpongan en su sue\u00f1o de tener un beb\u00e9.<\/p><p><a href=\"http:\/\/capexmd.com\/\" target=\"_blank\" rel=\"noopener\">CapexMD<\/a> puede utilizarse para diversos tratamientos y programas financieros, incluida la financiaci\u00f3n de un tratamiento con \u00f3vulos de donante o uno de los programas Fertility Access.<\/p><p><a href=\"http:\/\/www.capexmd.com\/redirect.php?id=iflstart.php\" target=\"_blank\" rel=\"noopener\">Solicitar en l\u00ednea<\/a> y reciba su preaprobaci\u00f3n en 24 horas.  M\u00e1s informaci\u00f3n\u00a0<a href=\"http:\/\/www.capexmd.com\/\" target=\"_blank\" rel=\"noopener\">CapexMD<\/a>\u00a0visitando su sitio web o llamando al\u00a0<a href=\"tel:18884978414\">1-888-497-8414<\/a>.<\/p>\t\t\t\t\t\t\t\t<\/div>\n\t\t\t\t<\/div>\n\t\t\t\t<\/div>\n\t\t\t\t<\/div>\n\t\t<div class=\"elementor-element elementor-element-4820ad90 e-con-full e-flex e-con e-child\" data-id=\"4820ad90\" data-element_type=\"container\">\n\t\t<div class=\"elementor-element elementor-element-583b8111 e-con-full e-flex e-con e-child\" data-id=\"583b8111\" data-element_type=\"container\" data-settings=\"{&quot;background_background&quot;:&quot;classic&quot;}\">\n\t\t<div class=\"elementor-element elementor-element-74b79284 e-con-full e-flex e-con e-child\" data-id=\"74b79284\" data-element_type=\"container\">\n\t\t\t\t<div class=\"elementor-element elementor-element-7caa382a elementor-widget elementor-widget-text-editor\" data-id=\"7caa382a\" data-element_type=\"widget\" data-widget_type=\"text-editor.default\">\n\t\t\t\t\t\t\t\t\t<p>El Dr. Barrionuevo es un gran m\u00e9dico. Explic\u00f3 completamente los planes y se tom\u00f3 su tiempo con nosotros siempre. No nos sentimos apresurados nunca.<\/p>\t\t\t\t\t\t\t\t<\/div>\n\t\t\t\t<\/div>\n\t\t\t\t<\/div>\n\t\t<div class=\"elementor-element elementor-element-5b4da5dd e-con-full interior-helpful-resources-column e-flex e-con e-child\" data-id=\"5b4da5dd\" data-element_type=\"container\" data-settings=\"{&quot;background_background&quot;:&quot;classic&quot;}\">\n\t\t\t\t<div class=\"elementor-element elementor-element-25687fa2 elementor-widget elementor-widget-heading\" data-id=\"25687fa2\" data-element_type=\"widget\" data-widget_type=\"heading.default\">\n\t\t\t\t\t<h5 class=\"elementor-heading-title elementor-size-default\">Recursos \u00fatiles<\/h5>\t\t\t\t<\/div>\n\t\t\t\t<div class=\"elementor-element elementor-element-487be98c elementor-widget elementor-widget-text-editor\" data-id=\"487be98c\" data-element_type=\"widget\" data-widget_type=\"text-editor.default\">\n\t\t\t\t\t\t\t\t\t<ul><li><a href=\"\/es\/concertar-cita\/\">Citas<\/a><\/li><li><a href=\"\/es\/lugares\/\">Ubicaciones<\/a><\/li><li><a href=\"\/es\/proveedores\/\">Proveedores<\/a><\/li><\/ul>\t\t\t\t\t\t\t\t<\/div>\n\t\t\t\t<\/div>\n\t\t\t\t<\/div>\n\t\t\t\t<\/div>\n\t\t\t\t\t<\/div>\n\t\t\t\t<\/div>\n\t\t\t\t<\/div>\n\t\t\t\t<\/div>","protected":false},"excerpt":{"rendered":"<p>Financiaci\u00f3n de la fertilidad IVF Florida se complace en ofrecer financiaci\u00f3n flexible para todos los tipos de tratamiento de fertilidad a trav\u00e9s de nuestros socios financieros. CapexMD Para que su plan de tratamiento de FIV sea m\u00e1s asequible, nos hemos asociado con CapexMD, un prestamista especializado en la financiaci\u00f3n de pacientes para TODAS las opciones de tratamiento de fertilidad....<\/p>","protected":false},"author":2,"featured_media":0,"parent":439,"menu_order":0,"template":"","meta":{"_acf_changed":false,"footnotes":""},"class_list":["post-1149","page","type-page","status-publish","hentry"],"acf":[],"aioseo_notices":[],"_links":{"self":[{"href":"https:\/\/ivfflorida.com.onspire.dev\/es\/wp-json\/wp\/v2\/pages\/1149","targetHints":{"allow":["GET"]}}],"collection":[{"href":"https:\/\/ivfflorida.com.onspire.dev\/es\/wp-json\/wp\/v2\/pages"}],"about":[{"href":"https:\/\/ivfflorida.com.onspire.dev\/es\/wp-json\/wp\/v2\/types\/page"}],"author":[{"embeddable":true,"href":"https:\/\/ivfflorida.com.onspire.dev\/es\/wp-json\/wp\/v2\/users\/2"}],"replies":[{"embeddable":true,"href":"https:\/\/ivfflorida.com.onspire.dev\/es\/wp-json\/wp\/v2\/comments?post=1149"}],"version-history":[{"count":13,"href":"https:\/\/ivfflorida.com.onspire.dev\/es\/wp-json\/wp\/v2\/pages\/1149\/revisions"}],"predecessor-version":[{"id":4181,"href":"https:\/\/ivfflorida.com.onspire.dev\/es\/wp-json\/wp\/v2\/pages\/1149\/revisions\/4181"}],"up":[{"embeddable":true,"href":"https:\/\/ivfflorida.com.onspire.dev\/es\/wp-json\/wp\/v2\/pages\/439"}],"wp:attachment":[{"href":"https:\/\/ivfflorida.com.onspire.dev\/es\/wp-json\/wp\/v2\/media?parent=1149"}],"curies":[{"name":"wp","href":"https:\/\/api.w.org\/{rel}","templated":true}]}}