{"id":381,"date":"2025-08-05T17:40:28","date_gmt":"2025-08-05T17:40:28","guid":{"rendered":"https:\/\/ivfflorida.com\/?page_id=381"},"modified":"2025-09-24T20:51:57","modified_gmt":"2025-09-24T20:51:57","slug":"unete-a-nuestro-equipo","status":"publish","type":"page","link":"https:\/\/ivfflorida.com.onspire.dev\/es\/sobre-la-fiv-en-florida\/unete-a-nuestro-equipo\/","title":{"rendered":"\u00danete a nuestro equipo"},"content":{"rendered":"<div data-elementor-type=\"wp-page\" data-elementor-id=\"381\" class=\"elementor elementor-381\" data-elementor-post-type=\"page\">\n\t\t\t\t<div class=\"elementor-element elementor-element-31767cff e-flex e-con-boxed e-con e-parent\" data-id=\"31767cff\" data-element_type=\"container\" data-settings=\"{&quot;background_background&quot;:&quot;classic&quot;}\">\n\t\t\t\t\t<div class=\"e-con-inner\">\n\t\t<div class=\"elementor-element elementor-element-71e7db4f e-flex e-con-boxed e-con e-child\" data-id=\"71e7db4f\" data-element_type=\"container\">\n\t\t\t\t\t<div class=\"e-con-inner\">\n\t\t<div class=\"elementor-element elementor-element-2a25e05f e-con-full e-flex e-con e-child\" data-id=\"2a25e05f\" data-element_type=\"container\" data-settings=\"{&quot;background_background&quot;:&quot;classic&quot;}\">\n\t\t<div class=\"elementor-element elementor-element-3b918e36 e-con-full e-flex e-con e-child\" data-id=\"3b918e36\" data-element_type=\"container\">\n\t\t\t\t<div class=\"elementor-element elementor-element-393e11fc elementor-widget elementor-widget-heading\" data-id=\"393e11fc\" data-element_type=\"widget\" data-widget_type=\"heading.default\">\n\t\t\t\t\t<h1 class=\"elementor-heading-title elementor-size-default\">\u00danete a nuestro equipo<\/h1>\t\t\t\t<\/div>\n\t\t\t\t<div class=\"elementor-element elementor-element-4ff65a5f elementor-widget elementor-widget-text-editor\" data-id=\"4ff65a5f\" data-element_type=\"widget\" data-widget_type=\"text-editor.default\">\n\t\t\t\t\t\t\t\t\t<p>IVF Florida tiene una gama de posiciones cl\u00ednicas, administrativas, y de operaciones disponibles en localizaciones a trav\u00e9s de la Florida. D\u00e9 el siguiente paso en su carrera y descubra lo que es posible.<\/p>\t\t\t\t\t\t\t\t<\/div>\n\t\t\t\t<div class=\"elementor-element elementor-element-540251d elementor-widget elementor-widget-button\" data-id=\"540251d\" data-element_type=\"widget\" data-widget_type=\"button.default\">\n\t\t\t\t\t\t\t\t\t\t<a class=\"elementor-button elementor-button-link elementor-size-sm\" href=\"https:\/\/recruiting.ultipro.com\/SGF1000SGFS\/JobBoard\/11f5d252-10be-4d90-a9be-a0c736c9a410\" target=\"_blank\">\n\t\t\t\t\t\t<span class=\"elementor-button-content-wrapper\">\n\t\t\t\t\t\t\t\t\t<span class=\"elementor-button-text\">Ver ofertas de empleo actuales<\/span>\n\t\t\t\t\t<\/span>\n\t\t\t\t\t<\/a>\n\t\t\t\t\t\t\t\t<\/div>\n\t\t\t\t<\/div>\n\t\t\t\t<\/div>\n\t\t\t\t\t<\/div>\n\t\t\t\t<\/div>\n\t\t\t\t\t<\/div>\n\t\t\t\t<\/div>\n\t\t<div class=\"elementor-element elementor-element-693766f7 e-con-full e-flex e-con e-parent\" data-id=\"693766f7\" data-element_type=\"container\">\n\t\t<div class=\"elementor-element elementor-element-5ef60cae e-flex e-con-boxed e-con e-child\" data-id=\"5ef60cae\" data-element_type=\"container\">\n\t\t\t\t\t<div class=\"e-con-inner\">\n\t\t<div class=\"elementor-element elementor-element-1aca932b e-con-full e-flex e-con e-child\" data-id=\"1aca932b\" data-element_type=\"container\">\n\t\t<div class=\"elementor-element elementor-element-11883c09 e-con-full e-flex e-con e-child\" data-id=\"11883c09\" data-element_type=\"container\">\n\t\t<div class=\"elementor-element elementor-element-3ecedfcc e-con-full e-flex e-con e-child\" data-id=\"3ecedfcc\" data-element_type=\"container\">\n\t\t\t\t<div class=\"elementor-element elementor-element-7290744e elementor-widget elementor-widget-image\" data-id=\"7290744e\" data-element_type=\"widget\" data-widget_type=\"image.default\">\n\t\t\t\t\t\t\t\t\t\t\t\t\t\t\t<img fetchpriority=\"high\" decoding=\"async\" width=\"939\" height=\"233\" src=\"https:\/\/ivfflorida.com.onspire.dev\/wp-content\/uploads\/2025\/09\/daugher-parents-hands.jpg\" class=\"attachment-full size-full wp-image-1204\" alt=\"\" srcset=\"https:\/\/ivfflorida.com.onspire.dev\/wp-content\/uploads\/2025\/09\/daugher-parents-hands.jpg 939w, https:\/\/ivfflorida.com.onspire.dev\/wp-content\/uploads\/2025\/09\/daugher-parents-hands-300x74.jpg 300w, https:\/\/ivfflorida.com.onspire.dev\/wp-content\/uploads\/2025\/09\/daugher-parents-hands-768x191.jpg 768w\" sizes=\"(max-width: 939px) 100vw, 939px\" \/>\t\t\t\t\t\t\t\t\t\t\t\t\t\t\t<\/div>\n\t\t\t\t<\/div>\n\t\t<div class=\"elementor-element elementor-element-6e2c643f e-con-full e-flex e-con e-child\" data-id=\"6e2c643f\" data-element_type=\"container\" data-settings=\"{&quot;background_background&quot;:&quot;classic&quot;}\">\n\t\t<div class=\"elementor-element elementor-element-696d10e e-con-full e-flex e-con e-child\" data-id=\"696d10e\" data-element_type=\"container\">\n\t\t\t\t<div class=\"elementor-element elementor-element-3bf9c169 elementor-widget elementor-widget-heading\" data-id=\"3bf9c169\" data-element_type=\"widget\" data-widget_type=\"heading.default\">\n\t\t\t\t\t<h2 class=\"elementor-heading-title elementor-size-default\">Carreras de fertilidad en IVF Florida<\/h2>\t\t\t\t<\/div>\n\t\t\t\t<\/div>\n\t\t<div class=\"elementor-element elementor-element-5e5caf0d e-con-full e-flex e-con e-child\" data-id=\"5e5caf0d\" data-element_type=\"container\">\n\t\t\t\t<div class=\"elementor-element elementor-element-37d960f7 elementor-widget elementor-widget-text-editor\" data-id=\"37d960f7\" data-element_type=\"widget\" data-widget_type=\"text-editor.default\">\n\t\t\t\t\t\t\t\t\t<p><a href=\"https:\/\/ivfflorida.com\/about-ivf-florida\/\">FIV Florida<\/a> se esfuerza por ofrecer un servicio al cliente excepcional en un entorno centrado en el equipo. Como empresa que ofrece igualdad de oportunidades, buscamos personas que compartan y demuestren nuestros valores fundamentales. A cambio, ofrecemos uno de los paquetes de compensaci\u00f3n y beneficios m\u00e1s competitivos en la industria de la salud y un ambiente de apoyo y desaf\u00edo que fomenta el desarrollo profesional en una serie de carreras de fertilidad. IVF Florida le invita a conocer m\u00e1s de cerca lo que podemos ofrecerle a usted y a su carrera profesional.<\/p>\t\t\t\t\t\t\t\t<\/div>\n\t\t\t\t<\/div>\n\t\t\t\t<\/div>\n\t\t<div class=\"elementor-element elementor-element-301f6279 e-con-full e-flex e-con e-child\" data-id=\"301f6279\" data-element_type=\"container\" data-settings=\"{&quot;background_background&quot;:&quot;classic&quot;}\">\n\t\t<div class=\"elementor-element elementor-element-76b20527 e-con-full e-flex e-con e-child\" data-id=\"76b20527\" data-element_type=\"container\">\n\t\t\t\t<div class=\"elementor-element elementor-element-1203c94a elementor-widget elementor-widget-heading\" data-id=\"1203c94a\" data-element_type=\"widget\" data-widget_type=\"heading.default\">\n\t\t\t\t\t<h2 class=\"elementor-heading-title elementor-size-default\">Recompensar a nuestros empleados e invertir en ellos<\/h2>\t\t\t\t<\/div>\n\t\t\t\t<\/div>\n\t\t<div class=\"elementor-element elementor-element-5e132947 e-con-full e-flex e-con e-child\" data-id=\"5e132947\" data-element_type=\"container\">\n\t\t\t\t<div class=\"elementor-element elementor-element-707df2af elementor-widget elementor-widget-text-editor\" data-id=\"707df2af\" data-element_type=\"widget\" data-widget_type=\"text-editor.default\">\n\t\t\t\t\t\t\t\t\t<p>Invertir en nuestros empleados es fundamental para liderar el sector de la fertilidad. Nuestra filosof\u00eda es sencilla pero convincente: cuidar y recompensar a nuestro equipo de forma continua y a\u00f1adir incentivos significativos. Los resultados de este enfoque de gesti\u00f3n incluyen:<\/p><p><strong>Evaluaciones anuales del rendimiento y aumentos por m\u00e9ritos<\/strong><br \/>Un plan de retribuci\u00f3n basado en los resultados y dise\u00f1ado para recompensar las contribuciones individuales.<\/p><p><strong>Plan anual de incentivos para los empleados<\/strong><br \/>Un plan basado en la rentabilidad dise\u00f1ado para recompensar a las personas por la consecuci\u00f3n de metas y objetivos financieros para toda la pr\u00e1ctica.<\/p><p><strong>Programa de bonificaci\u00f3n por recomendaci\u00f3n de empleados<\/strong><br \/>Pagos a empleados que recomiendan candidatos cualificados que son contratados por la consulta.<\/p><p><strong>Programa de ayuda a la matr\u00edcula<\/strong><br \/>Un plan dise\u00f1ado para ayudar a los empleados a pagar una educaci\u00f3n que mejore su desarrollo profesional.<\/p><p><strong>Actos anuales de agradecimiento a los empleados y programa de premios de reconocimiento<\/strong><\/p><h3>Amplio paquete de prestaciones:<\/h3><p>Cuidar bien de todos los que forman parte de la familia de IVF Florida es una de nuestras mayores prioridades. Encontrar\u00e1 una completa gama de beneficios - para su tranquilidad y satisfacci\u00f3n y la de sus seres queridos. El actual paquete de beneficios de IVF Florida tambi\u00e9n est\u00e1 disponible para las parejas de hecho e incluye:<\/p><ul><li>M\u00e9dico<\/li><li>Dental<\/li><li>Seguro de vida b\u00e1sico<\/li><li>Seguro de vida voluntario complementario<\/li><li>Seguro AD&amp;D<\/li><li>Seguro complementario voluntario AD&amp;D<\/li><li>Seguro de incapacidad temporal (STD)<\/li><li>Seguro de invalidez de larga duraci\u00f3n (ILP)<\/li><li>Plan 401(k)<\/li><li>Cuentas de gastos flexibles (FSA) m\u00e9dicas y de atenci\u00f3n a las personas dependientes<\/li><li>Plan de ahorro universitario Secci\u00f3n 529<\/li><li>Vacaciones pagadas, baja por enfermedad, d\u00edas festivos (personales) y fiestas nacionales.<\/li><\/ul>\t\t\t\t\t\t\t\t<\/div>\n\t\t\t\t<\/div>\n\t\t\t\t<\/div>\n\t\t\t\t<\/div>\n\t\t<div class=\"elementor-element elementor-element-7111e76a e-con-full e-flex e-con e-child\" data-id=\"7111e76a\" data-element_type=\"container\">\n\t\t<div class=\"elementor-element elementor-element-5f4d6a65 e-con-full e-flex e-con e-child\" data-id=\"5f4d6a65\" data-element_type=\"container\" data-settings=\"{&quot;background_background&quot;:&quot;classic&quot;}\">\n\t\t<div class=\"elementor-element elementor-element-5b3a0bed e-con-full e-flex e-con e-child\" data-id=\"5b3a0bed\" data-element_type=\"container\">\n\t\t\t\t<div class=\"elementor-element elementor-element-6075ceee elementor-widget elementor-widget-text-editor\" data-id=\"6075ceee\" data-element_type=\"widget\" data-widget_type=\"text-editor.default\">\n\t\t\t\t\t\t\t\t\t<p><span style=\"font-weight: 400;\">Sin el Dr. Gualtieri y su incre\u00edble equipo, no tendr\u00edamos a nuestra dulce ni\u00f1a. Nunca podr\u00e9 agradecerle lo suficiente por ayudarnos. Muchas gracias tambi\u00e9n a su t\u00e9. Sin esas encantadoras se\u00f1oras, no s\u00e9 si habr\u00eda podido seguir adelante durante el tiempo que nos llev\u00f3 concebir. Estamos m\u00e1s que agradecidos y bendecidos.<\/span><\/p>\t\t\t\t\t\t\t\t<\/div>\n\t\t\t\t<\/div>\n\t\t\t\t<\/div>\n\t\t<div class=\"elementor-element elementor-element-5ca76975 e-con-full interior-helpful-resources-column e-flex e-con e-child\" data-id=\"5ca76975\" data-element_type=\"container\" data-settings=\"{&quot;background_background&quot;:&quot;classic&quot;}\">\n\t\t\t\t<div class=\"elementor-element elementor-element-666e7486 elementor-widget elementor-widget-heading\" data-id=\"666e7486\" data-element_type=\"widget\" data-widget_type=\"heading.default\">\n\t\t\t\t\t<h5 class=\"elementor-heading-title elementor-size-default\">Recursos \u00fatiles<\/h5>\t\t\t\t<\/div>\n\t\t\t\t<div class=\"elementor-element elementor-element-6fe585a8 elementor-widget elementor-widget-text-editor\" data-id=\"6fe585a8\" data-element_type=\"widget\" data-widget_type=\"text-editor.default\">\n\t\t\t\t\t\t\t\t\t<ul><li><a href=\"\/es\/sobre-la-fiv-en-florida\/\">Acerca de IVF Florida <\/a><\/li><\/ul>\t\t\t\t\t\t\t\t<\/div>\n\t\t\t\t<\/div>\n\t\t\t\t<\/div>\n\t\t\t\t<\/div>\n\t\t\t\t\t<\/div>\n\t\t\t\t<\/div>\n\t\t\t\t<\/div>\n\t\t\t\t<\/div>","protected":false},"excerpt":{"rendered":"<p>\u00danase a nuestro equipo IVF Florida tiene una gama de posiciones cl\u00ednicas, administrativas, y de operaciones disponibles en localizaciones a trav\u00e9s de la Florida. D\u00e9 el siguiente paso en su carrera y descubra lo que es posible...<\/p>","protected":false},"author":2,"featured_media":0,"parent":383,"menu_order":0,"template":"","meta":{"_acf_changed":false,"footnotes":""},"class_list":["post-381","page","type-page","status-publish","hentry"],"acf":[],"aioseo_notices":[],"_links":{"self":[{"href":"https:\/\/ivfflorida.com.onspire.dev\/es\/wp-json\/wp\/v2\/pages\/381","targetHints":{"allow":["GET"]}}],"collection":[{"href":"https:\/\/ivfflorida.com.onspire.dev\/es\/wp-json\/wp\/v2\/pages"}],"about":[{"href":"https:\/\/ivfflorida.com.onspire.dev\/es\/wp-json\/wp\/v2\/types\/page"}],"author":[{"embeddable":true,"href":"https:\/\/ivfflorida.com.onspire.dev\/es\/wp-json\/wp\/v2\/users\/2"}],"replies":[{"embeddable":true,"href":"https:\/\/ivfflorida.com.onspire.dev\/es\/wp-json\/wp\/v2\/comments?post=381"}],"version-history":[{"count":12,"href":"https:\/\/ivfflorida.com.onspire.dev\/es\/wp-json\/wp\/v2\/pages\/381\/revisions"}],"predecessor-version":[{"id":2899,"href":"https:\/\/ivfflorida.com.onspire.dev\/es\/wp-json\/wp\/v2\/pages\/381\/revisions\/2899"}],"up":[{"embeddable":true,"href":"https:\/\/ivfflorida.com.onspire.dev\/es\/wp-json\/wp\/v2\/pages\/383"}],"wp:attachment":[{"href":"https:\/\/ivfflorida.com.onspire.dev\/es\/wp-json\/wp\/v2\/media?parent=381"}],"curies":[{"name":"wp","href":"https:\/\/api.w.org\/{rel}","templated":true}]}}