{"id":383,"date":"2025-08-05T17:57:57","date_gmt":"2025-08-05T17:57:57","guid":{"rendered":"https:\/\/ivfflorida.com\/?page_id=383"},"modified":"2025-10-29T19:46:57","modified_gmt":"2025-10-29T19:46:57","slug":"sobre-la-fiv-en-florida","status":"publish","type":"page","link":"https:\/\/ivfflorida.com.onspire.dev\/es\/sobre-la-fiv-en-florida\/","title":{"rendered":"Acerca de IVF Florida"},"content":{"rendered":"<div data-elementor-type=\"wp-page\" data-elementor-id=\"383\" class=\"elementor elementor-383\" data-elementor-post-type=\"page\">\n\t\t\t\t<div class=\"elementor-element elementor-element-340dbe2d e-flex e-con-boxed e-con e-parent\" data-id=\"340dbe2d\" data-element_type=\"container\" data-settings=\"{&quot;background_background&quot;:&quot;classic&quot;}\">\n\t\t\t\t\t<div class=\"e-con-inner\">\n\t\t<div class=\"elementor-element elementor-element-675acfd5 e-flex e-con-boxed e-con e-child\" data-id=\"675acfd5\" data-element_type=\"container\">\n\t\t\t\t\t<div class=\"e-con-inner\">\n\t\t<div class=\"elementor-element elementor-element-3609525c e-con-full e-flex e-con e-child\" data-id=\"3609525c\" data-element_type=\"container\" data-settings=\"{&quot;background_background&quot;:&quot;classic&quot;}\">\n\t\t<div class=\"elementor-element elementor-element-2d230d69 e-con-full e-flex e-con e-child\" data-id=\"2d230d69\" data-element_type=\"container\">\n\t\t\t\t<div class=\"elementor-element elementor-element-44c5eb51 elementor-widget elementor-widget-heading\" data-id=\"44c5eb51\" data-element_type=\"widget\" data-widget_type=\"heading.default\">\n\t\t\t\t\t<h1 class=\"elementor-heading-title elementor-size-default\">Acerca de IVF Florida<\/h1>\t\t\t\t<\/div>\n\t\t\t\t<div class=\"elementor-element elementor-element-722e4ac4 elementor-widget elementor-widget-text-editor\" data-id=\"722e4ac4\" data-element_type=\"widget\" data-widget_type=\"text-editor.default\">\n\t\t\t\t\t\t\t\t\t<p><strong>Los principales centros de fertilidad y cl\u00ednicas de FIV de Florida<\/strong><\/p><p>Durante 40 a\u00f1os, IVF Florida ha ayudado a sus pacientes a formar una familia mediante procedimientos avanzados de fecundaci\u00f3n in vitro (FIV) y otros tratamientos de fertilidad, todo ello con una atenci\u00f3n compasiva y personalizada. Nuestro equipo de asociados y especialistas en reproducci\u00f3n incluye endocrin\u00f3logos reproductivos certificados, embri\u00f3logos experimentados y personal cl\u00ednico dedicado. Juntos, como su equipo de atenci\u00f3n reproductiva, todos en IVF Florida se comprometen a apoyar sus objetivos con experiencia y empat\u00eda.<\/p><p>Con sedes en <a href=\"https:\/\/ivfflorida.com\/our-center\/our-facilities-locations\/boca-raton-fertility-center\/\">Boca Rat\u00f3n<\/a>, <a href=\"\/es\/lugares\/centro-de-fertilidad-de-coral-gables\/\">Coral Gables<\/a>, <a href=\"\/es\/lugares\/centro-de-fertilidad-margate\/\">Margate<\/a>, <a href=\"\/es\/lugares\/centro-de-fertilidad-de-pembroke-pines\/\">Pembroke Pines<\/a>, <a href=\"\/es\/lugares\/centro-de-fertilidad-de-jacksonville\/\">Jacksonville<\/a>, <a href=\"\/es\/lugares\/centro-de-fertilidad-jensen-beach\/\">Jensen Beach<\/a>y <a href=\"\/es\/lugares\/centro-de-fertilidad-jupiter-palm-beach-gardens\/\">Jupiter\/Palm Beach Gardens,<\/a> IVF Florida ofrece acceso a uno de los programas de fertilidad m\u00e1s experimentados de la regi\u00f3n y a las mejores cl\u00ednicas de FIV de Florida, acercando la atenci\u00f3n reproductiva de primer nivel al lugar donde vive y trabaja.<\/p>\t\t\t\t\t\t\t\t<\/div>\n\t\t\t\t<\/div>\n\t\t\t\t<\/div>\n\t\t\t\t\t<\/div>\n\t\t\t\t<\/div>\n\t\t\t\t\t<\/div>\n\t\t\t\t<\/div>\n\t\t<div class=\"elementor-element elementor-element-140e6dea e-con-full e-flex e-con e-parent\" data-id=\"140e6dea\" data-element_type=\"container\">\n\t\t<div class=\"elementor-element elementor-element-6db0c2b e-flex e-con-boxed e-con e-child\" data-id=\"6db0c2b\" data-element_type=\"container\">\n\t\t\t\t\t<div class=\"e-con-inner\">\n\t\t<div class=\"elementor-element elementor-element-68b0ff22 e-con-full e-flex e-con e-child\" data-id=\"68b0ff22\" data-element_type=\"container\">\n\t\t<div class=\"elementor-element elementor-element-86d54b e-con-full e-flex e-con e-child\" data-id=\"86d54b\" data-element_type=\"container\">\n\t\t<div class=\"elementor-element elementor-element-78e2665f e-con-full e-flex e-con e-child\" data-id=\"78e2665f\" data-element_type=\"container\">\n\t\t\t\t<div class=\"elementor-element elementor-element-49efe674 elementor-widget elementor-widget-image\" data-id=\"49efe674\" data-element_type=\"widget\" data-widget_type=\"image.default\">\n\t\t\t\t\t\t\t\t\t\t\t\t\t\t\t<img fetchpriority=\"high\" decoding=\"async\" width=\"939\" height=\"233\" src=\"https:\/\/ivfflorida.com.onspire.dev\/wp-content\/uploads\/2025\/09\/daugher-in-middle.jpg\" class=\"attachment-full size-full wp-image-1203\" alt=\"\" srcset=\"https:\/\/ivfflorida.com.onspire.dev\/wp-content\/uploads\/2025\/09\/daugher-in-middle.jpg 939w, https:\/\/ivfflorida.com.onspire.dev\/wp-content\/uploads\/2025\/09\/daugher-in-middle-300x74.jpg 300w, https:\/\/ivfflorida.com.onspire.dev\/wp-content\/uploads\/2025\/09\/daugher-in-middle-768x191.jpg 768w\" sizes=\"(max-width: 939px) 100vw, 939px\" \/>\t\t\t\t\t\t\t\t\t\t\t\t\t\t\t<\/div>\n\t\t\t\t<\/div>\n\t\t<div class=\"elementor-element elementor-element-71e990ce e-con-full e-flex e-con e-child\" data-id=\"71e990ce\" data-element_type=\"container\" data-settings=\"{&quot;background_background&quot;:&quot;classic&quot;}\">\n\t\t<div class=\"elementor-element elementor-element-18203247 e-con-full e-flex e-con e-child\" data-id=\"18203247\" data-element_type=\"container\">\n\t\t\t\t<div class=\"elementor-element elementor-element-66b3425e elementor-widget elementor-widget-heading\" data-id=\"66b3425e\" data-element_type=\"widget\" data-widget_type=\"heading.default\">\n\t\t\t\t\t<h2 class=\"elementor-heading-title elementor-size-default\">Declaraci\u00f3n de objetivos<\/h2>\t\t\t\t<\/div>\n\t\t\t\t<\/div>\n\t\t<div class=\"elementor-element elementor-element-7dca5f3c e-con-full e-flex e-con e-child\" data-id=\"7dca5f3c\" data-element_type=\"container\">\n\t\t\t\t<div class=\"elementor-element elementor-element-4282493b elementor-widget elementor-widget-text-editor\" data-id=\"4282493b\" data-element_type=\"widget\" data-widget_type=\"text-editor.default\">\n\t\t\t\t\t\t\t\t\t<p>IVF Florida es el principal proveedor de servicios de fertilidad y reproducci\u00f3n compasivos y centrados en el paciente, con la m\u00e1xima integridad y preocupaci\u00f3n, prestados a trav\u00e9s de un equipo dedicado, diverso y experto de m\u00e9dicos, cient\u00edficos y personal.<\/p>\t\t\t\t\t\t\t\t<\/div>\n\t\t\t\t<\/div>\n\t\t\t\t<\/div>\n\t\t<div class=\"elementor-element elementor-element-2f31ab2a e-con-full e-flex e-con e-child\" data-id=\"2f31ab2a\" data-element_type=\"container\" data-settings=\"{&quot;background_background&quot;:&quot;classic&quot;}\">\n\t\t<div class=\"elementor-element elementor-element-34f49f32 e-con-full e-flex e-con e-child\" data-id=\"34f49f32\" data-element_type=\"container\">\n\t\t\t\t<div class=\"elementor-element elementor-element-5097b324 elementor-widget elementor-widget-heading\" data-id=\"5097b324\" data-element_type=\"widget\" data-widget_type=\"heading.default\">\n\t\t\t\t\t<h2 class=\"elementor-heading-title elementor-size-default\">Visi\u00f3n<\/h2>\t\t\t\t<\/div>\n\t\t\t\t<\/div>\n\t\t<div class=\"elementor-element elementor-element-1098eaf e-con-full e-flex e-con e-child\" data-id=\"1098eaf\" data-element_type=\"container\">\n\t\t\t\t<div class=\"elementor-element elementor-element-49dcd12c elementor-widget elementor-widget-text-editor\" data-id=\"49dcd12c\" data-element_type=\"widget\" data-widget_type=\"text-editor.default\">\n\t\t\t\t\t\t\t\t\t<p><span style=\"font-weight: 400;\">IVF Florida se esfuerza por mantener su posici\u00f3n entre las mejores cl\u00ednicas de fecundaci\u00f3n in vitro de EE.UU. y como proveedor l\u00edder de servicios de fertilidad y reproducci\u00f3n en Florida. Logramos esto centr\u00e1ndonos en una infraestructura sin\u00e9rgica, m\u00e9todos cient\u00edficamente probados, la b\u00fasqueda de esfuerzos acad\u00e9micos y el crecimiento y desarrollo continuos.<\/span><\/p><p><span style=\"font-weight: 400;\">Al combinar un servicio superior al paciente con tratamientos de fertilidad avanzados y resultados de calidad, IVF Florida ser\u00e1 l\u00edder con nuestro modelo de excelencia en el campo de la medicina reproductiva.<\/span><\/p>\t\t\t\t\t\t\t\t<\/div>\n\t\t\t\t<\/div>\n\t\t\t\t<\/div>\n\t\t<div class=\"elementor-element elementor-element-303e5690 e-con-full e-flex e-con e-child\" data-id=\"303e5690\" data-element_type=\"container\" data-settings=\"{&quot;background_background&quot;:&quot;classic&quot;}\">\n\t\t<div class=\"elementor-element elementor-element-33a1c53c e-con-full e-flex e-con e-child\" data-id=\"33a1c53c\" data-element_type=\"container\">\n\t\t\t\t<div class=\"elementor-element elementor-element-61997a9a elementor-widget elementor-widget-heading\" data-id=\"61997a9a\" data-element_type=\"widget\" data-widget_type=\"heading.default\">\n\t\t\t\t\t<h2 class=\"elementor-heading-title elementor-size-default\">Seis razones para elegir la FIV en Florida<\/h2>\t\t\t\t<\/div>\n\t\t\t\t<\/div>\n\t\t<div class=\"elementor-element elementor-element-676685f1 e-con-full e-flex e-con e-child\" data-id=\"676685f1\" data-element_type=\"container\">\n\t\t\t\t<div class=\"elementor-element elementor-element-5703d76 elementor-widget elementor-widget-text-editor\" data-id=\"5703d76\" data-element_type=\"widget\" data-widget_type=\"text-editor.default\">\n\t\t\t\t\t\t\t\t\t<p>En IVF Florida, nuestros m\u00e9dicos y equipos de atenci\u00f3n comprenden que decidir a d\u00f3nde acudir para someterse a un tratamiento de fertilidad puede ser dif\u00edcil y estresante. Como uno de los centros m\u00e1s grandes del sureste de los Estados Unidos, nuestras cl\u00ednicas de fertilidad y FIV de Florida ofrecen una atenci\u00f3n altamente especializada, experiencia y tecnolog\u00eda de vanguardia y un alto nivel de fertilidad. <a href=\"https:\/\/www.sartcorsonline.com\/rptCSR_PublicMultYear.aspx?ClinicPKID=2315\" target=\"_blank\" rel=\"noopener\">\u00edndices de \u00e9xito<\/a>.\u00a0<\/p><h3>Experiencia en equipo\u00a0<\/h3><p>IVF Florida lleva ofreciendo tratamientos de fertilidad en Florida desde 1986. Nuestros m\u00e9dicos cuentan con m\u00e1s de 150 a\u00f1os de experiencia combinada y han ayudado a miles de pacientes a superar sus problemas de infertilidad. Nuestros m\u00e9dicos han ocupado puestos de liderazgo cruciales en el sector de la fertilidad y colaboran con las facultades de medicina locales para ayudar a formar a los m\u00e9dicos residentes de obstetricia y ginecolog\u00eda.<\/p><h3>Experiencia m\u00e9dica especializada<\/h3><p>Cada uno de nuestros m\u00e9dicos jefe es un endocrin\u00f3logo reproductivo certificado con formaci\u00f3n especializada en diagn\u00f3stico y tratamiento de la infertilidad. Este profundo conocimiento nos permite identificar y tratar eficazmente una amplia gama de problemas de fertilidad utilizando los procedimientos de fecundaci\u00f3n in vitro m\u00e1s avanzados disponibles en la actualidad.<\/p><h3>Tecnolog\u00eda avanzada<\/h3><p>En IVF Florida, nuestra prioridad es proporcionar una atenci\u00f3n de primera categor\u00eda manteni\u00e9ndonos al d\u00eda de las \u00faltimas tecnolog\u00edas en el campo de la fertilidad, en constante evoluci\u00f3n. Nuestros centros quir\u00fargicos y laboratorios de FIV est\u00e1n totalmente equipados para ofrecer un tratamiento de fertilidad de vanguardia que respalde cada paso del proceso de fecundaci\u00f3n in vitro o cualquier otro plan de tratamiento, ofreci\u00e9ndole las m\u00e1ximas posibilidades de \u00e9xito.\u00a0<\/p><h3>Conveniencia<\/h3><p>Para mayor comodidad de los pacientes de nuestras cl\u00ednicas de fertilidad, IVF Florida cuenta con varios <a href=\"\/es\/lugares\/\">ubicaciones en toda Florida<\/a>. Dado que el tratamiento de FIV implica m\u00faltiples y frecuentes visitas a su cl\u00ednica de fertilidad\/fecundaci\u00f3n in vitro, tener la opci\u00f3n de elegir un lugar cercano a su domicilio o lugar de trabajo puede ahorrarle una cantidad significativa de tiempo y gastos de desplazamiento.\u00a0<\/p><p>Para los pacientes que viajan grandes distancias en busca de nuestra experiencia, trabajamos estrechamente con su m\u00e9dico de cabecera para minimizar el n\u00famero de visitas que tendr\u00e1 que realizar a uno de nuestros centros de fertilidad y cl\u00ednicas de FIV del sur de Florida. Los pacientes internacionales ahora pueden disfrutar de la posibilidad de realizar visitas virtuales a trav\u00e9s de sistemas de telecomunicaciones por v\u00eddeo, lo que elimina pr\u00e1cticamente la necesidad de viajar a nuestras oficinas hasta que est\u00e9n listos para someterse al tratamiento.<\/p><h3>Asociaci\u00f3n<\/h3><p>En IVF Florida, estamos orgullosos de colaborar con US Fertility, la mayor asociaci\u00f3n de cl\u00ednicas de fertilidad de primer nivel de los EE.UU. dirigida por m\u00e9dicos y propiedad de m\u00e9dicos. Las ventajas para los pacientes de la cl\u00ednica de fertilidad IVF Florida incluyen el acceso al Programa de Acceso a la Fertilidad de US Fertility, que ofrece tres programas financieros diferentes adaptados al plan de tratamiento de cada paciente, ahorros significativos y una mayor probabilidad de \u00e9xito.<\/p><h3>\u00cdndices de fertilidad y de \u00e9xito de la inseminaci\u00f3n<\/h3><p>En IVF Florida, creemos que el deseo de tener hijos se encuentra entre los instintos humanos m\u00e1s b\u00e1sicos, y quienes buscan un tratamiento de fertilidad deben recibir todas las oportunidades razonables para cumplir ese objetivo.<\/p><p>Nuestra reputaci\u00f3n est\u00e1 respaldada por unos resultados s\u00f3lidos. Las tasas de \u00e9xito de IVF Florida reflejan nuestro compromiso con la excelencia. Tanto si acaba de empezar como si se ha enfrentado a retos con otras cl\u00ednicas, le animamos a que revise los comentarios de IVF Florida y explore lo que hace que nuestros resultados destaquen.<\/p><p>Nuestro centro de fertilidad ofrece <a href=\"\/es\/tratamientos\/\">tratamiento<\/a> a personas que padecen diversas afecciones, lo que convierte a la FIV Florida en la opci\u00f3n elegida por muchas mujeres y hombres que no han tenido \u00e9xito con otros centros.<\/p><p>Para obtener una lista detallada de las tasas de \u00e9xito de IVF Florida, consulte el <a href=\"https:\/\/www.sartcorsonline.com\/Csr\/PublicSnapshotReport?ClinicPKID=0&amp;reportingYear=2023\" target=\"_blank\" rel=\"noopener\">Sociedad de Tecnolog\u00eda de Reproducci\u00f3n Asistida (SART)<\/a>) informe cl\u00ednico <a href=\"https:\/\/www.sartcorsonline.com\/rptCSR_PublicMultYear.aspx?ClinicPKID=2315\" target=\"_blank\" rel=\"noopener\">aqu\u00ed<\/a>.<\/p><p><em>Nota: La comparaci\u00f3n de las tasas de \u00e9xito de las cl\u00ednicas puede no ser significativa porque las caracter\u00edsticas m\u00e9dicas de los pacientes, los enfoques de tratamiento y los criterios de acceso a la terapia antirretrov\u00edrica pueden variar de una cl\u00ednica a otra.<\/em><\/p>\t\t\t\t\t\t\t\t<\/div>\n\t\t\t\t<\/div>\n\t\t\t\t<\/div>\n\t\t\t\t<\/div>\n\t\t<div class=\"elementor-element elementor-element-18a9d38c e-con-full e-flex e-con e-child\" data-id=\"18a9d38c\" data-element_type=\"container\">\n\t\t<div class=\"elementor-element elementor-element-ca1bca9 e-con-full e-flex e-con e-child\" data-id=\"ca1bca9\" data-element_type=\"container\" data-settings=\"{&quot;background_background&quot;:&quot;classic&quot;}\">\n\t\t<div class=\"elementor-element elementor-element-7f5fc123 e-con-full e-flex e-con e-child\" data-id=\"7f5fc123\" data-element_type=\"container\">\n\t\t\t\t<div class=\"elementor-element elementor-element-3e240818 elementor-widget elementor-widget-text-editor\" data-id=\"3e240818\" data-element_type=\"widget\" data-widget_type=\"text-editor.default\">\n\t\t\t\t\t\t\t\t\t<p>Todo el equipo se convirti\u00f3 en una familia.<\/p>\t\t\t\t\t\t\t\t<\/div>\n\t\t\t\t<\/div>\n\t\t\t\t<\/div>\n\t\t<div class=\"elementor-element elementor-element-7fea04d8 e-con-full interior-helpful-resources-column e-flex e-con e-child\" data-id=\"7fea04d8\" data-element_type=\"container\" data-settings=\"{&quot;background_background&quot;:&quot;classic&quot;}\">\n\t\t\t\t<div class=\"elementor-element elementor-element-66264ce4 elementor-widget elementor-widget-heading\" data-id=\"66264ce4\" data-element_type=\"widget\" data-widget_type=\"heading.default\">\n\t\t\t\t\t<h5 class=\"elementor-heading-title elementor-size-default\">Recursos \u00fatiles<\/h5>\t\t\t\t<\/div>\n\t\t\t\t<div class=\"elementor-element elementor-element-76e661e3 elementor-widget elementor-widget-text-editor\" data-id=\"76e661e3\" data-element_type=\"widget\" data-widget_type=\"text-editor.default\">\n\t\t\t\t\t\t\t\t\t<ul><li><a href=\"\/es\/lugares\/\">Ubicaciones<\/a><\/li><li><a href=\"\/es\/proveedores\/\">M\u00e9dicos <\/a><\/li><li><a href=\"\/es\/comienza-tu-viaje\/\">C\u00f3mo empezar<\/a><\/li><\/ul>\t\t\t\t\t\t\t\t<\/div>\n\t\t\t\t<\/div>\n\t\t\t\t<\/div>\n\t\t\t\t<\/div>\n\t\t\t\t\t<\/div>\n\t\t\t\t<\/div>\n\t\t\t\t<\/div>\n\t\t\t\t<\/div>","protected":false},"excerpt":{"rendered":"<p>Acerca de IVF Florida Los principales centros de fertilidad y cl\u00ednicas de FIV de Florida Durante 40 a\u00f1os y m\u00e1s, IVF Florida ha ayudado a los pacientes a formar sus familias mediante procedimientos avanzados de fecundaci\u00f3n in vitro (FIV) y otros tratamientos de fertilidad, todo ello con una atenci\u00f3n compasiva y personalizada. Nuestro equipo de asociados y especialistas en reproducci\u00f3n incluye endocrin\u00f3logos reproductivos certificados, embri\u00f3logos experimentados y personal cl\u00ednico dedicado...<\/p>","protected":false},"author":2,"featured_media":0,"parent":0,"menu_order":0,"template":"","meta":{"_acf_changed":false,"footnotes":""},"class_list":["post-383","page","type-page","status-publish","hentry"],"acf":[],"aioseo_notices":[],"_links":{"self":[{"href":"https:\/\/ivfflorida.com.onspire.dev\/es\/wp-json\/wp\/v2\/pages\/383","targetHints":{"allow":["GET"]}}],"collection":[{"href":"https:\/\/ivfflorida.com.onspire.dev\/es\/wp-json\/wp\/v2\/pages"}],"about":[{"href":"https:\/\/ivfflorida.com.onspire.dev\/es\/wp-json\/wp\/v2\/types\/page"}],"author":[{"embeddable":true,"href":"https:\/\/ivfflorida.com.onspire.dev\/es\/wp-json\/wp\/v2\/users\/2"}],"replies":[{"embeddable":true,"href":"https:\/\/ivfflorida.com.onspire.dev\/es\/wp-json\/wp\/v2\/comments?post=383"}],"version-history":[{"count":10,"href":"https:\/\/ivfflorida.com.onspire.dev\/es\/wp-json\/wp\/v2\/pages\/383\/revisions"}],"predecessor-version":[{"id":4051,"href":"https:\/\/ivfflorida.com.onspire.dev\/es\/wp-json\/wp\/v2\/pages\/383\/revisions\/4051"}],"wp:attachment":[{"href":"https:\/\/ivfflorida.com.onspire.dev\/es\/wp-json\/wp\/v2\/media?parent=383"}],"curies":[{"name":"wp","href":"https:\/\/api.w.org\/{rel}","templated":true}]}}