{"id":387,"date":"2025-08-05T19:06:47","date_gmt":"2025-08-05T19:06:47","guid":{"rendered":"https:\/\/ivfflorida.com\/?page_id=387"},"modified":"2025-09-24T20:56:40","modified_gmt":"2025-09-24T20:56:40","slug":"pongase-en-contacto-con","status":"publish","type":"page","link":"https:\/\/ivfflorida.com.onspire.dev\/es\/pongase-en-contacto-con\/","title":{"rendered":"P\u00f3ngase en contacto con"},"content":{"rendered":"<div data-elementor-type=\"wp-page\" data-elementor-id=\"387\" class=\"elementor elementor-387\" data-elementor-post-type=\"page\">\n\t\t\t\t<div class=\"elementor-element elementor-element-6e9afce1 e-flex e-con-boxed e-con e-parent\" data-id=\"6e9afce1\" data-element_type=\"container\" data-settings=\"{&quot;background_background&quot;:&quot;classic&quot;}\">\n\t\t\t\t\t<div class=\"e-con-inner\">\n\t\t<div class=\"elementor-element elementor-element-2942c239 e-flex e-con-boxed e-con e-child\" data-id=\"2942c239\" data-element_type=\"container\">\n\t\t\t\t\t<div class=\"e-con-inner\">\n\t\t<div class=\"elementor-element elementor-element-20ac154 e-con-full e-flex e-con e-child\" data-id=\"20ac154\" data-element_type=\"container\" data-settings=\"{&quot;background_background&quot;:&quot;classic&quot;}\">\n\t\t<div class=\"elementor-element elementor-element-7d9c26c3 e-con-full e-flex e-con e-child\" data-id=\"7d9c26c3\" data-element_type=\"container\">\n\t\t\t\t<div class=\"elementor-element elementor-element-47a1760e elementor-widget elementor-widget-heading\" data-id=\"47a1760e\" data-element_type=\"widget\" data-widget_type=\"heading.default\">\n\t\t\t\t\t<h1 class=\"elementor-heading-title elementor-size-default\">Contactar con IVF Florida<\/h1>\t\t\t\t<\/div>\n\t\t\t\t<div class=\"elementor-element elementor-element-2765cdba elementor-widget elementor-widget-text-editor\" data-id=\"2765cdba\" data-element_type=\"widget\" data-widget_type=\"text-editor.default\">\n\t\t\t\t\t\t\t\t\t<p><strong>Una llamada llega a cualquiera de nuestras sedes:<\/strong><\/p><p>N\u00famero principal:\u00a0<a href=\"tel:8667702168\">866.770.2168<br \/><\/a>Local Dial:\u00a0<a href=\"tel:9542476200\">954.247.6200<br \/><\/a>Fax principal: 954.247.6262<\/p>\t\t\t\t\t\t\t\t<\/div>\n\t\t\t\t<\/div>\n\t\t\t\t<\/div>\n\t\t\t\t\t<\/div>\n\t\t\t\t<\/div>\n\t\t\t\t\t<\/div>\n\t\t\t\t<\/div>\n\t\t<div class=\"elementor-element elementor-element-7b9ee3a2 e-con-full e-flex e-con e-parent\" data-id=\"7b9ee3a2\" data-element_type=\"container\">\n\t\t<div class=\"elementor-element elementor-element-6cca1094 e-flex e-con-boxed e-con e-child\" data-id=\"6cca1094\" data-element_type=\"container\">\n\t\t\t\t\t<div class=\"e-con-inner\">\n\t\t<div class=\"elementor-element elementor-element-58436a93 e-con-full e-flex e-con e-child\" data-id=\"58436a93\" data-element_type=\"container\">\n\t\t<div class=\"elementor-element elementor-element-56d37170 e-con-full e-flex e-con e-child\" data-id=\"56d37170\" data-element_type=\"container\">\n\t\t<div class=\"elementor-element elementor-element-11766734 e-con-full e-flex e-con e-child\" data-id=\"11766734\" data-element_type=\"container\" data-settings=\"{&quot;background_background&quot;:&quot;classic&quot;}\">\n\t\t<div class=\"elementor-element elementor-element-18c96032 e-con-full e-flex e-con e-child\" data-id=\"18c96032\" data-element_type=\"container\">\n\t\t\t\t<div class=\"elementor-element elementor-element-3a0e299 elementor-widget elementor-widget-heading\" data-id=\"3a0e299\" data-element_type=\"widget\" data-widget_type=\"heading.default\">\n\t\t\t\t\t<h2 class=\"elementor-heading-title elementor-size-default\">Nuestras oficinas<\/h2>\t\t\t\t<\/div>\n\t\t\t\t<\/div>\n\t\t<div class=\"elementor-element elementor-element-3db426b e-con-full e-flex e-con e-child\" data-id=\"3db426b\" data-element_type=\"container\">\n\t\t\t\t<div class=\"elementor-element elementor-element-2e2185e7 elementor-widget elementor-widget-text-editor\" data-id=\"2e2185e7\" data-element_type=\"widget\" data-widget_type=\"text-editor.default\">\n\t\t\t\t\t\t\t\t\t<p>IVF Florida Reproductive Associates atiende a personas de todo el sur de Florida desde nuestras sedes de Boca Rat\u00f3n, Coral Gables, Margate, Pembroke Pines, Jacksonville, Jensen Beach y Jupiter\/Palm Beach Gardens. Los pacientes de fuera de la ciudad que deseen hacer uso de nuestros servicios tienen muchas opciones excelentes para su estancia a lo largo de la hermosa costa de Florida.<\/p><h3>M\u00e1s informaci\u00f3n sobre nuestras sedes:<\/h3><ul><li aria-level=\"1\"><a href=\"\/es\/lugares\/centro-de-fertilidad-boca-raton\/\">Cl\u00ednica de fertilidad de Boca Rat\u00f3n<\/a><\/li><li aria-level=\"1\"><a href=\"\/es\/lugares\/centro-de-fertilidad-de-coral-gables\/\">Cl\u00ednica de fertilidad de Coral Gables<\/a><\/li><li aria-level=\"1\"><a href=\"\/es\/lugares\/centro-de-fertilidad-margate\/\">Cl\u00ednica de Fertilidad y Centro de Cirug\u00eda Ambulatoria Margate<\/a><\/li><li aria-level=\"1\"><a href=\"\/es\/lugares\/centro-de-fertilidad-de-pembroke-pines\/\">Cl\u00ednica de fertilidad de Pembroke Pines<\/a><\/li><li aria-level=\"1\"><a href=\"\/es\/lugares\/centro-de-fertilidad-de-jacksonville\/\">Cl\u00ednica de Fertilidad y Centro de Cirug\u00eda Ambulatoria de Jacksonville<\/a><\/li><li aria-level=\"1\"><a href=\"\/es\/lugares\/centro-de-fertilidad-jensen-beach\/\">Cl\u00ednica de fertilidad de Jensen Beach<\/a><\/li><li aria-level=\"1\"><a href=\"\/es\/lugares\/centro-de-fertilidad-jupiter-palm-beach-gardens\/\">Cl\u00ednica de fertilidad de Jupiter\/Palm Beach Gardens<\/a><\/li><\/ul>\t\t\t\t\t\t\t\t<\/div>\n\t\t\t\t<\/div>\n\t\t\t\t<\/div>\n\t\t<div class=\"elementor-element elementor-element-740f957a e-con-full e-flex e-con e-child\" data-id=\"740f957a\" data-element_type=\"container\" data-settings=\"{&quot;background_background&quot;:&quot;classic&quot;}\">\n\t\t<div class=\"elementor-element elementor-element-9a8e731 e-con-full e-flex e-con e-child\" data-id=\"9a8e731\" data-element_type=\"container\">\n\t\t<div class=\"elementor-element elementor-element-24b8663 e-con-full e-flex e-con e-child\" data-id=\"24b8663\" data-element_type=\"container\">\n\t\t\t\t<div class=\"elementor-element elementor-element-67723adc elementor-widget elementor-widget-heading\" data-id=\"67723adc\" data-element_type=\"widget\" data-widget_type=\"heading.default\">\n\t\t\t\t\t<h2 class=\"elementor-heading-title elementor-size-default\">Contactar con IVF Florida Reproductive Associates<\/h2>\t\t\t\t<\/div>\n\t\t\t\t<\/div>\n\t\t\t\t<\/div>\n\t\t<div class=\"elementor-element elementor-element-51cfed3c e-con-full e-flex e-con e-child\" data-id=\"51cfed3c\" data-element_type=\"container\">\n\t\t\t\t<div class=\"elementor-element elementor-element-850e7a8 elementor-widget elementor-widget-html\" data-id=\"850e7a8\" data-element_type=\"widget\" data-widget_type=\"html.default\">\n\t\t\t\t\t<script type=\"text\/javascript\" src=\"https:\/\/usfertility.jotform.com\/jsform\/252230484887969\"><\/script>\t\t\t\t<\/div>\n\t\t\t\t<\/div>\n\t\t\t\t<\/div>\n\t\t\t\t<\/div>\n\t\t<div class=\"elementor-element elementor-element-15aa75b5 e-con-full e-flex e-con e-child\" data-id=\"15aa75b5\" data-element_type=\"container\">\n\t\t<div class=\"elementor-element elementor-element-1cf5e5ad e-con-full e-flex e-con e-child\" data-id=\"1cf5e5ad\" data-element_type=\"container\" data-settings=\"{&quot;background_background&quot;:&quot;classic&quot;}\">\n\t\t<div class=\"elementor-element elementor-element-d4189eb e-con-full e-flex e-con e-child\" data-id=\"d4189eb\" data-element_type=\"container\">\n\t\t\t\t<div class=\"elementor-element elementor-element-2ba7f4b4 elementor-widget elementor-widget-text-editor\" data-id=\"2ba7f4b4\" data-element_type=\"widget\" data-widget_type=\"text-editor.default\">\n\t\t\t\t\t\t\t\t\t<p>El Dr. Hoffman fue mi m\u00e9dico de FIV y fue excelente. Tiene muchos conocimientos y siempre me hizo sentir segura en los siguientes pasos. \u00c9l es muy honesto y sincero que aprecio durante el proceso ya dif\u00edcil.<\/p>\t\t\t\t\t\t\t\t<\/div>\n\t\t\t\t<\/div>\n\t\t\t\t<\/div>\n\t\t<div class=\"elementor-element elementor-element-63af0436 e-con-full interior-helpful-resources-column e-flex e-con e-child\" data-id=\"63af0436\" data-element_type=\"container\" data-settings=\"{&quot;background_background&quot;:&quot;classic&quot;}\">\n\t\t\t\t<div class=\"elementor-element elementor-element-3b5d8994 elementor-widget elementor-widget-heading\" data-id=\"3b5d8994\" data-element_type=\"widget\" data-widget_type=\"heading.default\">\n\t\t\t\t\t<h5 class=\"elementor-heading-title elementor-size-default\">Recursos \u00fatiles<\/h5>\t\t\t\t<\/div>\n\t\t\t\t<div class=\"elementor-element elementor-element-73540353 elementor-widget elementor-widget-text-editor\" data-id=\"73540353\" data-element_type=\"widget\" data-widget_type=\"text-editor.default\">\n\t\t\t\t\t\t\t\t\t<ul><li><span style=\"font-weight: 400;\"><a href=\"\/es\/lugares\/\">Ubicaciones<\/a>\u00a0<\/span><\/li><li><a href=\"\/es\/proveedores\/\"><span style=\"font-weight: 400;\">M\u00e9dicos\u00a0<\/span><\/a><\/li><li><a href=\"\/es\/comienza-tu-viaje\/\"><span style=\"font-weight: 400;\">C\u00f3mo empezar<\/span><\/a><\/li><\/ul>\t\t\t\t\t\t\t\t<\/div>\n\t\t\t\t<\/div>\n\t\t\t\t<\/div>\n\t\t\t\t<\/div>\n\t\t\t\t\t<\/div>\n\t\t\t\t<\/div>\n\t\t\t\t<\/div>\n\t\t\t\t<\/div>","protected":false},"excerpt":{"rendered":"<p>P\u00f3ngase en contacto con IVF Florida Una llamada llega a cualquiera de nuestras ubicaciones:N\u00famero principal: 866.770...<\/p>","protected":false},"author":2,"featured_media":0,"parent":0,"menu_order":0,"template":"","meta":{"_acf_changed":false,"footnotes":""},"class_list":["post-387","page","type-page","status-publish","hentry"],"acf":[],"aioseo_notices":[],"_links":{"self":[{"href":"https:\/\/ivfflorida.com.onspire.dev\/es\/wp-json\/wp\/v2\/pages\/387","targetHints":{"allow":["GET"]}}],"collection":[{"href":"https:\/\/ivfflorida.com.onspire.dev\/es\/wp-json\/wp\/v2\/pages"}],"about":[{"href":"https:\/\/ivfflorida.com.onspire.dev\/es\/wp-json\/wp\/v2\/types\/page"}],"author":[{"embeddable":true,"href":"https:\/\/ivfflorida.com.onspire.dev\/es\/wp-json\/wp\/v2\/users\/2"}],"replies":[{"embeddable":true,"href":"https:\/\/ivfflorida.com.onspire.dev\/es\/wp-json\/wp\/v2\/comments?post=387"}],"version-history":[{"count":15,"href":"https:\/\/ivfflorida.com.onspire.dev\/es\/wp-json\/wp\/v2\/pages\/387\/revisions"}],"predecessor-version":[{"id":2920,"href":"https:\/\/ivfflorida.com.onspire.dev\/es\/wp-json\/wp\/v2\/pages\/387\/revisions\/2920"}],"wp:attachment":[{"href":"https:\/\/ivfflorida.com.onspire.dev\/es\/wp-json\/wp\/v2\/media?parent=387"}],"curies":[{"name":"wp","href":"https:\/\/api.w.org\/{rel}","templated":true}]}}