{"id":393,"date":"2025-08-05T21:27:16","date_gmt":"2025-08-05T21:27:16","guid":{"rendered":"https:\/\/ivfflorida.com\/?page_id=393"},"modified":"2025-09-26T20:51:02","modified_gmt":"2025-09-26T20:51:02","slug":"pague-su-factura","status":"publish","type":"page","link":"https:\/\/ivfflorida.com.onspire.dev\/es\/pague-su-factura\/","title":{"rendered":"Pague su factura"},"content":{"rendered":"<div data-elementor-type=\"wp-page\" data-elementor-id=\"393\" class=\"elementor elementor-393\" data-elementor-post-type=\"page\">\n\t\t\t\t<div class=\"elementor-element elementor-element-1fbebc84 e-flex e-con-boxed e-con e-parent\" data-id=\"1fbebc84\" data-element_type=\"container\" data-settings=\"{&quot;background_background&quot;:&quot;classic&quot;}\">\n\t\t\t\t\t<div class=\"e-con-inner\">\n\t\t<div class=\"elementor-element elementor-element-10af08a7 e-flex e-con-boxed e-con e-child\" data-id=\"10af08a7\" data-element_type=\"container\">\n\t\t\t\t\t<div class=\"e-con-inner\">\n\t\t<div class=\"elementor-element elementor-element-19521cc7 e-con-full e-flex e-con e-child\" data-id=\"19521cc7\" data-element_type=\"container\" data-settings=\"{&quot;background_background&quot;:&quot;classic&quot;}\">\n\t\t<div class=\"elementor-element elementor-element-346ecf4d e-con-full e-flex e-con e-child\" data-id=\"346ecf4d\" data-element_type=\"container\">\n\t\t\t\t<div class=\"elementor-element elementor-element-25eac52a elementor-widget elementor-widget-heading\" data-id=\"25eac52a\" data-element_type=\"widget\" data-widget_type=\"heading.default\">\n\t\t\t\t\t<h1 class=\"elementor-heading-title elementor-size-default\">Pague su factura<\/h1>\t\t\t\t<\/div>\n\t\t\t\t<div class=\"elementor-element elementor-element-326fe794 elementor-widget elementor-widget-text-editor\" data-id=\"326fe794\" data-element_type=\"widget\" data-widget_type=\"text-editor.default\">\n\t\t\t\t\t\t\t\t\t<p>Para su comodidad, le ofrecemos varias formas de efectuar los pagos de su cuenta. Si en alg\u00fan momento tiene dificultades para pagar con los m\u00e9todos indicados a continuaci\u00f3n, no dude en llamarnos y estaremos encantados de ayudarle.<\/p>\t\t\t\t\t\t\t\t<\/div>\n\t\t\t\t<\/div>\n\t\t\t\t<\/div>\n\t\t\t\t\t<\/div>\n\t\t\t\t<\/div>\n\t\t\t\t\t<\/div>\n\t\t\t\t<\/div>\n\t\t<div class=\"elementor-element elementor-element-10fd3f4b e-con-full e-flex e-con e-parent\" data-id=\"10fd3f4b\" data-element_type=\"container\">\n\t\t<div class=\"elementor-element elementor-element-6e7a90e9 e-flex e-con-boxed e-con e-child\" data-id=\"6e7a90e9\" data-element_type=\"container\">\n\t\t\t\t\t<div class=\"e-con-inner\">\n\t\t<div class=\"elementor-element elementor-element-674f55fa e-con-full e-flex e-con e-child\" data-id=\"674f55fa\" data-element_type=\"container\">\n\t\t<div class=\"elementor-element elementor-element-5fe86972 e-con-full e-flex e-con e-child\" data-id=\"5fe86972\" data-element_type=\"container\">\n\t\t<div class=\"elementor-element elementor-element-62671a90 e-con-full e-flex e-con e-child\" data-id=\"62671a90\" data-element_type=\"container\" data-settings=\"{&quot;background_background&quot;:&quot;classic&quot;}\">\n\t\t<div class=\"elementor-element elementor-element-21f282ed e-con-full e-flex e-con e-child\" data-id=\"21f282ed\" data-element_type=\"container\">\n\t\t\t\t<div class=\"elementor-element elementor-element-7af5252a elementor-widget elementor-widget-heading\" data-id=\"7af5252a\" data-element_type=\"widget\" data-widget_type=\"heading.default\">\n\t\t\t\t\t<h2 class=\"elementor-heading-title elementor-size-default\">Saldos de extractos o dep\u00f3sitos de tratamiento en l\u00ednea<\/h2>\t\t\t\t<\/div>\n\t\t\t\t<\/div>\n\t\t<div class=\"elementor-element elementor-element-9a7319d e-con-full e-flex e-con e-child\" data-id=\"9a7319d\" data-element_type=\"container\">\n\t\t\t\t<div class=\"elementor-element elementor-element-2fd8aae elementor-widget elementor-widget-button\" data-id=\"2fd8aae\" data-element_type=\"widget\" data-widget_type=\"button.default\">\n\t\t\t\t\t\t\t\t\t\t<a class=\"elementor-button elementor-button-link elementor-size-sm\" href=\"https:\/\/z4-ppw.phreesia.net\/z4\/patient\/Payment.aspx\/Start?encrypted=PmUx0k5lthSgT5jGeQm3N_J9NpxfX296_AAUr7AQHfF0ognqQ0jOug0_hhio51jDE1ImSi3fj3Sew0GAtARc0E_fAJzjNccAfDVvUDWH0Om1d5oH9Z8zNyd0OAif_twLY10gI9LHd8iy7oWGkR8uFlKI0SKZyiwy90Jy6CIDssE1\" target=\"_blank\">\n\t\t\t\t\t\t<span class=\"elementor-button-content-wrapper\">\n\t\t\t\t\t\t\t\t\t<span class=\"elementor-button-text\">Pagar un saldo<\/span>\n\t\t\t\t\t<\/span>\n\t\t\t\t\t<\/a>\n\t\t\t\t\t\t\t\t<\/div>\n\t\t\t\t<div class=\"elementor-element elementor-element-3ad8869 elementor-widget elementor-widget-button\" data-id=\"3ad8869\" data-element_type=\"widget\" data-widget_type=\"button.default\">\n\t\t\t\t\t\t\t\t\t\t<a class=\"elementor-button elementor-button-link elementor-size-sm\" href=\"https:\/\/z4-ppw.phreesia.net\/z4\/patient\/Payment.aspx\/Start?encrypted=nbQ3NEXtPyONdOyRAwR6PcalfLMbThpOeZ0vKc0wcuDUEjOVVREQJs4zc85sV_OQeDTeo3a9TCDj4ck95fYlvAyorCPR7Ip8EcL9ZB3IvGyODkn-BhMeLvyEndOHeF4W3nMBr2e_bnV1XQsOKBJrUOWrezGCtlXf0OAYCqGiTDI1\" target=\"_blank\">\n\t\t\t\t\t\t<span class=\"elementor-button-content-wrapper\">\n\t\t\t\t\t\t\t\t\t<span class=\"elementor-button-text\">Pagar una fianza<\/span>\n\t\t\t\t\t<\/span>\n\t\t\t\t\t<\/a>\n\t\t\t\t\t\t\t\t<\/div>\n\t\t\t\t<\/div>\n\t\t<div class=\"elementor-element elementor-element-628ad7b1 e-con-full e-flex e-con e-child\" data-id=\"628ad7b1\" data-element_type=\"container\">\n\t\t\t\t<div class=\"elementor-element elementor-element-65ab6b23 elementor-widget elementor-widget-text-editor\" data-id=\"65ab6b23\" data-element_type=\"widget\" data-widget_type=\"text-editor.default\">\n\t\t\t\t\t\t\t\t\t<p>Compruebe dos veces el n\u00famero de cuenta del paciente y el importe de la factura para garantizar un pago exacto y una verificaci\u00f3n r\u00e1pida.<\/p><p><strong>Pacientes internacionales:<\/strong> Si paga con una tarjeta de cr\u00e9dito internacional, utilice \"00000\" como c\u00f3digo postal al realizar el pago.<\/p><h3>Tasa de crioconservaci\u00f3n o almacenamiento anual<\/h3><p>Los pacientes que paguen por el crioalmacenamiento de embriones, \u00f3vulos y\/o esperma, y\/o las cuotas mensuales de almacenamiento, deber\u00e1n efectuar los pagos a trav\u00e9s de la <a href=\"https:\/\/ivfflorida.luminarybilling.com\/\" target=\"_blank\" rel=\"noopener\">Portal de facturaci\u00f3n Luminary<\/a>.<\/p>\t\t\t\t\t\t\t\t<\/div>\n\t\t\t\t<\/div>\n\t\t\t\t<\/div>\n\t\t<div class=\"elementor-element elementor-element-6471447a e-con-full e-flex e-con e-child\" data-id=\"6471447a\" data-element_type=\"container\" data-settings=\"{&quot;background_background&quot;:&quot;classic&quot;}\">\n\t\t<div class=\"elementor-element elementor-element-57ca7a07 e-con-full e-flex e-con e-child\" data-id=\"57ca7a07\" data-element_type=\"container\">\n\t\t\t\t<div class=\"elementor-element elementor-element-25b28c05 elementor-widget elementor-widget-heading\" data-id=\"25b28c05\" data-element_type=\"widget\" data-widget_type=\"heading.default\">\n\t\t\t\t\t<h2 class=\"elementor-heading-title elementor-size-default\">Por tel\u00e9fono<\/h2>\t\t\t\t<\/div>\n\t\t\t\t<\/div>\n\t\t<div class=\"elementor-element elementor-element-48afa4b8 e-con-full e-flex e-con e-child\" data-id=\"48afa4b8\" data-element_type=\"container\">\n\t\t\t\t<div class=\"elementor-element elementor-element-64c4f9b elementor-widget elementor-widget-text-editor\" data-id=\"64c4f9b\" data-element_type=\"widget\" data-widget_type=\"text-editor.default\">\n\t\t\t\t\t\t\t\t\t<p>Ll\u00e1manos al <a href=\"tel:+19547568500\">954-756-8500<\/a> en cualquier momento durante las horas de oficina, y podemos verificar el pago debido, establecer acuerdos de pago, y tomar la informaci\u00f3n de su tarjeta de cr\u00e9dito por tel\u00e9fono. Aceptamos Visa, MasterCard, American Express y Discover.<\/p>\t\t\t\t\t\t\t\t<\/div>\n\t\t\t\t<\/div>\n\t\t\t\t<\/div>\n\t\t<div class=\"elementor-element elementor-element-651877e2 e-con-full e-flex e-con e-child\" data-id=\"651877e2\" data-element_type=\"container\" data-settings=\"{&quot;background_background&quot;:&quot;classic&quot;}\">\n\t\t<div class=\"elementor-element elementor-element-2cff870 e-con-full e-flex e-con e-child\" data-id=\"2cff870\" data-element_type=\"container\">\n\t\t\t\t<div class=\"elementor-element elementor-element-14b54f4 elementor-widget elementor-widget-heading\" data-id=\"14b54f4\" data-element_type=\"widget\" data-widget_type=\"heading.default\">\n\t\t\t\t\t<h2 class=\"elementor-heading-title elementor-size-default\">Por correo \n<\/h2>\t\t\t\t<\/div>\n\t\t\t\t<\/div>\n\t\t<div class=\"elementor-element elementor-element-42ec47fc e-con-full e-flex e-con e-child\" data-id=\"42ec47fc\" data-element_type=\"container\">\n\t\t\t\t<div class=\"elementor-element elementor-element-726c19bc elementor-widget elementor-widget-text-editor\" data-id=\"726c19bc\" data-element_type=\"widget\" data-widget_type=\"text-editor.default\">\n\t\t\t\t\t\t\t\t\t<p>Para enviarnos su pago por correo, s\u00f3lo tiene que enviarnos la parte superior de su extracto de facturaci\u00f3n junto con un cheque personal o los datos de su tarjeta de cr\u00e9dito autorizando el pago.<\/p><h3>El pago por correo puede efectuarse en nuestra sede de Margate:<\/h3><p>3251 N. State Road 7, Suite 200<br \/>Margate, Florida 33063<\/p>\t\t\t\t\t\t\t\t<\/div>\n\t\t\t\t<\/div>\n\t\t\t\t<\/div>\n\t\t\t\t<\/div>\n\t\t<div class=\"elementor-element elementor-element-740ac834 e-con-full e-flex e-con e-child\" data-id=\"740ac834\" data-element_type=\"container\">\n\t\t<div class=\"elementor-element elementor-element-52573b7 e-con-full e-flex e-con e-child\" data-id=\"52573b7\" data-element_type=\"container\" data-settings=\"{&quot;background_background&quot;:&quot;classic&quot;}\">\n\t\t<div class=\"elementor-element elementor-element-43bb0c19 e-con-full e-flex e-con e-child\" data-id=\"43bb0c19\" data-element_type=\"container\">\n\t\t\t\t<div class=\"elementor-element elementor-element-36d2bd21 elementor-widget elementor-widget-text-editor\" data-id=\"36d2bd21\" data-element_type=\"widget\" data-widget_type=\"text-editor.default\">\n\t\t\t\t\t\t\t\t\t<p>El estilo de comunicaci\u00f3n de la Dra. Weitzman es muy compasivo. Ella se toma su tiempo para asegurarse de que todas las preguntas se abordan; y nos anim\u00f3 a llamar y pedir hablar con ella directamente, si ten\u00edamos preguntas o inquietudes.<\/p>\t\t\t\t\t\t\t\t<\/div>\n\t\t\t\t<\/div>\n\t\t\t\t<\/div>\n\t\t<div class=\"elementor-element elementor-element-4c83b1a1 e-con-full interior-helpful-resources-column e-flex e-con e-child\" data-id=\"4c83b1a1\" data-element_type=\"container\" data-settings=\"{&quot;background_background&quot;:&quot;classic&quot;}\">\n\t\t\t\t<div class=\"elementor-element elementor-element-283b16d4 elementor-widget elementor-widget-heading\" data-id=\"283b16d4\" data-element_type=\"widget\" data-widget_type=\"heading.default\">\n\t\t\t\t\t<h5 class=\"elementor-heading-title elementor-size-default\">Recursos \u00fatiles<\/h5>\t\t\t\t<\/div>\n\t\t\t\t<div class=\"elementor-element elementor-element-6efecaba elementor-widget elementor-widget-text-editor\" data-id=\"6efecaba\" data-element_type=\"widget\" data-widget_type=\"text-editor.default\">\n\t\t\t\t\t\t\t\t\t<ul><li><a href=\"\/es\/concertar-cita\/\">Citas<\/a><\/li><li><a href=\"\/es\/lugares\/\">Ubicaciones<\/a><\/li><li><a href=\"\/es\/proveedores\/\">Proveedores<\/a><\/li><\/ul>\t\t\t\t\t\t\t\t<\/div>\n\t\t\t\t<\/div>\n\t\t\t\t<\/div>\n\t\t\t\t<\/div>\n\t\t\t\t\t<\/div>\n\t\t\t\t<\/div>\n\t\t\t\t<\/div>\n\t\t\t\t<\/div>","protected":false},"excerpt":{"rendered":"<p>Pague su factura Para su comodidad, le ofrecemos varias formas de realizar los pagos de su cuenta. Si en alg\u00fan momento tiene dificultades para pagar con los m\u00e9todos indicados a continuaci\u00f3n, no dude en llamarnos y estaremos encantados de ayudarle...<\/p>","protected":false},"author":2,"featured_media":0,"parent":0,"menu_order":0,"template":"","meta":{"_acf_changed":false,"footnotes":""},"class_list":["post-393","page","type-page","status-publish","hentry"],"acf":[],"aioseo_notices":[],"_links":{"self":[{"href":"https:\/\/ivfflorida.com.onspire.dev\/es\/wp-json\/wp\/v2\/pages\/393","targetHints":{"allow":["GET"]}}],"collection":[{"href":"https:\/\/ivfflorida.com.onspire.dev\/es\/wp-json\/wp\/v2\/pages"}],"about":[{"href":"https:\/\/ivfflorida.com.onspire.dev\/es\/wp-json\/wp\/v2\/types\/page"}],"author":[{"embeddable":true,"href":"https:\/\/ivfflorida.com.onspire.dev\/es\/wp-json\/wp\/v2\/users\/2"}],"replies":[{"embeddable":true,"href":"https:\/\/ivfflorida.com.onspire.dev\/es\/wp-json\/wp\/v2\/comments?post=393"}],"version-history":[{"count":27,"href":"https:\/\/ivfflorida.com.onspire.dev\/es\/wp-json\/wp\/v2\/pages\/393\/revisions"}],"predecessor-version":[{"id":3498,"href":"https:\/\/ivfflorida.com.onspire.dev\/es\/wp-json\/wp\/v2\/pages\/393\/revisions\/3498"}],"wp:attachment":[{"href":"https:\/\/ivfflorida.com.onspire.dev\/es\/wp-json\/wp\/v2\/media?parent=393"}],"curies":[{"name":"wp","href":"https:\/\/api.w.org\/{rel}","templated":true}]}}