{"id":4049,"date":"2025-10-29T19:48:14","date_gmt":"2025-10-29T19:48:14","guid":{"rendered":"https:\/\/ivfflorida.com\/?page_id=4049"},"modified":"2025-11-07T19:58:17","modified_gmt":"2025-11-07T19:58:17","slug":"equidad-de-la-fertilidad","status":"publish","type":"page","link":"https:\/\/ivfflorida.com.onspire.dev\/es\/sobre-la-fiv-en-florida\/equidad-de-la-fertilidad\/","title":{"rendered":"Equidad de la fecundidad"},"content":{"rendered":"<div data-elementor-type=\"wp-page\" data-elementor-id=\"4049\" class=\"elementor elementor-4049\" data-elementor-post-type=\"page\">\n\t\t\t\t<div class=\"elementor-element elementor-element-79dca628 e-flex e-con-boxed e-con e-parent\" data-id=\"79dca628\" data-element_type=\"container\" data-settings=\"{&quot;background_background&quot;:&quot;classic&quot;}\">\n\t\t\t\t\t<div class=\"e-con-inner\">\n\t\t<div class=\"elementor-element elementor-element-33faf977 e-flex e-con-boxed e-con e-child\" data-id=\"33faf977\" data-element_type=\"container\">\n\t\t\t\t\t<div class=\"e-con-inner\">\n\t\t<div class=\"elementor-element elementor-element-795774e5 e-con-full e-flex e-con e-child\" data-id=\"795774e5\" data-element_type=\"container\" data-settings=\"{&quot;background_background&quot;:&quot;classic&quot;}\">\n\t\t<div class=\"elementor-element elementor-element-69e22f81 e-con-full e-flex e-con e-child\" data-id=\"69e22f81\" data-element_type=\"container\">\n\t\t\t\t<div class=\"elementor-element elementor-element-45aa6cf3 elementor-widget elementor-widget-heading\" data-id=\"45aa6cf3\" data-element_type=\"widget\" data-widget_type=\"heading.default\">\n\t\t\t\t\t<h1 class=\"elementor-heading-title elementor-size-default\">Equidad en fertilidad en IVF Florida<\/h1>\t\t\t\t<\/div>\n\t\t\t\t<div class=\"elementor-element elementor-element-6c55687c elementor-widget elementor-widget-text-editor\" data-id=\"6c55687c\" data-element_type=\"widget\" data-widget_type=\"text-editor.default\">\n\t\t\t\t\t\t\t\t\t<p><span data-contrast=\"auto\">IVF Florida se compromete a ofrecer una atenci\u00f3n compasiva e integradora a cada paciente. A trav\u00e9s de FertilityEquity<\/span><b><span data-contrast=\"auto\">\u2122<\/span><\/b><span data-contrast=\"auto\">Estamos tomando medidas significativas para garantizar que los proveedores y el personal est\u00e9n formados en una atenci\u00f3n que aborde las disparidades en el tratamiento de la fertilidad.<\/span><span data-ccp-props=\"{&quot;335559738&quot;:240,&quot;335559739&quot;:240}\">\u00a0<\/span><\/p>\t\t\t\t\t\t\t\t<\/div>\n\t\t\t\t<\/div>\n\t\t\t\t<\/div>\n\t\t\t\t\t<\/div>\n\t\t\t\t<\/div>\n\t\t\t\t\t<\/div>\n\t\t\t\t<\/div>\n\t\t<div class=\"elementor-element elementor-element-2f955ca6 e-con-full e-flex e-con e-parent\" data-id=\"2f955ca6\" data-element_type=\"container\">\n\t\t<div class=\"elementor-element elementor-element-109837a3 e-flex e-con-boxed e-con e-child\" data-id=\"109837a3\" data-element_type=\"container\">\n\t\t\t\t\t<div class=\"e-con-inner\">\n\t\t<div class=\"elementor-element elementor-element-762126f9 e-con-full e-flex e-con e-child\" data-id=\"762126f9\" data-element_type=\"container\">\n\t\t<div class=\"elementor-element elementor-element-3868b512 e-con-full e-flex e-con e-child\" data-id=\"3868b512\" data-element_type=\"container\">\n\t\t\t\t<div class=\"elementor-element elementor-element-5af3651d elementor-widget elementor-widget-heading\" data-id=\"5af3651d\" data-element_type=\"widget\" data-widget_type=\"heading.default\">\n\t\t\t\t\t<h2 class=\"elementor-heading-title elementor-size-default\">Qu\u00e9 es FertilityEquity\u2122?<\/h2>\t\t\t\t<\/div>\n\t\t\t\t<div class=\"elementor-element elementor-element-74efeada elementor-widget elementor-widget-text-editor\" data-id=\"74efeada\" data-element_type=\"widget\" data-widget_type=\"text-editor.default\">\n\t\t\t\t\t\t\t\t\t<p><span data-contrast=\"auto\">Esta iniciativa nacional ha sido desarrollada por la Facultad de Medicina de Morehouse, con el apoyo de Ferring Pharmaceuticals y el respaldo de EngagedMD. El programa es un m\u00f3dulo de aprendizaje en l\u00ednea dise\u00f1ado para equipar a los proveedores de fertilidad y al personal con los conocimientos y las herramientas para promover la atenci\u00f3n equitativa.<\/span><span data-ccp-props=\"{&quot;335559738&quot;:240,&quot;335559739&quot;:240}\">\u00a0<\/span><\/p><p><span data-contrast=\"auto\">Las cl\u00ednicas que completan el programa obtienen el <\/span><span data-contrast=\"auto\">FertilidadEquidad<\/span><b><span data-contrast=\"auto\"> \u2122<\/span><\/b><span data-contrast=\"auto\"> Insignia de finalizaci\u00f3n de cl\u00ednica<\/span><span data-contrast=\"auto\"> - un reconocimiento a su compromiso permanente con la atenci\u00f3n a la fertilidad centrada en el paciente.<\/span><span data-ccp-props=\"{&quot;335559738&quot;:240,&quot;335559739&quot;:240}\">\u00a0<\/span><\/p>\t\t\t\t\t\t\t\t<\/div>\n\t\t\t\t<div class=\"elementor-element elementor-element-6babfaa elementor-widget elementor-widget-heading\" data-id=\"6babfaa\" data-element_type=\"widget\" data-widget_type=\"heading.default\">\n\t\t\t\t\t<h2 class=\"elementor-heading-title elementor-size-default\">Por qu\u00e9 es importante<\/h2>\t\t\t\t<\/div>\n\t\t\t\t<div class=\"elementor-element elementor-element-e87d1d9 elementor-widget elementor-widget-text-editor\" data-id=\"e87d1d9\" data-element_type=\"widget\" data-widget_type=\"text-editor.default\">\n\t\t\t\t\t\t\t\t\t<p><span data-contrast=\"auto\">Trabajamos para eliminar barreras y mejorar el acceso a la atenci\u00f3n sanitaria de todas las comunidades que sufren desigualdades en materia de salud reproductiva. \u00bfSab\u00eda que las mujeres negras tienen el doble de probabilidades de padecer infertilidad que las blancas y, sin embargo, suelen esperar el doble de tiempo para recibir atenci\u00f3n m\u00e9dica? Esta disparidad puede retrasar el tratamiento y afectar a los resultados.\u00a0<\/span><span data-ccp-props=\"{&quot;335559738&quot;:240,&quot;335559739&quot;:240}\">\u00a0<\/span><\/p>\t\t\t\t\t\t\t\t<\/div>\n\t\t\t\t<div class=\"elementor-element elementor-element-e5a5c6a elementor-widget elementor-widget-heading\" data-id=\"e5a5c6a\" data-element_type=\"widget\" data-widget_type=\"heading.default\">\n\t\t\t\t\t<h2 class=\"elementor-heading-title elementor-size-default\">Nuestro compromiso permanente<\/h2>\t\t\t\t<\/div>\n\t\t\t\t<div class=\"elementor-element elementor-element-c1249cf elementor-widget elementor-widget-text-editor\" data-id=\"c1249cf\" data-element_type=\"widget\" data-widget_type=\"text-editor.default\">\n\t\t\t\t\t\t\t\t\t<p><span data-contrast=\"auto\">Ganarse la FertilityEquity<\/span><b><span data-contrast=\"auto\"> \u2122<\/span><\/b><span data-contrast=\"auto\"> El distintivo es s\u00f3lo una de las formas en que demostramos nuestra dedicaci\u00f3n a la atenci\u00f3n inclusiva. Seguimos comprometidos a escuchar, aprender y tomar medidas significativas para garantizar que todos los pacientes se sientan atendidos, respetados y apoyados a lo largo de su proceso de fertilidad.\u00a0<\/span><\/p>\t\t\t\t\t\t\t\t<\/div>\n\t\t\t\t<\/div>\n\t\t<div class=\"elementor-element elementor-element-493ae92f e-con-full e-flex e-con e-child\" data-id=\"493ae92f\" data-element_type=\"container\">\n\t\t\t\t<div class=\"elementor-element elementor-element-e94884e elementor-widget elementor-widget-image\" data-id=\"e94884e\" data-element_type=\"widget\" data-widget_type=\"image.default\">\n\t\t\t\t\t\t\t\t\t\t\t\t\t\t\t<img fetchpriority=\"high\" decoding=\"async\" width=\"800\" height=\"800\" src=\"https:\/\/ivfflorida.com.onspire.dev\/wp-content\/uploads\/2025\/10\/FertilityEquity-1024x1024.png\" class=\"attachment-large size-large wp-image-4053\" alt=\"\" srcset=\"https:\/\/ivfflorida.com.onspire.dev\/wp-content\/uploads\/2025\/10\/FertilityEquity-1024x1024.png 1024w, https:\/\/ivfflorida.com.onspire.dev\/wp-content\/uploads\/2025\/10\/FertilityEquity-300x300.png 300w, https:\/\/ivfflorida.com.onspire.dev\/wp-content\/uploads\/2025\/10\/FertilityEquity-150x150.png 150w, https:\/\/ivfflorida.com.onspire.dev\/wp-content\/uploads\/2025\/10\/FertilityEquity-768x768.png 768w, https:\/\/ivfflorida.com.onspire.dev\/wp-content\/uploads\/2025\/10\/FertilityEquity-12x12.png 12w, https:\/\/ivfflorida.com.onspire.dev\/wp-content\/uploads\/2025\/10\/FertilityEquity.png 1080w\" sizes=\"(max-width: 800px) 100vw, 800px\" \/>\t\t\t\t\t\t\t\t\t\t\t\t\t\t\t<\/div>\n\t\t\t\t<\/div>\n\t\t\t\t<\/div>\n\t\t\t\t\t<\/div>\n\t\t\t\t<\/div>\n\t\t\t\t<\/div>\n\t\t\t\t<\/div>","protected":false},"excerpt":{"rendered":"<p>Equidad en fertilidad en IVF Florida IVF Florida se compromete a ofrecer una atenci\u00f3n compasiva e inclusiva a cada paciente. A trav\u00e9s de FertilityEquity\u2122, estamos tomando medidas significativas para garantizar que los proveedores y el personal est\u00e9n capacitados en la atenci\u00f3n que aborda las disparidades en el tratamiento de la fertilidad....<\/p>","protected":false},"author":6,"featured_media":0,"parent":383,"menu_order":0,"template":"","meta":{"_acf_changed":false,"footnotes":""},"class_list":["post-4049","page","type-page","status-publish","hentry"],"acf":[],"aioseo_notices":[],"_links":{"self":[{"href":"https:\/\/ivfflorida.com.onspire.dev\/es\/wp-json\/wp\/v2\/pages\/4049","targetHints":{"allow":["GET"]}}],"collection":[{"href":"https:\/\/ivfflorida.com.onspire.dev\/es\/wp-json\/wp\/v2\/pages"}],"about":[{"href":"https:\/\/ivfflorida.com.onspire.dev\/es\/wp-json\/wp\/v2\/types\/page"}],"author":[{"embeddable":true,"href":"https:\/\/ivfflorida.com.onspire.dev\/es\/wp-json\/wp\/v2\/users\/6"}],"replies":[{"embeddable":true,"href":"https:\/\/ivfflorida.com.onspire.dev\/es\/wp-json\/wp\/v2\/comments?post=4049"}],"version-history":[{"count":8,"href":"https:\/\/ivfflorida.com.onspire.dev\/es\/wp-json\/wp\/v2\/pages\/4049\/revisions"}],"predecessor-version":[{"id":4097,"href":"https:\/\/ivfflorida.com.onspire.dev\/es\/wp-json\/wp\/v2\/pages\/4049\/revisions\/4097"}],"up":[{"embeddable":true,"href":"https:\/\/ivfflorida.com.onspire.dev\/es\/wp-json\/wp\/v2\/pages\/383"}],"wp:attachment":[{"href":"https:\/\/ivfflorida.com.onspire.dev\/es\/wp-json\/wp\/v2\/media?parent=4049"}],"curies":[{"name":"wp","href":"https:\/\/api.w.org\/{rel}","templated":true}]}}