{"id":4103,"date":"2025-11-13T15:22:03","date_gmt":"2025-11-13T15:22:03","guid":{"rendered":"https:\/\/ivfflorida.com\/?page_id=4103"},"modified":"2025-11-18T15:46:40","modified_gmt":"2025-11-18T15:46:40","slug":"preconcepcion-vitaminas-prenatales","status":"publish","type":"page","link":"https:\/\/ivfflorida.com.onspire.dev\/es\/comienza-tu-viaje\/preconcepcion-vitaminas-prenatales\/","title":{"rendered":"Preconcepci\u00f3n y vitaminas prenatales"},"content":{"rendered":"<div data-elementor-type=\"wp-page\" data-elementor-id=\"4103\" class=\"elementor elementor-4103\" data-elementor-post-type=\"page\">\n\t\t\t\t<div class=\"elementor-element elementor-element-599f7b4f e-flex e-con-boxed e-con e-parent\" data-id=\"599f7b4f\" data-element_type=\"container\" data-settings=\"{&quot;background_background&quot;:&quot;classic&quot;}\">\n\t\t\t\t\t<div class=\"e-con-inner\">\n\t\t<div class=\"elementor-element elementor-element-692ef183 e-flex e-con-boxed e-con e-child\" data-id=\"692ef183\" data-element_type=\"container\">\n\t\t\t\t\t<div class=\"e-con-inner\">\n\t\t<div class=\"elementor-element elementor-element-7acea244 e-con-full e-flex e-con e-child\" data-id=\"7acea244\" data-element_type=\"container\" data-settings=\"{&quot;background_background&quot;:&quot;classic&quot;}\">\n\t\t<div class=\"elementor-element elementor-element-637670c5 e-con-full e-flex e-con e-child\" data-id=\"637670c5\" data-element_type=\"container\">\n\t\t\t\t<div class=\"elementor-element elementor-element-6a69035d elementor-widget elementor-widget-heading\" data-id=\"6a69035d\" data-element_type=\"widget\" data-widget_type=\"heading.default\">\n\t\t\t\t\t<h1 class=\"elementor-heading-title elementor-size-default\">Preconcepci\u00f3n y vitaminas prenatales<\/h1>\t\t\t\t<\/div>\n\t\t\t\t<div class=\"elementor-element elementor-element-49befebc elementor-widget elementor-widget-text-editor\" data-id=\"49befebc\" data-element_type=\"widget\" data-widget_type=\"text-editor.default\">\n\t\t\t\t\t\t\t\t\t<p>El apoyo a su salud y bienestar es una parte esencial de la preparaci\u00f3n para el embarazo. En IVF Florida, recomendamos a las pacientes que empiecen a tomar un suplemento nutricional preconcepcional entre uno y tres meses antes de intentar concebir y que contin\u00faen tom\u00e1ndolo durante las 10 primeras semanas de embarazo. A medida que avanza el embarazo, las necesidades nutricionales cambian, y una vitamina prenatal tradicional puede ser m\u00e1s apropiada m\u00e1s adelante en el primer trimestre.<\/p><p>Las nuevas investigaciones demuestran que las necesidades nutricionales antes de la concepci\u00f3n son diferentes de las que existen durante el embarazo, lo que subraya la importancia de una nutrici\u00f3n espec\u00edfica para cada etapa durante todo el proceso de fertilidad. Estamos comprometidos a ayudar a nuestros pacientes a tomar decisiones informadas sobre los suplementos que mejor apoyan su salud reproductiva y general.<\/p><p>IVF Florida se enorgullece de recomendar Luminary Vitamins y Theralogix, ya que ambas l\u00edneas de productos est\u00e1n verificadas de forma independiente y por terceros, y ofrecen suplementos nutricionales de alta calidad basados en pruebas para ayudar a los pacientes en su proceso de fertilidad.<\/p>\t\t\t\t\t\t\t\t<\/div>\n\t\t\t\t<\/div>\n\t\t\t\t<\/div>\n\t\t\t\t\t<\/div>\n\t\t\t\t<\/div>\n\t\t\t\t\t<\/div>\n\t\t\t\t<\/div>\n\t\t<div class=\"elementor-element elementor-element-6dd47240 e-con-full e-flex e-con e-parent\" data-id=\"6dd47240\" data-element_type=\"container\">\n\t\t<div class=\"elementor-element elementor-element-50b12162 e-flex e-con-boxed e-con e-child\" data-id=\"50b12162\" data-element_type=\"container\">\n\t\t\t\t\t<div class=\"e-con-inner\">\n\t\t<div class=\"elementor-element elementor-element-191a210a e-con-full e-flex e-con e-child\" data-id=\"191a210a\" data-element_type=\"container\">\n\t\t<div class=\"elementor-element elementor-element-3d0ef749 e-con-full e-flex e-con e-child\" data-id=\"3d0ef749\" data-element_type=\"container\">\n\t\t\t\t<div class=\"elementor-element elementor-element-49bde4c7 elementor-widget elementor-widget-heading\" data-id=\"49bde4c7\" data-element_type=\"widget\" data-widget_type=\"heading.default\">\n\t\t\t\t\t<h2 class=\"elementor-heading-title elementor-size-default\">Vitaminas Luminosas<\/h2>\t\t\t\t<\/div>\n\t\t\t\t<div class=\"elementor-element elementor-element-25050b63 elementor-widget elementor-widget-text-editor\" data-id=\"25050b63\" data-element_type=\"widget\" data-widget_type=\"text-editor.default\">\n\t\t\t\t\t\t\t\t\t<p><a href=\"https:\/\/www.luminaryvitamins.com\/?utm_source=0_rsc&amp;utm_medium=website&amp;utm_campaign=&amp;utm_content=preconception-and-prenatal-vitamins_primary-cta&amp;aff=0_rsc\"><strong>Vitaminas Luminosas<\/strong><\/a>Luminary, una l\u00ednea de suplementos nutricionales espec\u00edficos para cada etapa y formulados por m\u00e9dicos, est\u00e1 dise\u00f1ada para ayudar a las pacientes desde antes de la concepci\u00f3n hasta despu\u00e9s del parto. La calidad de los productos Luminary ha sido probada de forma independiente y verificada por terceros, lo que garantiza un apoyo basado en pruebas a lo largo de todo el proceso de fertilidad.<\/p><p><strong>\u00bfPor qu\u00e9 Luminary Vitamins?<\/strong><\/p><ul><li><strong>Gominolas diarias bajas en calor\u00edas<\/strong> para mayor comodidad y facilidad<\/li><li><strong>Formulaciones espec\u00edficas para cada etapa<\/strong> dise\u00f1ado por expertos en fertilidad<\/li><li>Aporta nutrientes esenciales en una gominola monodosis: se acabaron los pu\u00f1ados de pastillas<\/li><li>Ingredientes de alta calidad probados por terceros<\/li><\/ul><p>La l\u00ednea de productos especializados de Luminary incluye:<\/p><ul><li><strong>Cree<\/strong> - Apoyo a las mujeres antes de la concepci\u00f3n<\/li><li><strong>Crear para hombres<\/strong> - Formulado para favorecer la salud del esperma<\/li><li><strong>Formulario<\/strong> - Embarazo precoz<\/li><li><strong>Flourish<\/strong> - Embarazo posterior<\/li><li><strong>Cultive<\/strong> - Apoyo posparto<\/li><li><strong>Saldo<\/strong> - Dise\u00f1ado para personas con SOP<\/li><li><strong>Prosperar para la mujer<\/strong> y <strong>Thrive para hombres<\/strong> - Salud y bienestar cotidianos<\/li><\/ul>\t\t\t\t\t\t\t\t<\/div>\n\t\t\t\t<div class=\"elementor-element elementor-element-2ccf30d elementor-widget elementor-widget-button\" data-id=\"2ccf30d\" data-element_type=\"widget\" data-widget_type=\"button.default\">\n\t\t\t\t\t\t\t\t\t\t<a class=\"elementor-button elementor-button-link elementor-size-sm\" href=\"https:\/\/www.luminaryvitamins.com\/?utm_source=0_rsc&#038;utm_medium=website&#038;utm_campaign=&#038;utm_content=preconception-and-prenatal-vitamins_primary-cta&#038;aff=0_ivfflorida\" target=\"_blank\">\n\t\t\t\t\t\t<span class=\"elementor-button-content-wrapper\">\n\t\t\t\t\t\t\t\t\t<span class=\"elementor-button-text\">Pedir Vitaminas Luminosas<\/span>\n\t\t\t\t\t<\/span>\n\t\t\t\t\t<\/a>\n\t\t\t\t\t\t\t\t<\/div>\n\t\t\t\t<div class=\"elementor-element elementor-element-7ecbacc elementor-widget elementor-widget-image\" data-id=\"7ecbacc\" data-element_type=\"widget\" data-widget_type=\"image.default\">\n\t\t\t\t\t\t\t\t\t\t\t\t\t\t\t<img fetchpriority=\"high\" decoding=\"async\" width=\"800\" height=\"400\" src=\"https:\/\/ivfflorida.com.onspire.dev\/wp-content\/uploads\/2025\/11\/Oura-Vitamins-Banner-1024x512-1.png\" class=\"attachment-large size-large wp-image-4112\" alt=\"\" srcset=\"https:\/\/ivfflorida.com.onspire.dev\/wp-content\/uploads\/2025\/11\/Oura-Vitamins-Banner-1024x512-1.png 1024w, https:\/\/ivfflorida.com.onspire.dev\/wp-content\/uploads\/2025\/11\/Oura-Vitamins-Banner-1024x512-1-300x150.png 300w, https:\/\/ivfflorida.com.onspire.dev\/wp-content\/uploads\/2025\/11\/Oura-Vitamins-Banner-1024x512-1-768x384.png 768w, https:\/\/ivfflorida.com.onspire.dev\/wp-content\/uploads\/2025\/11\/Oura-Vitamins-Banner-1024x512-1-18x9.png 18w\" sizes=\"(max-width: 800px) 100vw, 800px\" \/>\t\t\t\t\t\t\t\t\t\t\t\t\t\t\t<\/div>\n\t\t\t\t<div class=\"elementor-element elementor-element-630be94 elementor-widget elementor-widget-heading\" data-id=\"630be94\" data-element_type=\"widget\" data-widget_type=\"heading.default\">\n\t\t\t\t\t<h2 class=\"elementor-heading-title elementor-size-default\">Theralogix Vitaminas y Suplementos <\/h2>\t\t\t\t<\/div>\n\t\t\t\t<div class=\"elementor-element elementor-element-ce85c1b elementor-widget elementor-widget-text-editor\" data-id=\"ce85c1b\" data-element_type=\"widget\" data-widget_type=\"text-editor.default\">\n\t\t\t\t\t\t\t\t\t<p>Theralogix tiene su origen en un grupo de profesionales sanitarios que colaboraron con m\u00e9dicos-cient\u00edficos acad\u00e9micos para desarrollar suplementos nutricionales de confianza para sus pacientes. Las vitaminas Theralogix ofrecen f\u00f3rmulas basadas en la edad y cuentan con ingredientes obtenidos y certificados en Estados Unidos.<\/p><p><strong>\u00bfPor qu\u00e9 vitaminas y suplementos Theralogix?<\/strong><\/p><ul><li><strong>Suplementos cient\u00edficos<\/strong> - todos los productos est\u00e1n avalados por pruebas cient\u00edficas<\/li><li><strong>Ingredientes excepcionales, sin excepci\u00f3n<\/strong> - obtenidos en todo el mundo mediante formas biodisponibles<\/li><li><strong>Certificado de pureza<\/strong> - Probado independientemente por NSF<\/li><li><strong>Referido y preferido - <\/strong>m\u00e1s de un mill\u00f3n de recomendaciones de miles de m\u00e9dicos desde 2002<\/li><\/ul><p>La l\u00ednea de productos de Theralogix incluye:<\/p><ul><li><strong>Ovasitol <\/strong>- Favorece la regularidad menstrual, el equilibrio hormonal y los niveles de insulina para favorecer la fertilidad<\/li><li><strong>OvaNAD+\u2122<\/strong> - Rib\u00f3sido de nicotinamida (NR) y pterostilbeno para favorecer la producci\u00f3n de NAD+, para una funci\u00f3n ov\u00e1rica sana, la salud reproductiva y la vitalidad en general.<\/li><li><strong>OvaVite <\/strong>- Suplemento prenatal preconcepci\u00f3n m\u00e1s coenzima Q10 (CoQ10)<\/li><li><strong>Theratonin <\/strong>- Suplemento de melatonina dise\u00f1ado para favorecer el sue\u00f1o y la fertilidad femenina<\/li><li><strong>DHEA 25<\/strong> - DHEA micronizada para favorecer la salud ov\u00e1rica y el bienestar general<\/li><li><strong>NeoQ10<\/strong> - Suplemento mejorado de CoQ10 para favorecer la energ\u00eda celular y la salud del \u00f3vulo<\/li><li><strong>TherOmega<\/strong> - Aceite de pescado omega-3 concentrado para el coraz\u00f3n, el cerebro y la salud reproductiva<\/li><li><strong>ConceptionXR\u00ae Apoyo a la motilidad masculina<\/strong> - Apoyo a la fertilidad masculina centrado en la mejora de la motilidad esperm\u00e1tica<\/li><li><strong>ConceptionXR\u00ae Salud reproductiva para hombres<\/strong> - Suplemento b\u00e1sico de fertilidad masculina para la planificaci\u00f3n familiar<\/li><\/ul>\t\t\t\t\t\t\t\t<\/div>\n\t\t\t\t<div class=\"elementor-element elementor-element-668f4f0 elementor-widget elementor-widget-button\" data-id=\"668f4f0\" data-element_type=\"widget\" data-widget_type=\"button.default\">\n\t\t\t\t\t\t\t\t\t\t<a class=\"elementor-button elementor-button-link elementor-size-sm\" href=\"https:\/\/theralogix.com\/\" target=\"_blank\">\n\t\t\t\t\t\t<span class=\"elementor-button-content-wrapper\">\n\t\t\t\t\t\t\t\t\t<span class=\"elementor-button-text\">Pedir Theralogix<\/span>\n\t\t\t\t\t<\/span>\n\t\t\t\t\t<\/a>\n\t\t\t\t\t\t\t\t<\/div>\n\t\t\t\t<div class=\"elementor-element elementor-element-5ecc3f4 elementor-widget elementor-widget-image\" data-id=\"5ecc3f4\" data-element_type=\"widget\" data-widget_type=\"image.default\">\n\t\t\t\t\t\t\t\t\t\t\t\t\t\t\t<img decoding=\"async\" width=\"800\" height=\"419\" src=\"https:\/\/ivfflorida.com.onspire.dev\/wp-content\/uploads\/2025\/11\/Theralogix_OvaNAD_2400x1256_0825-1024x536-1.jpg\" class=\"attachment-large size-large wp-image-4113\" alt=\"\" srcset=\"https:\/\/ivfflorida.com.onspire.dev\/wp-content\/uploads\/2025\/11\/Theralogix_OvaNAD_2400x1256_0825-1024x536-1.jpg 1024w, https:\/\/ivfflorida.com.onspire.dev\/wp-content\/uploads\/2025\/11\/Theralogix_OvaNAD_2400x1256_0825-1024x536-1-300x157.jpg 300w, https:\/\/ivfflorida.com.onspire.dev\/wp-content\/uploads\/2025\/11\/Theralogix_OvaNAD_2400x1256_0825-1024x536-1-768x402.jpg 768w, https:\/\/ivfflorida.com.onspire.dev\/wp-content\/uploads\/2025\/11\/Theralogix_OvaNAD_2400x1256_0825-1024x536-1-18x9.jpg 18w\" sizes=\"(max-width: 800px) 100vw, 800px\" \/>\t\t\t\t\t\t\t\t\t\t\t\t\t\t\t<\/div>\n\t\t\t\t<\/div>\n\t\t\t\t<\/div>\n\t\t\t\t\t<\/div>\n\t\t\t\t<\/div>\n\t\t\t\t<\/div>\n\t\t\t\t<\/div>","protected":false},"excerpt":{"rendered":"<p>Preconcepci\u00f3n y vitaminas prenatales Mantener su salud y bienestar es una parte esencial de la preparaci\u00f3n para el embarazo. En IVF Florida, recomendamos a las pacientes que empiecen a tomar un suplemento nutricional preconcepcional entre uno y tres meses antes de intentar concebir y que contin\u00faen tom\u00e1ndolo durante las 10 primeras semanas de embarazo...<\/p>","protected":false},"author":6,"featured_media":0,"parent":457,"menu_order":0,"template":"","meta":{"_acf_changed":false,"footnotes":""},"class_list":["post-4103","page","type-page","status-publish","hentry"],"acf":[],"aioseo_notices":[],"_links":{"self":[{"href":"https:\/\/ivfflorida.com.onspire.dev\/es\/wp-json\/wp\/v2\/pages\/4103","targetHints":{"allow":["GET"]}}],"collection":[{"href":"https:\/\/ivfflorida.com.onspire.dev\/es\/wp-json\/wp\/v2\/pages"}],"about":[{"href":"https:\/\/ivfflorida.com.onspire.dev\/es\/wp-json\/wp\/v2\/types\/page"}],"author":[{"embeddable":true,"href":"https:\/\/ivfflorida.com.onspire.dev\/es\/wp-json\/wp\/v2\/users\/6"}],"replies":[{"embeddable":true,"href":"https:\/\/ivfflorida.com.onspire.dev\/es\/wp-json\/wp\/v2\/comments?post=4103"}],"version-history":[{"count":14,"href":"https:\/\/ivfflorida.com.onspire.dev\/es\/wp-json\/wp\/v2\/pages\/4103\/revisions"}],"predecessor-version":[{"id":4148,"href":"https:\/\/ivfflorida.com.onspire.dev\/es\/wp-json\/wp\/v2\/pages\/4103\/revisions\/4148"}],"up":[{"embeddable":true,"href":"https:\/\/ivfflorida.com.onspire.dev\/es\/wp-json\/wp\/v2\/pages\/457"}],"wp:attachment":[{"href":"https:\/\/ivfflorida.com.onspire.dev\/es\/wp-json\/wp\/v2\/media?parent=4103"}],"curies":[{"name":"wp","href":"https:\/\/api.w.org\/{rel}","templated":true}]}}