{"id":413,"date":"2025-08-06T21:15:26","date_gmt":"2025-08-06T21:15:26","guid":{"rendered":"https:\/\/ivfflorida.com\/?page_id=413"},"modified":"2025-09-24T15:13:09","modified_gmt":"2025-09-24T15:13:09","slug":"concertar-cita","status":"publish","type":"page","link":"https:\/\/ivfflorida.com.onspire.dev\/es\/concertar-cita\/","title":{"rendered":"Solicitar una cita"},"content":{"rendered":"<div data-elementor-type=\"wp-page\" data-elementor-id=\"413\" class=\"elementor elementor-413\" data-elementor-post-type=\"page\">\n\t\t\t\t<div class=\"elementor-element elementor-element-32f41bfc e-flex e-con-boxed e-con e-parent\" data-id=\"32f41bfc\" data-element_type=\"container\" data-settings=\"{&quot;background_background&quot;:&quot;classic&quot;}\">\n\t\t\t\t\t<div class=\"e-con-inner\">\n\t\t<div class=\"elementor-element elementor-element-681bd8d e-flex e-con-boxed e-con e-child\" data-id=\"681bd8d\" data-element_type=\"container\">\n\t\t\t\t\t<div class=\"e-con-inner\">\n\t\t<div class=\"elementor-element elementor-element-7225e813 e-con-full e-flex e-con e-child\" data-id=\"7225e813\" data-element_type=\"container\" data-settings=\"{&quot;background_background&quot;:&quot;classic&quot;}\">\n\t\t<div class=\"elementor-element elementor-element-7e3a9ffd e-con-full e-flex e-con e-child\" data-id=\"7e3a9ffd\" data-element_type=\"container\">\n\t\t\t\t<div class=\"elementor-element elementor-element-4023a1f8 elementor-widget elementor-widget-heading\" data-id=\"4023a1f8\" data-element_type=\"widget\" data-widget_type=\"heading.default\">\n\t\t\t\t\t<h1 class=\"elementor-heading-title elementor-size-default\">Solicitar una cita<\/h1>\t\t\t\t<\/div>\n\t\t\t\t<div class=\"elementor-element elementor-element-2c01e1ce elementor-widget elementor-widget-text-editor\" data-id=\"2c01e1ce\" data-element_type=\"widget\" data-widget_type=\"text-editor.default\">\n\t\t\t\t\t\t\t\t\t<p>Gracias por considerar IVF Florida para su tratamiento de fertilidad. Nuestro equipo se dedica a proporcionar una atenci\u00f3n compasiva y experta adaptada a su viaje \u00fanico. Esperamos poder ayudarle a dar el siguiente paso.<\/p><p>Para solicitar una cita, rellene el siguiente formulario. Un miembro de nuestro equipo se pondr\u00e1 en contacto con usted en breve para programar su visita.<\/p><p>\u00bfPrefiere concertar una cita por tel\u00e9fono? Ll\u00e1menos al <a href=\"tel:954-247-6200\">954-247-6200 <\/a>para hablar con un miembro del equipo.<\/p><p><strong>Nota: Si desea informaci\u00f3n sobre la donaci\u00f3n de \u00f3vulos o esperma, este formulario no es para consultas sobre donaciones.<\/strong> Para m\u00e1s informaci\u00f3n sobre la donaci\u00f3n de \u00f3vulos, consulte <a href=\"https:\/\/www.fairfaxeggbank.com\/donors\/application\/?utm_source=partner&amp;utm_medium=website&amp;utm_campaign=ivffl\" target=\"_blank\" rel=\"noopener\">pulse aqu\u00ed<\/a>. O si desea m\u00e1s informaci\u00f3n sobre c\u00f3mo hacerse donante de esperma, por favor <a href=\"https:\/\/beaspermdonor.com\/\" target=\"_blank\" rel=\"noopener\">pulse aqu\u00ed<\/a>.<\/p>\t\t\t\t\t\t\t\t<\/div>\n\t\t\t\t<\/div>\n\t\t\t\t<\/div>\n\t\t\t\t\t<\/div>\n\t\t\t\t<\/div>\n\t\t\t\t\t<\/div>\n\t\t\t\t<\/div>\n\t\t<div class=\"elementor-element elementor-element-569fd9e8 e-con-full e-flex e-con e-parent\" data-id=\"569fd9e8\" data-element_type=\"container\">\n\t\t<div class=\"elementor-element elementor-element-3eab071d e-flex e-con-boxed e-con e-child\" data-id=\"3eab071d\" data-element_type=\"container\">\n\t\t\t\t\t<div class=\"e-con-inner\">\n\t\t<div class=\"elementor-element elementor-element-11af1008 e-con-full e-flex e-con e-child\" data-id=\"11af1008\" data-element_type=\"container\">\n\t\t\t\t<div class=\"elementor-element elementor-element-e7be9b9 elementor-widget elementor-widget-html\" data-id=\"e7be9b9\" data-element_type=\"widget\" data-widget_type=\"html.default\">\n\t\t\t\t\t<script type=\"text\/javascript\" src=\"https:\/\/usfertility.jotform.com\/jsform\/252229165448966\"><\/script>\t\t\t\t<\/div>\n\t\t\t\t<\/div>\n\t\t\t\t\t<\/div>\n\t\t\t\t<\/div>\n\t\t\t\t<\/div>\n\t\t\t\t<\/div>","protected":false},"excerpt":{"rendered":"<p>Solicitar una cita Gracias por considerar IVF Florida para su cuidado de la fertilidad. Nuestro equipo se dedica a proporcionar una atenci\u00f3n compasiva y experta adaptada a su viaje \u00fanico...<\/p>","protected":false},"author":2,"featured_media":0,"parent":0,"menu_order":0,"template":"","meta":{"_acf_changed":false,"footnotes":""},"class_list":["post-413","page","type-page","status-publish","hentry"],"acf":[],"aioseo_notices":[],"_links":{"self":[{"href":"https:\/\/ivfflorida.com.onspire.dev\/es\/wp-json\/wp\/v2\/pages\/413","targetHints":{"allow":["GET"]}}],"collection":[{"href":"https:\/\/ivfflorida.com.onspire.dev\/es\/wp-json\/wp\/v2\/pages"}],"about":[{"href":"https:\/\/ivfflorida.com.onspire.dev\/es\/wp-json\/wp\/v2\/types\/page"}],"author":[{"embeddable":true,"href":"https:\/\/ivfflorida.com.onspire.dev\/es\/wp-json\/wp\/v2\/users\/2"}],"replies":[{"embeddable":true,"href":"https:\/\/ivfflorida.com.onspire.dev\/es\/wp-json\/wp\/v2\/comments?post=413"}],"version-history":[{"count":21,"href":"https:\/\/ivfflorida.com.onspire.dev\/es\/wp-json\/wp\/v2\/pages\/413\/revisions"}],"predecessor-version":[{"id":2515,"href":"https:\/\/ivfflorida.com.onspire.dev\/es\/wp-json\/wp\/v2\/pages\/413\/revisions\/2515"}],"wp:attachment":[{"href":"https:\/\/ivfflorida.com.onspire.dev\/es\/wp-json\/wp\/v2\/media?parent=413"}],"curies":[{"name":"wp","href":"https:\/\/api.w.org\/{rel}","templated":true}]}}