{"id":439,"date":"2025-08-07T19:20:51","date_gmt":"2025-08-07T19:20:51","guid":{"rendered":"https:\/\/ivfflorida.com\/?page_id=439"},"modified":"2025-09-24T20:53:00","modified_gmt":"2025-09-24T20:53:00","slug":"recursos","status":"publish","type":"page","link":"https:\/\/ivfflorida.com.onspire.dev\/es\/recursos\/","title":{"rendered":"Recursos"},"content":{"rendered":"<div data-elementor-type=\"wp-page\" data-elementor-id=\"439\" class=\"elementor elementor-439\" data-elementor-post-type=\"page\">\n\t\t\t\t<div class=\"elementor-element elementor-element-1efcf8ab e-flex e-con-boxed e-con e-parent\" data-id=\"1efcf8ab\" data-element_type=\"container\" data-settings=\"{&quot;background_background&quot;:&quot;classic&quot;}\">\n\t\t\t\t\t<div class=\"e-con-inner\">\n\t\t<div class=\"elementor-element elementor-element-72f9c1 e-flex e-con-boxed e-con e-child\" data-id=\"72f9c1\" data-element_type=\"container\">\n\t\t\t\t\t<div class=\"e-con-inner\">\n\t\t<div class=\"elementor-element elementor-element-6462c2d4 e-con-full e-flex e-con e-child\" data-id=\"6462c2d4\" data-element_type=\"container\" data-settings=\"{&quot;background_background&quot;:&quot;classic&quot;}\">\n\t\t<div class=\"elementor-element elementor-element-2db20454 e-con-full e-flex e-con e-child\" data-id=\"2db20454\" data-element_type=\"container\">\n\t\t\t\t<div class=\"elementor-element elementor-element-1a99b411 elementor-widget elementor-widget-heading\" data-id=\"1a99b411\" data-element_type=\"widget\" data-widget_type=\"heading.default\">\n\t\t\t\t\t<h1 class=\"elementor-heading-title elementor-size-default\">Recursos<\/h1>\t\t\t\t<\/div>\n\t\t\t\t<div class=\"elementor-element elementor-element-22b293be elementor-widget elementor-widget-text-editor\" data-id=\"22b293be\" data-element_type=\"widget\" data-widget_type=\"text-editor.default\">\n\t\t\t\t\t\t\t\t\t<h3>Sus recursos de confianza sobre fertilidad<\/h3><p>Explore la orientaci\u00f3n de expertos, herramientas pr\u00e1cticas e informaci\u00f3n \u00fatil para apoyarle a lo largo de su viaje de fertilidad. Desde la comprensi\u00f3n de los costos del tratamiento hasta el acceso a la atenci\u00f3n desde cualquier parte del mundo, mantenerse informado durante el mal tiempo y aprender de nuestro blog y eventos, este es su centro de recursos para pacientes de IVF Florida.<\/p>\t\t\t\t\t\t\t\t<\/div>\n\t\t\t\t<\/div>\n\t\t\t\t<\/div>\n\t\t\t\t\t<\/div>\n\t\t\t\t<\/div>\n\t\t\t\t\t<\/div>\n\t\t\t\t<\/div>\n\t\t<div class=\"elementor-element elementor-element-1af81a4f e-con-full e-flex e-con e-parent\" data-id=\"1af81a4f\" data-element_type=\"container\">\n\t\t<div class=\"elementor-element elementor-element-38946443 e-flex e-con-boxed e-con e-child\" data-id=\"38946443\" data-element_type=\"container\">\n\t\t\t\t\t<div class=\"e-con-inner\">\n\t\t<div class=\"elementor-element elementor-element-46c2b2e3 e-con-full e-flex e-con e-child\" data-id=\"46c2b2e3\" data-element_type=\"container\">\n\t\t<div class=\"elementor-element elementor-element-5dc933e5 e-con-full e-flex e-con e-child\" data-id=\"5dc933e5\" data-element_type=\"container\">\n\t\t<div class=\"elementor-element elementor-element-53f05400 e-con-full e-flex e-con e-child\" data-id=\"53f05400\" data-element_type=\"container\">\n\t\t\t\t<div class=\"elementor-element elementor-element-25679545 elementor-widget elementor-widget-image\" data-id=\"25679545\" data-element_type=\"widget\" data-widget_type=\"image.default\">\n\t\t\t\t\t\t\t\t\t\t\t\t\t\t\t<img fetchpriority=\"high\" decoding=\"async\" width=\"939\" height=\"233\" src=\"https:\/\/ivfflorida.com.onspire.dev\/wp-content\/uploads\/2025\/09\/father-son-pool.jpg\" class=\"attachment-full size-full wp-image-1207\" alt=\"\" srcset=\"https:\/\/ivfflorida.com.onspire.dev\/wp-content\/uploads\/2025\/09\/father-son-pool.jpg 939w, https:\/\/ivfflorida.com.onspire.dev\/wp-content\/uploads\/2025\/09\/father-son-pool-300x74.jpg 300w, https:\/\/ivfflorida.com.onspire.dev\/wp-content\/uploads\/2025\/09\/father-son-pool-768x191.jpg 768w\" sizes=\"(max-width: 939px) 100vw, 939px\" \/>\t\t\t\t\t\t\t\t\t\t\t\t\t\t\t<\/div>\n\t\t\t\t<\/div>\n\t\t<div class=\"elementor-element elementor-element-4f095aa3 e-con-full e-flex e-con e-child\" data-id=\"4f095aa3\" data-element_type=\"container\" data-settings=\"{&quot;background_background&quot;:&quot;classic&quot;}\">\n\t\t<div class=\"elementor-element elementor-element-4026288f e-con-full e-flex e-con e-child\" data-id=\"4026288f\" data-element_type=\"container\">\n\t\t\t\t<div class=\"elementor-element elementor-element-403bb2aa elementor-widget elementor-widget-heading\" data-id=\"403bb2aa\" data-element_type=\"widget\" data-widget_type=\"heading.default\">\n\t\t\t\t\t<h2 class=\"elementor-heading-title elementor-size-default\">C\u00f3mo costear el tratamiento de la infertilidad<\/h2>\t\t\t\t<\/div>\n\t\t\t\t<\/div>\n\t\t<div class=\"elementor-element elementor-element-70d75a43 e-con-full e-flex e-con e-child\" data-id=\"70d75a43\" data-element_type=\"container\">\n\t\t\t\t<div class=\"elementor-element elementor-element-219bfb3f elementor-widget elementor-widget-text-editor\" data-id=\"219bfb3f\" data-element_type=\"widget\" data-widget_type=\"text-editor.default\">\n\t\t\t\t\t\t\t\t\t<p>Inf\u00f3rmese sobre las opciones de financiaci\u00f3n, la cobertura de los seguros y los programas que pueden ayudar a que los cuidados de fertilidad sean m\u00e1s accesibles.<\/p>\t\t\t\t\t\t\t\t<\/div>\n\t\t\t\t<div class=\"elementor-element elementor-element-0234df3 elementor-widget elementor-widget-button\" data-id=\"0234df3\" data-element_type=\"widget\" data-widget_type=\"button.default\">\n\t\t\t\t\t\t\t\t\t\t<a class=\"elementor-button elementor-button-link elementor-size-sm\" href=\"\/es\/recursos\/tratamientos-y-costes-de-la-infertilidad\/\">\n\t\t\t\t\t\t<span class=\"elementor-button-content-wrapper\">\n\t\t\t\t\t\t\t\t\t<span class=\"elementor-button-text\">Explorar opciones<\/span>\n\t\t\t\t\t<\/span>\n\t\t\t\t\t<\/a>\n\t\t\t\t\t\t\t\t<\/div>\n\t\t\t\t<\/div>\n\t\t\t\t<\/div>\n\t\t<div class=\"elementor-element elementor-element-6d196f6b e-con-full e-flex e-con e-child\" data-id=\"6d196f6b\" data-element_type=\"container\" data-settings=\"{&quot;background_background&quot;:&quot;classic&quot;}\">\n\t\t<div class=\"elementor-element elementor-element-1be077e2 e-con-full e-flex e-con e-child\" data-id=\"1be077e2\" data-element_type=\"container\">\n\t\t\t\t<div class=\"elementor-element elementor-element-576da6e9 elementor-widget elementor-widget-heading\" data-id=\"576da6e9\" data-element_type=\"widget\" data-widget_type=\"heading.default\">\n\t\t\t\t\t<h2 class=\"elementor-heading-title elementor-size-default\">Asistencia internacional y a distancia<\/h2>\t\t\t\t<\/div>\n\t\t\t\t<\/div>\n\t\t<div class=\"elementor-element elementor-element-7e0399e7 e-con-full e-flex e-con e-child\" data-id=\"7e0399e7\" data-element_type=\"container\">\n\t\t\t\t<div class=\"elementor-element elementor-element-30a0a050 elementor-widget elementor-widget-text-editor\" data-id=\"30a0a050\" data-element_type=\"widget\" data-widget_type=\"text-editor.default\">\n\t\t\t\t\t\t\t\t\t<p>Acceda a la experiencia mundial de IVF Florida, viva donde viva. Ofrecemos asistencia personalizada a pacientes que viajan desde cualquier parte de EE. UU. y del mundo.<\/p>\t\t\t\t\t\t\t\t<\/div>\n\t\t\t\t<div class=\"elementor-element elementor-element-362e344 elementor-widget elementor-widget-button\" data-id=\"362e344\" data-element_type=\"widget\" data-widget_type=\"button.default\">\n\t\t\t\t\t\t\t\t\t\t<a class=\"elementor-button elementor-button-link elementor-size-sm\" href=\"https:\/\/ivfflorida.com\/resources\/international-and-long-distance-fertility-care\/\">\n\t\t\t\t\t\t<span class=\"elementor-button-content-wrapper\">\n\t\t\t\t\t\t\t\t\t<span class=\"elementor-button-text\">Planifique su visita<\/span>\n\t\t\t\t\t<\/span>\n\t\t\t\t\t<\/a>\n\t\t\t\t\t\t\t\t<\/div>\n\t\t\t\t<\/div>\n\t\t\t\t<\/div>\n\t\t<div class=\"elementor-element elementor-element-3aa8f0a7 e-con-full e-flex e-con e-child\" data-id=\"3aa8f0a7\" data-element_type=\"container\" data-settings=\"{&quot;background_background&quot;:&quot;classic&quot;}\">\n\t\t<div class=\"elementor-element elementor-element-19dc5af e-con-full e-flex e-con e-child\" data-id=\"19dc5af\" data-element_type=\"container\">\n\t\t\t\t<div class=\"elementor-element elementor-element-3fd9d87f elementor-widget elementor-widget-heading\" data-id=\"3fd9d87f\" data-element_type=\"widget\" data-widget_type=\"heading.default\">\n\t\t\t\t\t<h2 class=\"elementor-heading-title elementor-size-default\">Informaci\u00f3n sobre el hurac\u00e1n<\/h2>\t\t\t\t<\/div>\n\t\t\t\t<\/div>\n\t\t<div class=\"elementor-element elementor-element-1ef79275 e-con-full e-flex e-con e-child\" data-id=\"1ef79275\" data-element_type=\"container\">\n\t\t\t\t<div class=\"elementor-element elementor-element-54daf051 elementor-widget elementor-widget-text-editor\" data-id=\"54daf051\" data-element_type=\"widget\" data-widget_type=\"text-editor.default\">\n\t\t\t\t\t\t\t\t\t<p>Mant\u00e9ngase informado y preparado con actualizaciones importantes sobre el funcionamiento de las cl\u00ednicas, cambios en las citas y recursos de seguridad durante el mal tiempo.<\/p>\t\t\t\t\t\t\t\t<\/div>\n\t\t\t\t<div class=\"elementor-element elementor-element-0ebdd09 elementor-widget elementor-widget-button\" data-id=\"0ebdd09\" data-element_type=\"widget\" data-widget_type=\"button.default\">\n\t\t\t\t\t\t\t\t\t\t<a class=\"elementor-button elementor-button-link elementor-size-sm\" href=\"\/es\/recursos\/informacion-del-paciente-sobre-el-huracan\/\">\n\t\t\t\t\t\t<span class=\"elementor-button-content-wrapper\">\n\t\t\t\t\t\t\t\t\t<span class=\"elementor-button-text\">Ver el protocolo de huracanes<\/span>\n\t\t\t\t\t<\/span>\n\t\t\t\t\t<\/a>\n\t\t\t\t\t\t\t\t<\/div>\n\t\t\t\t<\/div>\n\t\t\t\t<\/div>\n\t\t<div class=\"elementor-element elementor-element-6f978a71 e-con-full e-flex e-con e-child\" data-id=\"6f978a71\" data-element_type=\"container\" data-settings=\"{&quot;background_background&quot;:&quot;classic&quot;}\">\n\t\t<div class=\"elementor-element elementor-element-5fa84e79 e-con-full e-flex e-con e-child\" data-id=\"5fa84e79\" data-element_type=\"container\">\n\t\t\t\t<div class=\"elementor-element elementor-element-998b80e elementor-widget elementor-widget-heading\" data-id=\"998b80e\" data-element_type=\"widget\" data-widget_type=\"heading.default\">\n\t\t\t\t\t<h2 class=\"elementor-heading-title elementor-size-default\">Blog<\/h2>\t\t\t\t<\/div>\n\t\t\t\t<\/div>\n\t\t<div class=\"elementor-element elementor-element-15463370 e-con-full e-flex e-con e-child\" data-id=\"15463370\" data-element_type=\"container\">\n\t\t\t\t<div class=\"elementor-element elementor-element-7d7d4a3f elementor-widget elementor-widget-text-editor\" data-id=\"7d7d4a3f\" data-element_type=\"widget\" data-widget_type=\"text-editor.default\">\n\t\t\t\t\t\t\t\t\t<p>Obtenga consejos de expertos, historias de pacientes y las \u00faltimas noticias sobre fertilidad del equipo de IVF Florida.<\/p>\t\t\t\t\t\t\t\t<\/div>\n\t\t\t\t<div class=\"elementor-element elementor-element-775f28d elementor-widget elementor-widget-button\" data-id=\"775f28d\" data-element_type=\"widget\" data-widget_type=\"button.default\">\n\t\t\t\t\t\t\t\t\t\t<a class=\"elementor-button elementor-button-link elementor-size-sm\" href=\"\/es\/recursos\/blog\/\">\n\t\t\t\t\t\t<span class=\"elementor-button-content-wrapper\">\n\t\t\t\t\t\t\t\t\t<span class=\"elementor-button-text\">Lea nuestro blog<\/span>\n\t\t\t\t\t<\/span>\n\t\t\t\t\t<\/a>\n\t\t\t\t\t\t\t\t<\/div>\n\t\t\t\t<\/div>\n\t\t\t\t<\/div>\n\t\t<div class=\"elementor-element elementor-element-4d3ad705 e-con-full e-flex e-con e-child\" data-id=\"4d3ad705\" data-element_type=\"container\" data-settings=\"{&quot;background_background&quot;:&quot;classic&quot;}\">\n\t\t<div class=\"elementor-element elementor-element-7895a7aa e-con-full e-flex e-con e-child\" data-id=\"7895a7aa\" data-element_type=\"container\">\n\t\t\t\t<div class=\"elementor-element elementor-element-1187a638 elementor-widget elementor-widget-heading\" data-id=\"1187a638\" data-element_type=\"widget\" data-widget_type=\"heading.default\">\n\t\t\t\t\t<h2 class=\"elementor-heading-title elementor-size-default\">Eventos<\/h2>\t\t\t\t<\/div>\n\t\t\t\t<\/div>\n\t\t<div class=\"elementor-element elementor-element-58b821db e-con-full e-flex e-con e-child\" data-id=\"58b821db\" data-element_type=\"container\">\n\t\t\t\t<div class=\"elementor-element elementor-element-62553fba elementor-widget elementor-widget-text-editor\" data-id=\"62553fba\" data-element_type=\"widget\" data-widget_type=\"text-editor.default\">\n\t\t\t\t\t\t\t\t\t<p>Participe en nuestros pr\u00f3ximos eventos sobre fertilidad o seminarios presenciales para informarse sobre las opciones de tratamiento, conocer a nuestros m\u00e9dicos y obtener respuesta a sus preguntas.<\/p>\t\t\t\t\t\t\t\t<\/div>\n\t\t\t\t<div class=\"elementor-element elementor-element-1de3938e elementor-widget elementor-widget-button\" data-id=\"1de3938e\" data-element_type=\"widget\" data-widget_type=\"button.default\">\n\t\t\t\t\t\t\t\t\t\t<a class=\"elementor-button elementor-button-link elementor-size-sm\" href=\"https:\/\/ivfflorida.com\/resources\/blog\/category\/events\/\">\n\t\t\t\t\t\t<span class=\"elementor-button-content-wrapper\">\n\t\t\t\t\t\t\t\t\t<span class=\"elementor-button-text\">Buscar un acontecimiento<\/span>\n\t\t\t\t\t<\/span>\n\t\t\t\t\t<\/a>\n\t\t\t\t\t\t\t\t<\/div>\n\t\t\t\t<\/div>\n\t\t\t\t<\/div>\n\t\t\t\t<\/div>\n\t\t<div class=\"elementor-element elementor-element-e420996 e-con-full e-flex e-con e-child\" data-id=\"e420996\" data-element_type=\"container\">\n\t\t<div class=\"elementor-element elementor-element-4444c5c e-con-full e-flex e-con e-child\" data-id=\"4444c5c\" data-element_type=\"container\" data-settings=\"{&quot;background_background&quot;:&quot;classic&quot;}\">\n\t\t<div class=\"elementor-element elementor-element-3251b530 e-con-full e-flex e-con e-child\" data-id=\"3251b530\" data-element_type=\"container\">\n\t\t\t\t<div class=\"elementor-element elementor-element-476efb83 elementor-widget elementor-widget-text-editor\" data-id=\"476efb83\" data-element_type=\"widget\" data-widget_type=\"text-editor.default\">\n\t\t\t\t\t\t\t\t\t<p>Tuve una experiencia muy positiva aqu\u00ed, el personal fue c\u00e1lido y atento y me sent\u00ed c\u00f3moda y respetada.<\/p>\t\t\t\t\t\t\t\t<\/div>\n\t\t\t\t<\/div>\n\t\t\t\t<\/div>\n\t\t<div class=\"elementor-element elementor-element-1cb8b0dc e-con-full interior-helpful-resources-column e-flex e-con e-child\" data-id=\"1cb8b0dc\" data-element_type=\"container\" data-settings=\"{&quot;background_background&quot;:&quot;classic&quot;}\">\n\t\t\t\t<div class=\"elementor-element elementor-element-5e8ce7b6 elementor-widget elementor-widget-heading\" data-id=\"5e8ce7b6\" data-element_type=\"widget\" data-widget_type=\"heading.default\">\n\t\t\t\t\t<h5 class=\"elementor-heading-title elementor-size-default\">Recursos \u00fatiles<\/h5>\t\t\t\t<\/div>\n\t\t\t\t<div class=\"elementor-element elementor-element-41be5d45 elementor-widget elementor-widget-text-editor\" data-id=\"41be5d45\" data-element_type=\"widget\" data-widget_type=\"text-editor.default\">\n\t\t\t\t\t\t\t\t\t<ul><li><a href=\"\/es\/concertar-cita\/\">Citas<\/a><\/li><li><a href=\"\/es\/lugares\/\">Ubicaciones<\/a>\u00a0<\/li><li><a href=\"\/es\/proveedores\/\">Proveedores<\/a><\/li><\/ul>\t\t\t\t\t\t\t\t<\/div>\n\t\t\t\t<\/div>\n\t\t\t\t<\/div>\n\t\t\t\t<\/div>\n\t\t\t\t\t<\/div>\n\t\t\t\t<\/div>\n\t\t\t\t<\/div>\n\t\t\t\t<\/div>","protected":false},"excerpt":{"rendered":"<p>Recursos Sus recursos de fertilidad de confianzaExplore la orientaci\u00f3n de expertos, herramientas pr\u00e1cticas e informaci\u00f3n \u00fatil para apoyarle a lo largo de su viaje de fertilidad. Desde entender los costos del tratamiento hasta acceder a la atenci\u00f3n desde cualquier parte del mundo, mantenerse informado durante condiciones clim\u00e1ticas adversas y aprender de nuestro blog y eventos, este es su centro de recursos para pacientes de IVF Florida...<\/p>","protected":false},"author":2,"featured_media":0,"parent":0,"menu_order":0,"template":"","meta":{"_acf_changed":false,"footnotes":""},"class_list":["post-439","page","type-page","status-publish","hentry"],"acf":[],"aioseo_notices":[],"_links":{"self":[{"href":"https:\/\/ivfflorida.com.onspire.dev\/es\/wp-json\/wp\/v2\/pages\/439","targetHints":{"allow":["GET"]}}],"collection":[{"href":"https:\/\/ivfflorida.com.onspire.dev\/es\/wp-json\/wp\/v2\/pages"}],"about":[{"href":"https:\/\/ivfflorida.com.onspire.dev\/es\/wp-json\/wp\/v2\/types\/page"}],"author":[{"embeddable":true,"href":"https:\/\/ivfflorida.com.onspire.dev\/es\/wp-json\/wp\/v2\/users\/2"}],"replies":[{"embeddable":true,"href":"https:\/\/ivfflorida.com.onspire.dev\/es\/wp-json\/wp\/v2\/comments?post=439"}],"version-history":[{"count":15,"href":"https:\/\/ivfflorida.com.onspire.dev\/es\/wp-json\/wp\/v2\/pages\/439\/revisions"}],"predecessor-version":[{"id":2908,"href":"https:\/\/ivfflorida.com.onspire.dev\/es\/wp-json\/wp\/v2\/pages\/439\/revisions\/2908"}],"wp:attachment":[{"href":"https:\/\/ivfflorida.com.onspire.dev\/es\/wp-json\/wp\/v2\/media?parent=439"}],"curies":[{"name":"wp","href":"https:\/\/api.w.org\/{rel}","templated":true}]}}