{"id":440,"date":"2025-08-07T19:21:27","date_gmt":"2025-08-07T19:21:27","guid":{"rendered":"https:\/\/ivfflorida.com\/?page_id=440"},"modified":"2025-09-25T21:50:11","modified_gmt":"2025-09-25T21:50:11","slug":"tratamientos-y-costes-de-la-infertilidad","status":"publish","type":"page","link":"https:\/\/ivfflorida.com.onspire.dev\/es\/recursos\/tratamientos-y-costes-de-la-infertilidad\/","title":{"rendered":"Tratamientos y costes de la infertilidad"},"content":{"rendered":"<div data-elementor-type=\"wp-page\" data-elementor-id=\"440\" class=\"elementor elementor-440\" data-elementor-post-type=\"page\">\n\t\t\t\t<div class=\"elementor-element elementor-element-63d52b92 e-flex e-con-boxed e-con e-parent\" data-id=\"63d52b92\" data-element_type=\"container\" data-settings=\"{&quot;background_background&quot;:&quot;classic&quot;}\">\n\t\t\t\t\t<div class=\"e-con-inner\">\n\t\t<div class=\"elementor-element elementor-element-1b227f99 e-flex e-con-boxed e-con e-child\" data-id=\"1b227f99\" data-element_type=\"container\">\n\t\t\t\t\t<div class=\"e-con-inner\">\n\t\t<div class=\"elementor-element elementor-element-7cfd093e e-con-full e-flex e-con e-child\" data-id=\"7cfd093e\" data-element_type=\"container\" data-settings=\"{&quot;background_background&quot;:&quot;classic&quot;}\">\n\t\t<div class=\"elementor-element elementor-element-6a38df9f e-con-full e-flex e-con e-child\" data-id=\"6a38df9f\" data-element_type=\"container\">\n\t\t\t\t<div class=\"elementor-element elementor-element-28efac77 elementor-widget elementor-widget-heading\" data-id=\"28efac77\" data-element_type=\"widget\" data-widget_type=\"heading.default\">\n\t\t\t\t\t<h1 class=\"elementor-heading-title elementor-size-default\">Tratamientos y costes de la infertilidad<\/h1>\t\t\t\t<\/div>\n\t\t\t\t<div class=\"elementor-element elementor-element-2caf7d30 elementor-widget elementor-widget-text-editor\" data-id=\"2caf7d30\" data-element_type=\"widget\" data-widget_type=\"text-editor.default\">\n\t\t\t\t\t\t\t\t\t<p>Los cuidados de fertilidad son una inversi\u00f3n importante. Comprender el coste de sus cuidados y las opciones de financiaci\u00f3n disponibles puede hacer que <a href=\"\/es\/tratamientos\/\">tratamientos de infertilidad<\/a>la congelaci\u00f3n electiva de \u00f3vulos y otras opciones de atenci\u00f3n reproductiva m\u00e1s accesibles. IVF Florida se enorgullece de apoyar a los pacientes a trav\u00e9s de una gama de soluciones financieras dise\u00f1adas para ayudar a manejar los tratamientos de infertilidad y el costo.\u00a0<\/p><p>Nuestro equipo financiero le guiar\u00e1 a trav\u00e9s de los beneficios de su seguro, los planes de financiaci\u00f3n, los programas de reembolso y las subvenciones disponibles, para que pueda centrarse en hacer crecer su familia.<\/p>\t\t\t\t\t\t\t\t<\/div>\n\t\t\t\t<div class=\"elementor-element elementor-element-7996e62 elementor-mobile-align-center elementor-widget__width-auto elementor-widget elementor-widget-button\" data-id=\"7996e62\" data-element_type=\"widget\" data-widget_type=\"button.default\">\n\t\t\t\t\t\t\t\t\t\t<a class=\"elementor-button elementor-button-link elementor-size-sm\" href=\"\/es\/concertar-cita\/\">\n\t\t\t\t\t\t<span class=\"elementor-button-content-wrapper\">\n\t\t\t\t\t\t\t\t\t<span class=\"elementor-button-text\">Solicitar cita<\/span>\n\t\t\t\t\t<\/span>\n\t\t\t\t\t<\/a>\n\t\t\t\t\t\t\t\t<\/div>\n\t\t\t\t<\/div>\n\t\t\t\t<\/div>\n\t\t\t\t\t<\/div>\n\t\t\t\t<\/div>\n\t\t\t\t\t<\/div>\n\t\t\t\t<\/div>\n\t\t<div class=\"elementor-element elementor-element-76e7ad1 e-con-full e-flex e-con e-parent\" data-id=\"76e7ad1\" data-element_type=\"container\">\n\t\t<div class=\"elementor-element elementor-element-372bc11e e-flex e-con-boxed e-con e-child\" data-id=\"372bc11e\" data-element_type=\"container\">\n\t\t\t\t\t<div class=\"e-con-inner\">\n\t\t<div class=\"elementor-element elementor-element-1f99a289 e-con-full e-flex e-con e-child\" data-id=\"1f99a289\" data-element_type=\"container\">\n\t\t<div class=\"elementor-element elementor-element-68a575b0 e-con-full e-flex e-con e-child\" data-id=\"68a575b0\" data-element_type=\"container\">\n\t\t<div class=\"elementor-element elementor-element-4d0c7100 e-con-full e-flex e-con e-child\" data-id=\"4d0c7100\" data-element_type=\"container\" data-settings=\"{&quot;background_background&quot;:&quot;classic&quot;}\">\n\t\t<div class=\"elementor-element elementor-element-5c8c8a09 e-con-full e-flex e-con e-child\" data-id=\"5c8c8a09\" data-element_type=\"container\">\n\t\t\t\t<div class=\"elementor-element elementor-element-11f6eb38 elementor-widget elementor-widget-heading\" data-id=\"11f6eb38\" data-element_type=\"widget\" data-widget_type=\"heading.default\">\n\t\t\t\t\t<h2 class=\"elementor-heading-title elementor-size-default\">Cobertura del seguro para tratamientos de infertilidad: C\u00f3mo aprovechar al m\u00e1ximo sus prestaciones<\/h2>\t\t\t\t<\/div>\n\t\t\t\t<\/div>\n\t\t<div class=\"elementor-element elementor-element-1f22be84 e-con-full e-flex e-con e-child\" data-id=\"1f22be84\" data-element_type=\"container\">\n\t\t\t\t<div class=\"elementor-element elementor-element-1acb0b07 elementor-widget elementor-widget-text-editor\" data-id=\"1acb0b07\" data-element_type=\"widget\" data-widget_type=\"text-editor.default\">\n\t\t\t\t\t\t\t\t\t<p>Muchos planes de seguros ofrecen cobertura parcial o total para las pruebas de fertilidad, <a href=\"\/es\/tratamientos\/fecundacion-in-vitro\/\">fecundaci\u00f3n in vitro (FIV)<\/a>, <a href=\"\/es\/tratamientos\/inseminacion-intrauterina\/\">inseminaci\u00f3n intrauterina (IIU)<\/a>y medicamentos. Nuestros asesores financieros trabajan directamente con su compa\u00f1\u00eda de seguros para ayudarle a entender lo que est\u00e1 cubierto y minimizar los gastos de su bolsillo. Esta ayuda puede marcar una diferencia significativa a la hora de afrontar los tratamientos y los costes de la infertilidad, incluidos los de la congelaci\u00f3n de \u00f3vulos.<\/p>\t\t\t\t\t\t\t\t<\/div>\n\t\t\t\t<div class=\"elementor-element elementor-element-3baf5d6 elementor-widget elementor-widget-button\" data-id=\"3baf5d6\" data-element_type=\"widget\" data-widget_type=\"button.default\">\n\t\t\t\t\t\t\t\t\t\t<a class=\"elementor-button elementor-button-link elementor-size-sm\" href=\"https:\/\/ivfflorida.com\/resources\/infertility-treatments-and-costs\/insurance\/\">\n\t\t\t\t\t\t<span class=\"elementor-button-content-wrapper\">\n\t\t\t\t\t\t\t\t\t<span class=\"elementor-button-text\">M\u00e1s informaci\u00f3n<\/span>\n\t\t\t\t\t<\/span>\n\t\t\t\t\t<\/a>\n\t\t\t\t\t\t\t\t<\/div>\n\t\t\t\t<\/div>\n\t\t\t\t<\/div>\n\t\t<div class=\"elementor-element elementor-element-3327fcfb e-con-full e-flex e-con e-child\" data-id=\"3327fcfb\" data-element_type=\"container\" data-settings=\"{&quot;background_background&quot;:&quot;classic&quot;}\">\n\t\t<div class=\"elementor-element elementor-element-3471d2d8 e-con-full e-flex e-con e-child\" data-id=\"3471d2d8\" data-element_type=\"container\">\n\t\t\t\t<div class=\"elementor-element elementor-element-6936899c elementor-widget elementor-widget-heading\" data-id=\"6936899c\" data-element_type=\"widget\" data-widget_type=\"heading.default\">\n\t\t\t\t\t<h2 class=\"elementor-heading-title elementor-size-default\">Reembolso FIV y descuento multiciclo: Ahorra en la FIV gracias a los planes combinados<\/h2>\t\t\t\t<\/div>\n\t\t\t\t<\/div>\n\t\t<div class=\"elementor-element elementor-element-304f03fb e-con-full e-flex e-con e-child\" data-id=\"304f03fb\" data-element_type=\"container\">\n\t\t\t\t<div class=\"elementor-element elementor-element-342af9fd elementor-widget elementor-widget-text-editor\" data-id=\"342af9fd\" data-element_type=\"widget\" data-widget_type=\"text-editor.default\">\n\t\t\t\t\t\t\t\t\t<p>IVF Florida se asocia con Fertility Access para ofrecer tranquilidad y ahorro de costes. Los pacientes pueden ahorrar hasta 40% en costes de FIV con planes multiciclo agrupados y garant\u00edas de reembolso. Descubra m\u00e1s con el reembolso 100%, el reembolso 50% y los descuentos multiciclo.<\/p><p>Estos planes flexibles est\u00e1n dise\u00f1ados para ayudar a gestionar los tratamientos y costes totales de la infertilidad con precios predecibles y menos estr\u00e9s financiero.<\/p>\t\t\t\t\t\t\t\t<\/div>\n\t\t\t\t<div class=\"elementor-element elementor-element-ac878f5 elementor-widget elementor-widget-button\" data-id=\"ac878f5\" data-element_type=\"widget\" data-widget_type=\"button.default\">\n\t\t\t\t\t\t\t\t\t\t<a class=\"elementor-button elementor-button-link elementor-size-sm\" href=\"https:\/\/ivfflorida.com\/resources\/infertility-treatments-and-costs\/fertility-access\/\">\n\t\t\t\t\t\t<span class=\"elementor-button-content-wrapper\">\n\t\t\t\t\t\t\t\t\t<span class=\"elementor-button-text\">M\u00e1s informaci\u00f3n<\/span>\n\t\t\t\t\t<\/span>\n\t\t\t\t\t<\/a>\n\t\t\t\t\t\t\t\t<\/div>\n\t\t\t\t<\/div>\n\t\t\t\t<\/div>\n\t\t<div class=\"elementor-element elementor-element-40fffa9c e-con-full e-flex e-con e-child\" data-id=\"40fffa9c\" data-element_type=\"container\" data-settings=\"{&quot;background_background&quot;:&quot;classic&quot;}\">\n\t\t<div class=\"elementor-element elementor-element-1e5515ef e-con-full e-flex e-con e-child\" data-id=\"1e5515ef\" data-element_type=\"container\">\n\t\t\t\t<div class=\"elementor-element elementor-element-6bc397e4 elementor-widget elementor-widget-heading\" data-id=\"6bc397e4\" data-element_type=\"widget\" data-widget_type=\"heading.default\">\n\t\t\t\t\t<h2 class=\"elementor-heading-title elementor-size-default\">Subvenciones a la fertilidad: Explorar programas de subvenciones para compensar los costes<\/h2>\t\t\t\t<\/div>\n\t\t\t\t<\/div>\n\t\t<div class=\"elementor-element elementor-element-25c3e2c7 e-con-full e-flex e-con e-child\" data-id=\"25c3e2c7\" data-element_type=\"container\">\n\t\t\t\t<div class=\"elementor-element elementor-element-3bfa5c1b elementor-widget elementor-widget-text-editor\" data-id=\"3bfa5c1b\" data-element_type=\"widget\" data-widget_type=\"text-editor.default\">\n\t\t\t\t\t\t\t\t\t<p>Organizaciones sin \u00e1nimo de lucro de todo el pa\u00eds ofrecen subvenciones para apoyar la creaci\u00f3n de familias a trav\u00e9s de los cuidados de fertilidad, incluyendo la FIV, la IIU, la congelaci\u00f3n de \u00f3vulos, la adopci\u00f3n y mucho m\u00e1s.  IVF Florida se enorgullece de apoyar la Cade Foundation Family Building Grant, que otorga hasta $10,000. Tambi\u00e9n puede haber otras subvenciones disponibles para los residentes de California.<\/p><p>Tanto si va a someterse a una FIV como si est\u00e1 considerando la congelaci\u00f3n de \u00f3vulos, estas subvenciones ofrecen programas de asistencia que pueden ayudarle a reducir sus costes.<\/p>\t\t\t\t\t\t\t\t<\/div>\n\t\t\t\t<div class=\"elementor-element elementor-element-b65cd62 elementor-widget elementor-widget-button\" data-id=\"b65cd62\" data-element_type=\"widget\" data-widget_type=\"button.default\">\n\t\t\t\t\t\t\t\t\t\t<a class=\"elementor-button elementor-button-link elementor-size-sm\" href=\"https:\/\/ivfflorida.com\/resources\/grants\/\">\n\t\t\t\t\t\t<span class=\"elementor-button-content-wrapper\">\n\t\t\t\t\t\t\t\t\t<span class=\"elementor-button-text\">M\u00e1s informaci\u00f3n<\/span>\n\t\t\t\t\t<\/span>\n\t\t\t\t\t<\/a>\n\t\t\t\t\t\t\t\t<\/div>\n\t\t\t\t<\/div>\n\t\t\t\t<\/div>\n\t\t<div class=\"elementor-element elementor-element-00a10f8 e-con-full e-flex e-con e-child\" data-id=\"00a10f8\" data-element_type=\"container\" data-settings=\"{&quot;background_background&quot;:&quot;classic&quot;}\">\n\t\t<div class=\"elementor-element elementor-element-f861691 e-con-full e-flex e-con e-child\" data-id=\"f861691\" data-element_type=\"container\">\n\t\t\t\t<div class=\"elementor-element elementor-element-e377e96 elementor-widget elementor-widget-heading\" data-id=\"e377e96\" data-element_type=\"widget\" data-widget_type=\"heading.default\">\n\t\t\t\t\t<h2 class=\"elementor-heading-title elementor-size-default\">Financiaci\u00f3n de tratamientos de infertilidad: Planes flexibles de pago mensual para tratamientos de fertilidad<\/h2>\t\t\t\t<\/div>\n\t\t\t\t<\/div>\n\t\t<div class=\"elementor-element elementor-element-e6be2f7 e-con-full e-flex e-con e-child\" data-id=\"e6be2f7\" data-element_type=\"container\">\n\t\t\t\t<div class=\"elementor-element elementor-element-850bfd0 elementor-widget elementor-widget-text-editor\" data-id=\"850bfd0\" data-element_type=\"widget\" data-widget_type=\"text-editor.default\">\n\t\t\t\t\t\t\t\t\t<p>Los pacientes de IVF Florida pueden acceder a financiaci\u00f3n mensual a trav\u00e9s de CapexMD, que ofrece planes de pago flexibles para una variedad de servicios de fertilidad, incluyendo IVF y congelaci\u00f3n de \u00f3vulos. Con una precalificaci\u00f3n r\u00e1pida y sin impacto en su puntuaci\u00f3n de cr\u00e9dito, puede encontrar un plan que se ajuste a su presupuesto.<\/p><p>La financiaci\u00f3n es un recurso valioso para gestionar los tratamientos y costes de la infertilidad, o los costes de la congelaci\u00f3n de \u00f3vulos para la fertilidad, especialmente cuando la cobertura del seguro es limitada o no est\u00e1 disponible.<\/p>\t\t\t\t\t\t\t\t<\/div>\n\t\t\t\t<div class=\"elementor-element elementor-element-5450286 elementor-widget elementor-widget-button\" data-id=\"5450286\" data-element_type=\"widget\" data-widget_type=\"button.default\">\n\t\t\t\t\t\t\t\t\t\t<a class=\"elementor-button elementor-button-link elementor-size-sm\" href=\"https:\/\/ivfflorida.com\/resources\/financing\/\">\n\t\t\t\t\t\t<span class=\"elementor-button-content-wrapper\">\n\t\t\t\t\t\t\t\t\t<span class=\"elementor-button-text\">M\u00e1s informaci\u00f3n<\/span>\n\t\t\t\t\t<\/span>\n\t\t\t\t\t<\/a>\n\t\t\t\t\t\t\t\t<\/div>\n\t\t\t\t<\/div>\n\t\t\t\t<\/div>\n\t\t\t\t<\/div>\n\t\t<div class=\"elementor-element elementor-element-4d1f9df7 e-con-full e-flex e-con e-child\" data-id=\"4d1f9df7\" data-element_type=\"container\">\n\t\t<div class=\"elementor-element elementor-element-4b12db4f e-con-full e-flex e-con e-child\" data-id=\"4b12db4f\" data-element_type=\"container\" data-settings=\"{&quot;background_background&quot;:&quot;classic&quot;}\">\n\t\t<div class=\"elementor-element elementor-element-11a9d727 e-con-full e-flex e-con e-child\" data-id=\"11a9d727\" data-element_type=\"container\">\n\t\t\t\t<div class=\"elementor-element elementor-element-4000a448 elementor-widget elementor-widget-text-editor\" data-id=\"4000a448\" data-element_type=\"widget\" data-widget_type=\"text-editor.default\">\n\t\t\t\t\t\t\t\t\t<p>Recomiendo encarecidamente la cl\u00ednica de fertilidad IVF Florida. Despu\u00e9s de una muy mala experiencia en otra cl\u00ednica me recomendaron IVF Florida y no puedo decir suficientes cosas buenas sobre la calidad y la calidez de la atenci\u00f3n.<\/p>\t\t\t\t\t\t\t\t<\/div>\n\t\t\t\t<\/div>\n\t\t\t\t<\/div>\n\t\t<div class=\"elementor-element elementor-element-3c261c84 e-con-full interior-helpful-resources-column e-flex e-con e-child\" data-id=\"3c261c84\" data-element_type=\"container\" data-settings=\"{&quot;background_background&quot;:&quot;classic&quot;}\">\n\t\t\t\t<div class=\"elementor-element elementor-element-c50c333 elementor-widget elementor-widget-heading\" data-id=\"c50c333\" data-element_type=\"widget\" data-widget_type=\"heading.default\">\n\t\t\t\t\t<h5 class=\"elementor-heading-title elementor-size-default\">Recursos \u00fatiles<\/h5>\t\t\t\t<\/div>\n\t\t\t\t<div class=\"elementor-element elementor-element-51bebf18 elementor-widget elementor-widget-text-editor\" data-id=\"51bebf18\" data-element_type=\"widget\" data-widget_type=\"text-editor.default\">\n\t\t\t\t\t\t\t\t\t<ul><li><a href=\"\/es\/recursos\/tratamientos-y-costes-de-la-infertilidad\/seguro\/\">Cobertura del seguro de fertilidad<\/a><\/li><li><a href=\"\/es\/recursos\/tratamientos-y-costes-de-la-infertilidad\/acceso-a-la-fertilidad\/\">Acceso a la fertilidad\u00a0<\/a><\/li><li><a href=\"\/es\/recursos\/financiacion\/\">Financiaci\u00f3n <\/a><\/li><\/ul>\t\t\t\t\t\t\t\t<\/div>\n\t\t\t\t<\/div>\n\t\t\t\t<\/div>\n\t\t\t\t<\/div>\n\t\t\t\t\t<\/div>\n\t\t\t\t<\/div>\n\t\t\t\t<\/div>\n\t\t<div class=\"elementor-element elementor-element-4ed3cfbe e-flex e-con-boxed e-con e-parent\" data-id=\"4ed3cfbe\" data-element_type=\"container\" data-settings=\"{&quot;background_background&quot;:&quot;classic&quot;}\">\n\t\t\t\t\t<div class=\"e-con-inner\">\n\t\t<div class=\"elementor-element elementor-element-66d4e969 e-flex e-con-boxed e-con e-child\" data-id=\"66d4e969\" data-element_type=\"container\">\n\t\t\t\t\t<div class=\"e-con-inner\">\n\t\t<div class=\"elementor-element elementor-element-2e49f515 e-con-full e-flex e-con e-child\" data-id=\"2e49f515\" data-element_type=\"container\">\n\t\t<div class=\"elementor-element elementor-element-67628ff6 e-con-full e-flex e-con e-child\" data-id=\"67628ff6\" data-element_type=\"container\">\n\t\t\t\t<div class=\"elementor-element elementor-element-7c7e7080 elementor-widget elementor-widget-heading\" data-id=\"7c7e7080\" data-element_type=\"widget\" data-widget_type=\"heading.default\">\n\t\t\t\t\t<h2 class=\"elementor-heading-title elementor-size-default\">Avanza con confianza.\n\n<\/h2>\t\t\t\t<\/div>\n\t\t\t\t<div class=\"elementor-element elementor-element-1a52db7 elementor-widget elementor-widget-text-editor\" data-id=\"1a52db7\" data-element_type=\"widget\" data-widget_type=\"text-editor.default\">\n\t\t\t\t\t\t\t\t\t<p>Para comprender la causa de sus problemas y abordarlos con un plan de tratamiento personalizado, concierte hoy mismo una cita con nuestro equipo de expertos.<\/p>\t\t\t\t\t\t\t\t<\/div>\n\t\t\t\t<\/div>\n\t\t<div class=\"elementor-element elementor-element-628d8505 e-con-full e-flex e-con e-child\" data-id=\"628d8505\" data-element_type=\"container\">\n\t\t\t\t<div class=\"elementor-element elementor-element-6da0be76 elementor-widget__width-auto elementor-widget elementor-widget-button\" data-id=\"6da0be76\" data-element_type=\"widget\" data-widget_type=\"button.default\">\n\t\t\t\t\t\t\t\t\t\t<a class=\"elementor-button elementor-button-link elementor-size-sm\" href=\"\/es\/concertar-cita\/\">\n\t\t\t\t\t\t<span class=\"elementor-button-content-wrapper\">\n\t\t\t\t\t\t\t\t\t<span class=\"elementor-button-text\">Solicitar cita<\/span>\n\t\t\t\t\t<\/span>\n\t\t\t\t\t<\/a>\n\t\t\t\t\t\t\t\t<\/div>\n\t\t\t\t<\/div>\n\t\t\t\t<\/div>\n\t\t\t\t\t<\/div>\n\t\t\t\t<\/div>\n\t\t\t\t\t<\/div>\n\t\t\t\t<\/div>\n\t\t\t\t<\/div>","protected":false},"excerpt":{"rendered":"<p>Tratamientos de infertilidad y costes Los cuidados de fertilidad son una inversi\u00f3n importante. Comprender el coste de los cuidados y las opciones de financiaci\u00f3n disponibles puede hacer que los tratamientos de infertilidad, la congelaci\u00f3n electiva de \u00f3vulos y otras opciones de cuidados reproductivos sean m\u00e1s accesibles...<\/p>","protected":false},"author":2,"featured_media":0,"parent":439,"menu_order":0,"template":"","meta":{"_acf_changed":false,"footnotes":""},"class_list":["post-440","page","type-page","status-publish","hentry"],"acf":[],"aioseo_notices":[],"_links":{"self":[{"href":"https:\/\/ivfflorida.com.onspire.dev\/es\/wp-json\/wp\/v2\/pages\/440","targetHints":{"allow":["GET"]}}],"collection":[{"href":"https:\/\/ivfflorida.com.onspire.dev\/es\/wp-json\/wp\/v2\/pages"}],"about":[{"href":"https:\/\/ivfflorida.com.onspire.dev\/es\/wp-json\/wp\/v2\/types\/page"}],"author":[{"embeddable":true,"href":"https:\/\/ivfflorida.com.onspire.dev\/es\/wp-json\/wp\/v2\/users\/2"}],"replies":[{"embeddable":true,"href":"https:\/\/ivfflorida.com.onspire.dev\/es\/wp-json\/wp\/v2\/comments?post=440"}],"version-history":[{"count":53,"href":"https:\/\/ivfflorida.com.onspire.dev\/es\/wp-json\/wp\/v2\/pages\/440\/revisions"}],"predecessor-version":[{"id":3350,"href":"https:\/\/ivfflorida.com.onspire.dev\/es\/wp-json\/wp\/v2\/pages\/440\/revisions\/3350"}],"up":[{"embeddable":true,"href":"https:\/\/ivfflorida.com.onspire.dev\/es\/wp-json\/wp\/v2\/pages\/439"}],"wp:attachment":[{"href":"https:\/\/ivfflorida.com.onspire.dev\/es\/wp-json\/wp\/v2\/media?parent=440"}],"curies":[{"name":"wp","href":"https:\/\/api.w.org\/{rel}","templated":true}]}}