{"id":441,"date":"2025-08-07T19:21:49","date_gmt":"2025-08-07T19:21:49","guid":{"rendered":"https:\/\/ivfflorida.com\/?page_id=441"},"modified":"2025-09-24T20:56:43","modified_gmt":"2025-09-24T20:56:43","slug":"costear-los-tratamientos-de-infertilidad","status":"publish","type":"page","link":"https:\/\/ivfflorida.com.onspire.dev\/es\/recursos\/tratamientos-y-costes-de-la-infertilidad\/costear-los-tratamientos-de-infertilidad\/","title":{"rendered":"C\u00f3mo costear los tratamientos de infertilidad"},"content":{"rendered":"<div data-elementor-type=\"wp-page\" data-elementor-id=\"441\" class=\"elementor elementor-441\" data-elementor-post-type=\"page\">\n\t\t\t\t<div class=\"elementor-element elementor-element-2195be61 e-flex e-con-boxed e-con e-parent\" data-id=\"2195be61\" data-element_type=\"container\" data-settings=\"{&quot;background_background&quot;:&quot;classic&quot;}\">\n\t\t\t\t\t<div class=\"e-con-inner\">\n\t\t<div class=\"elementor-element elementor-element-27a2408d e-flex e-con-boxed e-con e-child\" data-id=\"27a2408d\" data-element_type=\"container\">\n\t\t\t\t\t<div class=\"e-con-inner\">\n\t\t<div class=\"elementor-element elementor-element-d3dfee4 e-con-full e-flex e-con e-child\" data-id=\"d3dfee4\" data-element_type=\"container\" data-settings=\"{&quot;background_background&quot;:&quot;classic&quot;}\">\n\t\t<div class=\"elementor-element elementor-element-4f66f4b2 e-con-full e-flex e-con e-child\" data-id=\"4f66f4b2\" data-element_type=\"container\">\n\t\t\t\t<div class=\"elementor-element elementor-element-411263bd elementor-widget elementor-widget-heading\" data-id=\"411263bd\" data-element_type=\"widget\" data-widget_type=\"heading.default\">\n\t\t\t\t\t<h1 class=\"elementor-heading-title elementor-size-default\">Afrontar el tratamiento de la infertilidad<\/h1>\t\t\t\t<\/div>\n\t\t\t\t<div class=\"elementor-element elementor-element-7fd5eab8 elementor-widget elementor-widget-text-editor\" data-id=\"7fd5eab8\" data-element_type=\"widget\" data-widget_type=\"text-editor.default\">\n\t\t\t\t\t\t\t\t\t<p>El cuidado de la fertilidad es una inversi\u00f3n significativa - una que IVF Florida se enorgullece de apoyar a trav\u00e9s de una gama de opciones financieras. Nuestro equipo le ayudar\u00e1 a entender los beneficios de su seguro, explorar los planes de financiaci\u00f3n y aprovechar los programas de reembolso o subvenciones cuando est\u00e9n disponibles. Con la orientaci\u00f3n adecuada, el tratamiento de fertilidad puede ser m\u00e1s accesible de lo que espera.<\/p>\t\t\t\t\t\t\t\t<\/div>\n\t\t\t\t<div class=\"elementor-element elementor-element-a674434 elementor-mobile-align-center elementor-widget__width-auto elementor-widget elementor-widget-button\" data-id=\"a674434\" data-element_type=\"widget\" data-widget_type=\"button.default\">\n\t\t\t\t\t\t\t\t\t\t<a class=\"elementor-button elementor-button-link elementor-size-sm\" href=\"\/es\/concertar-cita\/\">\n\t\t\t\t\t\t<span class=\"elementor-button-content-wrapper\">\n\t\t\t\t\t\t\t\t\t<span class=\"elementor-button-text\">Solicitar una cita<\/span>\n\t\t\t\t\t<\/span>\n\t\t\t\t\t<\/a>\n\t\t\t\t\t\t\t\t<\/div>\n\t\t\t\t<\/div>\n\t\t\t\t<\/div>\n\t\t\t\t\t<\/div>\n\t\t\t\t<\/div>\n\t\t\t\t\t<\/div>\n\t\t\t\t<\/div>\n\t\t<div class=\"elementor-element elementor-element-752a98d7 e-con-full e-flex e-con e-parent\" data-id=\"752a98d7\" data-element_type=\"container\">\n\t\t<div class=\"elementor-element elementor-element-58321402 e-flex e-con-boxed e-con e-child\" data-id=\"58321402\" data-element_type=\"container\">\n\t\t\t\t\t<div class=\"e-con-inner\">\n\t\t<div class=\"elementor-element elementor-element-155f47a7 e-con-full e-flex e-con e-child\" data-id=\"155f47a7\" data-element_type=\"container\">\n\t\t<div class=\"elementor-element elementor-element-31ca61e3 e-con-full e-flex e-con e-child\" data-id=\"31ca61e3\" data-element_type=\"container\">\n\t\t<div class=\"elementor-element elementor-element-40bc985f e-con-full e-flex e-con e-child\" data-id=\"40bc985f\" data-element_type=\"container\">\n\t\t\t\t<div class=\"elementor-element elementor-element-17d4ec1d elementor-widget elementor-widget-image\" data-id=\"17d4ec1d\" data-element_type=\"widget\" data-widget_type=\"image.default\">\n\t\t\t\t\t\t\t\t\t\t\t\t\t\t\t<img fetchpriority=\"high\" decoding=\"async\" width=\"939\" height=\"233\" src=\"https:\/\/ivfflorida.com.onspire.dev\/wp-content\/uploads\/2025\/09\/daugher-parents-hands.jpg\" class=\"attachment-full size-full wp-image-1204\" alt=\"\" srcset=\"https:\/\/ivfflorida.com.onspire.dev\/wp-content\/uploads\/2025\/09\/daugher-parents-hands.jpg 939w, https:\/\/ivfflorida.com.onspire.dev\/wp-content\/uploads\/2025\/09\/daugher-parents-hands-300x74.jpg 300w, https:\/\/ivfflorida.com.onspire.dev\/wp-content\/uploads\/2025\/09\/daugher-parents-hands-768x191.jpg 768w\" sizes=\"(max-width: 939px) 100vw, 939px\" \/>\t\t\t\t\t\t\t\t\t\t\t\t\t\t\t<\/div>\n\t\t\t\t<\/div>\n\t\t<div class=\"elementor-element elementor-element-5a0a5bd8 e-con-full e-flex e-con e-child\" data-id=\"5a0a5bd8\" data-element_type=\"container\" data-settings=\"{&quot;background_background&quot;:&quot;classic&quot;}\">\n\t\t<div class=\"elementor-element elementor-element-faf0b34 e-con-full e-flex e-con e-child\" data-id=\"faf0b34\" data-element_type=\"container\">\n\t\t\t\t<div class=\"elementor-element elementor-element-48768d2d elementor-widget elementor-widget-heading\" data-id=\"48768d2d\" data-element_type=\"widget\" data-widget_type=\"heading.default\">\n\t\t\t\t\t<h2 class=\"elementor-heading-title elementor-size-default\">Cobertura del seguro de infertilidad<\/h2>\t\t\t\t<\/div>\n\t\t\t\t<\/div>\n\t\t<div class=\"elementor-element elementor-element-2a95258e e-con-full e-flex e-con e-child\" data-id=\"2a95258e\" data-element_type=\"container\">\n\t\t\t\t<div class=\"elementor-element elementor-element-5f0c6b84 elementor-widget elementor-widget-text-editor\" data-id=\"5f0c6b84\" data-element_type=\"widget\" data-widget_type=\"text-editor.default\">\n\t\t\t\t\t\t\t\t\t<h3>Maximice sus prestaciones.<\/h3><p>Muchos planes de seguros ofrecen cobertura parcial o total para las pruebas de fertilidad, la IIU, la FIV y los medicamentos. Nuestros asesores financieros trabajan directamente con su seguro para ayudarle a entender lo que est\u00e1 cubierto y minimizar sus gastos de bolsillo.<\/p>\t\t\t\t\t\t\t\t<\/div>\n\t\t\t\t<div class=\"elementor-element elementor-element-dd99aa5 elementor-widget elementor-widget-button\" data-id=\"dd99aa5\" data-element_type=\"widget\" data-widget_type=\"button.default\">\n\t\t\t\t\t\t\t\t\t\t<a class=\"elementor-button elementor-button-link elementor-size-sm\" href=\"https:\/\/ivfflorida.com\/resources\/infertility-treatments-and-costs\/insurance\/\">\n\t\t\t\t\t\t<span class=\"elementor-button-content-wrapper\">\n\t\t\t\t\t\t\t\t\t<span class=\"elementor-button-text\">M\u00e1s informaci\u00f3n<\/span>\n\t\t\t\t\t<\/span>\n\t\t\t\t\t<\/a>\n\t\t\t\t\t\t\t\t<\/div>\n\t\t\t\t<\/div>\n\t\t\t\t<\/div>\n\t\t<div class=\"elementor-element elementor-element-672981df e-con-full e-flex e-con e-child\" data-id=\"672981df\" data-element_type=\"container\" data-settings=\"{&quot;background_background&quot;:&quot;classic&quot;}\">\n\t\t<div class=\"elementor-element elementor-element-579749e4 e-con-full e-flex e-con e-child\" data-id=\"579749e4\" data-element_type=\"container\">\n\t\t\t\t<div class=\"elementor-element elementor-element-57b8ba53 elementor-widget elementor-widget-heading\" data-id=\"57b8ba53\" data-element_type=\"widget\" data-widget_type=\"heading.default\">\n\t\t\t\t\t<h2 class=\"elementor-heading-title elementor-size-default\">Reembolsos de FIV y descuento multiciclo<\/h2>\t\t\t\t<\/div>\n\t\t\t\t<\/div>\n\t\t<div class=\"elementor-element elementor-element-2003a0c5 e-con-full e-flex e-con e-child\" data-id=\"2003a0c5\" data-element_type=\"container\">\n\t\t\t\t<div class=\"elementor-element elementor-element-3f33dd79 elementor-widget elementor-widget-text-editor\" data-id=\"3f33dd79\" data-element_type=\"widget\" data-widget_type=\"text-editor.default\">\n\t\t\t\t\t\t\t\t\t<h3>Tranquilidad con opciones de reembolso.<\/h3><p>Gracias a nuestra colaboraci\u00f3n con Fertility Access, los pacientes pueden ahorrar hasta 40% en costes de FIV con planes multiciclo agrupados y garant\u00edas de reembolso. Descubra m\u00e1s con el reembolso 100%, el reembolso 50% y los descuentos multiciclo.<\/p>\t\t\t\t\t\t\t\t<\/div>\n\t\t\t\t<div class=\"elementor-element elementor-element-552e215 elementor-widget elementor-widget-button\" data-id=\"552e215\" data-element_type=\"widget\" data-widget_type=\"button.default\">\n\t\t\t\t\t\t\t\t\t\t<a class=\"elementor-button elementor-button-link elementor-size-sm\" href=\"https:\/\/ivfflorida.com\/resources\/infertility-treatments-and-costs\/fertility-access\/\">\n\t\t\t\t\t\t<span class=\"elementor-button-content-wrapper\">\n\t\t\t\t\t\t\t\t\t<span class=\"elementor-button-text\">M\u00e1s informaci\u00f3n<\/span>\n\t\t\t\t\t<\/span>\n\t\t\t\t\t<\/a>\n\t\t\t\t\t\t\t\t<\/div>\n\t\t\t\t<\/div>\n\t\t\t\t<\/div>\n\t\t<div class=\"elementor-element elementor-element-7a4141 e-con-full e-flex e-con e-child\" data-id=\"7a4141\" data-element_type=\"container\" data-settings=\"{&quot;background_background&quot;:&quot;classic&quot;}\">\n\t\t<div class=\"elementor-element elementor-element-2483d41e e-con-full e-flex e-con e-child\" data-id=\"2483d41e\" data-element_type=\"container\">\n\t\t\t\t<div class=\"elementor-element elementor-element-140d35e5 elementor-widget elementor-widget-heading\" data-id=\"140d35e5\" data-element_type=\"widget\" data-widget_type=\"heading.default\">\n\t\t\t\t\t<h2 class=\"elementor-heading-title elementor-size-default\">Ayudas a la fertilidad<\/h2>\t\t\t\t<\/div>\n\t\t\t\t<\/div>\n\t\t<div class=\"elementor-element elementor-element-20a94ce1 e-con-full e-flex e-con e-child\" data-id=\"20a94ce1\" data-element_type=\"container\">\n\t\t\t\t<div class=\"elementor-element elementor-element-3d0bcc61 elementor-widget elementor-widget-text-editor\" data-id=\"3d0bcc61\" data-element_type=\"widget\" data-widget_type=\"text-editor.default\">\n\t\t\t\t\t\t\t\t\t<h3>Explorar programas de subvenciones para compensar los costes.<\/h3><p>Muchas organizaciones sin \u00e1nimo de lucro ofrecen subvenciones para ayudar a financiar el tratamiento de la infertilidad o la adopci\u00f3n. RSC se enorgullece de apoyar la Cade Foundation Family Building Grant, que concede hasta $10.000. Tambi\u00e9n puede haber otras subvenciones disponibles para residentes en California.<\/p>\t\t\t\t\t\t\t\t<\/div>\n\t\t\t\t<div class=\"elementor-element elementor-element-62cdaba elementor-widget elementor-widget-button\" data-id=\"62cdaba\" data-element_type=\"widget\" data-widget_type=\"button.default\">\n\t\t\t\t\t\t\t\t\t\t<a class=\"elementor-button elementor-button-link elementor-size-sm\" href=\"https:\/\/ivfflorida.com\/resources\/grants\/\">\n\t\t\t\t\t\t<span class=\"elementor-button-content-wrapper\">\n\t\t\t\t\t\t\t\t\t<span class=\"elementor-button-text\">M\u00e1s informaci\u00f3n<\/span>\n\t\t\t\t\t<\/span>\n\t\t\t\t\t<\/a>\n\t\t\t\t\t\t\t\t<\/div>\n\t\t\t\t<\/div>\n\t\t\t\t<\/div>\n\t\t<div class=\"elementor-element elementor-element-01c5535 e-con-full e-flex e-con e-child\" data-id=\"01c5535\" data-element_type=\"container\" data-settings=\"{&quot;background_background&quot;:&quot;classic&quot;}\">\n\t\t<div class=\"elementor-element elementor-element-164845a e-con-full e-flex e-con e-child\" data-id=\"164845a\" data-element_type=\"container\">\n\t\t\t\t<div class=\"elementor-element elementor-element-5c6d352 elementor-widget elementor-widget-heading\" data-id=\"5c6d352\" data-element_type=\"widget\" data-widget_type=\"heading.default\">\n\t\t\t\t\t<h2 class=\"elementor-heading-title elementor-size-default\">Financiaci\u00f3n de tratamientos de fertilidad<\/h2>\t\t\t\t<\/div>\n\t\t\t\t<\/div>\n\t\t<div class=\"elementor-element elementor-element-a4aadcb e-con-full e-flex e-con e-child\" data-id=\"a4aadcb\" data-element_type=\"container\">\n\t\t\t\t<div class=\"elementor-element elementor-element-ac0a4ca elementor-widget elementor-widget-text-editor\" data-id=\"ac0a4ca\" data-element_type=\"widget\" data-widget_type=\"text-editor.default\">\n\t\t\t\t\t\t\t\t\t<h3>Planes de pago mensuales flexibles.<\/h3><p>Las opciones de financiaci\u00f3n a trav\u00e9s de CapexMD ayudan a los pacientes a dividir los costes de fertilidad en pagos mensuales manejables. Precalifique sin afectar a su cr\u00e9dito y elija un plan que se ajuste a su presupuesto.<\/p>\t\t\t\t\t\t\t\t<\/div>\n\t\t\t\t<div class=\"elementor-element elementor-element-16c1563 elementor-widget elementor-widget-button\" data-id=\"16c1563\" data-element_type=\"widget\" data-widget_type=\"button.default\">\n\t\t\t\t\t\t\t\t\t\t<a class=\"elementor-button elementor-button-link elementor-size-sm\" href=\"https:\/\/ivfflorida.com\/resources\/financing\/\">\n\t\t\t\t\t\t<span class=\"elementor-button-content-wrapper\">\n\t\t\t\t\t\t\t\t\t<span class=\"elementor-button-text\">M\u00e1s informaci\u00f3n<\/span>\n\t\t\t\t\t<\/span>\n\t\t\t\t\t<\/a>\n\t\t\t\t\t\t\t\t<\/div>\n\t\t\t\t<\/div>\n\t\t\t\t<\/div>\n\t\t\t\t<\/div>\n\t\t<div class=\"elementor-element elementor-element-9fb7786 e-con-full e-flex e-con e-child\" data-id=\"9fb7786\" data-element_type=\"container\">\n\t\t<div class=\"elementor-element elementor-element-53cf4f48 e-con-full e-flex e-con e-child\" data-id=\"53cf4f48\" data-element_type=\"container\" data-settings=\"{&quot;background_background&quot;:&quot;classic&quot;}\">\n\t\t<div class=\"elementor-element elementor-element-53b701ab e-con-full e-flex e-con e-child\" data-id=\"53b701ab\" data-element_type=\"container\">\n\t\t\t\t<div class=\"elementor-element elementor-element-6cbda473 elementor-widget elementor-widget-text-editor\" data-id=\"6cbda473\" data-element_type=\"widget\" data-widget_type=\"text-editor.default\">\n\t\t\t\t\t\t\t\t\t<p>Sent\u00ed que nuestro tratamiento de fertilidad era seguro con el Dr. Bou Nemer. Aunque tuvimos contratiempos, me gust\u00f3 conocer de antemano un plan sobre qu\u00e9 hacer si funcionaba y si fracasaba, con algo tan fuera de nuestro control que era agradable sentir que control\u00e1bamos un plan.<\/p>\t\t\t\t\t\t\t\t<\/div>\n\t\t\t\t<\/div>\n\t\t\t\t<\/div>\n\t\t<div class=\"elementor-element elementor-element-6a42386d e-con-full interior-helpful-resources-column e-flex e-con e-child\" data-id=\"6a42386d\" data-element_type=\"container\" data-settings=\"{&quot;background_background&quot;:&quot;classic&quot;}\">\n\t\t\t\t<div class=\"elementor-element elementor-element-43a0b7b0 elementor-widget elementor-widget-heading\" data-id=\"43a0b7b0\" data-element_type=\"widget\" data-widget_type=\"heading.default\">\n\t\t\t\t\t<h5 class=\"elementor-heading-title elementor-size-default\">Recursos \u00fatiles<\/h5>\t\t\t\t<\/div>\n\t\t\t\t<div class=\"elementor-element elementor-element-29832dd6 elementor-widget elementor-widget-text-editor\" data-id=\"29832dd6\" data-element_type=\"widget\" data-widget_type=\"text-editor.default\">\n\t\t\t\t\t\t\t\t\t<ul><li><a href=\"\/es\/recursos\/affording-infertility-treatments-and-costs\/seguro\/\">Cobertura del seguro de fertilidad<\/a><\/li><li><a href=\"\/es\/recursos\/affording-infertility-treatments-and-costs\/acceso-a-la-fertilidad\/\">Acceso a la fertilidad<\/a>\u00a0<\/li><li><a href=\"\/es\/recursos\/affording-infertility-treatments-and-costs\/financing-programs\/\">Financiaci\u00f3n <\/a><\/li><\/ul>\t\t\t\t\t\t\t\t<\/div>\n\t\t\t\t<\/div>\n\t\t\t\t<\/div>\n\t\t\t\t<\/div>\n\t\t\t\t\t<\/div>\n\t\t\t\t<\/div>\n\t\t\t\t<\/div>\n\t\t\t\t<\/div>","protected":false},"excerpt":{"rendered":"<p>Affording Infertility Treatment Fertility care is a meaningful investment\u2014one that IVF Florida is proud to support through a range of financial options. Our team will help you understand your insurance benefits, explore financing plans, and take advantage of refund programs or grants when available&#8230;<\/p>","protected":false},"author":2,"featured_media":0,"parent":440,"menu_order":0,"template":"","meta":{"_acf_changed":false,"footnotes":""},"class_list":["post-441","page","type-page","status-publish","hentry"],"acf":[],"aioseo_notices":[],"_links":{"self":[{"href":"https:\/\/ivfflorida.com.onspire.dev\/es\/wp-json\/wp\/v2\/pages\/441","targetHints":{"allow":["GET"]}}],"collection":[{"href":"https:\/\/ivfflorida.com.onspire.dev\/es\/wp-json\/wp\/v2\/pages"}],"about":[{"href":"https:\/\/ivfflorida.com.onspire.dev\/es\/wp-json\/wp\/v2\/types\/page"}],"author":[{"embeddable":true,"href":"https:\/\/ivfflorida.com.onspire.dev\/es\/wp-json\/wp\/v2\/users\/2"}],"replies":[{"embeddable":true,"href":"https:\/\/ivfflorida.com.onspire.dev\/es\/wp-json\/wp\/v2\/comments?post=441"}],"version-history":[{"count":22,"href":"https:\/\/ivfflorida.com.onspire.dev\/es\/wp-json\/wp\/v2\/pages\/441\/revisions"}],"predecessor-version":[{"id":2923,"href":"https:\/\/ivfflorida.com.onspire.dev\/es\/wp-json\/wp\/v2\/pages\/441\/revisions\/2923"}],"up":[{"embeddable":true,"href":"https:\/\/ivfflorida.com.onspire.dev\/es\/wp-json\/wp\/v2\/pages\/440"}],"wp:attachment":[{"href":"https:\/\/ivfflorida.com.onspire.dev\/es\/wp-json\/wp\/v2\/media?parent=441"}],"curies":[{"name":"wp","href":"https:\/\/api.w.org\/{rel}","templated":true}]}}