{"id":442,"date":"2025-08-07T19:22:27","date_gmt":"2025-08-07T19:22:27","guid":{"rendered":"https:\/\/ivfflorida.com\/?page_id=442"},"modified":"2025-09-24T15:36:35","modified_gmt":"2025-09-24T15:36:35","slug":"acceso-a-la-fertilidad","status":"publish","type":"page","link":"https:\/\/ivfflorida.com.onspire.dev\/es\/recursos\/tratamientos-y-costes-de-la-infertilidad\/acceso-a-la-fertilidad\/","title":{"rendered":"Acceso a la fertilidad"},"content":{"rendered":"<div data-elementor-type=\"wp-page\" data-elementor-id=\"442\" class=\"elementor elementor-442\" data-elementor-post-type=\"page\">\n\t\t\t\t<div class=\"elementor-element elementor-element-24597b8c e-flex e-con-boxed e-con e-parent\" data-id=\"24597b8c\" data-element_type=\"container\" data-settings=\"{&quot;background_background&quot;:&quot;classic&quot;}\">\n\t\t\t\t\t<div class=\"e-con-inner\">\n\t\t<div class=\"elementor-element elementor-element-5be18864 e-flex e-con-boxed e-con e-child\" data-id=\"5be18864\" data-element_type=\"container\">\n\t\t\t\t\t<div class=\"e-con-inner\">\n\t\t<div class=\"elementor-element elementor-element-1e0fed88 e-con-full e-flex e-con e-child\" data-id=\"1e0fed88\" data-element_type=\"container\" data-settings=\"{&quot;background_background&quot;:&quot;classic&quot;}\">\n\t\t<div class=\"elementor-element elementor-element-f88073d e-con-full e-flex e-con e-child\" data-id=\"f88073d\" data-element_type=\"container\">\n\t\t\t\t<div class=\"elementor-element elementor-element-5531de57 elementor-widget elementor-widget-heading\" data-id=\"5531de57\" data-element_type=\"widget\" data-widget_type=\"heading.default\">\n\t\t\t\t\t<h1 class=\"elementor-heading-title elementor-size-default\">Acceso a la fertilidad<\/h1>\t\t\t\t<\/div>\n\t\t\t\t<div class=\"elementor-element elementor-element-7a01af39 elementor-widget elementor-widget-text-editor\" data-id=\"7a01af39\" data-element_type=\"widget\" data-widget_type=\"text-editor.default\">\n\t\t\t\t\t\t\t\t\t<p><span style=\"font-weight: 400;\">El tratamiento de la fertilidad es una inversi\u00f3n importante: emocional, f\u00edsica y econ\u00f3micamente. Fertility Access le ayuda a hacer m\u00e1s llevadero el coste de la FIV ofreci\u00e9ndole programas exclusivos multiciclo y de reembolso dise\u00f1ados para proporcionarle claridad financiera y tranquilidad.<\/span><\/p>\t\t\t\t\t\t\t\t<\/div>\n\t\t\t\t<\/div>\n\t\t\t\t<\/div>\n\t\t\t\t\t<\/div>\n\t\t\t\t<\/div>\n\t\t\t\t\t<\/div>\n\t\t\t\t<\/div>\n\t\t<div class=\"elementor-element elementor-element-5ab13b9c e-con-full e-flex e-con e-parent\" data-id=\"5ab13b9c\" data-element_type=\"container\">\n\t\t<div class=\"elementor-element elementor-element-4ab8f780 e-flex e-con-boxed e-con e-child\" data-id=\"4ab8f780\" data-element_type=\"container\">\n\t\t\t\t\t<div class=\"e-con-inner\">\n\t\t<div class=\"elementor-element elementor-element-25ce328a e-con-full e-flex e-con e-child\" data-id=\"25ce328a\" data-element_type=\"container\">\n\t\t<div class=\"elementor-element elementor-element-7b7a7bce e-con-full e-flex e-con e-child\" data-id=\"7b7a7bce\" data-element_type=\"container\">\n\t\t<div class=\"elementor-element elementor-element-480e3ad0 e-con-full e-flex e-con e-child\" data-id=\"480e3ad0\" data-element_type=\"container\">\n\t\t\t\t<div class=\"elementor-element elementor-element-3e2f431b elementor-widget elementor-widget-image\" data-id=\"3e2f431b\" data-element_type=\"widget\" data-widget_type=\"image.default\">\n\t\t\t\t\t\t\t\t\t\t\t\t\t\t\t<img fetchpriority=\"high\" decoding=\"async\" width=\"939\" height=\"233\" src=\"https:\/\/ivfflorida.com.onspire.dev\/wp-content\/uploads\/2025\/09\/father-lifting-child.jpg\" class=\"attachment-full size-full wp-image-1206\" alt=\"\" srcset=\"https:\/\/ivfflorida.com.onspire.dev\/wp-content\/uploads\/2025\/09\/father-lifting-child.jpg 939w, https:\/\/ivfflorida.com.onspire.dev\/wp-content\/uploads\/2025\/09\/father-lifting-child-300x74.jpg 300w, https:\/\/ivfflorida.com.onspire.dev\/wp-content\/uploads\/2025\/09\/father-lifting-child-768x191.jpg 768w\" sizes=\"(max-width: 939px) 100vw, 939px\" \/>\t\t\t\t\t\t\t\t\t\t\t\t\t\t\t<\/div>\n\t\t\t\t<\/div>\n\t\t<div class=\"elementor-element elementor-element-105910b6 e-con-full e-flex e-con e-child\" data-id=\"105910b6\" data-element_type=\"container\" data-settings=\"{&quot;background_background&quot;:&quot;classic&quot;}\">\n\t\t<div class=\"elementor-element elementor-element-92e3198 e-con-full e-flex e-con e-child\" data-id=\"92e3198\" data-element_type=\"container\">\n\t\t\t\t<div class=\"elementor-element elementor-element-2d8263a1 elementor-widget elementor-widget-heading\" data-id=\"2d8263a1\" data-element_type=\"widget\" data-widget_type=\"heading.default\">\n\t\t\t\t\t<h2 class=\"elementor-heading-title elementor-size-default\">\u00bfQu\u00e9 es el Acceso a la Fertilidad?<\/h2>\t\t\t\t<\/div>\n\t\t\t\t<\/div>\n\t\t<div class=\"elementor-element elementor-element-75fcc81d e-con-full e-flex e-con e-child\" data-id=\"75fcc81d\" data-element_type=\"container\">\n\t\t\t\t<div class=\"elementor-element elementor-element-5b90586d elementor-widget elementor-widget-text-editor\" data-id=\"5b90586d\" data-element_type=\"widget\" data-widget_type=\"text-editor.default\">\n\t\t\t\t\t\t\t\t\t<p><span style=\"font-weight: 400;\">Fertility Access ofrece una variedad de programas de reembolso de FIV y de descuento multiciclo que garantizan un ahorro significativo al agrupar las tarifas reducidas por adelantado. Nuestros programas tambi\u00e9n proporcionan tranquilidad, con opciones de reembolso en caso de que el tratamiento no tenga \u00e9xito. Disponemos de m\u00faltiples opciones que se adaptan a las necesidades financieras y de tratamiento espec\u00edficas de cada paciente.<\/span><\/p>\t\t\t\t\t\t\t\t<\/div>\n\t\t\t\t<\/div>\n\t\t\t\t<\/div>\n\t\t<div class=\"elementor-element elementor-element-2e03109c e-con-full e-flex e-con e-child\" data-id=\"2e03109c\" data-element_type=\"container\" data-settings=\"{&quot;background_background&quot;:&quot;classic&quot;}\">\n\t\t<div class=\"elementor-element elementor-element-5857d508 e-con-full e-flex e-con e-child\" data-id=\"5857d508\" data-element_type=\"container\">\n\t\t\t\t<div class=\"elementor-element elementor-element-29818da2 elementor-widget elementor-widget-heading\" data-id=\"29818da2\" data-element_type=\"widget\" data-widget_type=\"heading.default\">\n\t\t\t\t\t<h2 class=\"elementor-heading-title elementor-size-default\">Opciones del programa<\/h2>\t\t\t\t<\/div>\n\t\t\t\t<\/div>\n\t\t<div class=\"elementor-element elementor-element-58eb2d36 e-con-full e-flex e-con e-child\" data-id=\"58eb2d36\" data-element_type=\"container\">\n\t\t\t\t<div class=\"elementor-element elementor-element-61a1c74 elementor-widget elementor-widget-text-editor\" data-id=\"61a1c74\" data-element_type=\"widget\" data-widget_type=\"text-editor.default\">\n\t\t\t\t\t\t\t\t\t<h3>100% Programa de reembolso<\/h3><p>Incluye 3 extracciones y transferencias ilimitadas de embriones congelados. Este programa le ofrece la m\u00e1xima tranquilidad sabiendo que se llevar\u00e1 a casa un beb\u00e9 o recibir\u00e1 un reembolso completo.<\/p><h3>Programa de reembolso 50%<\/h3><p>Incluye 2 extracciones y transferencias ilimitadas de embriones congelados. Si no te llevas un beb\u00e9 a casa, recibir\u00e1s un reembolso 50%.<\/p><h3>Programa de descuentos multiciclo<\/h3><p>Elija incluir 2 \u00f3 3 extracciones y transferencias ilimitadas de embriones congelados. Todos los pacientes de FIV pueden beneficiarse de este programa de descuentos.<\/p><p>\u00a0<\/p>\t\t\t\t\t\t\t\t<\/div>\n\t\t\t\t<\/div>\n\t\t\t\t<\/div>\n\t\t<div class=\"elementor-element elementor-element-1b9ffc06 e-con-full e-flex e-con e-child\" data-id=\"1b9ffc06\" data-element_type=\"container\" data-settings=\"{&quot;background_background&quot;:&quot;classic&quot;}\">\n\t\t<div class=\"elementor-element elementor-element-64f5c486 e-con-full e-flex e-con e-child\" data-id=\"64f5c486\" data-element_type=\"container\">\n\t\t\t\t<div class=\"elementor-element elementor-element-1b68bcd1 elementor-widget elementor-widget-heading\" data-id=\"1b68bcd1\" data-element_type=\"widget\" data-widget_type=\"heading.default\">\n\t\t\t\t\t<h2 class=\"elementor-heading-title elementor-size-default\">4 pasos para inscribirse en un programa de acceso a la fertilidad<\/h2>\t\t\t\t<\/div>\n\t\t\t\t<\/div>\n\t\t<div class=\"elementor-element elementor-element-614701d4 e-con-full e-flex e-con e-child\" data-id=\"614701d4\" data-element_type=\"container\">\n\t\t\t\t<div class=\"elementor-element elementor-element-78f1400f elementor-widget elementor-widget-text-editor\" data-id=\"78f1400f\" data-element_type=\"widget\" data-widget_type=\"text-editor.default\">\n\t\t\t\t\t\t\t\t\t<h3>1. Hable con un asesor de pacientes de Fertility Access.<\/h3><p>Un asesor de pacientes de Fertility Access est\u00e1 a su disposici\u00f3n para ofrecerle orientaci\u00f3n espec\u00edfica sobre su plan de tratamiento, en funci\u00f3n de su elegibilidad. Su asesor estudiar\u00e1 qu\u00e9 opci\u00f3n se ajusta mejor a su plan de tratamiento y a su situaci\u00f3n financiera y le proporcionar\u00e1 un presupuesto f\u00e1cil de entender. Aseg\u00farese tambi\u00e9n de preguntar por nuestros socios de financiaci\u00f3n.<\/p><h3>2. Completar una simple revisi\u00f3n de elegibilidad.<\/h3><p>El equipo de Fertility Access colaborar\u00e1 con su centro de fertilidad para revisar sus resultados cl\u00ednicos y determinar si puede acogerse al programa de reembolso. No existen requisitos cl\u00ednicos para el programa de Descuento Multiciclo, y todos los pacientes de FIV pueden acogerse a este programa. Una vez revisada su informaci\u00f3n, su Conserje revisar\u00e1 sus opciones con usted. Simplemente tendr\u00e1 que determinar cu\u00e1ntos ciclos desea incluir en su paquete y solicitar un contrato a su Conserje.<\/p><h3>3. Revise su contrato.<\/h3><p>Nuestros programas est\u00e1n dise\u00f1ados para ayudarle a conseguir su objetivo de tener un beb\u00e9, a un coste fijo reducido. Revisa detenidamente el contrato de tu programa y pregunta a tu Conserje cualquier duda que tengas.<\/p><h3>4. Firme y env\u00ede.<\/h3><p>El \u00faltimo paso es firmar el contrato y pagar por adelantado la tarifa \u00fanica con descuento del programa. Al pagar por adelantado un paquete de tratamientos, los pacientes ahorran hasta 40% pagando de m\u00e1s por el mismo tratamiento ciclo a ciclo.<\/p>\t\t\t\t\t\t\t\t<\/div>\n\t\t\t\t<\/div>\n\t\t\t\t<\/div>\n\t\t\t\t<\/div>\n\t\t<div class=\"elementor-element elementor-element-1ef743ac e-con-full e-flex e-con e-child\" data-id=\"1ef743ac\" data-element_type=\"container\">\n\t\t<div class=\"elementor-element elementor-element-43b03a78 e-con-full e-flex e-con e-child\" data-id=\"43b03a78\" data-element_type=\"container\" data-settings=\"{&quot;background_background&quot;:&quot;classic&quot;}\">\n\t\t<div class=\"elementor-element elementor-element-63674fcb e-con-full e-flex e-con e-child\" data-id=\"63674fcb\" data-element_type=\"container\">\n\t\t\t\t<div class=\"elementor-element elementor-element-6056e3b8 elementor-widget elementor-widget-text-editor\" data-id=\"6056e3b8\" data-element_type=\"widget\" data-widget_type=\"text-editor.default\">\n\t\t\t\t\t\t\t\t\t<p><span style=\"font-weight: 400;\">Sin el Dr. Gualtieri y su incre\u00edble equipo, no tendr\u00edamos a nuestra dulce ni\u00f1a. Nunca podr\u00e9 agradecerle lo suficiente por ayudarnos. Muchas gracias tambi\u00e9n a su t\u00e9. Sin esas encantadoras se\u00f1oras, no s\u00e9 si habr\u00eda podido seguir adelante durante el tiempo que nos llev\u00f3 concebir. Estamos m\u00e1s que agradecidos y bendecidos.<\/span><\/p>\t\t\t\t\t\t\t\t<\/div>\n\t\t\t\t<\/div>\n\t\t\t\t<\/div>\n\t\t<div class=\"elementor-element elementor-element-50f673b6 e-con-full interior-helpful-resources-column e-flex e-con e-child\" data-id=\"50f673b6\" data-element_type=\"container\" data-settings=\"{&quot;background_background&quot;:&quot;classic&quot;}\">\n\t\t\t\t<div class=\"elementor-element elementor-element-377f8e92 elementor-widget elementor-widget-heading\" data-id=\"377f8e92\" data-element_type=\"widget\" data-widget_type=\"heading.default\">\n\t\t\t\t\t<h5 class=\"elementor-heading-title elementor-size-default\">Recursos \u00fatiles<\/h5>\t\t\t\t<\/div>\n\t\t\t\t<div class=\"elementor-element elementor-element-e59ee3c elementor-widget elementor-widget-text-editor\" data-id=\"e59ee3c\" data-element_type=\"widget\" data-widget_type=\"text-editor.default\">\n\t\t\t\t\t\t\t\t\t<ul><li><a href=\"\/es\/tratamientos\/fecundacion-in-vitro\/\">Fecundaci\u00f3n in vitro<\/a>\u00a0<\/li><li><a href=\"\/es\/comienza-tu-viaje\/cuando-acudir-a-un-especialista-en-fertilidad\/\">Cu\u00e1ndo acudir a un especialista en fertilidad<\/a>\u00a0<\/li><li><a href=\"\/es\/comienza-tu-viaje\/su-primera-visita\/\">Su primera cita<\/a><\/li><\/ul>\t\t\t\t\t\t\t\t<\/div>\n\t\t\t\t<\/div>\n\t\t\t\t<\/div>\n\t\t\t\t<\/div>\n\t\t\t\t\t<\/div>\n\t\t\t\t<\/div>\n\t\t\t\t<\/div>\n\t\t<div class=\"elementor-element elementor-element-5a5a8d68 e-flex e-con-boxed e-con e-parent\" data-id=\"5a5a8d68\" data-element_type=\"container\" data-settings=\"{&quot;background_background&quot;:&quot;classic&quot;}\">\n\t\t\t\t\t<div class=\"e-con-inner\">\n\t\t<div class=\"elementor-element elementor-element-576e6cd5 e-flex e-con-boxed e-con e-child\" data-id=\"576e6cd5\" data-element_type=\"container\">\n\t\t\t\t\t<div class=\"e-con-inner\">\n\t\t<div class=\"elementor-element elementor-element-2c2af60b e-con-full e-flex e-con e-child\" data-id=\"2c2af60b\" data-element_type=\"container\">\n\t\t<div class=\"elementor-element elementor-element-6e80731e e-con-full e-flex e-con e-child\" data-id=\"6e80731e\" data-element_type=\"container\">\n\t\t\t\t<div class=\"elementor-element elementor-element-4e1df1a6 elementor-widget elementor-widget-heading\" data-id=\"4e1df1a6\" data-element_type=\"widget\" data-widget_type=\"heading.default\">\n\t\t\t\t\t<h2 class=\"elementor-heading-title elementor-size-default\">Inscr\u00edbete hoy<\/h2>\t\t\t\t<\/div>\n\t\t\t\t<div class=\"elementor-element elementor-element-20b6a045 elementor-widget elementor-widget-text-editor\" data-id=\"20b6a045\" data-element_type=\"widget\" data-widget_type=\"text-editor.default\">\n\t\t\t\t\t\t\t\t\t<p>Con\u00e9ctese hoy mismo con Fertility Access El programa Fertility Access est\u00e1 dise\u00f1ado para darle tranquilidad a lo largo de su viaje de fertilidad. Llame a <a href=\"tel:1-800-USF-9203\" target=\"_blank\" rel=\"noopener\">1-800-USF-9203<\/a> para obtener m\u00e1s informaci\u00f3n o env\u00edenos un correo electr\u00f3nico a <a href=\"mailto:FertilityAccess@USFertility.com\">FertilityAccess@USFertility.com<\/a>.<\/p>\t\t\t\t\t\t\t\t<\/div>\n\t\t\t\t<\/div>\n\t\t\t\t<\/div>\n\t\t\t\t\t<\/div>\n\t\t\t\t<\/div>\n\t\t\t\t\t<\/div>\n\t\t\t\t<\/div>\n\t\t\t\t<\/div>","protected":false},"excerpt":{"rendered":"<p>Fertility Access El tratamiento de la fertilidad es una inversi\u00f3n importante: emocional, f\u00edsica y econ\u00f3micamente. Fertility Access le ayuda a que el coste de la FIV sea m\u00e1s asequible ofreci\u00e9ndole programas exclusivos multiciclo y de reembolso dise\u00f1ados para proporcionarle claridad financiera y tranquilidad \u00bfQu\u00e9 es Fertility Access?<\/p>","protected":false},"author":2,"featured_media":0,"parent":440,"menu_order":0,"template":"","meta":{"_acf_changed":false,"footnotes":""},"class_list":["post-442","page","type-page","status-publish","hentry"],"acf":[],"aioseo_notices":[],"_links":{"self":[{"href":"https:\/\/ivfflorida.com.onspire.dev\/es\/wp-json\/wp\/v2\/pages\/442","targetHints":{"allow":["GET"]}}],"collection":[{"href":"https:\/\/ivfflorida.com.onspire.dev\/es\/wp-json\/wp\/v2\/pages"}],"about":[{"href":"https:\/\/ivfflorida.com.onspire.dev\/es\/wp-json\/wp\/v2\/types\/page"}],"author":[{"embeddable":true,"href":"https:\/\/ivfflorida.com.onspire.dev\/es\/wp-json\/wp\/v2\/users\/2"}],"replies":[{"embeddable":true,"href":"https:\/\/ivfflorida.com.onspire.dev\/es\/wp-json\/wp\/v2\/comments?post=442"}],"version-history":[{"count":9,"href":"https:\/\/ivfflorida.com.onspire.dev\/es\/wp-json\/wp\/v2\/pages\/442\/revisions"}],"predecessor-version":[{"id":2524,"href":"https:\/\/ivfflorida.com.onspire.dev\/es\/wp-json\/wp\/v2\/pages\/442\/revisions\/2524"}],"up":[{"embeddable":true,"href":"https:\/\/ivfflorida.com.onspire.dev\/es\/wp-json\/wp\/v2\/pages\/440"}],"wp:attachment":[{"href":"https:\/\/ivfflorida.com.onspire.dev\/es\/wp-json\/wp\/v2\/media?parent=442"}],"curies":[{"name":"wp","href":"https:\/\/api.w.org\/{rel}","templated":true}]}}