{"id":443,"date":"2025-08-07T19:26:05","date_gmt":"2025-08-07T19:26:05","guid":{"rendered":"https:\/\/ivfflorida.com\/?page_id=443"},"modified":"2025-09-24T17:14:34","modified_gmt":"2025-09-24T17:14:34","slug":"seguro","status":"publish","type":"page","link":"https:\/\/ivfflorida.com.onspire.dev\/es\/recursos\/tratamientos-y-costes-de-la-infertilidad\/seguro\/","title":{"rendered":"Seguros"},"content":{"rendered":"<div data-elementor-type=\"wp-page\" data-elementor-id=\"443\" class=\"elementor elementor-443\" data-elementor-post-type=\"page\">\n\t\t\t\t<div class=\"elementor-element elementor-element-7c638a4b e-flex e-con-boxed e-con e-parent\" data-id=\"7c638a4b\" data-element_type=\"container\" data-settings=\"{&quot;background_background&quot;:&quot;classic&quot;}\">\n\t\t\t\t\t<div class=\"e-con-inner\">\n\t\t<div class=\"elementor-element elementor-element-694157bf e-flex e-con-boxed e-con e-child\" data-id=\"694157bf\" data-element_type=\"container\">\n\t\t\t\t\t<div class=\"e-con-inner\">\n\t\t<div class=\"elementor-element elementor-element-21bf958e e-con-full e-flex e-con e-child\" data-id=\"21bf958e\" data-element_type=\"container\" data-settings=\"{&quot;background_background&quot;:&quot;classic&quot;}\">\n\t\t<div class=\"elementor-element elementor-element-66e1e5d3 e-con-full e-flex e-con e-child\" data-id=\"66e1e5d3\" data-element_type=\"container\">\n\t\t\t\t<div class=\"elementor-element elementor-element-71f2231a elementor-widget elementor-widget-heading\" data-id=\"71f2231a\" data-element_type=\"widget\" data-widget_type=\"heading.default\">\n\t\t\t\t\t<h1 class=\"elementor-heading-title elementor-size-default\">Cobertura del seguro de fertilidad<\/h1>\t\t\t\t<\/div>\n\t\t\t\t<div class=\"elementor-element elementor-element-967ea8f elementor-widget elementor-widget-text-editor\" data-id=\"967ea8f\" data-element_type=\"widget\" data-widget_type=\"text-editor.default\">\n\t\t\t\t\t\t\t\t\t<p>A la hora de planificar su viaje de fertilidad, es importante tener en cuenta los costes del tratamiento y el seguro. Nuestros experimentados educadores financieros est\u00e1n aqu\u00ed para ayudarle a comprender las prestaciones de su seguro y minimizar los gastos de su bolsillo.<\/p>\t\t\t\t\t\t\t\t<\/div>\n\t\t\t\t<div class=\"elementor-element elementor-element-0f113c6 elementor-widget__width-auto elementor-mobile-align-center elementor-widget elementor-widget-button\" data-id=\"0f113c6\" data-element_type=\"widget\" data-widget_type=\"button.default\">\n\t\t\t\t\t\t\t\t\t\t<a class=\"elementor-button elementor-button-link elementor-size-sm\" href=\"\/es\/concertar-cita\/\">\n\t\t\t\t\t\t<span class=\"elementor-button-content-wrapper\">\n\t\t\t\t\t\t\t\t\t<span class=\"elementor-button-text\">Solicitar cita<\/span>\n\t\t\t\t\t<\/span>\n\t\t\t\t\t<\/a>\n\t\t\t\t\t\t\t\t<\/div>\n\t\t\t\t<\/div>\n\t\t\t\t<\/div>\n\t\t\t\t\t<\/div>\n\t\t\t\t<\/div>\n\t\t\t\t\t<\/div>\n\t\t\t\t<\/div>\n\t\t<div class=\"elementor-element elementor-element-741ba5a1 e-con-full e-flex e-con e-parent\" data-id=\"741ba5a1\" data-element_type=\"container\">\n\t\t<div class=\"elementor-element elementor-element-a3b76f2 e-flex e-con-boxed e-con e-child\" data-id=\"a3b76f2\" data-element_type=\"container\">\n\t\t\t\t\t<div class=\"e-con-inner\">\n\t\t<div class=\"elementor-element elementor-element-1525a544 e-con-full e-flex e-con e-child\" data-id=\"1525a544\" data-element_type=\"container\">\n\t\t<div class=\"elementor-element elementor-element-76dc3903 e-con-full e-flex e-con e-child\" data-id=\"76dc3903\" data-element_type=\"container\">\n\t\t<div class=\"elementor-element elementor-element-7600f676 e-con-full e-flex e-con e-child\" data-id=\"7600f676\" data-element_type=\"container\">\n\t\t\t\t<div class=\"elementor-element elementor-element-7f957900 elementor-widget elementor-widget-image\" data-id=\"7f957900\" data-element_type=\"widget\" data-widget_type=\"image.default\">\n\t\t\t\t\t\t\t\t\t\t\t\t\t\t\t<img fetchpriority=\"high\" decoding=\"async\" width=\"939\" height=\"233\" src=\"https:\/\/ivfflorida.com.onspire.dev\/wp-content\/uploads\/2025\/09\/daugher-in-middle.jpg\" class=\"attachment-full size-full wp-image-1203\" alt=\"\" srcset=\"https:\/\/ivfflorida.com.onspire.dev\/wp-content\/uploads\/2025\/09\/daugher-in-middle.jpg 939w, https:\/\/ivfflorida.com.onspire.dev\/wp-content\/uploads\/2025\/09\/daugher-in-middle-300x74.jpg 300w, https:\/\/ivfflorida.com.onspire.dev\/wp-content\/uploads\/2025\/09\/daugher-in-middle-768x191.jpg 768w\" sizes=\"(max-width: 939px) 100vw, 939px\" \/>\t\t\t\t\t\t\t\t\t\t\t\t\t\t\t<\/div>\n\t\t\t\t<\/div>\n\t\t<div class=\"elementor-element elementor-element-794d69f0 e-con-full e-flex e-con e-child\" data-id=\"794d69f0\" data-element_type=\"container\" data-settings=\"{&quot;background_background&quot;:&quot;classic&quot;}\">\n\t\t<div class=\"elementor-element elementor-element-3ff5dcfb e-con-full e-flex e-con e-child\" data-id=\"3ff5dcfb\" data-element_type=\"container\">\n\t\t\t\t<div class=\"elementor-element elementor-element-66648d0f elementor-widget elementor-widget-heading\" data-id=\"66648d0f\" data-element_type=\"widget\" data-widget_type=\"heading.default\">\n\t\t\t\t\t<h2 class=\"elementor-heading-title elementor-size-default\">C\u00f3mo le ayuda nuestro equipo financiero<\/h2>\t\t\t\t<\/div>\n\t\t\t\t<\/div>\n\t\t<div class=\"elementor-element elementor-element-4cbb19d e-con-full e-flex e-con e-child\" data-id=\"4cbb19d\" data-element_type=\"container\">\n\t\t\t\t<div class=\"elementor-element elementor-element-4c170d45 elementor-widget elementor-widget-text-editor\" data-id=\"4c170d45\" data-element_type=\"widget\" data-widget_type=\"text-editor.default\">\n\t\t\t\t\t\t\t\t\t<h3>En IVF Florida, sabemos que el aspecto financiero de la atenci\u00f3n de la fertilidad es una consideraci\u00f3n importante. Nuestros educadores financieros:<\/h3><ul><li aria-level=\"1\">Explicar los costes del tratamiento y la cobertura de su seguro antes de iniciar un ciclo<\/li><li aria-level=\"1\">Especialista en cobertura de infertilidad y prestaciones de seguros<\/li><\/ul>\t\t\t\t\t\t\t\t<\/div>\n\t\t\t\t<\/div>\n\t\t\t\t<\/div>\n\t\t<div class=\"elementor-element elementor-element-b2cb65b e-con-full e-flex e-con e-child\" data-id=\"b2cb65b\" data-element_type=\"container\" data-settings=\"{&quot;background_background&quot;:&quot;classic&quot;}\">\n\t\t<div class=\"elementor-element elementor-element-3eb19d7d e-con-full e-flex e-con e-child\" data-id=\"3eb19d7d\" data-element_type=\"container\">\n\t\t\t\t<div class=\"elementor-element elementor-element-37966f05 elementor-widget elementor-widget-heading\" data-id=\"37966f05\" data-element_type=\"widget\" data-widget_type=\"heading.default\">\n\t\t\t\t\t<h2 class=\"elementor-heading-title elementor-size-default\"> Administradores con los que trabajamos\n<\/h2>\t\t\t\t<\/div>\n\t\t\t\t<\/div>\n\t\t<div class=\"elementor-element elementor-element-237fb42c e-con-full e-flex e-con e-child\" data-id=\"237fb42c\" data-element_type=\"container\">\n\t\t\t\t<div class=\"elementor-element elementor-element-1ec8234e elementor-widget elementor-widget-text-editor\" data-id=\"1ec8234e\" data-element_type=\"widget\" data-widget_type=\"text-editor.default\">\n\t\t\t\t\t\t\t\t\t<h3>IVF Florida tiene contrato con los siguientes proveedores de seguros:<\/h3><ul><li aria-level=\"1\">Aetna\u00ae (todos los productos)<\/li><li aria-level=\"1\">AvMed<\/li><li aria-level=\"1\">Blue Cross\u00ae y Blue Shield\u00ae (HMO, PPO, POS)<\/li><li aria-level=\"1\">Red Azul<\/li><li aria-level=\"1\">Health Options\u2122 (Opciones de salud)<\/li><li aria-level=\"1\">Tradicional<\/li><li aria-level=\"1\">Atenci\u00f3n preferente al paciente<\/li><li aria-level=\"1\">Cigna\u00ae (todos los productos)<\/li><li aria-level=\"1\">Primera Red Sanitaria<\/li><li aria-level=\"1\">Humana\u00ae (s\u00f3lo contratado para la visita inicial del nuevo paciente)<\/li><li aria-level=\"1\">Memorial Managed Care (HMO, PPO, PHO)<\/li><li aria-level=\"1\">UMR<\/li><li aria-level=\"1\">UnitedHealthcare\u00ae (todos los productos)<\/li><li aria-level=\"1\">Redes de Recursos Unidos (URN)<\/li><\/ul><p><strong>Importante:<\/strong> Las prestaciones var\u00edan en funci\u00f3n de su plan espec\u00edfico. La participaci\u00f3n no garantiza la cobertura. Consulte siempre a su compa\u00f1\u00eda de seguros para obtener la informaci\u00f3n m\u00e1s precisa sobre sus prestaciones individuales.<\/p>\t\t\t\t\t\t\t\t<\/div>\n\t\t\t\t<\/div>\n\t\t\t\t<\/div>\n\t\t<div class=\"elementor-element elementor-element-57b2f608 e-con-full e-flex e-con e-child\" data-id=\"57b2f608\" data-element_type=\"container\" data-settings=\"{&quot;background_background&quot;:&quot;classic&quot;}\">\n\t\t<div class=\"elementor-element elementor-element-13dc4b e-con-full e-flex e-con e-child\" data-id=\"13dc4b\" data-element_type=\"container\">\n\t\t\t\t<div class=\"elementor-element elementor-element-12a6776 elementor-widget elementor-widget-heading\" data-id=\"12a6776\" data-element_type=\"widget\" data-widget_type=\"heading.default\">\n\t\t\t\t\t<h2 class=\"elementor-heading-title elementor-size-default\">Administradoras de prestaciones de fertilidad que aceptamos<\/h2>\t\t\t\t<\/div>\n\t\t\t\t<\/div>\n\t\t<div class=\"elementor-element elementor-element-4202ee1b e-con-full e-flex e-con e-child\" data-id=\"4202ee1b\" data-element_type=\"container\">\n\t\t\t\t<div class=\"elementor-element elementor-element-1ad76b76 elementor-widget elementor-widget-text-editor\" data-id=\"1ad76b76\" data-element_type=\"widget\" data-widget_type=\"text-editor.default\">\n\t\t\t\t\t\t\t\t\t<p>Adem\u00e1s de los planes de seguro tradicionales, IVF Florida colabora con varios administradores de prestaciones de fertilidad, empresas externas especializadas en la gesti\u00f3n de las prestaciones de tratamientos de fertilidad ofrecidas por su empresa.<\/p><h3>Los pacientes que utilizan estos programas pueden recibir:<\/h3><ul><li aria-level=\"1\">Tarifas preferentes negociadas<\/li><li aria-level=\"1\">Agilizaci\u00f3n de la tramitaci\u00f3n de siniestros<\/li><li aria-level=\"1\">Cobertura exclusiva de tratamientos y medicamentos de fertilidad<\/li><\/ul><h3>Estamos orgullosos de trabajar con las siguientes administradoras de prestaciones de fertilidad:<\/h3><ul><li aria-level=\"1\">Cl\u00ednica Maven<\/li><li aria-level=\"1\">EviCore\u00a0<\/li><li aria-level=\"1\"><a href=\"https:\/\/rscbayarea.com\/affording-infertility-treatment\/progyny-fertility-benefits\/\" target=\"_blank\" rel=\"noopener\">Progyny<\/a><\/li><li aria-level=\"1\">Optum<\/li><li aria-level=\"1\">WINFertility<\/li><\/ul><p>Algunos de estos programas pueden requerir que los empleados se inscriban directamente con el proveedor de prestaciones de fertilidad para acceder a los servicios cubiertos. Le recomendamos que se ponga en contacto con su departamento de RRHH para verificar su elegibilidad y el proceso de inscripci\u00f3n. Tambi\u00e9n puede hablar con un educador financiero para obtener ayuda.<\/p>\t\t\t\t\t\t\t\t<\/div>\n\t\t\t\t<\/div>\n\t\t\t\t<\/div>\n\t\t\t\t<\/div>\n\t\t<div class=\"elementor-element elementor-element-532f1462 e-con-full e-flex e-con e-child\" data-id=\"532f1462\" data-element_type=\"container\">\n\t\t<div class=\"elementor-element elementor-element-71666a52 e-con-full e-flex e-con e-child\" data-id=\"71666a52\" data-element_type=\"container\" data-settings=\"{&quot;background_background&quot;:&quot;classic&quot;}\">\n\t\t<div class=\"elementor-element elementor-element-d40602 e-con-full e-flex e-con e-child\" data-id=\"d40602\" data-element_type=\"container\">\n\t\t\t\t<div class=\"elementor-element elementor-element-6b6a200a elementor-widget elementor-widget-text-editor\" data-id=\"6b6a200a\" data-element_type=\"widget\" data-widget_type=\"text-editor.default\">\n\t\t\t\t\t\t\t\t\t<p><span style=\"font-weight: 400;\">No hay palabras para expresar toda nuestra gratitud. Gracias por ayudarnos a hacer realidad nuestro sue\u00f1o de formar una familia.<\/span><\/p>\t\t\t\t\t\t\t\t<\/div>\n\t\t\t\t<\/div>\n\t\t\t\t<\/div>\n\t\t<div class=\"elementor-element elementor-element-5aae8c4b e-con-full interior-helpful-resources-column e-flex e-con e-child\" data-id=\"5aae8c4b\" data-element_type=\"container\" data-settings=\"{&quot;background_background&quot;:&quot;classic&quot;}\">\n\t\t\t\t<div class=\"elementor-element elementor-element-7fa7b9ec elementor-widget elementor-widget-heading\" data-id=\"7fa7b9ec\" data-element_type=\"widget\" data-widget_type=\"heading.default\">\n\t\t\t\t\t<h5 class=\"elementor-heading-title elementor-size-default\">Recursos \u00fatiles<\/h5>\t\t\t\t<\/div>\n\t\t\t\t<div class=\"elementor-element elementor-element-24ddce67 elementor-widget elementor-widget-text-editor\" data-id=\"24ddce67\" data-element_type=\"widget\" data-widget_type=\"text-editor.default\">\n\t\t\t\t\t\t\t\t\t<ul><li><a href=\"\/es\/concertar-cita\/\">Citas<\/a><\/li><li><a href=\"\/es\/lugares\/\">Ubicaciones<\/a><\/li><li><a href=\"\/es\/proveedores\/\">Proveedores<\/a><\/li><\/ul>\t\t\t\t\t\t\t\t<\/div>\n\t\t\t\t<\/div>\n\t\t\t\t<\/div>\n\t\t\t\t<\/div>\n\t\t\t\t\t<\/div>\n\t\t\t\t<\/div>\n\t\t\t\t<\/div>\n\t\t<div class=\"elementor-element elementor-element-2bad6ce7 e-flex e-con-boxed e-con e-parent\" data-id=\"2bad6ce7\" data-element_type=\"container\" data-settings=\"{&quot;background_background&quot;:&quot;classic&quot;}\">\n\t\t\t\t\t<div class=\"e-con-inner\">\n\t\t<div class=\"elementor-element elementor-element-27f71f9e e-flex e-con-boxed e-con e-child\" data-id=\"27f71f9e\" data-element_type=\"container\">\n\t\t\t\t\t<div class=\"e-con-inner\">\n\t\t<div class=\"elementor-element elementor-element-7adb372a e-con-full e-flex e-con e-child\" data-id=\"7adb372a\" data-element_type=\"container\">\n\t\t<div class=\"elementor-element elementor-element-76aec442 e-con-full e-flex e-con e-child\" data-id=\"76aec442\" data-element_type=\"container\">\n\t\t\t\t<div class=\"elementor-element elementor-element-28a80f17 elementor-widget elementor-widget-heading\" data-id=\"28a80f17\" data-element_type=\"widget\" data-widget_type=\"heading.default\">\n\t\t\t\t\t<h2 class=\"elementor-heading-title elementor-size-default\">Empiece con confianza: Programe una consulta financiera<\/h2>\t\t\t\t<\/div>\n\t\t\t\t<div class=\"elementor-element elementor-element-4644f641 elementor-widget elementor-widget-text-editor\" data-id=\"4644f641\" data-element_type=\"widget\" data-widget_type=\"text-editor.default\">\n\t\t\t\t\t\t\t\t\t<p>En IVF Florida, nuestro objetivo es hacer que el cuidado de la fertilidad sea lo m\u00e1s accesible y asequible posible. P\u00f3ngase en contacto con nuestros educadores financieros al principio de su viaje para que pueda centrarse en construir su familia, sin sorpresas financieras innecesarias.<\/p>\t\t\t\t\t\t\t\t<\/div>\n\t\t\t\t<\/div>\n\t\t<div class=\"elementor-element elementor-element-107f3f83 e-con-full e-flex e-con e-child\" data-id=\"107f3f83\" data-element_type=\"container\">\n\t\t\t\t<div class=\"elementor-element elementor-element-46ca8830 elementor-widget__width-auto elementor-widget elementor-widget-button\" data-id=\"46ca8830\" data-element_type=\"widget\" data-widget_type=\"button.default\">\n\t\t\t\t\t\t\t\t\t\t<a class=\"elementor-button elementor-button-link elementor-size-sm\" href=\"\/es\/concertar-cita\/\">\n\t\t\t\t\t\t<span class=\"elementor-button-content-wrapper\">\n\t\t\t\t\t\t\t\t\t<span class=\"elementor-button-text\">Solicitar cita<\/span>\n\t\t\t\t\t<\/span>\n\t\t\t\t\t<\/a>\n\t\t\t\t\t\t\t\t<\/div>\n\t\t\t\t<\/div>\n\t\t\t\t<\/div>\n\t\t\t\t\t<\/div>\n\t\t\t\t<\/div>\n\t\t\t\t\t<\/div>\n\t\t\t\t<\/div>\n\t\t\t\t<\/div>","protected":false},"excerpt":{"rendered":"<p>Cobertura del seguro de fertilidad Navegar por los costes del tratamiento y el seguro es una parte importante de la planificaci\u00f3n de su viaje de fertilidad. Nuestros experimentados educadores financieros est\u00e1n aqu\u00ed para ayudarle a comprender las prestaciones de su seguro y minimizar los gastos de su bolsillo...<\/p>","protected":false},"author":2,"featured_media":0,"parent":440,"menu_order":0,"template":"","meta":{"_acf_changed":false,"footnotes":""},"class_list":["post-443","page","type-page","status-publish","hentry"],"acf":[],"aioseo_notices":[],"_links":{"self":[{"href":"https:\/\/ivfflorida.com.onspire.dev\/es\/wp-json\/wp\/v2\/pages\/443","targetHints":{"allow":["GET"]}}],"collection":[{"href":"https:\/\/ivfflorida.com.onspire.dev\/es\/wp-json\/wp\/v2\/pages"}],"about":[{"href":"https:\/\/ivfflorida.com.onspire.dev\/es\/wp-json\/wp\/v2\/types\/page"}],"author":[{"embeddable":true,"href":"https:\/\/ivfflorida.com.onspire.dev\/es\/wp-json\/wp\/v2\/users\/2"}],"replies":[{"embeddable":true,"href":"https:\/\/ivfflorida.com.onspire.dev\/es\/wp-json\/wp\/v2\/comments?post=443"}],"version-history":[{"count":21,"href":"https:\/\/ivfflorida.com.onspire.dev\/es\/wp-json\/wp\/v2\/pages\/443\/revisions"}],"predecessor-version":[{"id":2710,"href":"https:\/\/ivfflorida.com.onspire.dev\/es\/wp-json\/wp\/v2\/pages\/443\/revisions\/2710"}],"up":[{"embeddable":true,"href":"https:\/\/ivfflorida.com.onspire.dev\/es\/wp-json\/wp\/v2\/pages\/440"}],"wp:attachment":[{"href":"https:\/\/ivfflorida.com.onspire.dev\/es\/wp-json\/wp\/v2\/media?parent=443"}],"curies":[{"name":"wp","href":"https:\/\/api.w.org\/{rel}","templated":true}]}}