{"id":446,"date":"2025-08-07T19:29:28","date_gmt":"2025-08-07T19:29:28","guid":{"rendered":"https:\/\/ivfflorida.com\/?page_id=446"},"modified":"2025-09-23T19:47:10","modified_gmt":"2025-09-23T19:47:10","slug":"atencion-a-la-fertilidad-internacional-y-a-larga-distancia","status":"publish","type":"page","link":"https:\/\/ivfflorida.com.onspire.dev\/es\/recursos\/atencion-a-la-fertilidad-internacional-y-a-larga-distancia\/","title":{"rendered":"Fertilidad internacional y a distancia"},"content":{"rendered":"<div data-elementor-type=\"wp-page\" data-elementor-id=\"446\" class=\"elementor elementor-446\" data-elementor-post-type=\"page\">\n\t\t\t\t<div class=\"elementor-element elementor-element-405bd6ea e-flex e-con-boxed e-con e-parent\" data-id=\"405bd6ea\" data-element_type=\"container\" data-settings=\"{&quot;background_background&quot;:&quot;classic&quot;}\">\n\t\t\t\t\t<div class=\"e-con-inner\">\n\t\t<div class=\"elementor-element elementor-element-6fad4bb5 e-flex e-con-boxed e-con e-child\" data-id=\"6fad4bb5\" data-element_type=\"container\">\n\t\t\t\t\t<div class=\"e-con-inner\">\n\t\t<div class=\"elementor-element elementor-element-6fe54850 e-con-full e-flex e-con e-child\" data-id=\"6fe54850\" data-element_type=\"container\" data-settings=\"{&quot;background_background&quot;:&quot;classic&quot;}\">\n\t\t<div class=\"elementor-element elementor-element-342ff5e3 e-con-full e-flex e-con e-child\" data-id=\"342ff5e3\" data-element_type=\"container\">\n\t\t\t\t<div class=\"elementor-element elementor-element-2af2b836 elementor-widget elementor-widget-heading\" data-id=\"2af2b836\" data-element_type=\"widget\" data-widget_type=\"heading.default\">\n\t\t\t\t\t<h1 class=\"elementor-heading-title elementor-size-default\">Fertilidad internacional y a distancia<\/h1>\t\t\t\t<\/div>\n\t\t\t\t<div class=\"elementor-element elementor-element-27bd1974 elementor-widget elementor-widget-text-editor\" data-id=\"27bd1974\" data-element_type=\"widget\" data-widget_type=\"text-editor.default\">\n\t\t\t\t\t\t\t\t\t<p>IVF Florida se enorgullece de trabajar en colaboraci\u00f3n con centros de fertilidad internacionales para ayudar a los pacientes a hacer realidad su sue\u00f1o de formar una familia. En caso de que alg\u00fan paciente necesite tratamientos iniciales o de seguimiento aqu\u00ed o en sus pa\u00edses de origen, IVF Florida est\u00e1 aqu\u00ed para ayudar a facilitar una transici\u00f3n fluida de la atenci\u00f3n.<\/p>\t\t\t\t\t\t\t\t<\/div>\n\t\t\t\t<\/div>\n\t\t\t\t<\/div>\n\t\t\t\t\t<\/div>\n\t\t\t\t<\/div>\n\t\t\t\t\t<\/div>\n\t\t\t\t<\/div>\n\t\t<div class=\"elementor-element elementor-element-1ee8a8b1 e-con-full e-flex e-con e-parent\" data-id=\"1ee8a8b1\" data-element_type=\"container\">\n\t\t<div class=\"elementor-element elementor-element-7277e5 e-flex e-con-boxed e-con e-child\" data-id=\"7277e5\" data-element_type=\"container\">\n\t\t\t\t\t<div class=\"e-con-inner\">\n\t\t<div class=\"elementor-element elementor-element-5ea2fcf2 e-con-full e-flex e-con e-child\" data-id=\"5ea2fcf2\" data-element_type=\"container\">\n\t\t<div class=\"elementor-element elementor-element-455df155 e-con-full e-flex e-con e-child\" data-id=\"455df155\" data-element_type=\"container\">\n\t\t<div class=\"elementor-element elementor-element-6b84990d e-con-full e-flex e-con e-child\" data-id=\"6b84990d\" data-element_type=\"container\" data-settings=\"{&quot;background_background&quot;:&quot;classic&quot;}\">\n\t\t<div class=\"elementor-element elementor-element-6478ea1b e-con-full e-flex e-con e-child\" data-id=\"6478ea1b\" data-element_type=\"container\">\n\t\t<div class=\"elementor-element elementor-element-ebd0e3e e-con-full e-flex e-con e-child\" data-id=\"ebd0e3e\" data-element_type=\"container\">\n\t\t\t\t<div class=\"elementor-element elementor-element-36fcfee0 elementor-widget elementor-widget-image\" data-id=\"36fcfee0\" data-element_type=\"widget\" data-widget_type=\"image.default\">\n\t\t\t\t\t\t\t\t\t\t\t\t\t\t\t<img fetchpriority=\"high\" decoding=\"async\" width=\"379\" height=\"262\" src=\"https:\/\/ivfflorida.com.onspire.dev\/wp-content\/uploads\/2025\/09\/argentina.jpg\" class=\"attachment-full size-full wp-image-1062\" alt=\"\" srcset=\"https:\/\/ivfflorida.com.onspire.dev\/wp-content\/uploads\/2025\/09\/argentina.jpg 379w, https:\/\/ivfflorida.com.onspire.dev\/wp-content\/uploads\/2025\/09\/argentina-300x207.jpg 300w\" sizes=\"(max-width: 379px) 100vw, 379px\" \/>\t\t\t\t\t\t\t\t\t\t\t\t\t\t\t<\/div>\n\t\t\t\t<\/div>\n\t\t<div class=\"elementor-element elementor-element-3389aee e-con-full e-flex e-con e-child\" data-id=\"3389aee\" data-element_type=\"container\">\n\t\t\t\t<div class=\"elementor-element elementor-element-f8beb95 elementor-widget elementor-widget-text-editor\" data-id=\"f8beb95\" data-element_type=\"widget\" data-widget_type=\"text-editor.default\">\n\t\t\t\t\t\t\t\t\t<p>Situado en Buenos Aires, <a href=\"http:\/\/www.fertilityargentina.com\/\" target=\"_blank\" rel=\"noopener\">Fertilidad Argentina<\/a> colabora con IVF Florida para facilitar la transici\u00f3n fluida de la atenci\u00f3n a los pacientes internacionales.<\/p><h3>Contacto cl\u00ednico y de programaci\u00f3n:\u00a0<\/h3><p>Dr. Demi\u00e1n Glujovsky<br \/><strong>Correo electr\u00f3nico:<\/strong> drglujovsky@fertilityargentina.com<br \/><strong>Tel\u00e9fono:<\/strong> +5491161048979<\/p>\t\t\t\t\t\t\t\t<\/div>\n\t\t\t\t<\/div>\n\t\t\t\t<\/div>\n\t\t\t\t<\/div>\n\t\t<div class=\"elementor-element elementor-element-9af976f e-con-full e-flex e-con e-child\" data-id=\"9af976f\" data-element_type=\"container\" data-settings=\"{&quot;background_background&quot;:&quot;classic&quot;}\">\n\t\t<div class=\"elementor-element elementor-element-b6c09e6 e-con-full e-flex e-con e-child\" data-id=\"b6c09e6\" data-element_type=\"container\">\n\t\t<div class=\"elementor-element elementor-element-d87eade e-con-full e-flex e-con e-child\" data-id=\"d87eade\" data-element_type=\"container\">\n\t\t\t\t<div class=\"elementor-element elementor-element-291dc88 elementor-widget elementor-widget-image\" data-id=\"291dc88\" data-element_type=\"widget\" data-widget_type=\"image.default\">\n\t\t\t\t\t\t\t\t\t\t\t\t\t\t\t<img decoding=\"async\" width=\"379\" height=\"262\" src=\"https:\/\/ivfflorida.com.onspire.dev\/wp-content\/uploads\/2025\/09\/fertty.jpg\" class=\"attachment-full size-full wp-image-1063\" alt=\"\" srcset=\"https:\/\/ivfflorida.com.onspire.dev\/wp-content\/uploads\/2025\/09\/fertty.jpg 379w, https:\/\/ivfflorida.com.onspire.dev\/wp-content\/uploads\/2025\/09\/fertty-300x207.jpg 300w\" sizes=\"(max-width: 379px) 100vw, 379px\" \/>\t\t\t\t\t\t\t\t\t\t\t\t\t\t\t<\/div>\n\t\t\t\t<\/div>\n\t\t<div class=\"elementor-element elementor-element-85ae8ce e-con-full e-flex e-con e-child\" data-id=\"85ae8ce\" data-element_type=\"container\">\n\t\t\t\t<div class=\"elementor-element elementor-element-050b595 elementor-widget elementor-widget-text-editor\" data-id=\"050b595\" data-element_type=\"widget\" data-widget_type=\"text-editor.default\">\n\t\t\t\t\t\t\t\t\t<p>Situado en Barcelona, <a href=\"https:\/\/fertty.com\/\" target=\"_blank\" rel=\"noopener\">Fertty<\/a> colabora con el equipo de IVF Florida para garantizar una transici\u00f3n fluida de la atenci\u00f3n a los pacientes internacionales.<\/p><h3>Contacto cl\u00ednico y de programaci\u00f3n:<\/h3><p>Dr. Miguel \u00c1ngel Checa<br \/><strong>Correo electr\u00f3nico:<\/strong> <a href=\"mailto:info@fertty.com\">info@fertty.com<br \/><\/a><strong>Tel\u00e9fono:<\/strong> <a href=\"tel:937378190\">93 737 81 90<\/a><\/p>\t\t\t\t\t\t\t\t<\/div>\n\t\t\t\t<\/div>\n\t\t\t\t<\/div>\n\t\t\t\t<\/div>\n\t\t<div class=\"elementor-element elementor-element-5314d2f e-con-full e-flex e-con e-child\" data-id=\"5314d2f\" data-element_type=\"container\" data-settings=\"{&quot;background_background&quot;:&quot;classic&quot;}\">\n\t\t<div class=\"elementor-element elementor-element-b472777 e-con-full e-flex e-con e-child\" data-id=\"b472777\" data-element_type=\"container\">\n\t\t<div class=\"elementor-element elementor-element-b51200a e-con-full e-flex e-con e-child\" data-id=\"b51200a\" data-element_type=\"container\">\n\t\t\t\t<div class=\"elementor-element elementor-element-c8ed339 elementor-widget elementor-widget-image\" data-id=\"c8ed339\" data-element_type=\"widget\" data-widget_type=\"image.default\">\n\t\t\t\t\t\t\t\t\t\t\t\t\t\t\t<img decoding=\"async\" width=\"379\" height=\"262\" src=\"https:\/\/ivfflorida.com.onspire.dev\/wp-content\/uploads\/2025\/09\/pregna.jpg\" class=\"attachment-full size-full wp-image-1064\" alt=\"\" srcset=\"https:\/\/ivfflorida.com.onspire.dev\/wp-content\/uploads\/2025\/09\/pregna.jpg 379w, https:\/\/ivfflorida.com.onspire.dev\/wp-content\/uploads\/2025\/09\/pregna-300x207.jpg 300w\" sizes=\"(max-width: 379px) 100vw, 379px\" \/>\t\t\t\t\t\t\t\t\t\t\t\t\t\t\t<\/div>\n\t\t\t\t<\/div>\n\t\t<div class=\"elementor-element elementor-element-c0ac077 e-con-full e-flex e-con e-child\" data-id=\"c0ac077\" data-element_type=\"container\">\n\t\t\t\t<div class=\"elementor-element elementor-element-0b7a400 elementor-widget elementor-widget-text-editor\" data-id=\"0b7a400\" data-element_type=\"widget\" data-widget_type=\"text-editor.default\">\n\t\t\t\t\t\t\t\t\t<p><a href=\"http:\/\/www.pregna.com.ar\/\" target=\"_blank\" rel=\"noopener\">Embarazo Medicina Reproductiva <\/a>colabora con nuestro equipo de fertilidad y con IVF Florida para facilitar una transici\u00f3n fluida de la atenci\u00f3n a los pacientes internacionales.<\/p><h3>Contacto cl\u00ednico y de programaci\u00f3n:<\/h3><p><span style=\"font-weight: 400;\">Dr. Ignacio de Z\u00fa\u00f1iga <\/span><span style=\"font-weight: 400;\"><br \/><\/span><strong>Correo electr\u00f3nico: <\/strong><a href=\"mailto:idezuniga@pregna.com.ar\"><span style=\"font-weight: 400;\">idezuniga@pregna.com.ar<\/span><span style=\"font-weight: 400;\"><br \/><\/span><\/a><\/p><h3>Contacto de programaci\u00f3n:<\/h3><p>Mariana Roberth<br \/><strong>Correo electr\u00f3nico:<\/strong> <a href=\"mailto:mroberts@pregna.com.ar\">mroberth@pregna.com.ar<\/a><\/p>\t\t\t\t\t\t\t\t<\/div>\n\t\t\t\t<\/div>\n\t\t\t\t<\/div>\n\t\t\t\t<\/div>\n\t\t<div class=\"elementor-element elementor-element-5f5ece5 e-con-full e-flex e-con e-child\" data-id=\"5f5ece5\" data-element_type=\"container\" data-settings=\"{&quot;background_background&quot;:&quot;classic&quot;}\">\n\t\t<div class=\"elementor-element elementor-element-81e4f52 e-con-full e-flex e-con e-child\" data-id=\"81e4f52\" data-element_type=\"container\">\n\t\t\t\t<div class=\"elementor-element elementor-element-4f27aca elementor-widget elementor-widget-heading\" data-id=\"4f27aca\" data-element_type=\"widget\" data-widget_type=\"heading.default\">\n\t\t\t\t\t<h2 class=\"elementor-heading-title elementor-size-default\">IVF Florida da la bienvenida a pacientes de larga distancia<\/h2>\t\t\t\t<\/div>\n\t\t\t\t<\/div>\n\t\t<div class=\"elementor-element elementor-element-e1790eb e-con-full e-flex e-con e-child\" data-id=\"e1790eb\" data-element_type=\"container\">\n\t\t\t\t<div class=\"elementor-element elementor-element-47c0b85 elementor-widget elementor-widget-text-editor\" data-id=\"47c0b85\" data-element_type=\"widget\" data-widget_type=\"text-editor.default\">\n\t\t\t\t\t\t\t\t\t<p>Reconocemos que los pacientes recorren grandes distancias para recibir la atenci\u00f3n que mejor satisface sus necesidades. En IVF Florida tratamos a pacientes de toda la regi\u00f3n, el pa\u00eds y el mundo.<\/p><p>Si visita nuestra regi\u00f3n desde otra parte del pa\u00eds o del mundo y desea recibir tratamiento de fertilidad de un m\u00e9dico especialista en FIV de Florida, estaremos encantados de atenderle. Como formamos parte de la red de US Fertility, los pacientes de todo el pa\u00eds pueden someterse a un seguimiento en cualquiera de las docenas de otros centros de US Fertility repartidos por Estados Unidos. IVF Florida coordinar\u00e1 su atenci\u00f3n con otros centros, reduciendo as\u00ed el n\u00famero de visitas prolongadas que tendr\u00e1 que hacer a nuestra zona. Del mismo modo, los pacientes internacionales pueden hacer que los especialistas de IVF Florida coordinen su tratamiento en centros de su localidad (en funci\u00f3n de la disponibilidad).<\/p><p>Adem\u00e1s, algunos pacientes deciden someterse a todo el tratamiento en IVF Florida y permanecer en la zona durante el mismo. En este caso, podemos ayudarle con los preparativos del viaje y el alojamiento en el hotel.<\/p><p>Desde el momento en que se ponga en contacto con IVF Florida, se encontrar\u00e1 con un personal atento y bien informado que podr\u00e1 ayudarle con sus preguntas y preocupaciones y guiarle hacia decisiones informadas con las que se sienta c\u00f3modo. Un asesor financiero especializado le ayudar\u00e1 a lo largo de su experiencia.<\/p>\t\t\t\t\t\t\t\t<\/div>\n\t\t\t\t<\/div>\n\t\t\t\t<\/div>\n\t\t<div class=\"elementor-element elementor-element-32ca173 e-con-full e-flex e-con e-child\" data-id=\"32ca173\" data-element_type=\"container\" data-settings=\"{&quot;background_background&quot;:&quot;classic&quot;}\">\n\t\t<div class=\"elementor-element elementor-element-607a599 e-con-full e-flex e-con e-child\" data-id=\"607a599\" data-element_type=\"container\">\n\t\t\t\t<div class=\"elementor-element elementor-element-f9b7db2 elementor-widget elementor-widget-heading\" data-id=\"f9b7db2\" data-element_type=\"widget\" data-widget_type=\"heading.default\">\n\t\t\t\t\t<h2 class=\"elementor-heading-title elementor-size-default\">Aeropuertos<\/h2>\t\t\t\t<\/div>\n\t\t\t\t<\/div>\n\t\t<div class=\"elementor-element elementor-element-b4844bc e-con-full e-flex e-con e-child\" data-id=\"b4844bc\" data-element_type=\"container\">\n\t\t\t\t<div class=\"elementor-element elementor-element-17985eb elementor-widget elementor-widget-text-editor\" data-id=\"17985eb\" data-element_type=\"widget\" data-widget_type=\"text-editor.default\">\n\t\t\t\t\t\t\t\t\t<p>Si vuela a nuestra zona, el aeropuerto m\u00e1s cercano a nuestras oficinas es el Aeropuerto Internacional de Fort Lauderdale\/Hollywood (FLL). Otras opciones son el Aeropuerto Internacional de Miami (MIA) y el Aeropuerto Internacional de West Palm Beach (WPB).<\/p><p>Para obtener m\u00e1s informaci\u00f3n sobre c\u00f3mo nuestro servicio de conserjer\u00eda puede organizar un alojamiento c\u00f3modo y asequible para los pacientes de fuera de la ciudad, p\u00f3ngase en contacto con nuestras oficinas o llame a nuestro departamento de programaci\u00f3n de citas al <a href=\"tel:9542476200\">954.247.6200<\/a>.<\/p>\t\t\t\t\t\t\t\t<\/div>\n\t\t\t\t<\/div>\n\t\t\t\t<\/div>\n\t\t\t\t<\/div>\n\t\t<div class=\"elementor-element elementor-element-652f1ccc e-con-full e-flex e-con e-child\" data-id=\"652f1ccc\" data-element_type=\"container\">\n\t\t<div class=\"elementor-element elementor-element-6bc53da1 e-con-full e-flex e-con e-child\" data-id=\"6bc53da1\" data-element_type=\"container\" data-settings=\"{&quot;background_background&quot;:&quot;classic&quot;}\">\n\t\t<div class=\"elementor-element elementor-element-706c409c e-con-full e-flex e-con e-child\" data-id=\"706c409c\" data-element_type=\"container\">\n\t\t\t\t<div class=\"elementor-element elementor-element-3b97b82f elementor-widget elementor-widget-text-editor\" data-id=\"3b97b82f\" data-element_type=\"widget\" data-widget_type=\"text-editor.default\">\n\t\t\t\t\t\t\t\t\t<p>Realmente sent\u00ed que era un trabajo de equipo y que toda la cl\u00ednica me animaba. Durante un proceso tan solitario y alienante, necesitas un equipo que te anime y aqu\u00ed lo tienes.<\/p>\t\t\t\t\t\t\t\t<\/div>\n\t\t\t\t<\/div>\n\t\t\t\t<\/div>\n\t\t<div class=\"elementor-element elementor-element-7c778352 e-con-full interior-helpful-resources-column e-flex e-con e-child\" data-id=\"7c778352\" data-element_type=\"container\" data-settings=\"{&quot;background_background&quot;:&quot;classic&quot;}\">\n\t\t\t\t<div class=\"elementor-element elementor-element-70606748 elementor-widget elementor-widget-heading\" data-id=\"70606748\" data-element_type=\"widget\" data-widget_type=\"heading.default\">\n\t\t\t\t\t<h5 class=\"elementor-heading-title elementor-size-default\">Recursos \u00fatiles<\/h5>\t\t\t\t<\/div>\n\t\t\t\t<div class=\"elementor-element elementor-element-61b14f1 elementor-widget elementor-widget-text-editor\" data-id=\"61b14f1\" data-element_type=\"widget\" data-widget_type=\"text-editor.default\">\n\t\t\t\t\t\t\t\t\t<ul><li><a href=\"\/es\/concertar-cita\/\">Citas<\/a><\/li><li><a href=\"\/es\/lugares\/\">Ubicaciones<\/a><\/li><li><a href=\"\/es\/proveedores\/\">Proveedores<\/a><\/li><\/ul>\t\t\t\t\t\t\t\t<\/div>\n\t\t\t\t<\/div>\n\t\t\t\t<\/div>\n\t\t\t\t<\/div>\n\t\t\t\t\t<\/div>\n\t\t\t\t<\/div>\n\t\t\t\t<\/div>\n\t\t\t\t<\/div>","protected":false},"excerpt":{"rendered":"<p>IVF Florida se enorgullece de trabajar en colaboraci\u00f3n con cl\u00ednicas de fertilidad internacionales para ayudar a los pacientes a alcanzar sus sue\u00f1os de formar una familia. Si alg\u00fan paciente necesita tratamientos iniciales o de seguimiento aqu\u00ed o en sus pa\u00edses de origen, IVF Florida est\u00e1 aqu\u00ed para ayudar a facilitar una transici\u00f3n fluida de la atenci\u00f3n...<\/p>","protected":false},"author":2,"featured_media":0,"parent":439,"menu_order":0,"template":"","meta":{"_acf_changed":false,"footnotes":""},"class_list":["post-446","page","type-page","status-publish","hentry"],"acf":[],"aioseo_notices":[],"_links":{"self":[{"href":"https:\/\/ivfflorida.com.onspire.dev\/es\/wp-json\/wp\/v2\/pages\/446","targetHints":{"allow":["GET"]}}],"collection":[{"href":"https:\/\/ivfflorida.com.onspire.dev\/es\/wp-json\/wp\/v2\/pages"}],"about":[{"href":"https:\/\/ivfflorida.com.onspire.dev\/es\/wp-json\/wp\/v2\/types\/page"}],"author":[{"embeddable":true,"href":"https:\/\/ivfflorida.com.onspire.dev\/es\/wp-json\/wp\/v2\/users\/2"}],"replies":[{"embeddable":true,"href":"https:\/\/ivfflorida.com.onspire.dev\/es\/wp-json\/wp\/v2\/comments?post=446"}],"version-history":[{"count":15,"href":"https:\/\/ivfflorida.com.onspire.dev\/es\/wp-json\/wp\/v2\/pages\/446\/revisions"}],"predecessor-version":[{"id":2380,"href":"https:\/\/ivfflorida.com.onspire.dev\/es\/wp-json\/wp\/v2\/pages\/446\/revisions\/2380"}],"up":[{"embeddable":true,"href":"https:\/\/ivfflorida.com.onspire.dev\/es\/wp-json\/wp\/v2\/pages\/439"}],"wp:attachment":[{"href":"https:\/\/ivfflorida.com.onspire.dev\/es\/wp-json\/wp\/v2\/media?parent=446"}],"curies":[{"name":"wp","href":"https:\/\/api.w.org\/{rel}","templated":true}]}}