{"id":447,"date":"2025-08-07T19:29:56","date_gmt":"2025-08-07T19:29:56","guid":{"rendered":"https:\/\/ivfflorida.com\/?page_id=447"},"modified":"2025-09-23T01:03:26","modified_gmt":"2025-09-23T01:03:26","slug":"informacion-del-paciente-sobre-el-huracan","status":"publish","type":"page","link":"https:\/\/ivfflorida.com.onspire.dev\/es\/recursos\/informacion-del-paciente-sobre-el-huracan\/","title":{"rendered":"Informaci\u00f3n sobre Patient Hurricane"},"content":{"rendered":"<div data-elementor-type=\"wp-page\" data-elementor-id=\"447\" class=\"elementor elementor-447\" data-elementor-post-type=\"page\">\n\t\t\t\t<div class=\"elementor-element elementor-element-fa857f6 e-flex e-con-boxed e-con e-parent\" data-id=\"fa857f6\" data-element_type=\"container\" data-settings=\"{&quot;background_background&quot;:&quot;classic&quot;}\">\n\t\t\t\t\t<div class=\"e-con-inner\">\n\t\t<div class=\"elementor-element elementor-element-36007b9e e-flex e-con-boxed e-con e-child\" data-id=\"36007b9e\" data-element_type=\"container\">\n\t\t\t\t\t<div class=\"e-con-inner\">\n\t\t<div class=\"elementor-element elementor-element-741357a0 e-con-full e-flex e-con e-child\" data-id=\"741357a0\" data-element_type=\"container\" data-settings=\"{&quot;background_background&quot;:&quot;classic&quot;}\">\n\t\t<div class=\"elementor-element elementor-element-78cc0d3a e-con-full e-flex e-con e-child\" data-id=\"78cc0d3a\" data-element_type=\"container\">\n\t\t\t\t<div class=\"elementor-element elementor-element-45b495cc elementor-widget elementor-widget-heading\" data-id=\"45b495cc\" data-element_type=\"widget\" data-widget_type=\"heading.default\">\n\t\t\t\t\t<h1 class=\"elementor-heading-title elementor-size-default\">Informaci\u00f3n sobre Patient Hurricane<\/h1>\t\t\t\t<\/div>\n\t\t\t\t<div class=\"elementor-element elementor-element-37963624 elementor-widget elementor-widget-text-editor\" data-id=\"37963624\" data-element_type=\"widget\" data-widget_type=\"text-editor.default\">\n\t\t\t\t\t\t\t\t\t<p>Nos tomamos muy en serio la construcci\u00f3n de su futuro. Queremos asegurarnos de que conoce los procedimientos establecidos para protegerle a usted y a su futuro en caso de hurac\u00e1n. Como sabr\u00e1, durante un ciclo de FIV deber\u00e1n tomarse diariamente muchas decisiones sobre qu\u00e9 hacer en caso de hurac\u00e1n. Dado que estas decisiones afectar\u00e1n a su ciclo de FIV, nos gustar\u00eda asegurarnos de que es consciente de los cambios de tratamiento que pueden producirse.<\/p><p>Seguiremos trabajando en la oficina hasta el \u00faltimo momento para poder garantizar la seguridad de nuestro personal. Tenga en cuenta que algunos de los edificios donde se encuentran nuestras oficinas pueden estar cerrados debido al hurac\u00e1n y es posible que tengamos que consolidar a otros lugares.<\/p>\t\t\t\t\t\t\t\t<\/div>\n\t\t\t\t<\/div>\n\t\t\t\t<\/div>\n\t\t\t\t\t<\/div>\n\t\t\t\t<\/div>\n\t\t\t\t\t<\/div>\n\t\t\t\t<\/div>\n\t\t<div class=\"elementor-element elementor-element-6118902d e-con-full e-flex e-con e-parent\" data-id=\"6118902d\" data-element_type=\"container\">\n\t\t<div class=\"elementor-element elementor-element-58c59545 e-flex e-con-boxed e-con e-child\" data-id=\"58c59545\" data-element_type=\"container\">\n\t\t\t\t\t<div class=\"e-con-inner\">\n\t\t<div class=\"elementor-element elementor-element-28fff8d7 e-con-full e-flex e-con e-child\" data-id=\"28fff8d7\" data-element_type=\"container\">\n\t\t<div class=\"elementor-element elementor-element-531b2047 e-con-full e-flex e-con e-child\" data-id=\"531b2047\" data-element_type=\"container\">\n\t\t<div class=\"elementor-element elementor-element-6a6842fc e-con-full e-flex e-con e-child\" data-id=\"6a6842fc\" data-element_type=\"container\" data-settings=\"{&quot;background_background&quot;:&quot;classic&quot;}\">\n\t\t<div class=\"elementor-element elementor-element-569e3c72 e-con-full e-flex e-con e-child\" data-id=\"569e3c72\" data-element_type=\"container\">\n\t\t\t\t<div class=\"elementor-element elementor-element-49ae2bbe elementor-widget elementor-widget-heading\" data-id=\"49ae2bbe\" data-element_type=\"widget\" data-widget_type=\"heading.default\">\n\t\t\t\t\t<h2 class=\"elementor-heading-title elementor-size-default\">Durante los ciclos<\/h2>\t\t\t\t<\/div>\n\t\t\t\t<\/div>\n\t\t<div class=\"elementor-element elementor-element-77acaee3 e-con-full e-flex e-con e-child\" data-id=\"77acaee3\" data-element_type=\"container\">\n\t\t\t\t<div class=\"elementor-element elementor-element-7f896869 elementor-widget elementor-widget-text-editor\" data-id=\"7f896869\" data-element_type=\"widget\" data-widget_type=\"text-editor.default\">\n\t\t\t\t\t\t\t\t\t<p>Dependiendo del momento del hurac\u00e1n y del punto del ciclo en el que te encuentres, discutiremos contigo las opciones de una posible cancelaci\u00f3n frente a continuar con el ciclo.<\/p><p>Si te encuentras en el proceso de una transferencia de embriones congelados (FET), hablaremos de cambiar las fechas de inicio de la progesterona, as\u00ed como las fechas de transferencia si es necesario para poder proceder con la transferencia.<\/p><p>Si decide evacuar durante un ciclo de estimulaci\u00f3n, POR FAVOR, p\u00f3ngase en contacto con su equipo de enfermer\u00eda. Trabajaremos con usted para encontrar otro centro que pueda atenderle durante el ciclo.<\/p>\t\t\t\t\t\t\t\t<\/div>\n\t\t\t\t<\/div>\n\t\t\t\t<\/div>\n\t\t<div class=\"elementor-element elementor-element-6e2913c6 e-con-full e-flex e-con e-child\" data-id=\"6e2913c6\" data-element_type=\"container\" data-settings=\"{&quot;background_background&quot;:&quot;classic&quot;}\">\n\t\t<div class=\"elementor-element elementor-element-725c9b3a e-con-full e-flex e-con e-child\" data-id=\"725c9b3a\" data-element_type=\"container\">\n\t\t\t\t<div class=\"elementor-element elementor-element-2e19c02 elementor-widget elementor-widget-heading\" data-id=\"2e19c02\" data-element_type=\"widget\" data-widget_type=\"heading.default\">\n\t\t\t\t\t<h2 class=\"elementor-heading-title elementor-size-default\">Ovocitos \/ embriones en el laboratorio<\/h2>\t\t\t\t<\/div>\n\t\t\t\t<\/div>\n\t\t<div class=\"elementor-element elementor-element-64d93fec e-con-full e-flex e-con e-child\" data-id=\"64d93fec\" data-element_type=\"container\">\n\t\t\t\t<div class=\"elementor-element elementor-element-4c168a1a elementor-widget elementor-widget-text-editor\" data-id=\"4c168a1a\" data-element_type=\"widget\" data-widget_type=\"text-editor.default\">\n\t\t\t\t\t\t\t\t\t<p>Una vez que se produce la extracci\u00f3n, el laboratorio continuar\u00e1 trabajando hasta el \u00faltimo momento posible para garantizar la seguridad de nuestro personal antes de que se produzca el cierre completo del laboratorio. Si tenemos que cerrar el laboratorio, tendremos que congelar todos los ovocitos y embriones en el laboratorio y almacenarlos de forma segura, ya que es posible que no podamos acceder a ellos durante 24 a 48 horas y queremos asegurarnos de que est\u00e1n a salvo. Esto significa que sus ovocitos\/embriones pueden ser congelados en una fase diferente a la que usted haya discutido con su m\u00e9dico. Aunque nos esforzamos por congelar todos los embriones en la fase de blastocisto (d\u00eda 5), es posible que deban congelarse en la fase en la que se encuentren actualmente, que puede ser desde un ovocito sin fecundar hasta los d\u00edas 2, 3 \u00f3 4. En el caso de que se trate de un ovocito sin fecundar, es posible que deban congelarse en la fase en la que se encuentren. En el caso de que se pierdan todos los embriones o se congelen en la fase en la que se encuentran, los congelaremos. Si el plan hab\u00eda sido para PGT y los embriones no est\u00e1n en la etapa para la biopsia, tendremos que retrasar la biopsia hasta que los embriones pueden ser descongelados con seguridad y biopsia.<\/p>\t\t\t\t\t\t\t\t<\/div>\n\t\t\t\t<\/div>\n\t\t\t\t<\/div>\n\t\t<div class=\"elementor-element elementor-element-7f3beb84 e-con-full e-flex e-con e-child\" data-id=\"7f3beb84\" data-element_type=\"container\" data-settings=\"{&quot;background_background&quot;:&quot;classic&quot;}\">\n\t\t<div class=\"elementor-element elementor-element-27704578 e-con-full e-flex e-con e-child\" data-id=\"27704578\" data-element_type=\"container\">\n\t\t\t\t<div class=\"elementor-element elementor-element-42591e74 elementor-widget elementor-widget-heading\" data-id=\"42591e74\" data-element_type=\"widget\" data-widget_type=\"heading.default\">\n\t\t\t\t\t<h2 class=\"elementor-heading-title elementor-size-default\">Despu\u00e9s del hurac\u00e1n<\/h2>\t\t\t\t<\/div>\n\t\t\t\t<\/div>\n\t\t<div class=\"elementor-element elementor-element-2f3afd8 e-con-full e-flex e-con e-child\" data-id=\"2f3afd8\" data-element_type=\"container\">\n\t\t\t\t<div class=\"elementor-element elementor-element-19da906d elementor-widget elementor-widget-text-editor\" data-id=\"19da906d\" data-element_type=\"widget\" data-widget_type=\"text-editor.default\">\n\t\t\t\t\t\t\t\t\t<p>Tenga la seguridad de que volveremos a las oficinas y al laboratorio en cuanto se haya dado el visto bueno. Tambi\u00e9n empezaremos a trabajar para completar su ciclo de la forma m\u00e1s r\u00e1pida y segura posible. Le pedimos que tenga paciencia con nosotros mientras trabajamos con todos nuestros pacientes para asegurarnos de que todo el mundo est\u00e1 siendo atendido de la mejor manera posible.<\/p>\t\t\t\t\t\t\t\t<\/div>\n\t\t\t\t<\/div>\n\t\t\t\t<\/div>\n\t\t\t\t<\/div>\n\t\t<div class=\"elementor-element elementor-element-4b40384d e-con-full e-flex e-con e-child\" data-id=\"4b40384d\" data-element_type=\"container\">\n\t\t<div class=\"elementor-element elementor-element-1d1b545 e-con-full e-flex e-con e-child\" data-id=\"1d1b545\" data-element_type=\"container\" data-settings=\"{&quot;background_background&quot;:&quot;classic&quot;}\">\n\t\t<div class=\"elementor-element elementor-element-58b2462a e-con-full e-flex e-con e-child\" data-id=\"58b2462a\" data-element_type=\"container\">\n\t\t\t\t<div class=\"elementor-element elementor-element-23a27f9a elementor-widget elementor-widget-text-editor\" data-id=\"23a27f9a\" data-element_type=\"widget\" data-widget_type=\"text-editor.default\">\n\t\t\t\t\t\t\t\t\t<p>Sin vosotros, me habr\u00eda sido imposible ser madre. Gracias a todo el equipo de la cl\u00ednica, y en especial al Dr. Luis Hoyos, por este hermoso regalo que me han ayudado a conseguir. Me siento muy feliz y bendecida por todo lo que han hecho por m\u00ed y por mi peque\u00f1a familia.<\/p>\t\t\t\t\t\t\t\t<\/div>\n\t\t\t\t<\/div>\n\t\t\t\t<\/div>\n\t\t<div class=\"elementor-element elementor-element-732d1686 e-con-full interior-helpful-resources-column e-flex e-con e-child\" data-id=\"732d1686\" data-element_type=\"container\" data-settings=\"{&quot;background_background&quot;:&quot;classic&quot;}\">\n\t\t\t\t<div class=\"elementor-element elementor-element-79096af7 elementor-widget elementor-widget-heading\" data-id=\"79096af7\" data-element_type=\"widget\" data-widget_type=\"heading.default\">\n\t\t\t\t\t<h5 class=\"elementor-heading-title elementor-size-default\">Recursos \u00fatiles<\/h5>\t\t\t\t<\/div>\n\t\t\t\t<div class=\"elementor-element elementor-element-2c1658fc elementor-widget elementor-widget-text-editor\" data-id=\"2c1658fc\" data-element_type=\"widget\" data-widget_type=\"text-editor.default\">\n\t\t\t\t\t\t\t\t\t<ul><li><a href=\"\/es\/concertar-cita\/\">Citas<\/a><\/li><li><a href=\"\/es\/lugares\/\">Ubicaciones<\/a><\/li><li><a href=\"\/es\/proveedores\/\">Proveedores<\/a><\/li><\/ul>\t\t\t\t\t\t\t\t<\/div>\n\t\t\t\t<\/div>\n\t\t\t\t<\/div>\n\t\t\t\t<\/div>\n\t\t\t\t\t<\/div>\n\t\t\t\t<\/div>\n\t\t\t\t<\/div>\n\t\t\t\t<\/div>","protected":false},"excerpt":{"rendered":"<p>Informaci\u00f3n para pacientes sobre huracanes Nos tomamos muy en serio la construcci\u00f3n de su futuro. Queremos asegurarnos de que conoce los procedimientos establecidos para protegerle a usted y a su futuro en caso de hurac\u00e1n...<\/p>","protected":false},"author":2,"featured_media":0,"parent":439,"menu_order":0,"template":"","meta":{"_acf_changed":false,"footnotes":""},"class_list":["post-447","page","type-page","status-publish","hentry"],"acf":[],"aioseo_notices":[],"_links":{"self":[{"href":"https:\/\/ivfflorida.com.onspire.dev\/es\/wp-json\/wp\/v2\/pages\/447","targetHints":{"allow":["GET"]}}],"collection":[{"href":"https:\/\/ivfflorida.com.onspire.dev\/es\/wp-json\/wp\/v2\/pages"}],"about":[{"href":"https:\/\/ivfflorida.com.onspire.dev\/es\/wp-json\/wp\/v2\/types\/page"}],"author":[{"embeddable":true,"href":"https:\/\/ivfflorida.com.onspire.dev\/es\/wp-json\/wp\/v2\/users\/2"}],"replies":[{"embeddable":true,"href":"https:\/\/ivfflorida.com.onspire.dev\/es\/wp-json\/wp\/v2\/comments?post=447"}],"version-history":[{"count":9,"href":"https:\/\/ivfflorida.com.onspire.dev\/es\/wp-json\/wp\/v2\/pages\/447\/revisions"}],"predecessor-version":[{"id":2178,"href":"https:\/\/ivfflorida.com.onspire.dev\/es\/wp-json\/wp\/v2\/pages\/447\/revisions\/2178"}],"up":[{"embeddable":true,"href":"https:\/\/ivfflorida.com.onspire.dev\/es\/wp-json\/wp\/v2\/pages\/439"}],"wp:attachment":[{"href":"https:\/\/ivfflorida.com.onspire.dev\/es\/wp-json\/wp\/v2\/media?parent=447"}],"curies":[{"name":"wp","href":"https:\/\/api.w.org\/{rel}","templated":true}]}}