{"id":457,"date":"2025-08-07T19:40:03","date_gmt":"2025-08-07T19:40:03","guid":{"rendered":"https:\/\/ivfflorida.com\/?page_id=457"},"modified":"2025-09-24T21:38:38","modified_gmt":"2025-09-24T21:38:38","slug":"comienza-tu-viaje","status":"publish","type":"page","link":"https:\/\/ivfflorida.com.onspire.dev\/es\/comienza-tu-viaje\/","title":{"rendered":"Comienza tu viaje"},"content":{"rendered":"<div data-elementor-type=\"wp-page\" data-elementor-id=\"457\" class=\"elementor elementor-457\" data-elementor-post-type=\"page\">\n\t\t\t\t<div class=\"elementor-element elementor-element-4faebcee e-flex e-con-boxed e-con e-parent\" data-id=\"4faebcee\" data-element_type=\"container\" data-settings=\"{&quot;background_background&quot;:&quot;classic&quot;}\">\n\t\t\t\t\t<div class=\"e-con-inner\">\n\t\t<div class=\"elementor-element elementor-element-6982a337 e-flex e-con-boxed e-con e-child\" data-id=\"6982a337\" data-element_type=\"container\">\n\t\t\t\t\t<div class=\"e-con-inner\">\n\t\t<div class=\"elementor-element elementor-element-5b43bb8 e-con-full e-flex e-con e-child\" data-id=\"5b43bb8\" data-element_type=\"container\" data-settings=\"{&quot;background_background&quot;:&quot;classic&quot;}\">\n\t\t<div class=\"elementor-element elementor-element-65932566 e-con-full e-flex e-con e-child\" data-id=\"65932566\" data-element_type=\"container\">\n\t\t\t\t<div class=\"elementor-element elementor-element-6f3178d elementor-widget elementor-widget-heading\" data-id=\"6f3178d\" data-element_type=\"widget\" data-widget_type=\"heading.default\">\n\t\t\t\t\t<h1 class=\"elementor-heading-title elementor-size-default\">Su viaje de FIV comienza aqu\u00ed<\/h1>\t\t\t\t<\/div>\n\t\t\t\t<div class=\"elementor-element elementor-element-2bf3c1cc elementor-widget elementor-widget-text-editor\" data-id=\"2bf3c1cc\" data-element_type=\"widget\" data-widget_type=\"text-editor.default\">\n\t\t\t\t\t\t\t\t\t<p>Comenzar un tratamiento de fertilidad es un hito importante que merece la orientaci\u00f3n de un experto. Tanto si est\u00e1s a punto de iniciar la fecundaci\u00f3n in vitro (FIV), como si est\u00e1s explorando opciones de tratamiento o simplemente quieres saber m\u00e1s sobre el proceso de FIV de principio a fin, estamos aqu\u00ed para ayudarte.<\/p><p>En IVF Florida, nuestro equipo est\u00e1 aqu\u00ed para ofrecerle claridad, compasi\u00f3n y opciones de tratamiento avanzadas adaptadas a usted. Desde su primera cita y a lo largo de todo su viaje de atenci\u00f3n de fertilidad, le ayudaremos a entender su salud de fertilidad y crear un plan que refleje sus objetivos para hacer crecer su familia.<\/p>\t\t\t\t\t\t\t\t<\/div>\n\t\t\t\t<\/div>\n\t\t\t\t<\/div>\n\t\t\t\t\t<\/div>\n\t\t\t\t<\/div>\n\t\t\t\t\t<\/div>\n\t\t\t\t<\/div>\n\t\t<div class=\"elementor-element elementor-element-7f746700 e-con-full e-flex e-con e-parent\" data-id=\"7f746700\" data-element_type=\"container\">\n\t\t<div class=\"elementor-element elementor-element-18df13d0 e-flex e-con-boxed e-con e-child\" data-id=\"18df13d0\" data-element_type=\"container\">\n\t\t\t\t\t<div class=\"e-con-inner\">\n\t\t<div class=\"elementor-element elementor-element-3d2c9c55 e-con-full e-flex e-con e-child\" data-id=\"3d2c9c55\" data-element_type=\"container\">\n\t\t<div class=\"elementor-element elementor-element-753f6721 e-con-full e-flex e-con e-child\" data-id=\"753f6721\" data-element_type=\"container\">\n\t\t<div class=\"elementor-element elementor-element-d9f9e30 e-con-full e-flex e-con e-child\" data-id=\"d9f9e30\" data-element_type=\"container\" data-settings=\"{&quot;background_background&quot;:&quot;classic&quot;}\">\n\t\t<div class=\"elementor-element elementor-element-397bfe7c e-con-full e-flex e-con e-child\" data-id=\"397bfe7c\" data-element_type=\"container\">\n\t\t\t\t<div class=\"elementor-element elementor-element-4c861ec3 elementor-widget elementor-widget-heading\" data-id=\"4c861ec3\" data-element_type=\"widget\" data-widget_type=\"heading.default\">\n\t\t\t\t\t<h2 class=\"elementor-heading-title elementor-size-default\">C\u00f3mo iniciar el proceso de FIV<\/h2>\t\t\t\t<\/div>\n\t\t\t\t<\/div>\n\t\t<div class=\"elementor-element elementor-element-1bce4ab3 e-con-full e-flex e-con e-child\" data-id=\"1bce4ab3\" data-element_type=\"container\">\n\t\t\t\t<div class=\"elementor-element elementor-element-f6a95fd elementor-widget elementor-widget-text-editor\" data-id=\"f6a95fd\" data-element_type=\"widget\" data-widget_type=\"text-editor.default\">\n\t\t\t\t\t\t\t\t\t<h3>Dar el primer paso hacia la paternidad<\/h3><p>Si lleva un tiempo intentando concebir o si las pruebas de su pareja hacen temer la infertilidad, una evaluaci\u00f3n precoz puede ser un paso fundamental. Muchos pacientes empiezan pregunt\u00e1ndose: \"\u00bfC\u00f3mo empiezo el proceso de FIV?\". La respuesta depende de su ciclo \u00fanico y de sus necesidades m\u00e9dicas, y nuestro equipo est\u00e1 aqu\u00ed para guiarle.<\/p><p>Le ayudaremos a reconocer los primeros signos de infertilidad, revisaremos cualquier prueba previa y exploraremos cu\u00e1ndo y c\u00f3mo iniciar el proceso de FIV u otras opciones de tratamiento.<\/p>\t\t\t\t\t\t\t\t<\/div>\n\t\t\t\t<div class=\"elementor-element elementor-element-722af1f elementor-widget elementor-widget-button\" data-id=\"722af1f\" data-element_type=\"widget\" data-widget_type=\"button.default\">\n\t\t\t\t\t\t\t\t\t\t<a class=\"elementor-button elementor-button-link elementor-size-sm\" href=\"\/es\/comienza-tu-viaje\/cuando-acudir-a-un-especialista-en-fertilidad\/\">\n\t\t\t\t\t\t<span class=\"elementor-button-content-wrapper\">\n\t\t\t\t\t\t\t\t\t<span class=\"elementor-button-text\">M\u00e1s informaci\u00f3n<\/span>\n\t\t\t\t\t<\/span>\n\t\t\t\t\t<\/a>\n\t\t\t\t\t\t\t\t<\/div>\n\t\t\t\t<\/div>\n\t\t\t\t<\/div>\n\t\t<div class=\"elementor-element elementor-element-3f7a754f e-con-full e-flex e-con e-child\" data-id=\"3f7a754f\" data-element_type=\"container\" data-settings=\"{&quot;background_background&quot;:&quot;classic&quot;}\">\n\t\t<div class=\"elementor-element elementor-element-551c78ee e-con-full e-flex e-con e-child\" data-id=\"551c78ee\" data-element_type=\"container\">\n\t\t\t\t<div class=\"elementor-element elementor-element-532c311d elementor-widget elementor-widget-heading\" data-id=\"532c311d\" data-element_type=\"widget\" data-widget_type=\"heading.default\">\n\t\t\t\t\t<h2 class=\"elementor-heading-title elementor-size-default\">Su primera cita<\/h2>\t\t\t\t<\/div>\n\t\t\t\t<\/div>\n\t\t<div class=\"elementor-element elementor-element-79e91ec7 e-con-full e-flex e-con e-child\" data-id=\"79e91ec7\" data-element_type=\"container\">\n\t\t\t\t<div class=\"elementor-element elementor-element-d4ad3c6 elementor-widget elementor-widget-text-editor\" data-id=\"d4ad3c6\" data-element_type=\"widget\" data-widget_type=\"text-editor.default\">\n\t\t\t\t\t\t\t\t\t<h3>Sabemos que el primer paso puede resultar abrumador, sobre todo cuando est\u00e1s a punto de iniciar la FIV. Puede que te preguntes:<\/h3><ul><li aria-level=\"1\">\"\u00bfCu\u00e1l es el calendario de la FIV de principio a fin?\".<\/li><li aria-level=\"1\">\"\u00bfNecesitar\u00e9 pruebas de inmediato?\"<\/li><\/ul><p>Durante su visita inicial, se reunir\u00e1 con uno de nuestros especialistas en un ambiente relajado y de apoyo. Repasaremos su historial m\u00e9dico, las pruebas recomendadas, las opciones de tratamiento y lo que puede esperar de la FIV de principio a fin, incluidos los d\u00edas del ciclo en los que puede iniciar la FIV para tener m\u00e1s probabilidades de \u00e9xito.<\/p>\t\t\t\t\t\t\t\t<\/div>\n\t\t\t\t<div class=\"elementor-element elementor-element-6c99cc7 elementor-widget elementor-widget-button\" data-id=\"6c99cc7\" data-element_type=\"widget\" data-widget_type=\"button.default\">\n\t\t\t\t\t\t\t\t\t\t<a class=\"elementor-button elementor-button-link elementor-size-sm\" href=\"\/es\/comienza-tu-viaje\/su-primera-visita\/\">\n\t\t\t\t\t\t<span class=\"elementor-button-content-wrapper\">\n\t\t\t\t\t\t\t\t\t<span class=\"elementor-button-text\">M\u00e1s informaci\u00f3n<\/span>\n\t\t\t\t\t<\/span>\n\t\t\t\t\t<\/a>\n\t\t\t\t\t\t\t\t<\/div>\n\t\t\t\t<\/div>\n\t\t\t\t<\/div>\n\t\t<div class=\"elementor-element elementor-element-1be0fcbb e-con-full e-flex e-con e-child\" data-id=\"1be0fcbb\" data-element_type=\"container\" data-settings=\"{&quot;background_background&quot;:&quot;classic&quot;}\">\n\t\t<div class=\"elementor-element elementor-element-8b1ca95 e-con-full e-flex e-con e-child\" data-id=\"8b1ca95\" data-element_type=\"container\">\n\t\t\t\t<div class=\"elementor-element elementor-element-6152eaf4 elementor-widget elementor-widget-heading\" data-id=\"6152eaf4\" data-element_type=\"widget\" data-widget_type=\"heading.default\">\n\t\t\t\t\t<h2 class=\"elementor-heading-title elementor-size-default\">Pruebas de fertilidad sencillas\n<\/h2>\t\t\t\t<\/div>\n\t\t\t\t<\/div>\n\t\t<div class=\"elementor-element elementor-element-319d6b84 e-con-full e-flex e-con e-child\" data-id=\"319d6b84\" data-element_type=\"container\">\n\t\t\t\t<div class=\"elementor-element elementor-element-b2a4587 elementor-widget elementor-widget-text-editor\" data-id=\"b2a4587\" data-element_type=\"widget\" data-widget_type=\"text-editor.default\">\n\t\t\t\t\t\t\t\t\t<p>Conocer su salud reproductiva es fundamental para tomar decisiones con conocimiento de causa. Nuestro chequeo de fertilidad incluye pruebas hormonales como AMH, FSH y estradiol para obtener informaci\u00f3n sobre la reserva ov\u00e1rica y el equilibrio hormonal.<\/p><p>Los resultados de estas pruebas nos ayudan a determinar el momento y los protocolos ideales para el tratamiento, incluido cu\u00e1ndo puede iniciar la FIV, y si puede empezar la FIV el d\u00eda 5 del ciclo o antes en su siguiente ciclo. Interpretamos juntos los resultados en una consulta individual.<\/p>\t\t\t\t\t\t\t\t<\/div>\n\t\t\t\t<div class=\"elementor-element elementor-element-b2201e2 elementor-widget elementor-widget-button\" data-id=\"b2201e2\" data-element_type=\"widget\" data-widget_type=\"button.default\">\n\t\t\t\t\t\t\t\t\t\t<a class=\"elementor-button elementor-button-link elementor-size-sm\" href=\"\/es\/tratamientos\/diagnosticos-y-medicamentos\/control-de-fertilidad\/\">\n\t\t\t\t\t\t<span class=\"elementor-button-content-wrapper\">\n\t\t\t\t\t\t\t\t\t<span class=\"elementor-button-text\">M\u00e1s informaci\u00f3n<\/span>\n\t\t\t\t\t<\/span>\n\t\t\t\t\t<\/a>\n\t\t\t\t\t\t\t\t<\/div>\n\t\t\t\t<\/div>\n\t\t\t\t<\/div>\n\t\t<div class=\"elementor-element elementor-element-724012c e-con-full e-flex e-con e-child\" data-id=\"724012c\" data-element_type=\"container\" data-settings=\"{&quot;background_background&quot;:&quot;classic&quot;}\">\n\t\t<div class=\"elementor-element elementor-element-231b4bc e-con-full e-flex e-con e-child\" data-id=\"231b4bc\" data-element_type=\"container\">\n\t\t\t\t<div class=\"elementor-element elementor-element-516dbb1 elementor-widget elementor-widget-heading\" data-id=\"516dbb1\" data-element_type=\"widget\" data-widget_type=\"heading.default\">\n\t\t\t\t\t<h2 class=\"elementor-heading-title elementor-size-default\">V\u00edas de tratamiento personalizadas<\/h2>\t\t\t\t<\/div>\n\t\t\t\t<\/div>\n\t\t<div class=\"elementor-element elementor-element-c883f5c e-con-full e-flex e-con e-child\" data-id=\"c883f5c\" data-element_type=\"container\">\n\t\t\t\t<div class=\"elementor-element elementor-element-80659e3 elementor-widget elementor-widget-text-editor\" data-id=\"80659e3\" data-element_type=\"widget\" data-widget_type=\"text-editor.default\">\n\t\t\t\t\t\t\t\t\t<p>Ofrecemos todo tipo de tratamientos, desde la inducci\u00f3n de la ovulaci\u00f3n hasta la inseminaci\u00f3n intrauterina (IIU), la FIV y las opciones asistidas por donante, todos ellos personalizados seg\u00fan sus necesidades. La hoja de ruta de tu tratamiento tendr\u00e1 en cuenta tus pruebas de fertilidad, tus objetivos y tu historial m\u00e9dico, para garantizar que se crea el mejor plan para ti.<\/p><p>Para aquellos que siguen adelante con la FIV o cualquier otra opci\u00f3n de tratamiento de fertilidad en IVF Florida, proporcionamos orientaci\u00f3n a trav\u00e9s del proceso de principio a fin, asegurando que se sienta informado, apoyado y en control.<\/p>\t\t\t\t\t\t\t\t<\/div>\n\t\t\t\t<div class=\"elementor-element elementor-element-02526a9 elementor-widget elementor-widget-button\" data-id=\"02526a9\" data-element_type=\"widget\" data-widget_type=\"button.default\">\n\t\t\t\t\t\t\t\t\t\t<a class=\"elementor-button elementor-button-link elementor-size-sm\" href=\"\/es\/tratamientos\/\">\n\t\t\t\t\t\t<span class=\"elementor-button-content-wrapper\">\n\t\t\t\t\t\t\t\t\t<span class=\"elementor-button-text\">M\u00e1s informaci\u00f3n<\/span>\n\t\t\t\t\t<\/span>\n\t\t\t\t\t<\/a>\n\t\t\t\t\t\t\t\t<\/div>\n\t\t\t\t<\/div>\n\t\t\t\t<\/div>\n\t\t<div class=\"elementor-element elementor-element-8e01023 e-con-full e-flex e-con e-child\" data-id=\"8e01023\" data-element_type=\"container\" data-settings=\"{&quot;background_background&quot;:&quot;classic&quot;}\">\n\t\t<div class=\"elementor-element elementor-element-f8f3b84 e-con-full e-flex e-con e-child\" data-id=\"f8f3b84\" data-element_type=\"container\">\n\t\t\t\t<div class=\"elementor-element elementor-element-35b95b8 elementor-widget elementor-widget-heading\" data-id=\"35b95b8\" data-element_type=\"widget\" data-widget_type=\"heading.default\">\n\t\t\t\t\t<h2 class=\"elementor-heading-title elementor-size-default\">Claridad financiera <\/h2>\t\t\t\t<\/div>\n\t\t\t\t<\/div>\n\t\t<div class=\"elementor-element elementor-element-86fd14c e-con-full e-flex e-con e-child\" data-id=\"86fd14c\" data-element_type=\"container\">\n\t\t\t\t<div class=\"elementor-element elementor-element-ecc060b elementor-widget elementor-widget-text-editor\" data-id=\"ecc060b\" data-element_type=\"widget\" data-widget_type=\"text-editor.default\">\n\t\t\t\t\t\t\t\t\t<p>Los cuidados de fertilidad suponen una inversi\u00f3n, pero no tiene por qu\u00e9 afrontarla sola. Le informaremos sobre la cobertura del seguro, los costes de la medicaci\u00f3n, los programas de descuento y las opciones de financiaci\u00f3n. Juntos nos aseguraremos de que sus cuidados se ajusten a su presupuesto.<\/p>\t\t\t\t\t\t\t\t<\/div>\n\t\t\t\t<div class=\"elementor-element elementor-element-3823f2a elementor-widget elementor-widget-button\" data-id=\"3823f2a\" data-element_type=\"widget\" data-widget_type=\"button.default\">\n\t\t\t\t\t\t\t\t\t\t<a class=\"elementor-button elementor-button-link elementor-size-sm\" href=\"\/es\/recursos\/tratamientos-y-costes-de-la-infertilidad\/\">\n\t\t\t\t\t\t<span class=\"elementor-button-content-wrapper\">\n\t\t\t\t\t\t\t\t\t<span class=\"elementor-button-text\">M\u00e1s informaci\u00f3n<\/span>\n\t\t\t\t\t<\/span>\n\t\t\t\t\t<\/a>\n\t\t\t\t\t\t\t\t<\/div>\n\t\t\t\t<\/div>\n\t\t\t\t<\/div>\n\t\t<div class=\"elementor-element elementor-element-1c67f7e e-con-full e-flex e-con e-child\" data-id=\"1c67f7e\" data-element_type=\"container\" data-settings=\"{&quot;background_background&quot;:&quot;classic&quot;}\">\n\t\t<div class=\"elementor-element elementor-element-b901f29 e-con-full e-flex e-con e-child\" data-id=\"b901f29\" data-element_type=\"container\">\n\t\t\t\t<div class=\"elementor-element elementor-element-586cebd elementor-widget elementor-widget-heading\" data-id=\"586cebd\" data-element_type=\"widget\" data-widget_type=\"heading.default\">\n\t\t\t\t\t<h2 class=\"elementor-heading-title elementor-size-default\">Conozca a su equipo asistencial\n<\/h2>\t\t\t\t<\/div>\n\t\t\t\t<\/div>\n\t\t<div class=\"elementor-element elementor-element-0e7fb1f e-con-full e-flex e-con e-child\" data-id=\"0e7fb1f\" data-element_type=\"container\">\n\t\t\t\t<div class=\"elementor-element elementor-element-1cdf889 elementor-widget elementor-widget-text-editor\" data-id=\"1cdf889\" data-element_type=\"widget\" data-widget_type=\"text-editor.default\">\n\t\t\t\t\t\t\t\t\t<p><span style=\"font-weight: 400;\">Nuestro equipo est\u00e1 formado por especialistas en fertilidad experimentados, enfermeras gestoras de casos y expertos en laboratorio que colaboran para ofrecer una atenci\u00f3n integral y personalizada. Desde el momento en que decida iniciar el proceso de tratamiento, se le asignar\u00e1 un equipo de atenci\u00f3n coherente que le apoyar\u00e1 durante todo el proceso, de principio a fin.<\/span><\/p>\t\t\t\t\t\t\t\t<\/div>\n\t\t\t\t<div class=\"elementor-element elementor-element-7e6894d elementor-widget elementor-widget-button\" data-id=\"7e6894d\" data-element_type=\"widget\" data-widget_type=\"button.default\">\n\t\t\t\t\t\t\t\t\t\t<a class=\"elementor-button elementor-button-link elementor-size-sm\" href=\"\/es\/proveedores\/\">\n\t\t\t\t\t\t<span class=\"elementor-button-content-wrapper\">\n\t\t\t\t\t\t\t\t\t<span class=\"elementor-button-text\">Buscar un m\u00e9dico<\/span>\n\t\t\t\t\t<\/span>\n\t\t\t\t\t<\/a>\n\t\t\t\t\t\t\t\t<\/div>\n\t\t\t\t<\/div>\n\t\t\t\t<\/div>\n\t\t\t\t<\/div>\n\t\t<div class=\"elementor-element elementor-element-95d3284 e-con-full e-flex e-con e-child\" data-id=\"95d3284\" data-element_type=\"container\">\n\t\t<div class=\"elementor-element elementor-element-59125b50 e-con-full e-flex e-con e-child\" data-id=\"59125b50\" data-element_type=\"container\" data-settings=\"{&quot;background_background&quot;:&quot;classic&quot;}\">\n\t\t<div class=\"elementor-element elementor-element-31aaf73f e-con-full e-flex e-con e-child\" data-id=\"31aaf73f\" data-element_type=\"container\">\n\t\t\t\t<div class=\"elementor-element elementor-element-19767b35 elementor-widget elementor-widget-text-editor\" data-id=\"19767b35\" data-element_type=\"widget\" data-widget_type=\"text-editor.default\">\n\t\t\t\t\t\t\t\t\t<p><span style=\"font-weight: 400;\">Sin el Dr. Gualtieri y su incre\u00edble equipo, no tendr\u00edamos a nuestra dulce ni\u00f1a. Nunca podr\u00e9 agradecerle lo suficiente que nos haya ayudado. Muchas gracias tambi\u00e9n a su equipo. Sin esas encantadoras se\u00f1oras, no s\u00e9 si habr\u00eda podido seguir adelante durante el tiempo que nos llev\u00f3 concebir. Estamos m\u00e1s que agradecidos y bendecidos.<\/span><\/p>\t\t\t\t\t\t\t\t<\/div>\n\t\t\t\t<\/div>\n\t\t\t\t<\/div>\n\t\t<div class=\"elementor-element elementor-element-64b1c51e e-con-full interior-helpful-resources-column e-flex e-con e-child\" data-id=\"64b1c51e\" data-element_type=\"container\" data-settings=\"{&quot;background_background&quot;:&quot;classic&quot;}\">\n\t\t\t\t<div class=\"elementor-element elementor-element-6052e644 elementor-widget elementor-widget-heading\" data-id=\"6052e644\" data-element_type=\"widget\" data-widget_type=\"heading.default\">\n\t\t\t\t\t<h5 class=\"elementor-heading-title elementor-size-default\">Recursos \u00fatiles<\/h5>\t\t\t\t<\/div>\n\t\t\t\t<div class=\"elementor-element elementor-element-59382c1 elementor-widget elementor-widget-text-editor\" data-id=\"59382c1\" data-element_type=\"widget\" data-widget_type=\"text-editor.default\">\n\t\t\t\t\t\t\t\t\t<ul><li><a href=\"\/es\/concertar-cita\/\">Citas<\/a><\/li><li><a href=\"\/es\/lugares\/\">Ubicaciones<\/a><\/li><li><a href=\"\/es\/proveedores\/\">Proveedores<\/a><\/li><\/ul>\t\t\t\t\t\t\t\t<\/div>\n\t\t\t\t<\/div>\n\t\t\t\t<\/div>\n\t\t\t\t<\/div>\n\t\t\t\t\t<\/div>\n\t\t\t\t<\/div>\n\t\t\t\t<\/div>\n\t\t<div class=\"elementor-element elementor-element-aed50e7 e-con-full e-flex e-con e-parent\" data-id=\"aed50e7\" data-element_type=\"container\">\n\t\t\t\t<div class=\"elementor-element elementor-element-9530696 elementor-widget elementor-widget-shortcode\" data-id=\"9530696\" data-element_type=\"widget\" data-widget_type=\"shortcode.default\">\n\t\t\t\t\t\t\t<div class=\"elementor-shortcode\">\t\t<div data-elementor-type=\"container\" data-elementor-id=\"2306\" class=\"elementor elementor-2306\" data-elementor-post-type=\"elementor_library\">\n\t\t\t\t<div class=\"elementor-element elementor-element-4f00b757 e-con-full e-flex e-con e-parent\" data-id=\"4f00b757\" data-element_type=\"container\" data-settings=\"{&quot;background_background&quot;:&quot;classic&quot;}\">\n\t\t<div class=\"elementor-element elementor-element-4ae73510 e-flex e-con-boxed e-con e-child\" data-id=\"4ae73510\" data-element_type=\"container\">\n\t\t\t\t\t<div class=\"e-con-inner\">\n\t\t<div class=\"elementor-element elementor-element-ef60b4 e-con-full e-flex e-con e-child\" data-id=\"ef60b4\" data-element_type=\"container\">\n\t\t\t\t<div class=\"elementor-element elementor-element-712092da elementor-widget elementor-widget-heading\" data-id=\"712092da\" data-element_type=\"widget\" data-widget_type=\"heading.default\">\n\t\t\t\t\t<h2 class=\"elementor-heading-title elementor-size-default\">M\u00faltiples ubicaciones en Florida para servirle.<\/h2>\t\t\t\t<\/div>\n\t\t\t\t<div class=\"elementor-element elementor-element-15712b73 elementor-mobile-align-center elementor-widget elementor-widget-button\" data-id=\"15712b73\" data-element_type=\"widget\" data-widget_type=\"button.default\">\n\t\t\t\t\t\t\t\t\t\t<a class=\"elementor-button elementor-button-link elementor-size-sm\" href=\"\/es\/lugares\/\">\n\t\t\t\t\t\t<span class=\"elementor-button-content-wrapper\">\n\t\t\t\t\t\t\t\t\t<span class=\"elementor-button-text\">Buscar un lugar<\/span>\n\t\t\t\t\t<\/span>\n\t\t\t\t\t<\/a>\n\t\t\t\t\t\t\t\t<\/div>\n\t\t\t\t<\/div>\n\t\t\t\t\t<\/div>\n\t\t\t\t<\/div>\n\t\t\t\t<\/div>\n\t\t\t\t<\/div>\n\t\t<\/div>\n\t\t\t\t\t\t<\/div>\n\t\t\t\t<\/div>\n\t\t\t\t<\/div>","protected":false},"excerpt":{"rendered":"<p>Su viaje de FIV comienza aqu\u00ed Comenzar el tratamiento de fertilidad es un hito importante que merece la orientaci\u00f3n de un experto. Tanto si est\u00e1 a punto de iniciar la fecundaci\u00f3n in vitro (FIV), como si est\u00e1 explorando opciones de tratamiento o simplemente est\u00e1 empezando a saber m\u00e1s sobre el proceso de FIV de principio a fin, estamos aqu\u00ed para ayudarle...<\/p>","protected":false},"author":2,"featured_media":0,"parent":0,"menu_order":0,"template":"","meta":{"_acf_changed":false,"footnotes":""},"class_list":["post-457","page","type-page","status-publish","hentry"],"acf":[],"aioseo_notices":[],"_links":{"self":[{"href":"https:\/\/ivfflorida.com.onspire.dev\/es\/wp-json\/wp\/v2\/pages\/457","targetHints":{"allow":["GET"]}}],"collection":[{"href":"https:\/\/ivfflorida.com.onspire.dev\/es\/wp-json\/wp\/v2\/pages"}],"about":[{"href":"https:\/\/ivfflorida.com.onspire.dev\/es\/wp-json\/wp\/v2\/types\/page"}],"author":[{"embeddable":true,"href":"https:\/\/ivfflorida.com.onspire.dev\/es\/wp-json\/wp\/v2\/users\/2"}],"replies":[{"embeddable":true,"href":"https:\/\/ivfflorida.com.onspire.dev\/es\/wp-json\/wp\/v2\/comments?post=457"}],"version-history":[{"count":22,"href":"https:\/\/ivfflorida.com.onspire.dev\/es\/wp-json\/wp\/v2\/pages\/457\/revisions"}],"predecessor-version":[{"id":3721,"href":"https:\/\/ivfflorida.com.onspire.dev\/es\/wp-json\/wp\/v2\/pages\/457\/revisions\/3721"}],"wp:attachment":[{"href":"https:\/\/ivfflorida.com.onspire.dev\/es\/wp-json\/wp\/v2\/media?parent=457"}],"curies":[{"name":"wp","href":"https:\/\/api.w.org\/{rel}","templated":true}]}}