{"id":460,"date":"2025-08-07T20:33:26","date_gmt":"2025-08-07T20:33:26","guid":{"rendered":"https:\/\/ivfflorida.com\/?page_id=460"},"modified":"2025-09-24T21:43:13","modified_gmt":"2025-09-24T21:43:13","slug":"cuando-acudir-a-un-especialista-en-fertilidad","status":"publish","type":"page","link":"https:\/\/ivfflorida.com.onspire.dev\/es\/comienza-tu-viaje\/cuando-acudir-a-un-especialista-en-fertilidad\/","title":{"rendered":"Cu\u00e1ndo acudir a un especialista en fertilidad"},"content":{"rendered":"<div data-elementor-type=\"wp-page\" data-elementor-id=\"460\" class=\"elementor elementor-460\" data-elementor-post-type=\"page\">\n\t\t\t\t<div class=\"elementor-element elementor-element-599f7b4f e-flex e-con-boxed e-con e-parent\" data-id=\"599f7b4f\" data-element_type=\"container\" data-settings=\"{&quot;background_background&quot;:&quot;classic&quot;}\">\n\t\t\t\t\t<div class=\"e-con-inner\">\n\t\t<div class=\"elementor-element elementor-element-692ef183 e-flex e-con-boxed e-con e-child\" data-id=\"692ef183\" data-element_type=\"container\">\n\t\t\t\t\t<div class=\"e-con-inner\">\n\t\t<div class=\"elementor-element elementor-element-7acea244 e-con-full e-flex e-con e-child\" data-id=\"7acea244\" data-element_type=\"container\" data-settings=\"{&quot;background_background&quot;:&quot;classic&quot;}\">\n\t\t<div class=\"elementor-element elementor-element-637670c5 e-con-full e-flex e-con e-child\" data-id=\"637670c5\" data-element_type=\"container\">\n\t\t\t\t<div class=\"elementor-element elementor-element-6a69035d elementor-widget elementor-widget-heading\" data-id=\"6a69035d\" data-element_type=\"widget\" data-widget_type=\"heading.default\">\n\t\t\t\t\t<h1 class=\"elementor-heading-title elementor-size-default\">Cu\u00e1ndo acudir a un especialista en fertilidad<\/h1>\t\t\t\t<\/div>\n\t\t\t\t<div class=\"elementor-element elementor-element-49befebc elementor-widget elementor-widget-text-editor\" data-id=\"49befebc\" data-element_type=\"widget\" data-widget_type=\"text-editor.default\">\n\t\t\t\t\t\t\t\t\t<p>Saber cu\u00e1ndo dar el siguiente paso es una parte importante del proceso de fertilidad. Puede que est\u00e9s empezando a plantearte tus opciones o que ya est\u00e9s intentando formar una familia. Reunirse con un especialista en fertilidad puede aportarle claridad, confianza y un plan personalizado para seguir adelante. Los endocrin\u00f3logos reproductivos certificados de IVF Florida ofrecen orientaci\u00f3n experta y atenci\u00f3n avanzada adaptada a sus objetivos.<\/p>\t\t\t\t\t\t\t\t<\/div>\n\t\t\t\t<\/div>\n\t\t\t\t<\/div>\n\t\t\t\t\t<\/div>\n\t\t\t\t<\/div>\n\t\t\t\t\t<\/div>\n\t\t\t\t<\/div>\n\t\t<div class=\"elementor-element elementor-element-6dd47240 e-con-full e-flex e-con e-parent\" data-id=\"6dd47240\" data-element_type=\"container\">\n\t\t<div class=\"elementor-element elementor-element-50b12162 e-flex e-con-boxed e-con e-child\" data-id=\"50b12162\" data-element_type=\"container\">\n\t\t\t\t\t<div class=\"e-con-inner\">\n\t\t<div class=\"elementor-element elementor-element-191a210a e-con-full e-flex e-con e-child\" data-id=\"191a210a\" data-element_type=\"container\">\n\t\t<div class=\"elementor-element elementor-element-3d0ef749 e-con-full e-flex e-con e-child\" data-id=\"3d0ef749\" data-element_type=\"container\">\n\t\t<div class=\"elementor-element elementor-element-76b183ff e-con-full e-flex e-con e-child\" data-id=\"76b183ff\" data-element_type=\"container\" data-settings=\"{&quot;background_background&quot;:&quot;classic&quot;}\">\n\t\t<div class=\"elementor-element elementor-element-6e8a922 e-con-full e-flex e-con e-child\" data-id=\"6e8a922\" data-element_type=\"container\">\n\t\t\t\t<div class=\"elementor-element elementor-element-49bde4c7 elementor-widget elementor-widget-heading\" data-id=\"49bde4c7\" data-element_type=\"widget\" data-widget_type=\"heading.default\">\n\t\t\t\t\t<h2 class=\"elementor-heading-title elementor-size-default\">Cu\u00e1ndo acudir a un especialista en fertilidad<\/h2>\t\t\t\t<\/div>\n\t\t\t\t<\/div>\n\t\t<div class=\"elementor-element elementor-element-79f888f5 e-con-full e-flex e-con e-child\" data-id=\"79f888f5\" data-element_type=\"container\">\n\t\t\t\t<div class=\"elementor-element elementor-element-25050b63 elementor-widget elementor-widget-text-editor\" data-id=\"25050b63\" data-element_type=\"widget\" data-widget_type=\"text-editor.default\">\n\t\t\t\t\t\t\t\t\t<p>Aunque cada viaje para formar una familia es diferente, ciertos signos pueden indicar que ha llegado el momento de consultar a un endocrin\u00f3logo reproductivo. Recomendamos concertar una cita si se da alguno de los siguientes casos:<\/p><ul><li aria-level=\"1\">Tiene menos de 35 a\u00f1os, ciclos regulares y lleva 12 meses o m\u00e1s intentando concebir.<\/li><li aria-level=\"1\">Tiene 35 a\u00f1os o m\u00e1s, ciclos regulares y lleva intent\u00e1ndolo 6 meses o m\u00e1s.<\/li><li aria-level=\"1\">Tiene 40 a\u00f1os o m\u00e1s y desea una evaluaci\u00f3n inmediata<\/li><li aria-level=\"1\">Has tenido ciclos menstruales irregulares o ausentes<\/li><li aria-level=\"1\">Tiene una enfermedad conocida o sospechada, como el s\u00edndrome de ovario poliqu\u00edstico, endometriosis, fibromas o antecedentes de enfermedad inflamatoria p\u00e9lvica (EIP).<\/li><li aria-level=\"1\">Ha sufrido p\u00e9rdidas de embarazo recurrentes<\/li><li aria-level=\"1\">Usted o su pareja padecen una enfermedad gen\u00e9tica conocida o tienen problemas de fertilidad.<\/li><li aria-level=\"1\">Ha recibido tratamiento m\u00e9dico previo que pueda afectar a la fertilidad (como quimioterapia o radioterapia).<\/li><li aria-level=\"1\">Est\u00e1 considerando la posibilidad de donar esperma, \u00f3vulos o gestaci\u00f3n subrogada.<\/li><li aria-level=\"1\">Quiere preservar su fertilidad para el futuro<\/li><\/ul><p>Incluso si no tiene previsto iniciar un tratamiento de inmediato, una consulta puede proporcionarle informaci\u00f3n \u00fatil sobre los aspectos de la fertilidad, evaluar ciertos componentes cruciales para concebir y ayudarle a crear un camino a seguir que funcione para usted.<\/p>\t\t\t\t\t\t\t\t<\/div>\n\t\t\t\t<\/div>\n\t\t\t\t<\/div>\n\t\t<div class=\"elementor-element elementor-element-365b7b23 e-con-full e-flex e-con e-child\" data-id=\"365b7b23\" data-element_type=\"container\" data-settings=\"{&quot;background_background&quot;:&quot;classic&quot;}\">\n\t\t<div class=\"elementor-element elementor-element-64aed867 e-con-full e-flex e-con e-child\" data-id=\"64aed867\" data-element_type=\"container\">\n\t\t\t\t<div class=\"elementor-element elementor-element-26eb48a1 elementor-widget elementor-widget-heading\" data-id=\"26eb48a1\" data-element_type=\"widget\" data-widget_type=\"heading.default\">\n\t\t\t\t\t<h2 class=\"elementor-heading-title elementor-size-default\">Qu\u00e9 esperar de la primera visita<\/h2>\t\t\t\t<\/div>\n\t\t\t\t<\/div>\n\t\t<div class=\"elementor-element elementor-element-48ac1c29 e-con-full e-flex e-con e-child\" data-id=\"48ac1c29\" data-element_type=\"container\">\n\t\t\t\t<div class=\"elementor-element elementor-element-7b7ce7fc elementor-widget elementor-widget-text-editor\" data-id=\"7b7ce7fc\" data-element_type=\"widget\" data-widget_type=\"text-editor.default\">\n\t\t\t\t\t\t\t\t\t<p>La consulta inicial incluye una revisi\u00f3n exhaustiva de su historial m\u00e9dico, factores relacionados con su estilo de vida y pruebas o tratamientos de fertilidad previos. Se reunir\u00e1 con un especialista en fertilidad para hablar de sus objetivos y determinar los siguientes pasos, que pueden incluir pruebas diagn\u00f3sticas o planificaci\u00f3n del tratamiento. Nuestro equipo asistencial est\u00e1 aqu\u00ed para escucharle, apoyarle y guiarle.<\/p>\t\t\t\t\t\t\t\t<\/div>\n\t\t\t\t<div class=\"elementor-element elementor-element-2ccf30d elementor-widget elementor-widget-button\" data-id=\"2ccf30d\" data-element_type=\"widget\" data-widget_type=\"button.default\">\n\t\t\t\t\t\t\t\t\t\t<a class=\"elementor-button elementor-button-link elementor-size-sm\" href=\"\/es\/comienza-tu-viaje\/su-primera-visita\/\">\n\t\t\t\t\t\t<span class=\"elementor-button-content-wrapper\">\n\t\t\t\t\t\t\t\t\t<span class=\"elementor-button-text\">Su primera visita<\/span>\n\t\t\t\t\t<\/span>\n\t\t\t\t\t<\/a>\n\t\t\t\t\t\t\t\t<\/div>\n\t\t\t\t<\/div>\n\t\t\t\t<\/div>\n\t\t\t\t<\/div>\n\t\t<div class=\"elementor-element elementor-element-34704cfb e-con-full e-flex e-con e-child\" data-id=\"34704cfb\" data-element_type=\"container\">\n\t\t<div class=\"elementor-element elementor-element-47abf90c e-con-full e-flex e-con e-child\" data-id=\"47abf90c\" data-element_type=\"container\" data-settings=\"{&quot;background_background&quot;:&quot;classic&quot;}\">\n\t\t<div class=\"elementor-element elementor-element-3503c862 e-con-full e-flex e-con e-child\" data-id=\"3503c862\" data-element_type=\"container\">\n\t\t\t\t<div class=\"elementor-element elementor-element-6a146145 elementor-widget elementor-widget-text-editor\" data-id=\"6a146145\" data-element_type=\"widget\" data-widget_type=\"text-editor.default\">\n\t\t\t\t\t\t\t\t\t<p>Sin vosotros, me habr\u00eda sido imposible ser madre. Gracias a todo el equipo de la cl\u00ednica, y en especial al Dr. Luis Hoyos, por este hermoso regalo que me han ayudado a conseguir. Me siento muy feliz y bendecida por todo lo que han hecho por m\u00ed y por mi peque\u00f1a familia.<\/p>\t\t\t\t\t\t\t\t<\/div>\n\t\t\t\t<\/div>\n\t\t\t\t<\/div>\n\t\t<div class=\"elementor-element elementor-element-2c2443c9 e-con-full interior-helpful-resources-column e-flex e-con e-child\" data-id=\"2c2443c9\" data-element_type=\"container\" data-settings=\"{&quot;background_background&quot;:&quot;classic&quot;}\">\n\t\t\t\t<div class=\"elementor-element elementor-element-5f05e8e5 elementor-widget elementor-widget-heading\" data-id=\"5f05e8e5\" data-element_type=\"widget\" data-widget_type=\"heading.default\">\n\t\t\t\t\t<h5 class=\"elementor-heading-title elementor-size-default\">Recursos \u00fatiles<\/h5>\t\t\t\t<\/div>\n\t\t\t\t<div class=\"elementor-element elementor-element-28ecd091 elementor-widget elementor-widget-text-editor\" data-id=\"28ecd091\" data-element_type=\"widget\" data-widget_type=\"text-editor.default\">\n\t\t\t\t\t\t\t\t\t<ul><li><a href=\"https:\/\/ivfflorida.com\/start-your-journey\/\">Comienza tu viaje<\/a><\/li><li dir=\"ltr\" role=\"presentation\"><a href=\"https:\/\/ivfflorida.com\/treatments\/diagnostics-and-medications\/fertility-awareness-checkup\/\">Control de fertilidad<\/a><\/li><li dir=\"ltr\" role=\"presentation\"><a href=\"https:\/\/ivfflorida.com\/start-your-journey\/causes-of-infertility\/\">Causas de infertilidad<\/a><\/li><\/ul>\t\t\t\t\t\t\t\t<\/div>\n\t\t\t\t<\/div>\n\t\t\t\t<\/div>\n\t\t\t\t<\/div>\n\t\t\t\t\t<\/div>\n\t\t\t\t<\/div>\n\t\t\t\t<\/div>\n\t\t<div class=\"elementor-element elementor-element-2dec133e e-flex e-con-boxed e-con e-parent\" data-id=\"2dec133e\" data-element_type=\"container\" data-settings=\"{&quot;background_background&quot;:&quot;classic&quot;}\">\n\t\t\t\t\t<div class=\"e-con-inner\">\n\t\t<div class=\"elementor-element elementor-element-5cfcdaa2 e-flex e-con-boxed e-con e-child\" data-id=\"5cfcdaa2\" data-element_type=\"container\">\n\t\t\t\t\t<div class=\"e-con-inner\">\n\t\t<div class=\"elementor-element elementor-element-71cb07bc e-con-full e-flex e-con e-child\" data-id=\"71cb07bc\" data-element_type=\"container\">\n\t\t<div class=\"elementor-element elementor-element-14bd8f56 e-con-full e-flex e-con e-child\" data-id=\"14bd8f56\" data-element_type=\"container\">\n\t\t\t\t<div class=\"elementor-element elementor-element-653c7537 elementor-widget elementor-widget-heading\" data-id=\"653c7537\" data-element_type=\"widget\" data-widget_type=\"heading.default\">\n\t\t\t\t\t<h2 class=\"elementor-heading-title elementor-size-default\">Dar el siguiente paso<\/h2>\t\t\t\t<\/div>\n\t\t\t\t<div class=\"elementor-element elementor-element-2ab17efb elementor-widget elementor-widget-text-editor\" data-id=\"2ab17efb\" data-element_type=\"widget\" data-widget_type=\"text-editor.default\">\n\t\t\t\t\t\t\t\t\t<p>P\u00f3ngase en contacto con nuestro equipo de expertos para programar una consulta y comenzar su viaje de fertilidad personalizado.<\/p>\t\t\t\t\t\t\t\t<\/div>\n\t\t\t\t<\/div>\n\t\t<div class=\"elementor-element elementor-element-1bac188e e-con-full e-flex e-con e-child\" data-id=\"1bac188e\" data-element_type=\"container\">\n\t\t\t\t<div class=\"elementor-element elementor-element-3475fd6b elementor-widget__width-auto elementor-widget elementor-widget-button\" data-id=\"3475fd6b\" data-element_type=\"widget\" data-widget_type=\"button.default\">\n\t\t\t\t\t\t\t\t\t\t<a class=\"elementor-button elementor-button-link elementor-size-sm\" href=\"\/es\/concertar-cita\/\">\n\t\t\t\t\t\t<span class=\"elementor-button-content-wrapper\">\n\t\t\t\t\t\t\t\t\t<span class=\"elementor-button-text\">Solicitar cita<\/span>\n\t\t\t\t\t<\/span>\n\t\t\t\t\t<\/a>\n\t\t\t\t\t\t\t\t<\/div>\n\t\t\t\t<\/div>\n\t\t\t\t<\/div>\n\t\t\t\t\t<\/div>\n\t\t\t\t<\/div>\n\t\t\t\t\t<\/div>\n\t\t\t\t<\/div>\n\t\t\t\t<\/div>","protected":false},"excerpt":{"rendered":"<p>Cu\u00e1ndo acudir a un especialista en fertilidad Saber cu\u00e1ndo dar el siguiente paso es una parte importante de su viaje de fertilidad. Puede que est\u00e9 empezando a plantearse sus opciones o que ya est\u00e9 intentando formar una familia...<\/p>","protected":false},"author":2,"featured_media":0,"parent":457,"menu_order":0,"template":"","meta":{"_acf_changed":false,"footnotes":""},"class_list":["post-460","page","type-page","status-publish","hentry"],"acf":[],"aioseo_notices":[],"_links":{"self":[{"href":"https:\/\/ivfflorida.com.onspire.dev\/es\/wp-json\/wp\/v2\/pages\/460","targetHints":{"allow":["GET"]}}],"collection":[{"href":"https:\/\/ivfflorida.com.onspire.dev\/es\/wp-json\/wp\/v2\/pages"}],"about":[{"href":"https:\/\/ivfflorida.com.onspire.dev\/es\/wp-json\/wp\/v2\/types\/page"}],"author":[{"embeddable":true,"href":"https:\/\/ivfflorida.com.onspire.dev\/es\/wp-json\/wp\/v2\/users\/2"}],"replies":[{"embeddable":true,"href":"https:\/\/ivfflorida.com.onspire.dev\/es\/wp-json\/wp\/v2\/comments?post=460"}],"version-history":[{"count":27,"href":"https:\/\/ivfflorida.com.onspire.dev\/es\/wp-json\/wp\/v2\/pages\/460\/revisions"}],"predecessor-version":[{"id":3057,"href":"https:\/\/ivfflorida.com.onspire.dev\/es\/wp-json\/wp\/v2\/pages\/460\/revisions\/3057"}],"up":[{"embeddable":true,"href":"https:\/\/ivfflorida.com.onspire.dev\/es\/wp-json\/wp\/v2\/pages\/457"}],"wp:attachment":[{"href":"https:\/\/ivfflorida.com.onspire.dev\/es\/wp-json\/wp\/v2\/media?parent=460"}],"curies":[{"name":"wp","href":"https:\/\/api.w.org\/{rel}","templated":true}]}}