{"id":461,"date":"2025-08-07T20:34:30","date_gmt":"2025-08-07T20:34:30","guid":{"rendered":"https:\/\/ivfflorida.com\/?page_id=461"},"modified":"2025-09-24T16:36:48","modified_gmt":"2025-09-24T16:36:48","slug":"su-primera-visita","status":"publish","type":"page","link":"https:\/\/ivfflorida.com.onspire.dev\/es\/comienza-tu-viaje\/su-primera-visita\/","title":{"rendered":"Su primera visita"},"content":{"rendered":"<div data-elementor-type=\"wp-page\" data-elementor-id=\"461\" class=\"elementor elementor-461\" data-elementor-post-type=\"page\">\n\t\t\t\t<div class=\"elementor-element elementor-element-1c4b2ab3 e-flex e-con-boxed e-con e-parent\" data-id=\"1c4b2ab3\" data-element_type=\"container\" data-settings=\"{&quot;background_background&quot;:&quot;classic&quot;}\">\n\t\t\t\t\t<div class=\"e-con-inner\">\n\t\t<div class=\"elementor-element elementor-element-6f0d2d2f e-flex e-con-boxed e-con e-child\" data-id=\"6f0d2d2f\" data-element_type=\"container\">\n\t\t\t\t\t<div class=\"e-con-inner\">\n\t\t<div class=\"elementor-element elementor-element-7a7a5f39 e-con-full e-flex e-con e-child\" data-id=\"7a7a5f39\" data-element_type=\"container\" data-settings=\"{&quot;background_background&quot;:&quot;classic&quot;}\">\n\t\t<div class=\"elementor-element elementor-element-26d04345 e-con-full e-flex e-con e-child\" data-id=\"26d04345\" data-element_type=\"container\">\n\t\t\t\t<div class=\"elementor-element elementor-element-27d265a5 elementor-widget elementor-widget-heading\" data-id=\"27d265a5\" data-element_type=\"widget\" data-widget_type=\"heading.default\">\n\t\t\t\t\t<h1 class=\"elementor-heading-title elementor-size-default\">Su primera visita<\/h1>\t\t\t\t<\/div>\n\t\t\t\t<div class=\"elementor-element elementor-element-39c5e5a9 elementor-widget elementor-widget-text-editor\" data-id=\"39c5e5a9\" data-element_type=\"widget\" data-widget_type=\"text-editor.default\">\n\t\t\t\t\t\t\t\t\t<p>La primera visita es un paso importante para entender su fertilidad y explorar sus opciones. Queremos que se sienta informada, apoyada y capacitada desde el primer d\u00eda en IVF Florida. Su equipo de atenci\u00f3n le guiar\u00e1 a trav\u00e9s de sus pr\u00f3ximos pasos y le ayudar\u00e1 a prepararse para cada uno de ellos.<\/p>\t\t\t\t\t\t\t\t<\/div>\n\t\t\t\t<\/div>\n\t\t\t\t<\/div>\n\t\t\t\t\t<\/div>\n\t\t\t\t<\/div>\n\t\t\t\t\t<\/div>\n\t\t\t\t<\/div>\n\t\t<div class=\"elementor-element elementor-element-71845151 e-con-full e-flex e-con e-parent\" data-id=\"71845151\" data-element_type=\"container\">\n\t\t<div class=\"elementor-element elementor-element-4d37b38b e-flex e-con-boxed e-con e-child\" data-id=\"4d37b38b\" data-element_type=\"container\">\n\t\t\t\t\t<div class=\"e-con-inner\">\n\t\t<div class=\"elementor-element elementor-element-4dbf1b2e e-con-full e-flex e-con e-child\" data-id=\"4dbf1b2e\" data-element_type=\"container\">\n\t\t<div class=\"elementor-element elementor-element-96ef179 e-con-full e-flex e-con e-child\" data-id=\"96ef179\" data-element_type=\"container\">\n\t\t<div class=\"elementor-element elementor-element-66c13810 e-con-full e-flex e-con e-child\" data-id=\"66c13810\" data-element_type=\"container\" data-settings=\"{&quot;background_background&quot;:&quot;classic&quot;}\">\n\t\t<div class=\"elementor-element elementor-element-76abfac e-con-full e-flex e-con e-child\" data-id=\"76abfac\" data-element_type=\"container\">\n\t\t\t\t<div class=\"elementor-element elementor-element-aa6622f elementor-widget elementor-widget-heading\" data-id=\"aa6622f\" data-element_type=\"widget\" data-widget_type=\"heading.default\">\n\t\t\t\t\t<h2 class=\"elementor-heading-title elementor-size-default\">Qu\u00e9 esperar de la consulta<\/h2>\t\t\t\t<\/div>\n\t\t\t\t<\/div>\n\t\t<div class=\"elementor-element elementor-element-42ca7672 e-con-full e-flex e-con e-child\" data-id=\"42ca7672\" data-element_type=\"container\">\n\t\t\t\t<div class=\"elementor-element elementor-element-7d5cc204 elementor-widget elementor-widget-text-editor\" data-id=\"7d5cc204\" data-element_type=\"widget\" data-widget_type=\"text-editor.default\">\n\t\t\t\t\t\t\t\t\t<p>Durante su cita inicial, se reunir\u00e1 con uno de nuestros endocrin\u00f3logos reproductivos certificados para revisar su historial m\u00e9dico, hablar de sus objetivos y empezar a elaborar un plan personalizado. Si tiene pareja, le animamos a que asista tambi\u00e9n.<\/p><p><strong>Esto es lo que se suele incluir en la primera visita:<\/strong><\/p><ul><li aria-level=\"1\">Revisi\u00f3n de su historial m\u00e9dico, quir\u00fargico y reproductivo.<\/li><li aria-level=\"1\">Debate sobre los factores relacionados con el estilo de vida y la salud en general<\/li><li aria-level=\"1\">Un plan preliminar de pruebas diagn\u00f3sticas<\/li><li aria-level=\"1\">Una visi\u00f3n general de las posibles opciones de tratamiento en funci\u00f3n de sus necesidades<\/li><li aria-level=\"1\">Tiempo para hacer preguntas y compartir sus preferencias<\/li><\/ul><p>Su m\u00e9dico adaptar\u00e1 la conversaci\u00f3n a su situaci\u00f3n particular. No existe un enfoque \u00fanico.<\/p>\t\t\t\t\t\t\t\t<\/div>\n\t\t\t\t<\/div>\n\t\t\t\t<\/div>\n\t\t<div class=\"elementor-element elementor-element-76b664df e-con-full e-flex e-con e-child\" data-id=\"76b664df\" data-element_type=\"container\" data-settings=\"{&quot;background_background&quot;:&quot;classic&quot;}\">\n\t\t<div class=\"elementor-element elementor-element-7b1117f3 e-con-full e-flex e-con e-child\" data-id=\"7b1117f3\" data-element_type=\"container\">\n\t\t\t\t<div class=\"elementor-element elementor-element-4f94a941 elementor-widget elementor-widget-heading\" data-id=\"4f94a941\" data-element_type=\"widget\" data-widget_type=\"heading.default\">\n\t\t\t\t\t<h2 class=\"elementor-heading-title elementor-size-default\">Qu\u00e9 llevar a la consulta<\/h2>\t\t\t\t<\/div>\n\t\t\t\t<\/div>\n\t\t<div class=\"elementor-element elementor-element-392e8e3f e-con-full e-flex e-con e-child\" data-id=\"392e8e3f\" data-element_type=\"container\">\n\t\t\t\t<div class=\"elementor-element elementor-element-2fb767b4 elementor-widget elementor-widget-text-editor\" data-id=\"2fb767b4\" data-element_type=\"widget\" data-widget_type=\"text-editor.default\">\n\t\t\t\t\t\t\t\t\t<p><strong>Para aprovechar al m\u00e1ximo su visita, le recomendamos que traiga:<\/strong><\/p><ul><li aria-level=\"1\">Cualquier historial m\u00e9dico reciente relacionado con la fertilidad, visitas al ginec\u00f3logo\/obstetra o intervenciones quir\u00fargicas.<\/li><li aria-level=\"1\">Lista de medicamentos y suplementos actuales<\/li><li aria-level=\"1\">Su tarjeta de seguro y un documento de identidad con fotograf\u00eda<\/li><li aria-level=\"1\">Datos de su pareja (si procede)<\/li><\/ul><p>Tambi\u00e9n puede anotar por adelantado cualquier pregunta o duda que tenga para sentirse totalmente preparado.<\/p>\t\t\t\t\t\t\t\t<\/div>\n\t\t\t\t<\/div>\n\t\t\t\t<\/div>\n\t\t<div class=\"elementor-element elementor-element-510d71c9 e-con-full e-flex e-con e-child\" data-id=\"510d71c9\" data-element_type=\"container\" data-settings=\"{&quot;background_background&quot;:&quot;classic&quot;}\">\n\t\t<div class=\"elementor-element elementor-element-22fbcd03 e-con-full e-flex e-con e-child\" data-id=\"22fbcd03\" data-element_type=\"container\">\n\t\t\t\t<div class=\"elementor-element elementor-element-1dd8063 elementor-widget elementor-widget-heading\" data-id=\"1dd8063\" data-element_type=\"widget\" data-widget_type=\"heading.default\">\n\t\t\t\t\t<h2 class=\"elementor-heading-title elementor-size-default\">Despu\u00e9s de la primera visita<\/h2>\t\t\t\t<\/div>\n\t\t\t\t<\/div>\n\t\t<div class=\"elementor-element elementor-element-295a14b5 e-con-full e-flex e-con e-child\" data-id=\"295a14b5\" data-element_type=\"container\">\n\t\t\t\t<div class=\"elementor-element elementor-element-3eaa91e3 elementor-widget elementor-widget-text-editor\" data-id=\"3eaa91e3\" data-element_type=\"widget\" data-widget_type=\"text-editor.default\">\n\t\t\t\t\t\t\t\t\t<p>Tras la consulta, el equipo m\u00e9dico puede programar pruebas diagn\u00f3sticas como an\u00e1lisis de sangre, an\u00e1lisis de semen o ecograf\u00edas. Una vez que disponga de los resultados de las pruebas, los revisar\u00e1 en la siguiente visita con su m\u00e9dico y finalizar\u00e1 su plan de tratamiento personalizado.<\/p>\t\t\t\t\t\t\t\t<\/div>\n\t\t\t\t<\/div>\n\t\t\t\t<\/div>\n\t\t\t\t<\/div>\n\t\t<div class=\"elementor-element elementor-element-447e0aeb e-con-full e-flex e-con e-child\" data-id=\"447e0aeb\" data-element_type=\"container\">\n\t\t<div class=\"elementor-element elementor-element-3b0437db e-con-full e-flex e-con e-child\" data-id=\"3b0437db\" data-element_type=\"container\" data-settings=\"{&quot;background_background&quot;:&quot;classic&quot;}\">\n\t\t<div class=\"elementor-element elementor-element-527d3434 e-con-full e-flex e-con e-child\" data-id=\"527d3434\" data-element_type=\"container\">\n\t\t\t\t<div class=\"elementor-element elementor-element-51d5eaa7 elementor-widget elementor-widget-text-editor\" data-id=\"51d5eaa7\" data-element_type=\"widget\" data-widget_type=\"text-editor.default\">\n\t\t\t\t\t\t\t\t\t<p><span style=\"font-weight: 400;\">No hay palabras para expresar toda nuestra gratitud. Gracias por ayudarnos a hacer realidad nuestro sue\u00f1o de formar una familia.<\/span><\/p>\t\t\t\t\t\t\t\t<\/div>\n\t\t\t\t<\/div>\n\t\t\t\t<\/div>\n\t\t<div class=\"elementor-element elementor-element-54700840 e-con-full interior-helpful-resources-column e-flex e-con e-child\" data-id=\"54700840\" data-element_type=\"container\" data-settings=\"{&quot;background_background&quot;:&quot;classic&quot;}\">\n\t\t\t\t<div class=\"elementor-element elementor-element-7576526e elementor-widget elementor-widget-heading\" data-id=\"7576526e\" data-element_type=\"widget\" data-widget_type=\"heading.default\">\n\t\t\t\t\t<h5 class=\"elementor-heading-title elementor-size-default\">Recursos \u00fatiles<\/h5>\t\t\t\t<\/div>\n\t\t\t\t<div class=\"elementor-element elementor-element-33420fbd elementor-widget elementor-widget-text-editor\" data-id=\"33420fbd\" data-element_type=\"widget\" data-widget_type=\"text-editor.default\">\n\t\t\t\t\t\t\t\t\t<ul><li><a href=\"https:\/\/ivfflorida.com\/start-your-journey\/causes-of-infertility\/infertility-in-females\/\">Infertilidad femenina<\/a><\/li><li><a href=\"https:\/\/ivfflorida.com\/start-your-journey\/causes-of-infertility\/infertility-in-males\/\">Infertilidad masculina<\/a><\/li><li><a href=\"https:\/\/ivfflorida.com\/start-your-journey\/when-to-see-a-fertility-specialist\/\">Cu\u00e1ndo acudir a un especialista en fertilidad<\/a><\/li><\/ul>\t\t\t\t\t\t\t\t<\/div>\n\t\t\t\t<\/div>\n\t\t\t\t<\/div>\n\t\t\t\t<\/div>\n\t\t\t\t\t<\/div>\n\t\t\t\t<\/div>\n\t\t\t\t<\/div>\n\t\t\t\t<\/div>","protected":false},"excerpt":{"rendered":"<p>Su Primera Visita La primera visita es un paso importante para entender su fertilidad y explorar sus opciones. Queremos que se sienta informada, apoyada y capacitada desde el primer d\u00eda en IVF Florida...<\/p>","protected":false},"author":2,"featured_media":0,"parent":457,"menu_order":0,"template":"","meta":{"_acf_changed":false,"footnotes":""},"class_list":["post-461","page","type-page","status-publish","hentry"],"acf":[],"aioseo_notices":[],"_links":{"self":[{"href":"https:\/\/ivfflorida.com.onspire.dev\/es\/wp-json\/wp\/v2\/pages\/461","targetHints":{"allow":["GET"]}}],"collection":[{"href":"https:\/\/ivfflorida.com.onspire.dev\/es\/wp-json\/wp\/v2\/pages"}],"about":[{"href":"https:\/\/ivfflorida.com.onspire.dev\/es\/wp-json\/wp\/v2\/types\/page"}],"author":[{"embeddable":true,"href":"https:\/\/ivfflorida.com.onspire.dev\/es\/wp-json\/wp\/v2\/users\/2"}],"replies":[{"embeddable":true,"href":"https:\/\/ivfflorida.com.onspire.dev\/es\/wp-json\/wp\/v2\/comments?post=461"}],"version-history":[{"count":18,"href":"https:\/\/ivfflorida.com.onspire.dev\/es\/wp-json\/wp\/v2\/pages\/461\/revisions"}],"predecessor-version":[{"id":2637,"href":"https:\/\/ivfflorida.com.onspire.dev\/es\/wp-json\/wp\/v2\/pages\/461\/revisions\/2637"}],"up":[{"embeddable":true,"href":"https:\/\/ivfflorida.com.onspire.dev\/es\/wp-json\/wp\/v2\/pages\/457"}],"wp:attachment":[{"href":"https:\/\/ivfflorida.com.onspire.dev\/es\/wp-json\/wp\/v2\/media?parent=461"}],"curies":[{"name":"wp","href":"https:\/\/api.w.org\/{rel}","templated":true}]}}