{"id":462,"date":"2025-08-07T20:35:16","date_gmt":"2025-08-07T20:35:16","guid":{"rendered":"https:\/\/ivfflorida.com\/?page_id=462"},"modified":"2025-09-22T23:14:18","modified_gmt":"2025-09-22T23:14:18","slug":"test-de-fertilidad","status":"publish","type":"page","link":"https:\/\/ivfflorida.com.onspire.dev\/es\/comienza-tu-viaje\/test-de-fertilidad\/","title":{"rendered":"Cuestionario sobre fertilidad"},"content":{"rendered":"<div data-elementor-type=\"wp-page\" data-elementor-id=\"462\" class=\"elementor elementor-462\" data-elementor-post-type=\"page\">\n\t\t\t\t<div class=\"elementor-element elementor-element-b8257b3 e-flex e-con-boxed e-con e-parent\" data-id=\"b8257b3\" data-element_type=\"container\" data-settings=\"{&quot;background_background&quot;:&quot;classic&quot;}\">\n\t\t\t\t\t<div class=\"e-con-inner\">\n\t\t<div class=\"elementor-element elementor-element-8225bc9 e-flex e-con-boxed e-con e-child\" data-id=\"8225bc9\" data-element_type=\"container\">\n\t\t\t\t\t<div class=\"e-con-inner\">\n\t\t<div class=\"elementor-element elementor-element-c0897bf e-con-full e-flex e-con e-child\" data-id=\"c0897bf\" data-element_type=\"container\" data-settings=\"{&quot;background_background&quot;:&quot;classic&quot;}\">\n\t\t<div class=\"elementor-element elementor-element-fcde377 e-con-full e-flex e-con e-child\" data-id=\"fcde377\" data-element_type=\"container\">\n\t\t\t\t<div class=\"elementor-element elementor-element-ac8b432 elementor-widget elementor-widget-heading\" data-id=\"ac8b432\" data-element_type=\"widget\" data-widget_type=\"heading.default\">\n\t\t\t\t\t<h1 class=\"elementor-heading-title elementor-size-default\">Test de fertilidad en l\u00ednea<\/h1>\t\t\t\t<\/div>\n\t\t\t\t<div class=\"elementor-element elementor-element-b044e3c elementor-widget elementor-widget-text-editor\" data-id=\"b044e3c\" data-element_type=\"widget\" data-widget_type=\"text-editor.default\">\n\t\t\t\t\t\t\t\t\t<p>\u00bfSiente curiosidad por su fertilidad y su salud reproductiva? Nuestro cuestionario de fertilidad est\u00e1 dise\u00f1ado para ayudarle a identificar los posibles factores que pueden afectar a su capacidad para concebir. Este cuestionario de fertilidad en l\u00ednea, gratuito y confidencial, incluye preguntas tanto para mujeres como para hombres, que le ayudar\u00e1n a comprender mejor cu\u00e1ndo puede haber llegado el momento de consultar a un especialista en fertilidad.<\/p><p>Si est\u00e1 explorando sus opciones, considerando la FIV o simplemente desea orientaci\u00f3n, este cuestionario puede darle una idea de su tipo de fertilidad y proporcionarle informaci\u00f3n valiosa.<\/p>\t\t\t\t\t\t\t\t<\/div>\n\t\t\t\t<\/div>\n\t\t\t\t<\/div>\n\t\t\t\t\t<\/div>\n\t\t\t\t<\/div>\n\t\t\t\t\t<\/div>\n\t\t\t\t<\/div>\n\t\t<div class=\"elementor-element elementor-element-307d3fa e-con-full e-flex e-con e-parent\" data-id=\"307d3fa\" data-element_type=\"container\">\n\t\t<div class=\"elementor-element elementor-element-ccaac9d e-flex e-con-boxed e-con e-child\" data-id=\"ccaac9d\" data-element_type=\"container\">\n\t\t\t\t\t<div class=\"e-con-inner\">\n\t\t<div class=\"elementor-element elementor-element-acf922a e-con-full e-flex e-con e-child\" data-id=\"acf922a\" data-element_type=\"container\">\n\t\t<div class=\"elementor-element elementor-element-abbdad9 e-con-full e-flex e-con e-child\" data-id=\"abbdad9\" data-element_type=\"container\">\n\t\t<div class=\"elementor-element elementor-element-37cab40 e-con-full e-flex e-con e-child\" data-id=\"37cab40\" data-element_type=\"container\" data-settings=\"{&quot;background_background&quot;:&quot;classic&quot;}\">\n\t\t\t\t<div class=\"elementor-element elementor-element-7a15f31 elementor-widget elementor-widget-html\" data-id=\"7a15f31\" data-element_type=\"widget\" data-widget_type=\"html.default\">\n\t\t\t\t\t<style>\n:root {\n    --e-global-color-primary: #002C4F;\n    --e-global-color-secondary: #A5C9EB;\n    --e-global-color-text: #002C4F;\n    --e-global-color-accent: #B4D88B;\n}\n\n#quiz-form {\n    max-width: 900px;\n    margin: 0 auto;\n    font-family: \"Helvetica\", Sans-serif;\n    font-size: 17px;\n    color: var(--e-global-color-text);\n}\n\n.quiz-container {\n    padding: 20px 0;\n}\n\n.quiz-section-title {\n    color: var(--e-global-color-primary);\n    margin: 40px 0 25px 0;\n    font-size: 1.8em;\n    font-weight: 600;\n    padding-bottom: 10px;\n    border-bottom: 3px solid var(--e-global-color-secondary);\n}\n\n.quiz-section-title:first-child {\n    margin-top: 0;\n}\n\n.quiz-item {\n    background: #ffffff;\n    border: 1px solid #e1e8ed;\n    border-radius: 12px;\n    padding: 20px;\n    margin-bottom: 20px;\n    box-shadow: 0 2px 4px rgba(0,0,0,0.05);\n    display: flex;\n    justify-content: space-between;\n    align-items: center;\n    gap: 20px;\n}\n\n.quiz-question {\n    flex: 1;\n    font-size: 1.05em;\n    line-height: 1.6;\n    color: var(--e-global-color-text);\n    margin: 0;\n}\n\n.quiz-buttons {\n    display: flex;\n    gap: 12px;\n    flex-shrink: 0;\n}\n\n.quizbutton {\n    min-width: 70px;\n    background-color: var(--e-global-color-secondary);\n    font-family: \"Helvetica\", Sans-serif;\n    font-size: 18px;\n    font-weight: 500;\n    color: var(--e-global-color-text);\n    border: 2px solid var(--e-global-color-secondary);\n    border-radius: 60px;\n    padding: 14px 26px;\n    cursor: pointer;\n    text-transform: uppercase;\n    transition: background-color 0.3s ease, color 0.3s ease, border-color 0.3s ease;\n    user-select: none;\n    text-align: center;\n}\n\n.quizbutton:hover {\n    background-color: #FFFFFF;\n    color: var(--e-global-color-primary);\n    border-color: var(--e-global-color-secondary);\n}\n\n.quizbutton.active {\n    background-color: var(--e-global-color-accent);\n    color: var(--e-global-color-primary);\n    border-color: var(--e-global-color-accent);\n    font-weight: 600;\n}\n\n.quizbutton.active:hover {\n    background-color: #a3c778;\n    border-color: var(--e-global-color-accent);\n}\n\n.quizbutton.nonactive {\n    background-color: #f8f9fa;\n    color: #95a5a6;\n    border-color: #d5dbdb;\n    opacity: 0.6;\n}\n\n.quizbutton.nonactive:hover {\n    background-color: #f8f9fa;\n    border-color: #d5dbdb;\n}\n\n.quiz-controls {\n    margin-top: 40px;\n    display: flex;\n    justify-content: flex-end;\n    align-items: center;\n    gap: 30px;\n}\n\n.quiz-controls a {\n    display: inline-block;\n    font-family: \"Helvetica\", Sans-serif;\n    font-size: 18px;\n    font-weight: 500;\n    text-decoration: none;\n    transition: all 0.3s ease;\n    text-transform: uppercase;\n    letter-spacing: 0.5px;\n}\n\na.clearQuiz {\n    background-color: transparent;\n    color: #FFFFFF !important;\n    background-image: linear-gradient(119deg, #98D652 0%, #66AEEB 100%);\n    border-style: none;\n    border-radius: 60px;\n    padding: 14px 26px;\n}\n\na.clearQuiz:hover {\n    background-color: transparent;\n    color: var(--e-global-color-text) !important;\n    background-image: linear-gradient(119deg, #98D652 0%, #66AEEB 100%);\n}\n\na.getResults {\n    background-color: #002C4F;\n    color: #FFFFFF !important;\n    border: 2px solid #002C4F;\n    border-radius: 60px;\n    padding: 14px 26px;\n}\n\na.getResults:hover {\n    background-color: var(--e-global-color-secondary);\n    color: var(--e-global-color-text) !important;\n    border: 2px solid var(--e-global-color-secondary);\n}\n\n.quiz-response {\n    margin-top: 30px;\n    padding: 25px;\n    border-radius: 12px;\n    line-height: 1.7;\n    animation: slideIn 0.5s ease;\n}\n\n@keyframes slideIn {\n    from {\n        opacity: 0;\n        transform: translateY(20px);\n    }\n    to {\n        opacity: 1;\n        transform: translateY(0);\n    }\n}\n\n#quiz-yes-response {\n    background: linear-gradient(135deg, #e8f5e9 0%, #c8e6c9 100%);\n    border-left: 5px solid #27ae60;\n}\n\n#quiz-no-response {\n    background: linear-gradient(135deg, #e3f2fd 0%, #bbdefb 100%);\n    border-left: 5px solid #3498db;\n}\n\n.quiz-response p {\n    margin-bottom: 15px;\n}\n\n.quiz-response p:last-child {\n    margin-bottom: 0;\n}\n\n.quiz-response strong {\n    color: #2c3e50;\n    font-size: 1.1em;\n}\n\n.quiz-response a {\n    color: #2980b9;\n    text-decoration: none;\n    font-weight: 600;\n    border-bottom: 2px solid transparent;\n    transition: border-color 0.3s ease;\n}\n\n.quiz-response a:hover {\n    border-bottom-color: #2980b9;\n}\n\n.hide {\n    display: none !important;\n}\n\n@media (max-width: 768px) {\n    .quiz-container {\n        padding: 10px;\n    }\n    \n    .quiz-section-title {\n        font-size: 1.5em;\n        margin: 30px 0 20px 0;\n    }\n    \n    .quiz-item {\n        padding: 15px;\n        margin-bottom: 15px;\n        flex-direction: column;\n        align-items: stretch;\n        gap: 15px;\n    }\n    \n    .quiz-question {\n        font-size: 1em;\n    }\n    \n    .quiz-buttons {\n        justify-content: center;\n        gap: 12px;\n    }\n    \n    .quizbutton {\n        min-width: 60px;\n        padding: 10px 20px;\n        font-size: 16px;\n    }\n    \n    .quiz-controls {\n        justify-content: center;\n        gap: 20px;\n    }\n    \n    .quiz-controls a {\n        padding: 12px 30px;\n        font-size: 16px;\n    }\n    \n    .quiz-response {\n        padding: 20px;\n    }\n}\n\n@media (max-width: 480px) {\n    .quiz-section-title {\n        font-size: 1.3em;\n    }\n    \n    .quiz-item {\n        padding: 12px;\n    }\n    \n    .quiz-question {\n        font-size: 0.95em;\n    }\n    \n    .quizbutton {\n        min-width: 50px;\n        padding: 8px 16px;\n        font-size: 14px;\n    }\n}\n<\/style>\n\n<div id=\"quiz-form\">\n    <div class=\"quiz-container\">\n        <h2 class=\"quiz-section-title\">Preguntas femeninas<\/h2>\n        \n        <div class=\"quiz-item\">\n            <div class=\"quiz-question\">\u00bfHas mantenido relaciones sexuales sin protecci\u00f3n durante m\u00e1s de un a\u00f1o sin quedarte embarazada?<\/div>\n            <div class=\"quiz-buttons\">\n                <span class=\"quizbutton\" data-answer=\"yes\" data-group=\"1\">S\u00cd<\/span>\n                <span class=\"quizbutton\" data-answer=\"no\" data-group=\"1\">NO<\/span>\n            <\/div>\n        <\/div>\n\n        <div class=\"quiz-item\">\n            <div class=\"quiz-question\">\u00bfEst\u00e1 cerca o tiene m\u00e1s de 35 a\u00f1os y ha mantenido relaciones sexuales sin protecci\u00f3n durante seis (6) meses sin quedarse embarazada?<\/div>\n            <div class=\"quiz-buttons\">\n                <span class=\"quizbutton\" data-answer=\"yes\" data-group=\"2\">S\u00cd<\/span>\n                <span class=\"quizbutton\" data-answer=\"no\" data-group=\"2\">NO<\/span>\n            <\/div>\n        <\/div>\n\n        <div class=\"quiz-item\">\n            <div class=\"quiz-question\">\u00bfTiene antecedentes de infecci\u00f3n p\u00e9lvica o enfermedad de transmisi\u00f3n sexual?<\/div>\n            <div class=\"quiz-buttons\">\n                <span class=\"quizbutton\" data-answer=\"yes\" data-group=\"3\">S\u00cd<\/span>\n                <span class=\"quizbutton\" data-answer=\"no\" data-group=\"3\">NO<\/span>\n            <\/div>\n        <\/div>\n\n        <div class=\"quiz-item\">\n            <div class=\"quiz-question\">\u00bfHa recibido tratamiento con Clomid sin quedarse embarazada?<\/div>\n            <div class=\"quiz-buttons\">\n                <span class=\"quizbutton\" data-answer=\"yes\" data-group=\"4\">S\u00cd<\/span>\n                <span class=\"quizbutton\" data-answer=\"no\" data-group=\"4\">NO<\/span>\n            <\/div>\n        <\/div>\n\n        <div class=\"quiz-item\">\n            <div class=\"quiz-question\">\u00bfTienes 38 a\u00f1os o m\u00e1s y est\u00e1s pensando en quedarte embarazada?<\/div>\n            <div class=\"quiz-buttons\">\n                <span class=\"quizbutton\" data-answer=\"yes\" data-group=\"5\">S\u00cd<\/span>\n                <span class=\"quizbutton\" data-answer=\"no\" data-group=\"5\">NO<\/span>\n            <\/div>\n        <\/div>\n\n        <div class=\"quiz-item\">\n            <div class=\"quiz-question\">\u00bfTienes antecedentes personales o familiares de endometriosis y te gustar\u00eda quedarte embarazada alg\u00fan d\u00eda?<\/div>\n            <div class=\"quiz-buttons\">\n                <span class=\"quizbutton\" data-answer=\"yes\" data-group=\"6\">S\u00cd<\/span>\n                <span class=\"quizbutton\" data-answer=\"no\" data-group=\"6\">NO<\/span>\n            <\/div>\n        <\/div>\n\n        <div class=\"quiz-item\">\n            <div class=\"quiz-question\">\u00bfLe han diagnosticado alguna anomal\u00eda uterina o defecto estructural?<\/div>\n            <div class=\"quiz-buttons\">\n                <span class=\"quizbutton\" data-answer=\"yes\" data-group=\"7\">S\u00cd<\/span>\n                <span class=\"quizbutton\" data-answer=\"no\" data-group=\"7\">NO<\/span>\n            <\/div>\n        <\/div>\n\n        <div class=\"quiz-item\">\n            <div class=\"quiz-question\">\u00bfHa tenido dos o m\u00e1s abortos espont\u00e1neos o embarazos qu\u00edmicos?<\/div>\n            <div class=\"quiz-buttons\">\n                <span class=\"quizbutton\" data-answer=\"yes\" data-group=\"8\">S\u00cd<\/span>\n                <span class=\"quizbutton\" data-answer=\"no\" data-group=\"8\">NO<\/span>\n            <\/div>\n        <\/div>\n\n        <div class=\"quiz-item\">\n            <div class=\"quiz-question\">\u00bfLe han diagnosticado SOP, EPOC o resistencia a la insulina?<\/div>\n            <div class=\"quiz-buttons\">\n                <span class=\"quizbutton\" data-answer=\"yes\" data-group=\"9\">S\u00cd<\/span>\n                <span class=\"quizbutton\" data-answer=\"no\" data-group=\"9\">NO<\/span>\n            <\/div>\n        <\/div>\n\n        <div class=\"quiz-item\">\n            <div class=\"quiz-question\">\u00bfSus ciclos menstruales son irregulares (es decir, transcurren m\u00e1s de 35 d\u00edas entre el inicio de uno y el del siguiente)?<\/div>\n            <div class=\"quiz-buttons\">\n                <span class=\"quizbutton\" data-answer=\"yes\" data-group=\"10\">S\u00cd<\/span>\n                <span class=\"quizbutton\" data-answer=\"no\" data-group=\"10\">NO<\/span>\n            <\/div>\n        <\/div>\n\n        <div class=\"quiz-item\">\n            <div class=\"quiz-question\">\u00bfLe han diagnosticado c\u00e1ncer recientemente o tiene antecedentes de c\u00e1ncer en su familia y desea mantener su potencial reproductivo?<\/div>\n            <div class=\"quiz-buttons\">\n                <span class=\"quizbutton\" data-answer=\"yes\" data-group=\"11\">S\u00cd<\/span>\n                <span class=\"quizbutton\" data-answer=\"no\" data-group=\"11\">NO<\/span>\n            <\/div>\n        <\/div>\n\n        <div class=\"quiz-item\">\n            <div class=\"quiz-question\">\u00bfTiene antecedentes familiares de menopausia precoz (antes de los 45 a\u00f1os)?<\/div>\n            <div class=\"quiz-buttons\">\n                <span class=\"quizbutton\" data-answer=\"yes\" data-group=\"12\">S\u00cd<\/span>\n                <span class=\"quizbutton\" data-answer=\"no\" data-group=\"12\">NO<\/span>\n            <\/div>\n        <\/div>\n\n        <div class=\"quiz-item\">\n            <div class=\"quiz-question\">\u00bfLe han diagnosticado miomas uterinos y le gustar\u00eda concebir en el futuro?<\/div>\n            <div class=\"quiz-buttons\">\n                <span class=\"quizbutton\" data-answer=\"yes\" data-group=\"13\">S\u00cd<\/span>\n                <span class=\"quizbutton\" data-answer=\"no\" data-group=\"13\">NO<\/span>\n            <\/div>\n        <\/div>\n\n        <div class=\"quiz-item\">\n            <div class=\"quiz-question\">\u00bfTiene menstruaciones especialmente abundantes o dolorosas?<\/div>\n            <div class=\"quiz-buttons\">\n                <span class=\"quizbutton\" data-answer=\"yes\" data-group=\"14\">S\u00cd<\/span>\n                <span class=\"quizbutton\" data-answer=\"no\" data-group=\"14\">NO<\/span>\n            <\/div>\n        <\/div>\n\n        <div class=\"quiz-item\">\n            <div class=\"quiz-question\">\u00bfTe crece m\u00e1s vello o tienes acn\u00e9 o flujo mamario sin explicaci\u00f3n?<\/div>\n            <div class=\"quiz-buttons\">\n                <span class=\"quizbutton\" data-answer=\"yes\" data-group=\"15\">S\u00cd<\/span>\n                <span class=\"quizbutton\" data-answer=\"no\" data-group=\"15\">NO<\/span>\n            <\/div>\n        <\/div>\n\n        <div class=\"quiz-item\">\n            <div class=\"quiz-question\">\u00bfTe han dicho que tienes \"\u00f3vulos malos\" y a\u00fan as\u00ed te gustar\u00eda tener un beb\u00e9?<\/div>\n            <div class=\"quiz-buttons\">\n                <span class=\"quizbutton\" data-answer=\"yes\" data-group=\"16\">S\u00cd<\/span>\n                <span class=\"quizbutton\" data-answer=\"no\" data-group=\"16\">NO<\/span>\n            <\/div>\n        <\/div>\n\n        <div class=\"quiz-item\">\n            <div class=\"quiz-question\">\u00bfTe ha dicho alguien que est\u00e1s menop\u00e1usica pero que aun as\u00ed te gustar\u00eda concebir?<\/div>\n            <div class=\"quiz-buttons\">\n                <span class=\"quizbutton\" data-answer=\"yes\" data-group=\"17\">S\u00cd<\/span>\n                <span class=\"quizbutton\" data-answer=\"no\" data-group=\"17\">NO<\/span>\n            <\/div>\n        <\/div>\n\n        <div class=\"quiz-item\">\n            <div class=\"quiz-question\">\u00bfUsted o su marido tienen antecedentes familiares de anomal\u00edas o defectos cong\u00e9nitos hereditarios y les gustar\u00eda tener un hijo que no tuviera este problema?<\/div>\n            <div class=\"quiz-buttons\">\n                <span class=\"quizbutton\" data-answer=\"yes\" data-group=\"18\">S\u00cd<\/span>\n                <span class=\"quizbutton\" data-answer=\"no\" data-group=\"18\">NO<\/span>\n            <\/div>\n        <\/div>\n\n        <div class=\"quiz-item\">\n            <div class=\"quiz-question\">\u00bfUsted o su pareja masculina son portadores de mutaciones gen\u00e9ticas de fibrosis qu\u00edstica, anemia falciforme, talasemia, s\u00edndrome del cromosoma X fr\u00e1gil u otras mutaciones que no desean transmitir a su hijo?<\/div>\n            <div class=\"quiz-buttons\">\n                <span class=\"quizbutton\" data-answer=\"yes\" data-group=\"19\">S\u00cd<\/span>\n                <span class=\"quizbutton\" data-answer=\"no\" data-group=\"19\">NO<\/span>\n            <\/div>\n        <\/div>\n\n        <h2 class=\"quiz-section-title\">Preguntas masculinas<\/h2>\n\n        <div class=\"quiz-item\">\n            <div class=\"quiz-question\">\u00bfSu pareja masculina ha tenido alg\u00fan tipo de traumatismo, defecto o cirug\u00eda testicular?<\/div>\n            <div class=\"quiz-buttons\">\n                <span class=\"quizbutton\" data-answer=\"yes\" data-group=\"20\">S\u00cd<\/span>\n                <span class=\"quizbutton\" data-answer=\"no\" data-group=\"20\">NO<\/span>\n            <\/div>\n        <\/div>\n\n        <div class=\"quiz-item\">\n            <div class=\"quiz-question\">\u00bfSu pareja masculina ha tenido problemas de eyaculaci\u00f3n, infecciones generales o erecciones?<\/div>\n            <div class=\"quiz-buttons\">\n                <span class=\"quizbutton\" data-answer=\"yes\" data-group=\"21\">S\u00cd<\/span>\n                <span class=\"quizbutton\" data-answer=\"no\" data-group=\"21\">NO<\/span>\n            <\/div>\n        <\/div>\n    <\/div>\n\n    <div class=\"quiz-controls\">\n        <a href=\"#\" class=\"clearQuiz\">Cuestionario claro<\/a>\n        <a href=\"#\" class=\"getResults\">Obtener resultados<\/a>\n    <\/div>\n\n    <div id=\"quiz-yes-response\" class=\"quiz-response hide\">\n        <p><strong>Gracias por realizar nuestro cuestionario de evaluaci\u00f3n de la fertilidad.<\/strong><\/p>\n        <p>Bas\u00e1ndonos en sus respuestas, le recomendamos que se ponga en contacto con un especialista en reproducci\u00f3n para evaluar su(s) enfermedad(es) y explorar sus opciones para tener un beb\u00e9. Nuestros especialistas en reproducci\u00f3n est\u00e1n aqu\u00ed para ayudarle en su camino hacia la paternidad.<\/p>\n        <p><a href=\"\/es\/concertar-cita\/\" title=\"Solicitar una cita\">Programa una cita con uno de nuestros especialistas \u2192<\/a><\/p>\n    <\/div>\n\n    <div id=\"quiz-no-response\" class=\"quiz-response hide\">\n        <p><strong>Gracias por realizar nuestro cuestionario de evaluaci\u00f3n de la fertilidad.<\/strong><\/p>\n        <p>Seg\u00fan sus respuestas, no hay ning\u00fan indicio inmediato de que necesite consultar a un especialista en reproducci\u00f3n en este momento. Sin embargo, si cree que puede tener otras afecciones o s\u00edntomas que le impidan quedarse embarazada, o si le preocupa su fertilidad, le animamos a que se ponga en contacto con \u00e9l.<\/p>\n        <p><a href=\"\/es\/concertar-cita\/\" title=\"Solicitar una cita\">Programa una consulta si tienes dudas \u2192<\/a><\/p>\n    <\/div>\n<\/div>\n\n<script>\n(function() {\n    const quizForm = document.getElementById('quiz-form');\n    if (!quizForm) return;\n\n    quizForm.addEventListener('click', function(e) {\n        if (e.target.classList.contains('quizbutton')) {\n            e.preventDefault();\n            \n            const group = e.target.getAttribute('data-group');\n            const buttons = quizForm.querySelectorAll(`.quizbutton[data-group=\"${group}\"]`);\n            \n            buttons.forEach(btn => {\n                btn.classList.remove('active');\n                btn.classList.add('nonactive');\n            });\n            \n            e.target.classList.remove('nonactive');\n            e.target.classList.add('active');\n        }\n        \n        if (e.target.classList.contains('clearQuiz')) {\n            e.preventDefault();\n            \n            const buttons = quizForm.querySelectorAll('.quizbutton');\n            buttons.forEach(btn => {\n                btn.classList.remove('active', 'nonactive');\n            });\n            \n            document.getElementById('quiz-yes-response').classList.add('hide');\n            document.getElementById('quiz-no-response').classList.add('hide');\n        }\n        \n        if (e.target.classList.contains('getResults')) {\n            e.preventDefault();\n            \n            const yesCount = quizForm.querySelectorAll('.quizbutton[data-answer=\"yes\"].active').length;\n            const noCount = quizForm.querySelectorAll('.quizbutton[data-answer=\"no\"].active').length;\n            \n            const yesResponse = document.getElementById('quiz-yes-response');\n            const noResponse = document.getElementById('quiz-no-response');\n            \n            if (yesCount > 0) {\n                yesResponse.classList.remove('hide');\n                noResponse.classList.add('hide');\n            } else {\n                noResponse.classList.remove('hide');\n                yesResponse.classList.add('hide');\n            }\n            \n            yesResponse.scrollIntoView({ behavior: 'smooth', block: 'center' });\n        }\n    });\n})();\n<\/script>\t\t\t\t<\/div>\n\t\t\t\t<\/div>\n\t\t\t\t<\/div>\n\t\t<div class=\"elementor-element elementor-element-63adede e-con-full e-flex e-con e-child\" data-id=\"63adede\" data-element_type=\"container\">\n\t\t<div class=\"elementor-element elementor-element-f8182cf e-con-full e-flex e-con e-child\" data-id=\"f8182cf\" data-element_type=\"container\" data-settings=\"{&quot;background_background&quot;:&quot;classic&quot;}\">\n\t\t<div class=\"elementor-element elementor-element-e78cb6f e-con-full e-flex e-con e-child\" data-id=\"e78cb6f\" data-element_type=\"container\">\n\t\t\t\t<div class=\"elementor-element elementor-element-e5a1ddf elementor-widget elementor-widget-text-editor\" data-id=\"e5a1ddf\" data-element_type=\"widget\" data-widget_type=\"text-editor.default\">\n\t\t\t\t\t\t\t\t\t<p><span style=\"font-weight: 400;\">Estamos muy agradecidos a IVF Florida por hacer realidad nuestros sue\u00f1os de ser padres.<\/span><\/p>\t\t\t\t\t\t\t\t<\/div>\n\t\t\t\t<\/div>\n\t\t\t\t<\/div>\n\t\t<div class=\"elementor-element elementor-element-956bed8 e-con-full interior-helpful-resources-column e-flex e-con e-child\" data-id=\"956bed8\" data-element_type=\"container\" data-settings=\"{&quot;background_background&quot;:&quot;classic&quot;}\">\n\t\t\t\t<div class=\"elementor-element elementor-element-5978eaf elementor-widget elementor-widget-heading\" data-id=\"5978eaf\" data-element_type=\"widget\" data-widget_type=\"heading.default\">\n\t\t\t\t\t<h5 class=\"elementor-heading-title elementor-size-default\">Recursos \u00fatiles<\/h5>\t\t\t\t<\/div>\n\t\t\t\t<div class=\"elementor-element elementor-element-a852eac elementor-widget elementor-widget-text-editor\" data-id=\"a852eac\" data-element_type=\"widget\" data-widget_type=\"text-editor.default\">\n\t\t\t\t\t\t\t\t\t<ul><li><a href=\"\/es\/lugares\/\">Ubicaciones<\/a><\/li><li><a href=\"\/es\/proveedores\/\">M\u00e9dicos <\/a><\/li><li><a href=\"\/es\/comienza-tu-viaje\/\">C\u00f3mo empezar<\/a><\/li><\/ul>\t\t\t\t\t\t\t\t<\/div>\n\t\t\t\t<\/div>\n\t\t\t\t<\/div>\n\t\t\t\t<\/div>\n\t\t\t\t\t<\/div>\n\t\t\t\t<\/div>\n\t\t\t\t<\/div>\n\t\t\t\t<\/div>","protected":false},"excerpt":{"rendered":"<p>Cuestionario de fertilidad en l\u00ednea \u00bfSiente curiosidad por su fertilidad y su salud reproductiva? Nuestro test de fertilidad est\u00e1 dise\u00f1ado para ayudarle a identificar los posibles factores que pueden afectar a su capacidad para concebir...<\/p>","protected":false},"author":2,"featured_media":0,"parent":457,"menu_order":0,"template":"","meta":{"_acf_changed":false,"footnotes":""},"class_list":["post-462","page","type-page","status-publish","hentry"],"acf":[],"aioseo_notices":[],"_links":{"self":[{"href":"https:\/\/ivfflorida.com.onspire.dev\/es\/wp-json\/wp\/v2\/pages\/462","targetHints":{"allow":["GET"]}}],"collection":[{"href":"https:\/\/ivfflorida.com.onspire.dev\/es\/wp-json\/wp\/v2\/pages"}],"about":[{"href":"https:\/\/ivfflorida.com.onspire.dev\/es\/wp-json\/wp\/v2\/types\/page"}],"author":[{"embeddable":true,"href":"https:\/\/ivfflorida.com.onspire.dev\/es\/wp-json\/wp\/v2\/users\/2"}],"replies":[{"embeddable":true,"href":"https:\/\/ivfflorida.com.onspire.dev\/es\/wp-json\/wp\/v2\/comments?post=462"}],"version-history":[{"count":12,"href":"https:\/\/ivfflorida.com.onspire.dev\/es\/wp-json\/wp\/v2\/pages\/462\/revisions"}],"predecessor-version":[{"id":2147,"href":"https:\/\/ivfflorida.com.onspire.dev\/es\/wp-json\/wp\/v2\/pages\/462\/revisions\/2147"}],"up":[{"embeddable":true,"href":"https:\/\/ivfflorida.com.onspire.dev\/es\/wp-json\/wp\/v2\/pages\/457"}],"wp:attachment":[{"href":"https:\/\/ivfflorida.com.onspire.dev\/es\/wp-json\/wp\/v2\/media?parent=462"}],"curies":[{"name":"wp","href":"https:\/\/api.w.org\/{rel}","templated":true}]}}