{"id":463,"date":"2025-08-07T20:36:12","date_gmt":"2025-08-07T20:36:12","guid":{"rendered":"https:\/\/ivfflorida.com\/?page_id=463"},"modified":"2025-09-24T21:44:32","modified_gmt":"2025-09-24T21:44:32","slug":"causas-de-infertilidad","status":"publish","type":"page","link":"https:\/\/ivfflorida.com.onspire.dev\/es\/comienza-tu-viaje\/causas-de-infertilidad\/","title":{"rendered":"Causas de la infertilidad"},"content":{"rendered":"<div data-elementor-type=\"wp-page\" data-elementor-id=\"463\" class=\"elementor elementor-463\" data-elementor-post-type=\"page\">\n\t\t\t\t<div class=\"elementor-element elementor-element-2e662c70 e-flex e-con-boxed e-con e-parent\" data-id=\"2e662c70\" data-element_type=\"container\" data-settings=\"{&quot;background_background&quot;:&quot;classic&quot;}\">\n\t\t\t\t\t<div class=\"e-con-inner\">\n\t\t<div class=\"elementor-element elementor-element-57d17d86 e-flex e-con-boxed e-con e-child\" data-id=\"57d17d86\" data-element_type=\"container\">\n\t\t\t\t\t<div class=\"e-con-inner\">\n\t\t<div class=\"elementor-element elementor-element-4d48405 e-con-full e-flex e-con e-child\" data-id=\"4d48405\" data-element_type=\"container\" data-settings=\"{&quot;background_background&quot;:&quot;classic&quot;}\">\n\t\t<div class=\"elementor-element elementor-element-26ca7ff4 e-con-full e-flex e-con e-child\" data-id=\"26ca7ff4\" data-element_type=\"container\">\n\t\t\t\t<div class=\"elementor-element elementor-element-32734ac3 elementor-widget elementor-widget-heading\" data-id=\"32734ac3\" data-element_type=\"widget\" data-widget_type=\"heading.default\">\n\t\t\t\t\t<h1 class=\"elementor-heading-title elementor-size-default\">Comprender las causas de la infertilidad<\/h1>\t\t\t\t<\/div>\n\t\t\t\t<div class=\"elementor-element elementor-element-29f027fd elementor-widget elementor-widget-text-editor\" data-id=\"29f027fd\" data-element_type=\"widget\" data-widget_type=\"text-editor.default\">\n\t\t\t\t\t\t\t\t\t<p>La infertilidad afecta a 1 de cada 6 personas y, aunque a menudo se habla de ella en t\u00e9rminos generales, existen muchas causas subyacentes posibles. IVF Florida adopta un enfoque personalizado para el diagn\u00f3stico y la atenci\u00f3n, combinando pruebas avanzadas con orientaci\u00f3n compasiva para ayudarle a entender por qu\u00e9 puede estar experimentando infertilidad y c\u00f3mo seguir adelante.<\/p>\t\t\t\t\t\t\t\t<\/div>\n\t\t\t\t<\/div>\n\t\t\t\t<\/div>\n\t\t\t\t\t<\/div>\n\t\t\t\t<\/div>\n\t\t\t\t\t<\/div>\n\t\t\t\t<\/div>\n\t\t<div class=\"elementor-element elementor-element-45e515c0 e-con-full e-flex e-con e-parent\" data-id=\"45e515c0\" data-element_type=\"container\">\n\t\t<div class=\"elementor-element elementor-element-46caba85 e-flex e-con-boxed e-con e-child\" data-id=\"46caba85\" data-element_type=\"container\">\n\t\t\t\t\t<div class=\"e-con-inner\">\n\t\t<div class=\"elementor-element elementor-element-4217dcc3 e-con-full e-flex e-con e-child\" data-id=\"4217dcc3\" data-element_type=\"container\">\n\t\t<div class=\"elementor-element elementor-element-a1c3ed7 e-con-full e-flex e-con e-child\" data-id=\"a1c3ed7\" data-element_type=\"container\">\n\t\t<div class=\"elementor-element elementor-element-6500e34d e-con-full e-flex e-con e-child\" data-id=\"6500e34d\" data-element_type=\"container\" data-settings=\"{&quot;background_background&quot;:&quot;classic&quot;}\">\n\t\t<div class=\"elementor-element elementor-element-432676c8 e-con-full e-flex e-con e-child\" data-id=\"432676c8\" data-element_type=\"container\">\n\t\t\t\t<div class=\"elementor-element elementor-element-2a49548d elementor-widget elementor-widget-heading\" data-id=\"2a49548d\" data-element_type=\"widget\" data-widget_type=\"heading.default\">\n\t\t\t\t\t<h2 class=\"elementor-heading-title elementor-size-default\">\u00bfCu\u00e1les son las causas de la infertilidad masculina y femenina?<\/h2>\t\t\t\t<\/div>\n\t\t\t\t<\/div>\n\t\t<div class=\"elementor-element elementor-element-390a419a e-con-full e-flex e-con e-child\" data-id=\"390a419a\" data-element_type=\"container\">\n\t\t\t\t<div class=\"elementor-element elementor-element-16e756a7 elementor-widget elementor-widget-text-editor\" data-id=\"16e756a7\" data-element_type=\"widget\" data-widget_type=\"text-editor.default\">\n\t\t\t\t\t\t\t\t\t<p>La infertilidad en hombres y mujeres puede deberse a una amplia gama de factores. Algunas causas de infertilidad en las mujeres est\u00e1n relacionadas con la ovulaci\u00f3n o la calidad de los \u00f3vulos, mientras que en los hombres pueden estar relacionadas con la salud de los espermatozoides, los niveles hormonales o problemas estructurales del aparato reproductor. En algunos casos, puede haber m\u00e1s de un factor.<\/p><p>Nuestro equipo eval\u00faa la situaci\u00f3n \u00fanica de cada paciente para descubrir las causas m\u00e1s probables de sus problemas de fertilidad y recomendar un plan de tratamiento basado en sus objetivos.<\/p>\t\t\t\t\t\t\t\t<\/div>\n\t\t\t\t<\/div>\n\t\t\t\t<\/div>\n\t\t<div class=\"elementor-element elementor-element-1c271a80 e-con-full e-flex e-con e-child\" data-id=\"1c271a80\" data-element_type=\"container\" data-settings=\"{&quot;background_background&quot;:&quot;classic&quot;}\">\n\t\t<div class=\"elementor-element elementor-element-b7a5bfb e-con-full e-flex e-con e-child\" data-id=\"b7a5bfb\" data-element_type=\"container\">\n\t\t\t\t<div class=\"elementor-element elementor-element-1172b3cd elementor-widget elementor-widget-heading\" data-id=\"1172b3cd\" data-element_type=\"widget\" data-widget_type=\"heading.default\">\n\t\t\t\t\t<h2 class=\"elementor-heading-title elementor-size-default\">Causas comunes de infertilidad en hombres y mujeres<\/h2>\t\t\t\t<\/div>\n\t\t\t\t<\/div>\n\t\t<div class=\"elementor-element elementor-element-1437d860 e-con-full e-flex e-con e-child\" data-id=\"1437d860\" data-element_type=\"container\">\n\t\t\t\t<div class=\"elementor-element elementor-element-2c3671d elementor-widget elementor-widget-text-editor\" data-id=\"2c3671d\" data-element_type=\"widget\" data-widget_type=\"text-editor.default\">\n\t\t\t\t\t\t\t\t\t<p>Estas son algunas de las afecciones o factores m\u00e1s comunes que se sabe que causan infertilidad:<\/p><ul><li>Trastornos de la ovulaci\u00f3n, como <a href=\"https:\/\/ivfflorida.com\/start-your-journey\/causes-of-infertility\/polycystic-ovary-syndrome\/\">s\u00edndrome de ovario poliqu\u00edstico (SOP)<\/a><\/li><li><a href=\"https:\/\/ivfflorida.com\/start-your-journey\/causes-of-infertility\/diminished-ovarian-reserve\/\">Disminuci\u00f3n de la reserva ov\u00e1rica<\/a> o disminuci\u00f3n de \u00f3vulos relacionada con la edad<\/li><li><a href=\"https:\/\/ivfflorida.com\/start-your-journey\/causes-of-infertility\/endometriosis\/\">Endometriosis<\/a><\/li><li><a href=\"https:\/\/ivfflorida.com\/start-your-journey\/causes-of-infertility\/uterine-abnormalities\/\">Anomal\u00edas uterinas<\/a>como <a href=\"https:\/\/ivfflorida.com\/start-your-journey\/causes-of-infertility\/uterine-fibroids\/\">fibromas<\/a> o p\u00f3lipos<\/li><li><a href=\"https:\/\/ivfflorida.com\/start-your-journey\/causes-of-infertility\/tubal-factor-infertility\/\">Infertilidad por factor tub\u00e1rico<\/a>, incluidas las trompas de Falopio obstruidas o da\u00f1adas<\/li><li><a href=\"https:\/\/ivfflorida.com\/start-your-journey\/causes-of-infertility\/infertility-in-males\/\">Infertilidad por factor masculino<\/a>como un recuento de espermatozoides o una motilidad bajos<\/li><li><a href=\"https:\/\/ivfflorida.com\/start-your-journey\/causes-of-infertility\/unexplained-infertility\/\">Infertilidad inexplicada<\/a><\/li><li>Enfermedades gen\u00e9ticas o hereditarias<\/li><li>Trastornos autoinmunes o endocrinos, como disfunci\u00f3n tiroidea<\/li><\/ul><p>Tanto si desea comprender las causas de infertilidad que experimentan las mujeres como si desea aclarar las causas de infertilidad en los hombres, nuestros centros de fertilidad y cl\u00ednicas de FIV le ofrecen una evaluaci\u00f3n y un apoyo completos.<\/p>\t\t\t\t\t\t\t\t<\/div>\n\t\t\t\t<\/div>\n\t\t\t\t<\/div>\n\t\t<div class=\"elementor-element elementor-element-4e3eb534 e-con-full e-flex e-con e-child\" data-id=\"4e3eb534\" data-element_type=\"container\" data-settings=\"{&quot;background_background&quot;:&quot;classic&quot;}\">\n\t\t<div class=\"elementor-element elementor-element-3af92cde e-con-full e-flex e-con e-child\" data-id=\"3af92cde\" data-element_type=\"container\">\n\t\t\t\t<div class=\"elementor-element elementor-element-4d4fbe03 elementor-widget elementor-widget-heading\" data-id=\"4d4fbe03\" data-element_type=\"widget\" data-widget_type=\"heading.default\">\n\t\t\t\t\t<h2 class=\"elementor-heading-title elementor-size-default\">Pruebas diagn\u00f3sticas de la infertilidad<\/h2>\t\t\t\t<\/div>\n\t\t\t\t<\/div>\n\t\t<div class=\"elementor-element elementor-element-163760af e-con-full e-flex e-con e-child\" data-id=\"163760af\" data-element_type=\"container\">\n\t\t\t\t<div class=\"elementor-element elementor-element-42d94020 elementor-widget elementor-widget-text-editor\" data-id=\"42d94020\" data-element_type=\"widget\" data-widget_type=\"text-editor.default\">\n\t\t\t\t\t\t\t\t\t<p>El primer paso para identificar la causa o causas de la infertilidad es un diagn\u00f3stico exhaustivo. Las pruebas pueden incluir:<\/p><ul><li aria-level=\"1\">An\u00e1lisis de sangre para evaluar los niveles hormonales<\/li><li aria-level=\"1\">Pruebas de reserva ov\u00e1rica (importantes para identificar las causas de infertilidad femenina)<\/li><li aria-level=\"1\">An\u00e1lisis de semen (utilizado para evaluar las causas de infertilidad masculina)<\/li><li aria-level=\"1\">Ecograf\u00eda de \u00fatero y ovarios<\/li><li aria-level=\"1\"><a href=\"https:\/\/ivfflorida.com\/start-your-journey\/causes-of-infertility\/hysterosalpingogram\/\">Histerosalpingograf\u00eda (HSG)<\/a> evaluar la salud de las trompas de Falopio<\/li><li aria-level=\"1\"><a href=\"https:\/\/ivfflorida.com\/treatments\/preimplantation-genetic-testing\/\">Pruebas gen\u00e9ticas<\/a>, si se recomienda<\/li><\/ul><p>Durante la primera visita, el especialista en fertilidad iniciar\u00e1 el proceso de diagn\u00f3stico de las causas de los problemas para concebir. Una vez identificadas las causas de la infertilidad, creamos un plan adaptado a tus necesidades, ya sea que incluya relaciones sexuales programadas, IIU, FIV u otro camino a seguir.<\/p>\t\t\t\t\t\t\t\t<\/div>\n\t\t\t\t<\/div>\n\t\t\t\t<\/div>\n\t\t\t\t<\/div>\n\t\t<div class=\"elementor-element elementor-element-1fad8e11 e-con-full e-flex e-con e-child\" data-id=\"1fad8e11\" data-element_type=\"container\">\n\t\t<div class=\"elementor-element elementor-element-bd73ab3 e-con-full e-flex e-con e-child\" data-id=\"bd73ab3\" data-element_type=\"container\" data-settings=\"{&quot;background_background&quot;:&quot;classic&quot;}\">\n\t\t<div class=\"elementor-element elementor-element-ad263f e-con-full e-flex e-con e-child\" data-id=\"ad263f\" data-element_type=\"container\">\n\t\t\t\t<div class=\"elementor-element elementor-element-306c1171 elementor-widget elementor-widget-text-editor\" data-id=\"306c1171\" data-element_type=\"widget\" data-widget_type=\"text-editor.default\">\n\t\t\t\t\t\t\t\t\t<p>El Dr. Hoffman es incre\u00edblemente inteligente y digno de confianza. Si puede hacerlo, te lo dir\u00e1... Si no puede hacerlo, \u00a1te lo dir\u00e1!<br \/>Fui paciente suya durante unos 3 a\u00f1os y me llev\u00f3 de la mano todo el tiempo.<\/p>\t\t\t\t\t\t\t\t<\/div>\n\t\t\t\t<\/div>\n\t\t\t\t<\/div>\n\t\t<div class=\"elementor-element elementor-element-771ed29d e-con-full interior-helpful-resources-column e-flex e-con e-child\" data-id=\"771ed29d\" data-element_type=\"container\" data-settings=\"{&quot;background_background&quot;:&quot;classic&quot;}\">\n\t\t\t\t<div class=\"elementor-element elementor-element-498be07c elementor-widget elementor-widget-heading\" data-id=\"498be07c\" data-element_type=\"widget\" data-widget_type=\"heading.default\">\n\t\t\t\t\t<h5 class=\"elementor-heading-title elementor-size-default\">Recursos \u00fatiles<\/h5>\t\t\t\t<\/div>\n\t\t\t\t<div class=\"elementor-element elementor-element-7d44bcb7 elementor-widget elementor-widget-text-editor\" data-id=\"7d44bcb7\" data-element_type=\"widget\" data-widget_type=\"text-editor.default\">\n\t\t\t\t\t\t\t\t\t<ul><li><a href=\"https:\/\/ivfflorida.com\/start-your-journey\/causes-of-infertility\/infertility-in-females\/\">Infertilidad femenina<\/a><\/li><li><a href=\"https:\/\/ivfflorida.com\/start-your-journey\/causes-of-infertility\/infertility-in-males\/\">Infertilidad masculina<\/a><\/li><li><a href=\"https:\/\/ivfflorida.com\/start-your-journey\/when-to-see-a-fertility-specialist\/\">Cu\u00e1ndo acudir a un especialista en fertilidad<\/a><\/li><\/ul>\t\t\t\t\t\t\t\t<\/div>\n\t\t\t\t<\/div>\n\t\t\t\t<\/div>\n\t\t\t\t<\/div>\n\t\t\t\t\t<\/div>\n\t\t\t\t<\/div>\n\t\t\t\t<\/div>\n\t\t<div class=\"elementor-element elementor-element-2df846e3 e-con-full e-flex e-con e-parent\" data-id=\"2df846e3\" data-element_type=\"container\" data-settings=\"{&quot;background_background&quot;:&quot;classic&quot;}\">\n\t\t<div class=\"elementor-element elementor-element-5d8707a6 e-flex e-con-boxed e-con e-child\" data-id=\"5d8707a6\" data-element_type=\"container\">\n\t\t\t\t\t<div class=\"e-con-inner\">\n\t\t<div class=\"elementor-element elementor-element-4b44249a e-con-full e-flex e-con e-child\" data-id=\"4b44249a\" data-element_type=\"container\">\n\t\t<div class=\"elementor-element elementor-element-47a632dd e-con-full e-flex e-con e-child\" data-id=\"47a632dd\" data-element_type=\"container\">\n\t\t\t\t<div class=\"elementor-element elementor-element-de3800 elementor-widget elementor-widget-heading\" data-id=\"de3800\" data-element_type=\"widget\" data-widget_type=\"heading.default\">\n\t\t\t\t\t<h2 class=\"elementor-heading-title elementor-size-default\">Avanza con confianza.\n\n<\/h2>\t\t\t\t<\/div>\n\t\t\t\t<div class=\"elementor-element elementor-element-9994d81 elementor-widget elementor-widget-text-editor\" data-id=\"9994d81\" data-element_type=\"widget\" data-widget_type=\"text-editor.default\">\n\t\t\t\t\t\t\t\t\t<p>Para comprender la causa de sus problemas y abordarlos con un plan de tratamiento personalizado, concierte hoy mismo una cita con nuestro equipo de expertos.<\/p>\t\t\t\t\t\t\t\t<\/div>\n\t\t\t\t<\/div>\n\t\t<div class=\"elementor-element elementor-element-6685221f e-con-full e-flex e-con e-child\" data-id=\"6685221f\" data-element_type=\"container\">\n\t\t\t\t<div class=\"elementor-element elementor-element-43a408d8 elementor-widget__width-auto elementor-widget elementor-widget-button\" data-id=\"43a408d8\" data-element_type=\"widget\" data-widget_type=\"button.default\">\n\t\t\t\t\t\t\t\t\t\t<a class=\"elementor-button elementor-button-link elementor-size-sm\" href=\"\/es\/concertar-cita\/\">\n\t\t\t\t\t\t<span class=\"elementor-button-content-wrapper\">\n\t\t\t\t\t\t\t\t\t<span class=\"elementor-button-text\">Solicitar cita<\/span>\n\t\t\t\t\t<\/span>\n\t\t\t\t\t<\/a>\n\t\t\t\t\t\t\t\t<\/div>\n\t\t\t\t<\/div>\n\t\t\t\t<\/div>\n\t\t\t\t\t<\/div>\n\t\t\t\t<\/div>\n\t\t\t\t<\/div>\n\t\t\t\t<\/div>","protected":false},"excerpt":{"rendered":"<p>Comprender las causas de la infertilidad La infertilidad afecta a 1 de cada 6 personas, y aunque a menudo se habla de ella en t\u00e9rminos generales, hay muchas posibles causas subyacentes de la infertilidad. IVF Florida adopta un enfoque personalizado para el diagn\u00f3stico y la atenci\u00f3n, combinando pruebas avanzadas con orientaci\u00f3n compasiva para ayudarle a entender por qu\u00e9 puede estar experimentando infertilidad y c\u00f3mo seguir adelante....<\/p>","protected":false},"author":2,"featured_media":0,"parent":457,"menu_order":0,"template":"","meta":{"_acf_changed":false,"footnotes":""},"class_list":["post-463","page","type-page","status-publish","hentry"],"acf":[],"aioseo_notices":[],"_links":{"self":[{"href":"https:\/\/ivfflorida.com.onspire.dev\/es\/wp-json\/wp\/v2\/pages\/463","targetHints":{"allow":["GET"]}}],"collection":[{"href":"https:\/\/ivfflorida.com.onspire.dev\/es\/wp-json\/wp\/v2\/pages"}],"about":[{"href":"https:\/\/ivfflorida.com.onspire.dev\/es\/wp-json\/wp\/v2\/types\/page"}],"author":[{"embeddable":true,"href":"https:\/\/ivfflorida.com.onspire.dev\/es\/wp-json\/wp\/v2\/users\/2"}],"replies":[{"embeddable":true,"href":"https:\/\/ivfflorida.com.onspire.dev\/es\/wp-json\/wp\/v2\/comments?post=463"}],"version-history":[{"count":36,"href":"https:\/\/ivfflorida.com.onspire.dev\/es\/wp-json\/wp\/v2\/pages\/463\/revisions"}],"predecessor-version":[{"id":3067,"href":"https:\/\/ivfflorida.com.onspire.dev\/es\/wp-json\/wp\/v2\/pages\/463\/revisions\/3067"}],"up":[{"embeddable":true,"href":"https:\/\/ivfflorida.com.onspire.dev\/es\/wp-json\/wp\/v2\/pages\/457"}],"wp:attachment":[{"href":"https:\/\/ivfflorida.com.onspire.dev\/es\/wp-json\/wp\/v2\/media?parent=463"}],"curies":[{"name":"wp","href":"https:\/\/api.w.org\/{rel}","templated":true}]}}