{"id":670,"date":"2025-08-11T21:11:39","date_gmt":"2025-08-11T21:11:39","guid":{"rendered":"https:\/\/ivfflorida.com\/?page_id=670"},"modified":"2025-09-24T20:52:05","modified_gmt":"2025-09-24T20:52:05","slug":"portal-del-paciente","status":"publish","type":"page","link":"https:\/\/ivfflorida.com.onspire.dev\/es\/portal-del-paciente\/","title":{"rendered":"Portal del paciente"},"content":{"rendered":"<div data-elementor-type=\"wp-page\" data-elementor-id=\"670\" class=\"elementor elementor-670\" data-elementor-post-type=\"page\">\n\t\t\t\t<div class=\"elementor-element elementor-element-7f2db019 e-flex e-con-boxed e-con e-parent\" data-id=\"7f2db019\" data-element_type=\"container\" data-settings=\"{&quot;background_background&quot;:&quot;classic&quot;}\">\n\t\t\t\t\t<div class=\"e-con-inner\">\n\t\t<div class=\"elementor-element elementor-element-4075aa12 e-flex e-con-boxed e-con e-child\" data-id=\"4075aa12\" data-element_type=\"container\">\n\t\t\t\t\t<div class=\"e-con-inner\">\n\t\t<div class=\"elementor-element elementor-element-44ca4dce e-con-full e-flex e-con e-child\" data-id=\"44ca4dce\" data-element_type=\"container\" data-settings=\"{&quot;background_background&quot;:&quot;classic&quot;}\">\n\t\t<div class=\"elementor-element elementor-element-2d4a5df8 e-con-full e-flex e-con e-child\" data-id=\"2d4a5df8\" data-element_type=\"container\">\n\t\t\t\t<div class=\"elementor-element elementor-element-6fce1c13 elementor-widget elementor-widget-heading\" data-id=\"6fce1c13\" data-element_type=\"widget\" data-widget_type=\"heading.default\">\n\t\t\t\t\t<h1 class=\"elementor-heading-title elementor-size-default\">Portal del paciente<\/h1>\t\t\t\t<\/div>\n\t\t\t\t<div class=\"elementor-element elementor-element-7ccaa2 elementor-widget elementor-widget-text-editor\" data-id=\"7ccaa2\" data-element_type=\"widget\" data-widget_type=\"text-editor.default\">\n\t\t\t\t\t\t\t\t\t<p>Nuestro portal del paciente es un sistema basado en la web que proporciona acceso en tiempo real a todas sus necesidades de tratamiento. Usted puede programar citas, ver los resultados de laboratorio, comprobar sus medicamentos, e incluso directamente mensaje de nuestra pr\u00e1ctica. El portal es una herramienta pr\u00e1ctica que pone todo su plan de tratamiento al alcance de su mano.<\/p>\t\t\t\t\t\t\t\t<\/div>\n\t\t\t\t<\/div>\n\t\t\t\t<\/div>\n\t\t\t\t\t<\/div>\n\t\t\t\t<\/div>\n\t\t\t\t\t<\/div>\n\t\t\t\t<\/div>\n\t\t<div class=\"elementor-element elementor-element-4ec1958b e-con-full e-flex e-con e-parent\" data-id=\"4ec1958b\" data-element_type=\"container\">\n\t\t<div class=\"elementor-element elementor-element-7f4c0004 e-flex e-con-boxed e-con e-child\" data-id=\"7f4c0004\" data-element_type=\"container\">\n\t\t\t\t\t<div class=\"e-con-inner\">\n\t\t<div class=\"elementor-element elementor-element-50f58a73 e-con-full e-flex e-con e-child\" data-id=\"50f58a73\" data-element_type=\"container\">\n\t\t<div class=\"elementor-element elementor-element-633b035f e-con-full e-flex e-con e-child\" data-id=\"633b035f\" data-element_type=\"container\">\n\t\t<div class=\"elementor-element elementor-element-36188784 e-con-full e-flex e-con e-child\" data-id=\"36188784\" data-element_type=\"container\" data-settings=\"{&quot;background_background&quot;:&quot;classic&quot;}\">\n\t\t<div class=\"elementor-element elementor-element-2578f94b e-con-full e-flex e-con e-child\" data-id=\"2578f94b\" data-element_type=\"container\">\n\t\t\t\t<div class=\"elementor-element elementor-element-5ecde99 elementor-widget elementor-widget-heading\" data-id=\"5ecde99\" data-element_type=\"widget\" data-widget_type=\"heading.default\">\n\t\t\t\t\t<h2 class=\"elementor-heading-title elementor-size-default\">Ventajas del portal del paciente<\/h2>\t\t\t\t<\/div>\n\t\t\t\t<\/div>\n\t\t<div class=\"elementor-element elementor-element-35fcec08 e-con-full e-flex e-con e-child\" data-id=\"35fcec08\" data-element_type=\"container\">\n\t\t\t\t<div class=\"elementor-element elementor-element-31af8c7f elementor-widget elementor-widget-text-editor\" data-id=\"31af8c7f\" data-element_type=\"widget\" data-widget_type=\"text-editor.default\">\n\t\t\t\t\t\t\t\t\t<ul><li aria-level=\"1\">Comunicaci\u00f3n segura - Mensaje directamente con nuestra pr\u00e1ctica, asegurando que su informaci\u00f3n m\u00e9dica est\u00e1 protegida.<\/li><li aria-level=\"1\">Programaci\u00f3n sencilla: solicite o cambie las citas cuando m\u00e1s le convenga.<\/li><li aria-level=\"1\">Comodidad - Consulte sus resultados de laboratorio, aprenda a administrar su medicaci\u00f3n y compruebe el calendario de su tratamiento.<\/li><li aria-level=\"1\">Orientaci\u00f3n financiera: consulte su historial de pagos y con\u00e9ctese con miembros de nuestro equipo financiero desde su ordenador o dispositivo m\u00f3vil.<\/li><\/ul>\t\t\t\t\t\t\t\t<\/div>\n\t\t\t\t<\/div>\n\t\t\t\t<\/div>\n\t\t<div class=\"elementor-element elementor-element-6e5c060f e-con-full e-flex e-con e-child\" data-id=\"6e5c060f\" data-element_type=\"container\" data-settings=\"{&quot;background_background&quot;:&quot;classic&quot;}\">\n\t\t<div class=\"elementor-element elementor-element-471b7b29 e-con-full e-flex e-con e-child\" data-id=\"471b7b29\" data-element_type=\"container\">\n\t\t\t\t<div class=\"elementor-element elementor-element-4a507fe0 elementor-widget elementor-widget-heading\" data-id=\"4a507fe0\" data-element_type=\"widget\" data-widget_type=\"heading.default\">\n\t\t\t\t\t<h2 class=\"elementor-heading-title elementor-size-default\">Acceder al portal del paciente<\/h2>\t\t\t\t<\/div>\n\t\t\t\t<\/div>\n\t\t<div class=\"elementor-element elementor-element-7785b248 e-con-full e-flex e-con e-child\" data-id=\"7785b248\" data-element_type=\"container\">\n\t\t\t\t<div class=\"elementor-element elementor-element-e080ae9 elementor-widget elementor-widget-button\" data-id=\"e080ae9\" data-element_type=\"widget\" data-widget_type=\"button.default\">\n\t\t\t\t\t\t\t\t\t\t<a class=\"elementor-button elementor-button-link elementor-size-sm\" href=\"https:\/\/portal-ivfflorida.fertemr.com\/#\/Login\" target=\"_blank\">\n\t\t\t\t\t\t<span class=\"elementor-button-content-wrapper\">\n\t\t\t\t\t\t\t\t\t<span class=\"elementor-button-text\">Acceder al portal<\/span>\n\t\t\t\t\t<\/span>\n\t\t\t\t\t<\/a>\n\t\t\t\t\t\t\t\t<\/div>\n\t\t\t\t<div class=\"elementor-element elementor-element-378d8cee elementor-widget elementor-widget-text-editor\" data-id=\"378d8cee\" data-element_type=\"widget\" data-widget_type=\"text-editor.default\">\n\t\t\t\t\t\t\t\t\t<p>Para acceder a los registros de 2023 o anteriores, pulse <a href=\"https:\/\/ivffl.myhealthpatientportal.com\/login\" target=\"_blank\" rel=\"noopener\">aqu\u00ed<\/a><\/p>\t\t\t\t\t\t\t\t<\/div>\n\t\t\t\t<\/div>\n\t\t\t\t<\/div>\n\t\t\t\t<\/div>\n\t\t<div class=\"elementor-element elementor-element-4d528cb9 e-con-full e-flex e-con e-child\" data-id=\"4d528cb9\" data-element_type=\"container\">\n\t\t<div class=\"elementor-element elementor-element-36a679f e-con-full e-flex e-con e-child\" data-id=\"36a679f\" data-element_type=\"container\" data-settings=\"{&quot;background_background&quot;:&quot;classic&quot;}\">\n\t\t<div class=\"elementor-element elementor-element-39bdb62d e-con-full e-flex e-con e-child\" data-id=\"39bdb62d\" data-element_type=\"container\">\n\t\t\t\t<div class=\"elementor-element elementor-element-1df6a88b elementor-widget elementor-widget-text-editor\" data-id=\"1df6a88b\" data-element_type=\"widget\" data-widget_type=\"text-editor.default\">\n\t\t\t\t\t\t\t\t\t<p>El Dr. Barrionuevo es un gran m\u00e9dico. Explic\u00f3 completamente los planes y se tom\u00f3 su tiempo con nosotros siempre. No nos sentimos apresurados nunca.<\/p>\t\t\t\t\t\t\t\t<\/div>\n\t\t\t\t<\/div>\n\t\t\t\t<\/div>\n\t\t<div class=\"elementor-element elementor-element-566ebc65 e-con-full interior-helpful-resources-column e-flex e-con e-child\" data-id=\"566ebc65\" data-element_type=\"container\" data-settings=\"{&quot;background_background&quot;:&quot;classic&quot;}\">\n\t\t\t\t<div class=\"elementor-element elementor-element-571a2195 elementor-widget elementor-widget-heading\" data-id=\"571a2195\" data-element_type=\"widget\" data-widget_type=\"heading.default\">\n\t\t\t\t\t<h5 class=\"elementor-heading-title elementor-size-default\">Recursos \u00fatiles<\/h5>\t\t\t\t<\/div>\n\t\t\t\t<div class=\"elementor-element elementor-element-73c760f0 elementor-widget elementor-widget-text-editor\" data-id=\"73c760f0\" data-element_type=\"widget\" data-widget_type=\"text-editor.default\">\n\t\t\t\t\t\t\t\t\t<ul><li><a href=\"\/es\/concertar-cita\/\">Citas<\/a><\/li><li><a href=\"\/es\/proveedores\/\">Proveedores<\/a><\/li><li><a href=\"\/es\/lugares\/\">Ubicaciones<\/a><\/li><\/ul>\t\t\t\t\t\t\t\t<\/div>\n\t\t\t\t<\/div>\n\t\t\t\t<\/div>\n\t\t\t\t<\/div>\n\t\t\t\t\t<\/div>\n\t\t\t\t<\/div>\n\t\t\t\t<\/div>\n\t\t<div class=\"elementor-element elementor-element-20139fd1 e-flex e-con-boxed e-con e-parent\" data-id=\"20139fd1\" data-element_type=\"container\" data-settings=\"{&quot;background_background&quot;:&quot;classic&quot;}\">\n\t\t\t\t\t<div class=\"e-con-inner\">\n\t\t<div class=\"elementor-element elementor-element-7b1b26dc e-flex e-con-boxed e-con e-child\" data-id=\"7b1b26dc\" data-element_type=\"container\">\n\t\t\t\t\t<div class=\"e-con-inner\">\n\t\t<div class=\"elementor-element elementor-element-ae52f71 e-con-full e-flex e-con e-child\" data-id=\"ae52f71\" data-element_type=\"container\">\n\t\t<div class=\"elementor-element elementor-element-2c6bc0b2 e-con-full e-flex e-con e-child\" data-id=\"2c6bc0b2\" data-element_type=\"container\">\n\t\t\t\t<div class=\"elementor-element elementor-element-658a7b00 elementor-widget elementor-widget-heading\" data-id=\"658a7b00\" data-element_type=\"widget\" data-widget_type=\"heading.default\">\n\t\t\t\t\t<h2 class=\"elementor-heading-title elementor-size-default\">\u00bfPreguntas?<\/h2>\t\t\t\t<\/div>\n\t\t\t\t<div class=\"elementor-element elementor-element-24cce52 elementor-widget elementor-widget-text-editor\" data-id=\"24cce52\" data-element_type=\"widget\" data-widget_type=\"text-editor.default\">\n\t\t\t\t\t\t\t\t\t<p>Si tiene preguntas sobre su cuenta, estamos aqu\u00ed para ayudarle. Ll\u00e1menos al <a href=\"tel:+19542476200\">954-247-6200<\/a>.<\/p>\t\t\t\t\t\t\t\t<\/div>\n\t\t\t\t<\/div>\n\t\t\t\t<\/div>\n\t\t\t\t\t<\/div>\n\t\t\t\t<\/div>\n\t\t\t\t\t<\/div>\n\t\t\t\t<\/div>\n\t\t\t\t<\/div>","protected":false},"excerpt":{"rendered":"<p>Portal del paciente Nuestro portal del paciente es un sistema basado en la web que proporciona acceso en tiempo real a todas sus necesidades de tratamiento. Usted puede programar citas, ver los resultados de laboratorio, comprobar sus medicamentos, e incluso directamente mensaje de nuestra pr\u00e1ctica ...<\/p>","protected":false},"author":3,"featured_media":0,"parent":0,"menu_order":0,"template":"","meta":{"_acf_changed":false,"footnotes":""},"class_list":["post-670","page","type-page","status-publish","hentry"],"acf":[],"aioseo_notices":[],"_links":{"self":[{"href":"https:\/\/ivfflorida.com.onspire.dev\/es\/wp-json\/wp\/v2\/pages\/670","targetHints":{"allow":["GET"]}}],"collection":[{"href":"https:\/\/ivfflorida.com.onspire.dev\/es\/wp-json\/wp\/v2\/pages"}],"about":[{"href":"https:\/\/ivfflorida.com.onspire.dev\/es\/wp-json\/wp\/v2\/types\/page"}],"author":[{"embeddable":true,"href":"https:\/\/ivfflorida.com.onspire.dev\/es\/wp-json\/wp\/v2\/users\/3"}],"replies":[{"embeddable":true,"href":"https:\/\/ivfflorida.com.onspire.dev\/es\/wp-json\/wp\/v2\/comments?post=670"}],"version-history":[{"count":15,"href":"https:\/\/ivfflorida.com.onspire.dev\/es\/wp-json\/wp\/v2\/pages\/670\/revisions"}],"predecessor-version":[{"id":2902,"href":"https:\/\/ivfflorida.com.onspire.dev\/es\/wp-json\/wp\/v2\/pages\/670\/revisions\/2902"}],"wp:attachment":[{"href":"https:\/\/ivfflorida.com.onspire.dev\/es\/wp-json\/wp\/v2\/media?parent=670"}],"curies":[{"name":"wp","href":"https:\/\/api.w.org\/{rel}","templated":true}]}}