{"id":788,"date":"2025-08-20T21:27:47","date_gmt":"2025-08-20T21:27:47","guid":{"rendered":"https:\/\/ivfflorida.com\/?page_id=788"},"modified":"2025-09-24T12:49:32","modified_gmt":"2025-09-24T12:49:32","slug":"aviso-de-practicas-de-privacidad","status":"publish","type":"page","link":"https:\/\/ivfflorida.com.onspire.dev\/es\/aviso-de-practicas-de-privacidad\/","title":{"rendered":"Aviso de pr\u00e1cticas de privacidad"},"content":{"rendered":"<div data-elementor-type=\"wp-page\" data-elementor-id=\"788\" class=\"elementor elementor-788\" data-elementor-post-type=\"page\">\n\t\t\t\t<div class=\"elementor-element elementor-element-114a883 e-flex e-con-boxed e-con e-parent\" data-id=\"114a883\" data-element_type=\"container\" data-settings=\"{&quot;background_background&quot;:&quot;classic&quot;}\">\n\t\t\t\t\t<div class=\"e-con-inner\">\n\t\t<div class=\"elementor-element elementor-element-7b8e5ec e-flex e-con-boxed e-con e-child\" data-id=\"7b8e5ec\" data-element_type=\"container\">\n\t\t\t\t\t<div class=\"e-con-inner\">\n\t\t<div class=\"elementor-element elementor-element-7b89842 e-con-full e-flex e-con e-child\" data-id=\"7b89842\" data-element_type=\"container\">\n\t\t\t\t<div class=\"elementor-element elementor-element-b09baa9 elementor-widget elementor-widget-heading\" data-id=\"b09baa9\" data-element_type=\"widget\" data-widget_type=\"heading.default\">\n\t\t\t\t\t<h1 class=\"elementor-heading-title elementor-size-default\">Aviso de pr\u00e1cticas de privacidad<\/h1>\t\t\t\t<\/div>\n\t\t\t\t<div class=\"elementor-element elementor-element-fa647ba elementor-widget elementor-widget-text-editor\" data-id=\"fa647ba\" data-element_type=\"widget\" data-widget_type=\"text-editor.default\">\n\t\t\t\t\t\t\t\t\t<p><strong>Fecha de entrada en vigor: 12 de febrero de 2025<\/strong><\/p><p><b>ESTE AVISO DE PRACTICAS DE PRIVACIDAD DESCRIBE COMO SU INFORMACION MEDICA PUEDE SER USADA O REVELADA POR IVF FLORIDA REPRODUCTIVE ASSOCIATES Y COMO USTED PUEDE TENER ACCESO A ESTA INFORMACION. LE ROGAMOS QUE LO LEA DETENIDAMENTE.<\/b><span style=\"font-weight: 400;\">\u00a0<\/span><\/p><p><span style=\"font-weight: 400;\">En este Aviso de Pr\u00e1cticas de Privacidad (este \"Aviso\") usamos t\u00e9rminos como \"nosotros\", \"nos\" y \"nuestro\" para referirnos a IVF Florida Reproductive Associates . Este Aviso se aplica a IVF Florida Reproductive Associates y a sus empleados, incluidos sus m\u00e9dicos, personal de laboratorio, personal cl\u00ednico y empleados administrativos.<\/span><\/p><p><b>La ley nos obliga a ello:<\/b><\/p><ul><li style=\"font-weight: 400;\" aria-level=\"1\"><span style=\"font-weight: 400;\">Mantener la confidencialidad de su informaci\u00f3n sanitaria protegida (\"PHI\") de acuerdo con la Ley de Portabilidad y Responsabilidad del Seguro M\u00e9dico de 1996 (\"HIPAA\") y la legislaci\u00f3n estatal aplicable;<\/span><\/li><li style=\"font-weight: 400;\" aria-level=\"1\"><span style=\"font-weight: 400;\">Cumplir los requisitos de la HIPAA al utilizar o divulgar su PHI sobre salud reproductiva;<\/span><\/li><li style=\"font-weight: 400;\" aria-level=\"1\"><span style=\"font-weight: 400;\">Cuando lo exija la ley, notificarle si se ha producido una violaci\u00f3n de su PHI no protegida;<\/span><\/li><\/ul><ul><li style=\"font-weight: 400;\" aria-level=\"1\"><span style=\"font-weight: 400;\">Cumplir los t\u00e9rminos del presente Aviso, incluidas sus modificaciones; y<\/span><\/li><li style=\"font-weight: 400;\" aria-level=\"1\"><span style=\"font-weight: 400;\">Darle este aviso de nuestras obligaciones legales y pr\u00e1cticas de privacidad con respecto a su PHI que mantenemos.<\/span><\/li><\/ul><p><b>Nos reservamos el derecho a modificar los t\u00e9rminos de este Aviso en cualquier momento. Tambi\u00e9n nos reservamos el derecho de hacer que los cambios se apliquen a su PHI que ya tenemos. Antes de realizar un cambio sustancial en este Aviso, publicaremos un aviso de dicho cambio de forma clara y destacada en nuestro sitio web junto con el nuevo Aviso. Tambi\u00e9n puede solicitar una copia del nuevo Aviso a la informaci\u00f3n de contacto que figura en este Aviso.<\/b><\/p><p><b>\u00bfQu\u00e9 es la \"informaci\u00f3n sanitaria protegida\"?<\/b><span style=\"font-weight: 400;\"><br \/><\/span><span style=\"font-weight: 400;\">\"Informaci\u00f3n sanitaria protegida\" o \"PHI\" es informaci\u00f3n, incluida la informaci\u00f3n demogr\u00e1fica, que puede identificarle y que est\u00e1 relacionada con su salud o estado f\u00edsico o mental pasado, presente o futuro y con los servicios sanitarios relacionados. Cualquier informaci\u00f3n sobre usted (incluida la PHI) que haya sido desidentificada de acuerdo con las normas establecidas por la HIPAA (\"Datos desidentificados\") no se considera PHI. Los Datos Desidentificados no est\u00e1n sujetos a este Aviso, y podemos utilizar y divulgar los Datos Desidentificados para cualquier fin l\u00edcito.<\/span><\/p><p><b>C\u00f3mo podemos utilizar o divulgar la PHI sin consentimiento o autorizaci\u00f3n<\/b><span style=\"font-weight: 400;\"><br \/><\/span><span style=\"font-weight: 400;\">Podemos utilizar y\/o divulgar su PHI sin su consentimiento o autorizaci\u00f3n para los siguientes fines:<\/span><\/p><ul><li style=\"font-weight: 400;\" aria-level=\"1\"><b>Tratamiento<\/b><span style=\"font-weight: 400;\">. Podemos utilizar y divulgar su PHI en relaci\u00f3n con su tratamiento, por ejemplo para diagnosticarle. Adem\u00e1s, podemos ponernos en contacto con usted para recordarle sus citas, darle instrucciones antes de pruebas o intervenciones quir\u00fargicas, o informarle sobre alternativas de tratamiento u otras prestaciones o servicios relacionados con la salud.<\/span><\/li><li style=\"font-weight: 400;\" aria-level=\"1\"><span style=\"font-weight: 400;\">Tambi\u00e9n podemos divulgar su PHI a otros proveedores, m\u00e9dicos, enfermeras, t\u00e9cnicos, estudiantes de medicina, personal del hospital u otros centros o entidades de atenci\u00f3n m\u00e9dica para actividades de tratamiento, coordinaci\u00f3n de la atenci\u00f3n o mejora de la calidad. Comunicaremos esta PHI por tel\u00e9fono, fax, radio bidireccional o transferencia electr\u00f3nica.\u00a0<\/span><\/li><li style=\"font-weight: 400;\" aria-level=\"1\"><span style=\"font-weight: 400;\">\u00a0Adem\u00e1s, podemos divulgar su PHI a una red de prescripci\u00f3n electr\u00f3nica, para asegurarnos de que pueda obtener los medicamentos que necesita para su ciclo de tratamiento.<\/span><\/li><\/ul><ul><li style=\"font-weight: 400;\" aria-level=\"1\"><b>Pago.<\/b><span style=\"font-weight: 400;\">\u00a0Podemos utilizar y divulgar su PHI para facturar y cobrar el tratamiento y los servicios que le hemos prestado. Por ejemplo, podemos proporcionar partes de su PHI a su plan de salud para obtener el pago por los servicios de atenci\u00f3n m\u00e9dica que le proporcionamos. Tambi\u00e9n podemos revelar su PHI a su plan de salud para permitirle determinar la elegibilidad o cobertura de los beneficios del seguro, para revisar los servicios que le proporcionamos por necesidad m\u00e9dica y para realizar actividades de revisi\u00f3n de utilizaci\u00f3n. Tambi\u00e9n divulgamos su PHI a la parte responsable de su cuenta. Si usted figura como dependiente en la p\u00f3liza de seguro de otra persona, la informaci\u00f3n financiera relativa a la atenci\u00f3n m\u00e9dica prestada puede ser enviada a esa parte responsable. Adem\u00e1s, si no nos paga puntualmente los servicios de atenci\u00f3n m\u00e9dica que le hemos prestado, tambi\u00e9n podemos revelar una parte limitada de su PHI a una agencia de cobros.<\/span><\/li><li style=\"font-weight: 400;\" aria-level=\"1\"><b>Operaciones de asistencia sanitaria<\/b><span style=\"font-weight: 400;\">. Podemos utilizar y divulgar su PHI para apoyar nuestras actividades comerciales, tales como actividades de evaluaci\u00f3n de la calidad, actividades de revisi\u00f3n de los empleados y la realizaci\u00f3n u organizaci\u00f3n de nuestras otras actividades comerciales. Por ejemplo, podemos utilizar su PHI para revisar nuestros tratamientos y servicios y para evaluar el rendimiento de nuestro personal en la prestaci\u00f3n de servicios. Tambi\u00e9n podemos utilizar su PHI para evaluar y mejorar los servicios prestados por nuestros socios comerciales. Adem\u00e1s, podemos utilizar y divulgar su PHI a otros proveedores de atenci\u00f3n m\u00e9dica, planes de salud o centros de intercambio de informaci\u00f3n de atenci\u00f3n m\u00e9dica para sus operaciones limitadas de atenci\u00f3n m\u00e9dica, como actividades de evaluaci\u00f3n de calidad, concesi\u00f3n de licencias y otras actividades de cumplimiento de atenci\u00f3n m\u00e9dica.<\/span><\/li><li style=\"font-weight: 400;\" aria-level=\"1\"><b>Asociados comerciales.<\/b><span style=\"font-weight: 400;\">\u00a0Podemos divulgar su PHI a nuestros socios comerciales que nos asisten en la prestaci\u00f3n de servicios de atenci\u00f3n m\u00e9dica y servicios relacionados. Por ejemplo, contratamos a una organizaci\u00f3n de servicios de gesti\u00f3n, US Fertility, que presta servicios de apoyo no cl\u00ednicos, administrativos y empresariales en nombre de IVF Florida Reproductive Associates, incluidos, entre otros, servicios de facturaci\u00f3n y cobro y servicios de apoyo tecnol\u00f3gico y tecnol\u00f3gico. Otros socios comerciales pueden incluir proveedores de software, abogados, contadores y otras personas o entidades que nos proporcionan art\u00edculos o servicios utilizados en nuestro negocio. Antes de divulgar su PHI a un asociado comercial, tendremos un contrato por escrito con el asociado comercial que exigir\u00e1 que el asociado comercial mantenga la privacidad de su PHI de acuerdo con la HIPAA.<\/span><\/li><li style=\"font-weight: 400;\" aria-level=\"1\"><b>Investigaci\u00f3n.<\/b><b>\u00a0<\/b><span style=\"font-weight: 400;\">Podemos utilizar y divulgar su PHI para llevar a cabo investigaciones m\u00e9dicas seg\u00fan lo permitido por la HIPAA. En virtud de la HIPAA, podemos utilizar o divulgar la PHI con fines de investigaci\u00f3n si:<\/span><ul><li style=\"font-weight: 400;\" aria-level=\"2\"><span style=\"font-weight: 400;\">Una Junta de Revisi\u00f3n Institucional o una Junta de Privacidad determina que (1) el uso o divulgaci\u00f3n no implica m\u00e1s que un riesgo m\u00ednimo para la privacidad de la informaci\u00f3n del individuo, (2) la investigaci\u00f3n no podr\u00eda llevarse a cabo de forma viable si se requiriera autorizaci\u00f3n individual, y (3) la investigaci\u00f3n no podr\u00eda llevarse a cabo de forma viable sin acceso a la PHI.<\/span><\/li><li style=\"font-weight: 400;\" aria-level=\"2\"><span style=\"font-weight: 400;\">El uso o la divulgaci\u00f3n se realiza \u00fanicamente en preparaci\u00f3n de una investigaci\u00f3n, por ejemplo, para dise\u00f1ar un estudio de investigaci\u00f3n, y obtenemos declaraciones del investigador de que su PHI se utilizar\u00e1 \u00fanicamente para este fin, no se eliminar\u00e1 y es necesaria para los fines de la investigaci\u00f3n;<\/span><\/li><li style=\"font-weight: 400;\" aria-level=\"2\"><span style=\"font-weight: 400;\">La PHI es de difuntos; o<\/span><\/li><li style=\"font-weight: 400;\" aria-level=\"2\"><span style=\"font-weight: 400;\">Utilizamos s\u00f3lo un conjunto limitado de datos (es decir, excluimos determinados identificadores directos) y suscribimos un acuerdo de conjunto de datos con el investigador.<\/span><\/li><\/ul><\/li><\/ul><ul><li style=\"font-weight: 400;\" aria-level=\"1\"><b>Usos y divulgaciones exigidos por la ley.<\/b><b>\u00a0<\/b><span style=\"font-weight: 400;\">Podemos utilizar o divulgar su PHI seg\u00fan lo exija la ley, pero debemos limitar dicho uso o divulgaci\u00f3n a la informaci\u00f3n pertinente y cumplir de otro modo los requisitos legales aplicables.<\/span><\/li><li style=\"font-weight: 400;\" aria-level=\"1\"><b>Actividades de salud p\u00fablica.\u00a0<\/b><span style=\"font-weight: 400;\">Podemos utilizar o divulgar su PHI para actividades de salud p\u00fablica. Por ejemplo, podemos utilizar o divulgar su PHI a las autoridades de salud p\u00fablica responsables de recopilar informaci\u00f3n con fines de prevenci\u00f3n o control de enfermedades y ciertas divulgaciones relacionadas con actividades regulatorias de la Administraci\u00f3n de Alimentos y Medicamentos.<\/span><\/li><li style=\"font-weight: 400;\" aria-level=\"1\"><b>Malos tratos, abandono o violencia dom\u00e9stica.<\/b><span style=\"font-weight: 400;\">\u00a0Podemos utilizar o divulgar su PHI en algunos casos si creemos razonablemente que usted es v\u00edctima de abuso, negligencia o violencia dom\u00e9stica.<\/span><\/li><li style=\"font-weight: 400;\" aria-level=\"1\"><b>Actividades de supervisi\u00f3n sanitaria.<\/b><span style=\"font-weight: 400;\">\u00a0Podemos utilizar o divulgar su PHI para determinadas actividades de supervisi\u00f3n sanitaria, incluidas, por ejemplo, las inspecciones y la concesi\u00f3n de licencias a centros sanitarios.<\/span><\/li><li style=\"font-weight: 400;\" aria-level=\"1\"><b>Procedimientos judiciales y administrativos.<\/b><span style=\"font-weight: 400;\">\u00a0Podemos utilizar o divulgar su PHI en algunas circunstancias en respuesta a una citaci\u00f3n u orden de un tribunal judicial o administrativo.<\/span><\/li><li style=\"font-weight: 400;\" aria-level=\"1\"><b>Fines policiales.<\/b><span style=\"font-weight: 400;\">\u00a0Podemos utilizar o divulgar su PHI para determinados fines policiales. Por ejemplo, podemos utilizar o divulgar su PHI a los funcionarios encargados de hacer cumplir la ley para la identificaci\u00f3n de sospechosos o cuando se haya cometido un delito en nuestras instalaciones.<\/span><\/li><li style=\"font-weight: 400;\" aria-level=\"1\"><b>Difuntos<\/b><span style=\"font-weight: 400;\">. Podemos utilizar o divulgar la PHI de fallecidos a m\u00e9dicos forenses, examinadores m\u00e9dicos y directores de funerarias.<\/span><\/li><li style=\"font-weight: 400;\" aria-level=\"1\"><b>Amenaza grave para la seguridad.<\/b><span style=\"font-weight: 400;\">\u00a0Podemos utilizar o divulgar su PHI cuando creamos que es necesario para prevenir o reducir una amenaza grave para la seguridad de una persona o del p\u00fablico.<\/span><\/li><li style=\"font-weight: 400;\" aria-level=\"1\"><b>Funciones gubernamentales especializadas.<\/b><span style=\"font-weight: 400;\">\u00a0Podemos utilizar o divulgar su PHI en algunas circunstancias para funciones gubernamentales especializadas, incluidas las relacionadas con las fuerzas armadas, la seguridad nacional y la inteligencia.<\/span><\/li><li style=\"font-weight: 400;\" aria-level=\"1\"><b>Programaci\u00f3n de citas, recordatorios de citas y prestaciones o servicios relacionados con la salud.<\/b><span style=\"font-weight: 400;\">\u00a0Podemos utilizar y divulgar su PHI para programar citas, recordarle sus citas y darle informaci\u00f3n sobre alternativas de tratamiento u otros servicios o beneficios relacionados con la atenci\u00f3n m\u00e9dica que ofrecemos.<\/span><\/li><\/ul><ul><li style=\"font-weight: 400;\" aria-level=\"1\"><b>Representantes personales.<\/b><span style=\"font-weight: 400;\">\u00a0Podremos revelar su PHI a sus representantes personales designados por usted o autorizados por la legislaci\u00f3n aplicable.<\/span><\/li><li style=\"font-weight: 400;\" aria-level=\"1\"><b>Reclusos<\/b><b>.<\/b><span style=\"font-weight: 400;\">\u00a0Si est\u00e1 usted preso en un correccional o bajo la custodia de un agente de la autoridad, podemos revelar su PHI al correccional o al agente de la autoridad. Podemos divulgar dicha informaci\u00f3n para fines que incluyen (1) proporcionarle atenci\u00f3n m\u00e9dica; (2) proteger su salud y seguridad o la salud y seguridad de otros; o (3) proteger la seguridad de la instituci\u00f3n correccional.<\/span><\/li><\/ul><p><b>Usos y divulgaciones para los que tiene la oportunidad de aceptar u objetar<\/b><\/p><ul><li style=\"font-weight: 400;\" aria-level=\"1\"><b>C\u00f3nyuge\/persona de referencia<\/b><span style=\"font-weight: 400;\">. Podemos divulgar su PHI a su c\u00f3nyuge o pareja, a menos que usted se oponga total o parcialmente. Por ejemplo, aunque la PHI de su historia cl\u00ednica le pertenece a usted, contendr\u00e1 alguna informaci\u00f3n relativa a su c\u00f3nyuge\/pareja. Esto se debe a que el tratamiento de la infertilidad puede centrarse en la pareja, m\u00e1s que en el individuo.<\/span><\/li><li style=\"font-weight: 400;\" aria-level=\"1\"><b>Personas que intervienen en su atenci\u00f3n<\/b><b>.<\/b><span style=\"font-weight: 400;\">\u00a0Podemos divulgar su PHI a un familiar, amigo u otra persona que usted indique que participa en su atenci\u00f3n o en el pago de su atenci\u00f3n sanitaria, a menos que usted se oponga en todo o en parte. La oportunidad de que usted acepte u objete puede darse retroactivamente en situaciones de emergencia.<\/span><\/li><\/ul><p><b><br \/><\/b><b>Su autorizaci\u00f3n es necesaria para otros usos y divulgaciones<\/b><span style=\"font-weight: 400;\"><br \/><\/span><span style=\"font-weight: 400;\">Salvo que la legislaci\u00f3n aplicable permita lo contrario, no utilizaremos ni divulgaremos su PHI para fines no descritos en el presente Aviso, a menos que usted nos lo autorice por escrito (incluso mediante firma electr\u00f3nica). Si nos da dicha autorizaci\u00f3n por escrito, en la mayor\u00eda de los casos podr\u00e1 revocarla por escrito en cualquier momento. Su revocaci\u00f3n ser\u00e1 efectiva con respecto a toda su PHI que conservemos, a menos que ya hayamos actuado bas\u00e1ndonos en su autorizaci\u00f3n.<\/span><\/p><p><b>Nuestras comunicaciones con usted<\/b><span style=\"font-weight: 400;\"><br \/><\/span><span style=\"font-weight: 400;\">Podemos utilizar varios medios de comunicaci\u00f3n con usted para proporcionarle informaci\u00f3n y\/u obtener informaci\u00f3n de usted en relaci\u00f3n con su tratamiento, el pago de servicios o para otros fines legales. Dichas comunicaciones pueden incluir su PHI. Usted tiene derecho a solicitar que nos comuniquemos con usted acerca de su informaci\u00f3n m\u00e9dica por medios alternativos o en lugares alternativos. Debe presentar su solicitud por escrito. Su solicitud debe especificar los medios o el lugar alternativos, y proporcionar una explicaci\u00f3n satisfactoria de c\u00f3mo se gestionar\u00e1n los pagos en virtud de los medios o el lugar alternativos que solicite. Atenderemos todas las solicitudes razonables. No obstante, si no podemos ponernos en contacto con usted utilizando los medios o lugares que ha solicitado, podremos hacerlo utilizando la informaci\u00f3n de que disponemos.<\/span><\/p><p><b>\u00bfCu\u00e1les son sus derechos en relaci\u00f3n con su PHI?<\/b><\/p><ul><li style=\"font-weight: 400;\" aria-level=\"1\"><b>Derecho a solicitar restricciones adicionales a los usos y divulgaciones de su PHI.<\/b><span style=\"font-weight: 400;\">\u00a0Tiene derecho a solicitar que establezcamos restricciones adicionales sobre la forma en que utilizamos y divulgamos su PHI. Para solicitar una restricci\u00f3n en el uso y divulgaci\u00f3n de su PHI, debe presentar su solicitud por escrito a nuestro Funcionario de Privacidad. Tenga en cuenta que, salvo en circunstancias limitadas, no estamos obligados a aceptar las restricciones solicitadas. Le notificaremos si no podemos aceptar una restricci\u00f3n solicitada.<\/span><\/li><li style=\"font-weight: 400;\" aria-level=\"1\"><b>Derecho a inspeccionar y copiar su PHI.<\/b><span style=\"font-weight: 400;\">\u00a0<\/span> <span style=\"font-weight: 400;\">Tiene derecho a inspeccionar y copiar la PHI que pueda utilizarse para tomar decisiones sobre su atenci\u00f3n, excluidas las notas de psicoterapia. Debe hacernos esta solicitud por escrito.\u00a0\u00a0<\/span><\/li><li style=\"font-weight: 400;\" aria-level=\"1\"><span style=\"font-weight: 400;\">Podemos denegar su solicitud de inspecci\u00f3n y copia en determinadas circunstancias muy limitadas. Puede solicitar una revisi\u00f3n profesional de la denegaci\u00f3n. Si solicita una revisi\u00f3n, designaremos a otro profesional sanitario autorizado para que revise su solicitud y la denegaci\u00f3n. La persona que lleve a cabo la revisi\u00f3n no ser\u00e1 la misma que deneg\u00f3 su solicitud. Nos atendremos al resultado de la revisi\u00f3n.\u00a0<\/span><ul><li style=\"font-weight: 400;\" aria-level=\"2\"><b>Nota:\u00a0<\/b><span style=\"font-weight: 400;\">La informaci\u00f3n relacionada con el VIH, la informaci\u00f3n gen\u00e9tica, los registros de salud mental y otra informaci\u00f3n sanitaria especialmente protegida puede estar sujeta a ciertas protecciones especiales de confidencialidad en virtud de la legislaci\u00f3n estatal y federal aplicable. Cualquier divulgaci\u00f3n de este tipo de registros estar\u00e1 sujeta a estas protecciones especiales.<\/span><\/li><\/ul><\/li><li style=\"font-weight: 400;\" aria-level=\"1\"><b>Derecho de enmienda o rectificaci\u00f3n.<\/b><span style=\"font-weight: 400;\">\u00a0Si considera que su PHI mantenida por nosotros es incorrecta o incompleta, tiene derecho a pedirnos que corrijamos o modifiquemos la informaci\u00f3n. Para solicitar una modificaci\u00f3n de su PHI, debe presentar la solicitud por escrito utilizando la informaci\u00f3n de contacto proporcionada en este Aviso, y su solicitud por escrito debe incluir una explicaci\u00f3n de los motivos de la modificaci\u00f3n. Tenga en cuenta que, en determinadas circunstancias, no estamos obligados a acceder a su solicitud.<\/span><\/li><\/ul><ul><li style=\"font-weight: 400;\" aria-level=\"1\"><b>Derecho a solicitar comunicaciones alternativas.<\/b><span style=\"font-weight: 400;\">\u00a0Tiene derecho a solicitar que nos comuniquemos con usted sobre asuntos m\u00e9dicos por medios diferentes o en un lugar diferente al que utilizamos actualmente. Para solicitar comunicaciones por medios alternativos o en lugares alternativos, debe presentar una solicitud por escrito a nuestro Responsable de Protecci\u00f3n de Datos a la direcci\u00f3n de contacto que figura en este Aviso. Atenderemos las solicitudes razonables. No es necesario que justifique su solicitud. Tenga en cuenta que, en determinadas circunstancias, no estamos obligados a acceder a su solicitud.<\/span><\/li><li style=\"font-weight: 400;\" aria-level=\"1\"><b>Copia en papel de este aviso.<\/b><span style=\"font-weight: 400;\">\u00a0Tiene derecho a solicitar y recibir una copia impresa de este Aviso.<\/span><\/li><li style=\"font-weight: 400;\" aria-level=\"1\"><b>Derecho a una rendici\u00f3n de cuentas de las divulgaciones.<\/b><span style=\"font-weight: 400;\">\u00a0Tiene derecho a solicitar una lista de determinadas divulgaciones que nosotros y nuestros socios comerciales hayamos realizado con determinados fines durante los \u00faltimos seis (6) a\u00f1os.<\/span><\/li><\/ul><p><span style=\"font-weight: 400;\">Si desea ejercer alguno de los derechos descritos en este Aviso, dirija su consulta a:<\/span><\/p><p><span style=\"font-weight: 400;\">FIV Florida Reproductive Associates<\/span><\/p><p><span style=\"font-weight: 400;\">9600 Blackwell Road, Suite 500<\/span><span style=\"font-weight: 400;\"><br \/><\/span><span style=\"font-weight: 400;\">Rockville, MD 20850<\/span><span style=\"font-weight: 400;\"><br \/><\/span><span style=\"font-weight: 400;\">Atenci\u00f3n: Director de Cumplimiento Normativo<\/span><\/p><p><a href=\"mailto:complianceofficer@usfertility.com\"><span style=\"font-weight: 400;\">complianceofficer@usfertility.com<\/span><\/a><\/p><h3>\u00a0<\/h3><p><b>C\u00f3mo quejarse de nuestras pr\u00e1cticas de privacidad<\/b><span style=\"font-weight: 400;\"><br \/><\/span><span style=\"font-weight: 400;\">Si cree que podemos haber violado sus derechos de privacidad, puede presentar una queja ante nosotros utilizando la informaci\u00f3n de contacto indicada anteriormente, o ante el Secretario del Departamento de Salud y Servicios Humanos de los Estados Unidos. No tomaremos ninguna represalia contra usted si presenta una queja sobre nuestras pr\u00e1cticas de privacidad.<\/span><\/p><p><span style=\"font-weight: 400;\">\u00a0<\/span><b>1<\/b><b>\u00a0Este Aviso de Pr\u00e1cticas de Privacidad se aplica a las siguientes entidades de Northwest Center for Infertility and Reproductive Endocrinology, LLP: (1) Northwest Center for Infertility and Reproductive Endocrinology, LLP d\/b\/a IVF Florida Reproductive Associates; Florida Reproductive Specialists by IVF Florida.<\/b><\/p><h3>\u00a0<\/h3>\t\t\t\t\t\t\t\t<\/div>\n\t\t\t\t<\/div>\n\t\t\t\t\t<\/div>\n\t\t\t\t<\/div>\n\t\t\t\t\t<\/div>\n\t\t\t\t<\/div>\n\t\t\t\t<\/div>","protected":false},"excerpt":{"rendered":"<p>Notice of Privacy Practices Effective Date: February 12, 2025THIS NOTICE OF PRIVACY PRACTICES DESCRIBES HOW MEDICAL INFORMATION ABOUT YOU MAY BE USED OR DISCLOSED BY IVF FLORIDA REPRODUCTIVE ASSOCIATES AND HOW YOU CAN GET ACCESS TO THIS INFORMATION. PLEASE REVIEW IT CAREFULLY&#8230;<\/p>","protected":false},"author":3,"featured_media":0,"parent":0,"menu_order":0,"template":"","meta":{"_acf_changed":false,"footnotes":""},"class_list":["post-788","page","type-page","status-publish","hentry"],"acf":[],"aioseo_notices":[],"_links":{"self":[{"href":"https:\/\/ivfflorida.com.onspire.dev\/es\/wp-json\/wp\/v2\/pages\/788","targetHints":{"allow":["GET"]}}],"collection":[{"href":"https:\/\/ivfflorida.com.onspire.dev\/es\/wp-json\/wp\/v2\/pages"}],"about":[{"href":"https:\/\/ivfflorida.com.onspire.dev\/es\/wp-json\/wp\/v2\/types\/page"}],"author":[{"embeddable":true,"href":"https:\/\/ivfflorida.com.onspire.dev\/es\/wp-json\/wp\/v2\/users\/3"}],"replies":[{"embeddable":true,"href":"https:\/\/ivfflorida.com.onspire.dev\/es\/wp-json\/wp\/v2\/comments?post=788"}],"version-history":[{"count":6,"href":"https:\/\/ivfflorida.com.onspire.dev\/es\/wp-json\/wp\/v2\/pages\/788\/revisions"}],"predecessor-version":[{"id":2469,"href":"https:\/\/ivfflorida.com.onspire.dev\/es\/wp-json\/wp\/v2\/pages\/788\/revisions\/2469"}],"wp:attachment":[{"href":"https:\/\/ivfflorida.com.onspire.dev\/es\/wp-json\/wp\/v2\/media?parent=788"}],"curies":[{"name":"wp","href":"https:\/\/api.w.org\/{rel}","templated":true}]}}