{"id":955,"date":"2025-09-03T19:15:06","date_gmt":"2025-09-03T19:15:06","guid":{"rendered":"https:\/\/ivfflorida.com\/?page_id=955"},"modified":"2025-09-23T16:05:28","modified_gmt":"2025-09-23T16:05:28","slug":"sobre-nosotros-fertilidad","status":"publish","type":"page","link":"https:\/\/ivfflorida.com.onspire.dev\/es\/sobre-nosotros-fertilidad\/","title":{"rendered":"Acerca de US Fertility"},"content":{"rendered":"<div data-elementor-type=\"wp-page\" data-elementor-id=\"955\" class=\"elementor elementor-955\" data-elementor-post-type=\"page\">\n\t\t\t\t<div class=\"elementor-element elementor-element-79dca628 e-flex e-con-boxed e-con e-parent\" data-id=\"79dca628\" data-element_type=\"container\" data-settings=\"{&quot;background_background&quot;:&quot;classic&quot;}\">\n\t\t\t\t\t<div class=\"e-con-inner\">\n\t\t<div class=\"elementor-element elementor-element-33faf977 e-flex e-con-boxed e-con e-child\" data-id=\"33faf977\" data-element_type=\"container\">\n\t\t\t\t\t<div class=\"e-con-inner\">\n\t\t<div class=\"elementor-element elementor-element-795774e5 e-con-full e-flex e-con e-child\" data-id=\"795774e5\" data-element_type=\"container\" data-settings=\"{&quot;background_background&quot;:&quot;classic&quot;}\">\n\t\t<div class=\"elementor-element elementor-element-69e22f81 e-con-full e-flex e-con e-child\" data-id=\"69e22f81\" data-element_type=\"container\">\n\t\t\t\t<div class=\"elementor-element elementor-element-45aa6cf3 elementor-widget elementor-widget-heading\" data-id=\"45aa6cf3\" data-element_type=\"widget\" data-widget_type=\"heading.default\">\n\t\t\t\t\t<h1 class=\"elementor-heading-title elementor-size-default\">Fertilidad en EE.UU.<\/h1>\t\t\t\t<\/div>\n\t\t\t\t<div class=\"elementor-element elementor-element-6c55687c elementor-widget elementor-widget-text-editor\" data-id=\"6c55687c\" data-element_type=\"widget\" data-widget_type=\"text-editor.default\">\n\t\t\t\t\t\t\t\t\t<p><a href=\"https:\/\/www.usfertility.com\/\" target=\"_blank\" rel=\"noopener\">Fertilidad en EE.UU.<\/a>La asociaci\u00f3n de cl\u00ednicas de fertilidad m\u00e1s grande de EE. UU., dirigida por m\u00e9dicos y propiedad de m\u00e9dicos, est\u00e1 unida bajo una misi\u00f3n compartida: impulsar la innovaci\u00f3n y aprovechar las mejores pr\u00e1cticas para mejorar tanto la experiencia del paciente como los resultados del tratamiento. Nuestra experiencia cl\u00ednica y operativa colectiva proporciona a nuestras consultas de fertilidad asociadas soluciones empresariales y digitales avanzadas que agilizan y mejoran la prestaci\u00f3n de una atenci\u00f3n excepcional al paciente.<\/p>\t\t\t\t\t\t\t\t<\/div>\n\t\t\t\t<\/div>\n\t\t\t\t<\/div>\n\t\t\t\t\t<\/div>\n\t\t\t\t<\/div>\n\t\t\t\t\t<\/div>\n\t\t\t\t<\/div>\n\t\t<div class=\"elementor-element elementor-element-2f955ca6 e-con-full e-flex e-con e-parent\" data-id=\"2f955ca6\" data-element_type=\"container\">\n\t\t<div class=\"elementor-element elementor-element-109837a3 e-flex e-con-boxed e-con e-child\" data-id=\"109837a3\" data-element_type=\"container\">\n\t\t\t\t\t<div class=\"e-con-inner\">\n\t\t<div class=\"elementor-element elementor-element-762126f9 e-con-full e-flex e-con e-child\" data-id=\"762126f9\" data-element_type=\"container\">\n\t\t<div class=\"elementor-element elementor-element-3868b512 e-con-full e-flex e-con e-child\" data-id=\"3868b512\" data-element_type=\"container\">\n\t\t<div class=\"elementor-element elementor-element-2323e0c7 e-con-full e-flex e-con e-child\" data-id=\"2323e0c7\" data-element_type=\"container\">\n\t\t\t\t<div class=\"elementor-element elementor-element-136339f3 elementor-widget elementor-widget-image\" data-id=\"136339f3\" data-element_type=\"widget\" data-widget_type=\"image.default\">\n\t\t\t\t\t\t\t\t\t\t\t\t\t\t\t<img fetchpriority=\"high\" decoding=\"async\" width=\"939\" height=\"233\" src=\"https:\/\/ivfflorida.com.onspire.dev\/wp-content\/uploads\/2025\/09\/father-son-pool.jpg\" class=\"attachment-full size-full wp-image-1207\" alt=\"\" srcset=\"https:\/\/ivfflorida.com.onspire.dev\/wp-content\/uploads\/2025\/09\/father-son-pool.jpg 939w, https:\/\/ivfflorida.com.onspire.dev\/wp-content\/uploads\/2025\/09\/father-son-pool-300x74.jpg 300w, https:\/\/ivfflorida.com.onspire.dev\/wp-content\/uploads\/2025\/09\/father-son-pool-768x191.jpg 768w\" sizes=\"(max-width: 939px) 100vw, 939px\" \/>\t\t\t\t\t\t\t\t\t\t\t\t\t\t\t<\/div>\n\t\t\t\t<\/div>\n\t\t<div class=\"elementor-element elementor-element-6eb647b0 e-con-full e-flex e-con e-child\" data-id=\"6eb647b0\" data-element_type=\"container\" data-settings=\"{&quot;background_background&quot;:&quot;classic&quot;}\">\n\t\t<div class=\"elementor-element elementor-element-41024fa e-con-full e-flex e-con e-child\" data-id=\"41024fa\" data-element_type=\"container\">\n\t\t\t\t<div class=\"elementor-element elementor-element-5af3651d elementor-widget elementor-widget-heading\" data-id=\"5af3651d\" data-element_type=\"widget\" data-widget_type=\"heading.default\">\n\t\t\t\t\t<h2 class=\"elementor-heading-title elementor-size-default\">\u00bfC\u00f3mo me beneficia como paciente la FIV Florida, como socio de US Fertility?<\/h2>\t\t\t\t<\/div>\n\t\t\t\t<\/div>\n\t\t<div class=\"elementor-element elementor-element-3665209c e-con-full e-flex e-con e-child\" data-id=\"3665209c\" data-element_type=\"container\">\n\t\t\t\t<div class=\"elementor-element elementor-element-74efeada elementor-widget elementor-widget-text-editor\" data-id=\"74efeada\" data-element_type=\"widget\" data-widget_type=\"text-editor.default\">\n\t\t\t\t\t\t\t\t\t<h3>Distinci\u00f3n a trav\u00e9s de la innovaci\u00f3n.<\/h3><p>Ofrecemos a las pacientes todas las ventajas para lograr un embarazo empleando la tecnolog\u00eda m\u00e1s avanzada, invirtiendo en investigaci\u00f3n e innovando continuamente enfoques que mejoren la experiencia de la paciente. Tambi\u00e9n damos prioridad a que la atenci\u00f3n sea asequible mediante programas financieros exclusivos, incluidas las opciones de reembolso 100%.<br \/>\u00a0<\/p><h3>Atenci\u00f3n y apoyo personalizados al paciente.<\/h3><p>Cuando elija un <a href=\"https:\/\/www.usfertility.com\/\">Fertilidad en EE.UU.<\/a> centro, nunca eres una isla. Nunca te quedas sin respuestas. Fomentamos una comunidad en la que se anima e implica a los pacientes en todo momento. Somos una comunidad con coraz\u00f3n. Nunca estar\u00e1 solo. Nuestro equipo de atenci\u00f3n personalizar\u00e1 un enfoque de tratamiento espec\u00edfico para sus objetivos, valores, circunstancias e historial m\u00e9dico.<br \/><br \/><\/p><h3>Experiencia y resultados probados.<\/h3><p>Con m\u00e1s de 130.000 beb\u00e9s nacidos, nuestra red tiene un historial indiscutible. Nuestro equipo de m\u00e9dicos est\u00e1 formado por algunos de los especialistas en fertilidad m\u00e1s respetados y excepcionales del sector, respaldados por los mejores investigadores, embri\u00f3logos, genetistas, enfermeras y coordinadores asistenciales. Y la medicina que practicamos es la m\u00e1s probada. Por eso somos el hogar orgulloso de m\u00e1s beb\u00e9s nacidos que cualquier otra red del pa\u00eds.<br \/><br \/><\/p><h3>Opciones financieras asequibles.<\/h3><p><a href=\"\/es\/recursos\/affording-infertility-treatments-and-costs\/acceso-a-la-fertilidad\/\">Acceso a la fertilidad<\/a>un programa financiero presentado por <a href=\"https:\/\/www.usfertility.com\/\" target=\"_blank\" rel=\"noopener\">Fertilidad en EE.UU.<\/a>le proporcionar\u00e1 la tranquilidad de saber que el 80% de sus participantes se llevan un beb\u00e9 a casa. Hay tres programas financieros diferentes que se adaptan al plan de tratamiento individual de cada paciente y est\u00e1n dise\u00f1ados para ofrecer un ahorro significativo y una mayor probabilidad de \u00e9xito.<\/p>\t\t\t\t\t\t\t\t<\/div>\n\t\t\t\t<\/div>\n\t\t\t\t<\/div>\n\t\t<div class=\"elementor-element elementor-element-28353a0f e-con-full e-flex e-con e-child\" data-id=\"28353a0f\" data-element_type=\"container\" data-settings=\"{&quot;background_background&quot;:&quot;classic&quot;}\">\n\t\t<div class=\"elementor-element elementor-element-3ee96ea9 e-con-full e-flex e-con e-child\" data-id=\"3ee96ea9\" data-element_type=\"container\">\n\t\t\t\t<div class=\"elementor-element elementor-element-6cc21b7f elementor-widget elementor-widget-heading\" data-id=\"6cc21b7f\" data-element_type=\"widget\" data-widget_type=\"heading.default\">\n\t\t\t\t\t<h2 class=\"elementor-heading-title elementor-size-default\">Opciones del programa\n\n<\/h2>\t\t\t\t<\/div>\n\t\t\t\t<\/div>\n\t\t<div class=\"elementor-element elementor-element-6ac7ccdc e-con-full e-flex e-con e-child\" data-id=\"6ac7ccdc\" data-element_type=\"container\">\n\t\t\t\t<div class=\"elementor-element elementor-element-55b99eef elementor-widget elementor-widget-text-editor\" data-id=\"55b99eef\" data-element_type=\"widget\" data-widget_type=\"text-editor.default\">\n\t\t\t\t\t\t\t\t\t<h3>100% Programa de reembolso<\/h3><p>Incluye 3 extracciones y transferencias ilimitadas de embriones congelados. Este programa le ofrece la m\u00e1xima tranquilidad sabiendo que se llevar\u00e1 a casa un beb\u00e9 o recibir\u00e1 un reembolso completo.<\/p><h3>Programa de reembolso 50%<\/h3><p>Incluye 2 extracciones y transferencias ilimitadas de embriones congelados. Si no te llevas un beb\u00e9 a casa, recibir\u00e1s un reembolso 50%.<\/p><h3>Programa de descuentos multiciclo<\/h3><p>Elija incluir 2 \u00f3 3 extracciones y transferencias ilimitadas de embriones congelados. Todos los pacientes de FIV pueden beneficiarse de este programa de descuentos.<\/p>\t\t\t\t\t\t\t\t<\/div>\n\t\t\t\t<\/div>\n\t\t\t\t<\/div>\n\t\t\t\t<\/div>\n\t\t<div class=\"elementor-element elementor-element-493ae92f e-con-full e-flex e-con e-child\" data-id=\"493ae92f\" data-element_type=\"container\">\n\t\t<div class=\"elementor-element elementor-element-13dd3fa0 e-con-full e-flex e-con e-child\" data-id=\"13dd3fa0\" data-element_type=\"container\" data-settings=\"{&quot;background_background&quot;:&quot;classic&quot;}\">\n\t\t<div class=\"elementor-element elementor-element-6d8e0b0d e-con-full e-flex e-con e-child\" data-id=\"6d8e0b0d\" data-element_type=\"container\">\n\t\t\t\t<div class=\"elementor-element elementor-element-568538d5 elementor-widget elementor-widget-text-editor\" data-id=\"568538d5\" data-element_type=\"widget\" data-widget_type=\"text-editor.default\">\n\t\t\t\t\t\t\t\t\t<p><span style=\"font-weight: 400;\">Estamos muy agradecidos a IVF Florida por hacer realidad nuestros sue\u00f1os de ser padres.<\/span><\/p>\t\t\t\t\t\t\t\t<\/div>\n\t\t\t\t<\/div>\n\t\t\t\t<\/div>\n\t\t<div class=\"elementor-element elementor-element-14817c65 e-con-full interior-helpful-resources-column e-flex e-con e-child\" data-id=\"14817c65\" data-element_type=\"container\" data-settings=\"{&quot;background_background&quot;:&quot;classic&quot;}\">\n\t\t\t\t<div class=\"elementor-element elementor-element-7b26f015 elementor-widget elementor-widget-heading\" data-id=\"7b26f015\" data-element_type=\"widget\" data-widget_type=\"heading.default\">\n\t\t\t\t\t<h5 class=\"elementor-heading-title elementor-size-default\">Recursos \u00fatiles<\/h5>\t\t\t\t<\/div>\n\t\t\t\t<div class=\"elementor-element elementor-element-126c918f elementor-widget elementor-widget-text-editor\" data-id=\"126c918f\" data-element_type=\"widget\" data-widget_type=\"text-editor.default\">\n\t\t\t\t\t\t\t\t\t<ul><li><a href=\"\/es\/concertar-cita\/\">Citas<\/a><\/li><li><a href=\"\/es\/lugares\/\">Ubicaciones<\/a><\/li><li><a href=\"\/es\/proveedores\/\">Proveedores<\/a><\/li><\/ul>\t\t\t\t\t\t\t\t<\/div>\n\t\t\t\t<\/div>\n\t\t\t\t<\/div>\n\t\t\t\t<\/div>\n\t\t\t\t\t<\/div>\n\t\t\t\t<\/div>\n\t\t\t\t<\/div>\n\t\t\t\t<\/div>","protected":false},"excerpt":{"rendered":"<p>US Fertility US Fertility, la mayor asociaci\u00f3n de cl\u00ednicas de fertilidad de primer nivel de Estados Unidos, propiedad de m\u00e9dicos y dirigida por...<\/p>","protected":false},"author":2,"featured_media":0,"parent":0,"menu_order":0,"template":"","meta":{"_acf_changed":false,"footnotes":""},"class_list":["post-955","page","type-page","status-publish","hentry"],"acf":[],"aioseo_notices":[],"_links":{"self":[{"href":"https:\/\/ivfflorida.com.onspire.dev\/es\/wp-json\/wp\/v2\/pages\/955","targetHints":{"allow":["GET"]}}],"collection":[{"href":"https:\/\/ivfflorida.com.onspire.dev\/es\/wp-json\/wp\/v2\/pages"}],"about":[{"href":"https:\/\/ivfflorida.com.onspire.dev\/es\/wp-json\/wp\/v2\/types\/page"}],"author":[{"embeddable":true,"href":"https:\/\/ivfflorida.com.onspire.dev\/es\/wp-json\/wp\/v2\/users\/2"}],"replies":[{"embeddable":true,"href":"https:\/\/ivfflorida.com.onspire.dev\/es\/wp-json\/wp\/v2\/comments?post=955"}],"version-history":[{"count":18,"href":"https:\/\/ivfflorida.com.onspire.dev\/es\/wp-json\/wp\/v2\/pages\/955\/revisions"}],"predecessor-version":[{"id":2266,"href":"https:\/\/ivfflorida.com.onspire.dev\/es\/wp-json\/wp\/v2\/pages\/955\/revisions\/2266"}],"wp:attachment":[{"href":"https:\/\/ivfflorida.com.onspire.dev\/es\/wp-json\/wp\/v2\/media?parent=955"}],"curies":[{"name":"wp","href":"https:\/\/api.w.org\/{rel}","templated":true}]}}